{"id":64,"date":"2020-06-02T08:36:48","date_gmt":"2020-06-02T06:36:48","guid":{"rendered":"https:\/\/projects.pmfst.unist.hr\/argas\/?page_id=64"},"modified":"2025-07-14T14:37:41","modified_gmt":"2025-07-14T12:37:41","slug":"publications","status":"publish","type":"page","link":"https:\/\/projects.pmfst.unist.hr\/argas\/publications\/","title":{"rendered":"PUBLICATIONS"},"content":{"rendered":"<div class=\"wpb-content-wrapper\">[vc_row][vc_column][vc_column_text css=&#8221;.vc_custom_1752496657630{margin-bottom: 0px !important;}&#8221;]<strong>Doctoral disertation<\/strong><\/p>\n<ul>\n<li>D\u017eelalija, Mia Seasonal and spatial distribution of antibiotic resistance in marine microbial communities along a trophic gradient in central Adriatic Sea.\u00a0 2024. Faculty of Science, University of Zagreb.<\/li>\n<\/ul>\n<p><strong>Scientific papers:<\/strong><\/p>\n<ul>\n<li>D\u017eelalija, Mia; Fredotovi\u0107, \u017deljana; Udikovi\u0107-Koli\u0107, Nikolina; Kalini\u0107, Hrvoje; Jozi\u0107, Slaven; \u0160amani\u0107, Ivica; Ordulj, Marin; Maravi\u0107, Ana Large-Scale Biogeographical Shifts of Abundance of Antibiotic Resistance Genes and Marine Bacterial Communities as Their Carriers along a Trophic Gradient \/\/ International journal of molecular sciences, 25 (2024), 1; 654, 17. doi: 10.3390\/ijms25010654<\/li>\n<li>D\u017eelalija, M., Kvesi\u0107-Ivankovi\u0107, M., Jozi\u0107, S., Ordulj, M., Kalini\u0107, H., Pavlinovi\u0107, A., \u0160amani\u0107, I., Maravi\u0107, A. (2023). Marine resistome of a temperate zone: Distribution, diversity, and driving factors across the trophic gradient. Water Research, 246, 120688. https:\/\/doi.org\/10.1016\/j.watres.2023.120688<\/li>\n<li>D\u017eelalija, M., Kvesi\u0107, M., Novak, A., Fredotovi\u0107, \u017d., Kalini\u0107, H., \u0160amani\u0107, I., Ordulj, M., Jozi\u0107, S., Goi\u0107 Bari\u0161i\u0107, I., Tonki\u0107, M., Maravi\u0107, A. (2022). Microbiome profiling and characterization of virulent and vancomycin-resistant Enterococcus faecium from treated and untreated wastewater, beach water and clinical sources. Science of The Total Environment, 159720. https:\/\/doi.org\/10.1016\/j.scitotenv.2022.159720<\/li>\n<li>Kvesi\u0107, M., \u0160amani\u0107, I., Novak, A., Fredotovi\u0107, \u017d., D\u017eelalija, M., Kamenjarin, J., Goi\u0107 Bari\u0161i\u0107, I., Tonki\u0107, M., Maravi\u0107, A. (2022). Submarine Outfalls of Treated Wastewater Effluents are Sources of Extensively- and Multidrug- Resistant KPC- and OXA-48-Producing Enterobacteriaceae in Coastal Marine Environment. <em>Frontiers in Microbiology<\/em>, <em>1486.<\/em> <em><a href=\"https:\/\/doi.org\/10.3389\/fmicb.2022.858821\">https:\/\/doi.org\/10.3389\/fmicb.2022.858821<\/a><\/em><\/li>\n<li>Kvesi\u0107, M., Kalini\u0107, H., D\u017eelalija, M., \u0160amani\u0107, I., Andri\u010devi\u0107, R., &amp; Maravi\u0107, A. (2022). Microbiome and antibiotic resistance profiling in submarine effluent-receiving coastal waters in Croatia.\u00a0<em>Environmental Pollution<\/em>,\u00a0<em>292<\/em>, 118282. https:\/\/doi.org\/10.1016\/j.envpol.2021.118282<\/li>\n<li>\u0160amani\u0107, I., Kalini\u0107, H., Fredotovi\u0107, \u017d., D\u017eelalija, M., Bungur, A. M., &amp; Maravi\u0107, A. (2021). Bacteria tolerant to colistin in coastal marine environment: detection, microbiome diversity and antibiotic resistance genes&#8217; repertoire. Chemosphere, 130945. https:\/\/doi.org\/10.1016\/j.chemosphere.2021.130945<\/li>\n<\/ul>\n<p><strong>Conference participation:<\/strong><\/p>\n<ul>\n<li>Kvesi\u0107 Ivankovi\u0107, Marija; D\u017eelalija, Mia; Novak, Anita; Goi\u0107-Bari\u0161i\u0107, Ivana; Budi\u0107-Leto, Bruna; \u0160amani\u0107, Ivica; Fredotovi\u0107, \u017deljana; Udikovi\u0107-Koli\u0107, Nikolina; Bari\u0161i\u0107, Ivan; Kalini\u0107, Hrvoje; Maravi\u0107, Ana. Prevalence and antibiotic resistance determinants of carbapenem-resistant Acinetobacter baumannii from wastewater treatment plants in Split, Croatia \/\/ Book of Abstracts of 1st International Congress for Sustainable Ecosystems in the Mediterranean Area (STEcoMed2024) \/ \u0160imat, Vida ; Kr\u017eelj, Maja ; Generali\u0107 Mekini\u0107, Ivana (ur.). Split: Sveu\u010dili\u0161te u Splitu, Sveu\u010dili\u0161ni odjel za studije mora, 2024. str. 44-44<\/li>\n<li>D\u017eelalija, Mia; Maravi\u0107, Ana; Fredotovi\u0107, \u017deljana; \u0160amani\u0107, Ivica; Udikovi\u0107-Koli\u0107, Nikolina; Kalini\u0107, Hrvoje. De novo plasmid assembly from carbapenem-resistant Enterobacteriaceae in central Adriatic Sea\/\/ Book of Abstracts of 1st International Congress for Sustainable Ecosystems in the Mediterranean Area (STEcoMed2024) \/ \u0160imat, Vida ; Kr\u017eelj, Maja ; Generali\u0107 Mekini\u0107, Ivana (ur.). Split: Sveu\u010dili\u0161te u Splitu, Sveu\u010dili\u0161ni odjel za studije mora, 2024. str. 65-65<\/li>\n<li>Maravi\u0107, Ana; D\u017eelalija, Mia; Novak, Anita; Fredotovi\u0107, \u017deljana; Tonki\u0107, Marija; Goi\u0107-Bari\u0161i\u0107, Ivana; \u0160amani\u0107, Ivica; Jozi\u0107, Slaven; Ordulj, Marin. Carbapenemase-producing Enterobacterales &#8211; what&#8217;s the story with Croatian coastal waters? \/\/ FEMS 2023 : Abstract Book. Delft: Federation of European Microbiological Societies, 2023. str. 738-738<\/li>\n<li>D\u017eelalija, Mia; Maravi\u0107, Ana; Fredotovi\u0107, \u017deljana; Jozi\u0107, Slaven; \u0160amani\u0107, Ivica; Ordulj, Marin; Udikovi\u0107 Koli\u0107, Nikolina. Tracking antbiotic resistance genes along the trophic gradient in the central Adriatic Sea \/\/ FEMS 2023 : Abstract Book. Delft: Federation of European Microbiological Societies, 2023. str. 709-709<\/li>\n<li>D\u017eelalija, Mia; Kvesi\u0107, Marija; Maravi\u0107, Ana. Vankomicin-rezistentni <em>Enterococcus faecium<\/em> u priobalnim vodama isto\u010dnog Jadrana \/\/ Zbornik radova Zajedni\u010dki temelji 2023. Split: Fakultet gra\u0111evinarstva, arhitekture i geodezije Sveu\u010dili\u0161ta u Splitu, 2023. str. 128-135. doi: 10.31534\/10.ZT.2023.21<\/li>\n<li>D\u017eelalija, M., Fredotovi\u0107, \u017d., Jozi\u0107, S., \u0160amani\u0107, I., Ordulj, M., Maravi\u0107, A. Abundance of targeted antibiotic resistance genes in marine bacterial communities of central Adriatic Sea\u00a0<em>\/\/ Book of Abstracts &#8211; 7th Croatian Congress of Microbiology with International Participation<\/em>\u00a0\/ Svili\u010di\u0107 Petri\u0107, Ines ; Lebo\u0161 Pavunc, Andreja ; \u0160anti\u0107, Marina ; Kifer, Domagoj (ur.). Zagreb: Croatian Microbial Society, 2022. str. 91-91 (poster, me\u0111unarodna recenzija, sa\u017eetak, znanstveni)<\/li>\n<li>D\u017eelalija, M., Jozi\u0107, S., \u0160amani\u0107, I., Kalini\u0107, H., Ordulj, M., Maravi\u0107, A. Spatial and temporal dynamics of cefotaxime- resistant marine bacterial community along a trophic gradient in central Adriatic Sea\u00a0<em>\/\/ Book of Abstracts &#8211; 7th Croatian Congress of Microbiology with International Participation<\/em>\u00a0\/ Svili\u010di\u0107 Petri\u0107, Ines ; Lebo\u0161 Pavunc, Andreja ; \u0160anti\u0107, Marina ; Kifer, Domagoj (ur.). Zagreb: Croatian Microbial Society, 2022. str. 42-42 (predavanje, me\u0111unarodna recenzija, sa\u017eetak, znanstveni)<\/li>\n<li>D\u017eelalija, M., Maravi\u0107, A., Novak A., Jozi\u0107 S. Utjecaj antropogenih, fizikalno-kemijskih i biolo\u0161kih \u010dimbenika na antibiotsku rezistenciju morskih mikrobnih zajednica. Knjiga sa\u017eetaka. ZNANSTVENA \u0160KOLA O OKOLI\u0160U 2021: SVEOBUHVATNI PRISTUP ISTRA\u017dIVANJU ANTROPOGENIH PRITISAKA NA OKOLI\u0160. Institur Ru\u0111er Bo\u0161kovi\u0107, Zagreb, 07.-10.12.2021, 22-22. ppt prezentacija<\/li>\n<li>Kvesi\u0107, M., D\u017eelalija, M., Maravi\u0107, A., Andri\u010devi\u0107, R. Effect of the submarine wastewater outfalls on the autochthonous microbial community. Knjiga sa\u017eetaka. ZNANSTVENA \u0160KOLA O OKOLI\u0160U 2021: SVEOBUHVATNI PRISTUP ISTRA\u017dIVANJU ANTROPOGENIH PRITISAKA NA OKOLI\u0160. Institur Ru\u0111er Bo\u0161kovi\u0107, Zagreb, 07.-10.12.2021, 22-22. ppt prezentacija<\/li>\n<li>D\u017eelalija, M., Maravi\u0107, A. Molecular basis of virulence and antibiotic resistance in vancomycin-resistant Enterococcus faecium from wastewater and receiving beach waters. Book of abstracts. 5. PhD Student Symposium 2021. Bari\u0161i\u0107, D. (ed.). Faculty of Science, University of Zagreb, Croatia, 2021. 191-191.<\/li>\n<\/ul>\n<p><strong>Graduate thesis:<\/strong><\/p>\n<ul>\n<li>\u017dupi\u0107, Sara. Bakterijska rezistencija na antibiotike <em>Klebsiella <\/em>i<em> Enterobacter<\/em> izolata iz ure\u0111aja za otpadne vode u Hrvatskoj, 2024.,\u00a0 Graduate thesis, Faculty of Science, University of Split.<\/li>\n<li>Budi\u0107 Leto, Bruna. Bakterijska rezistencija na antibiotike <em>Acinetobacter<\/em> izolata iz ure\u0111aja za otpadne vode u Hrvatskoj, 2025., Graduate thesis, Faculty of Science, University of Split.<\/li>\n<li>Raki\u0107, Tomislav. MOLEKULARNA IDENTIFIKACIJA GENA REZISTENCIJE NA ANTIBIOTIKE KOD KARBAPENEM-REZISTENTNIH ENTEROBACTERIACEAE IZ OKOLI\u0160A, 2022., Graduate thesis, Faculty of Science, University of Split.<\/li>\n<li>Bellulovich, Ema. IDENTIFIKACIJA PLAZMIDA KOJI KODIRAJU KARBAPENEMAZU KPC-2 KOD ENTEROBACTERIACEAE IZ OKOLI\u0160A, 2022., Graduate thesis, Faculty of Science, University of Split.<\/li>\n<li>Ballarin, Nora. PHENOTYPIC SENSITIVITY TO ANTIBIOTICS OF GRAM-NEGATIVE BACTERIA IN THE MIDDLE ADRIATIC, 2021. Graduate thesis, Faculty of Science, University of Split.<\/li>\n<\/ul>\n[\/vc_column_text][\/vc_column][\/vc_row]\n<\/div>","protected":false},"excerpt":{"rendered":"<p>[vc_row][vc_column][vc_column_text css=&#8221;.vc_custom_1752496657630{margin-bottom: 0px !important;}&#8221;]Doctoral disertation D\u017eelalija, Mia Seasonal and spatial distribution of antibiotic resistance in marine microbial communities along a trophic gradient in central Adriatic Sea.\u00a0 2024. Faculty of Science, University of Zagreb. Scientific papers: D\u017eelalija, Mia; Fredotovi\u0107, \u017deljana; Udikovi\u0107-Koli\u0107, Nikolina; Kalini\u0107, Hrvoje; Jozi\u0107, Slaven; \u0160amani\u0107, Ivica; Ordulj, Marin; Maravi\u0107, Ana Large-Scale Biogeographical Shifts of [&hellip;]<\/p>\n","protected":false},"author":1,"featured_media":0,"parent":0,"menu_order":0,"comment_status":"closed","ping_status":"closed","template":"","meta":{"footnotes":""},"class_list":["post-64","page","type-page","status-publish","hentry"],"yoast_head":"<!-- This site is optimized with the Yoast SEO plugin v27.1.1 - https:\/\/yoast.com\/product\/yoast-seo-wordpress\/ -->\n<title>PUBLICATIONS - ARGAS<\/title>\n<meta name=\"robots\" content=\"index, follow, max-snippet:-1, max-image-preview:large, max-video-preview:-1\" \/>\n<link rel=\"canonical\" href=\"https:\/\/projects.pmfst.unist.hr\/argas\/publications\/\" \/>\n<meta property=\"og:locale\" content=\"hr_HR\" \/>\n<meta property=\"og:type\" content=\"article\" \/>\n<meta property=\"og:title\" content=\"PUBLICATIONS - ARGAS\" \/>\n<meta property=\"og:description\" content=\"[vc_row][vc_column][vc_column_text css=&#8221;.vc_custom_1752496657630{margin-bottom: 0px !important;}&#8221;]Doctoral disertation D\u017eelalija, Mia Seasonal and spatial distribution of antibiotic resistance in marine microbial communities along a trophic gradient in central Adriatic Sea.\u00a0 2024. Faculty of Science, University of Zagreb. Scientific papers: D\u017eelalija, Mia; Fredotovi\u0107, \u017deljana; Udikovi\u0107-Koli\u0107, Nikolina; Kalini\u0107, Hrvoje; Jozi\u0107, Slaven; \u0160amani\u0107, Ivica; Ordulj, Marin; Maravi\u0107, Ana Large-Scale Biogeographical Shifts of [&hellip;]\" \/>\n<meta property=\"og:url\" content=\"https:\/\/projects.pmfst.unist.hr\/argas\/publications\/\" \/>\n<meta property=\"og:site_name\" content=\"ARGAS\" \/>\n<meta property=\"article:modified_time\" content=\"2025-07-14T12:37:41+00:00\" \/>\n<meta name=\"twitter:card\" content=\"summary_large_image\" \/>\n<meta name=\"twitter:label1\" content=\"Procijenjeno vrijeme \u010ditanja\" \/>\n\t<meta name=\"twitter:data1\" content=\"5 minuta\" \/>\n<script type=\"application\/ld+json\" class=\"yoast-schema-graph\">{\"@context\":\"https:\/\/schema.org\",\"@graph\":[{\"@type\":\"WebPage\",\"@id\":\"https:\/\/projects.pmfst.unist.hr\/argas\/publications\/\",\"url\":\"https:\/\/projects.pmfst.unist.hr\/argas\/publications\/\",\"name\":\"PUBLICATIONS - ARGAS\",\"isPartOf\":{\"@id\":\"https:\/\/projects.pmfst.unist.hr\/argas\/#website\"},\"datePublished\":\"2020-06-02T06:36:48+00:00\",\"dateModified\":\"2025-07-14T12:37:41+00:00\",\"breadcrumb\":{\"@id\":\"https:\/\/projects.pmfst.unist.hr\/argas\/publications\/#breadcrumb\"},\"inLanguage\":\"hr\",\"potentialAction\":[{\"@type\":\"ReadAction\",\"target\":[\"https:\/\/projects.pmfst.unist.hr\/argas\/publications\/\"]}]},{\"@type\":\"BreadcrumbList\",\"@id\":\"https:\/\/projects.pmfst.unist.hr\/argas\/publications\/#breadcrumb\",\"itemListElement\":[{\"@type\":\"ListItem\",\"position\":1,\"name\":\"Po\u010detna stranica\",\"item\":\"https:\/\/projects.pmfst.unist.hr\/argas\/\"},{\"@type\":\"ListItem\",\"position\":2,\"name\":\"PUBLICATIONS\"}]},{\"@type\":\"WebSite\",\"@id\":\"https:\/\/projects.pmfst.unist.hr\/argas\/#website\",\"url\":\"https:\/\/projects.pmfst.unist.hr\/argas\/\",\"name\":\"ARGAS\",\"description\":\"Seasonal and spatial distribution of antibiotic resistance genes in marine microbial communities along a trophic gradient in central Adriatic Sea\",\"potentialAction\":[{\"@type\":\"SearchAction\",\"target\":{\"@type\":\"EntryPoint\",\"urlTemplate\":\"https:\/\/projects.pmfst.unist.hr\/argas\/?s={search_term_string}\"},\"query-input\":{\"@type\":\"PropertyValueSpecification\",\"valueRequired\":true,\"valueName\":\"search_term_string\"}}],\"inLanguage\":\"hr\"}]}<\/script>\n<!-- \/ Yoast SEO plugin. -->","yoast_head_json":{"title":"PUBLICATIONS - ARGAS","robots":{"index":"index","follow":"follow","max-snippet":"max-snippet:-1","max-image-preview":"max-image-preview:large","max-video-preview":"max-video-preview:-1"},"canonical":"https:\/\/projects.pmfst.unist.hr\/argas\/publications\/","og_locale":"hr_HR","og_type":"article","og_title":"PUBLICATIONS - ARGAS","og_description":"[vc_row][vc_column][vc_column_text css=&#8221;.vc_custom_1752496657630{margin-bottom: 0px !important;}&#8221;]Doctoral disertation D\u017eelalija, Mia Seasonal and spatial distribution of antibiotic resistance in marine microbial communities along a trophic gradient in central Adriatic Sea.\u00a0 2024. Faculty of Science, University of Zagreb. Scientific papers: D\u017eelalija, Mia; Fredotovi\u0107, \u017deljana; Udikovi\u0107-Koli\u0107, Nikolina; Kalini\u0107, Hrvoje; Jozi\u0107, Slaven; \u0160amani\u0107, Ivica; Ordulj, Marin; Maravi\u0107, Ana Large-Scale Biogeographical Shifts of [&hellip;]","og_url":"https:\/\/projects.pmfst.unist.hr\/argas\/publications\/","og_site_name":"ARGAS","article_modified_time":"2025-07-14T12:37:41+00:00","twitter_card":"summary_large_image","twitter_misc":{"Procijenjeno vrijeme \u010ditanja":"5 minuta"},"schema":{"@context":"https:\/\/schema.org","@graph":[{"@type":"WebPage","@id":"https:\/\/projects.pmfst.unist.hr\/argas\/publications\/","url":"https:\/\/projects.pmfst.unist.hr\/argas\/publications\/","name":"PUBLICATIONS - ARGAS","isPartOf":{"@id":"https:\/\/projects.pmfst.unist.hr\/argas\/#website"},"datePublished":"2020-06-02T06:36:48+00:00","dateModified":"2025-07-14T12:37:41+00:00","breadcrumb":{"@id":"https:\/\/projects.pmfst.unist.hr\/argas\/publications\/#breadcrumb"},"inLanguage":"hr","potentialAction":[{"@type":"ReadAction","target":["https:\/\/projects.pmfst.unist.hr\/argas\/publications\/"]}]},{"@type":"BreadcrumbList","@id":"https:\/\/projects.pmfst.unist.hr\/argas\/publications\/#breadcrumb","itemListElement":[{"@type":"ListItem","position":1,"name":"Po\u010detna stranica","item":"https:\/\/projects.pmfst.unist.hr\/argas\/"},{"@type":"ListItem","position":2,"name":"PUBLICATIONS"}]},{"@type":"WebSite","@id":"https:\/\/projects.pmfst.unist.hr\/argas\/#website","url":"https:\/\/projects.pmfst.unist.hr\/argas\/","name":"ARGAS","description":"Seasonal and spatial distribution of antibiotic resistance genes in marine microbial communities along a trophic gradient in central Adriatic Sea","potentialAction":[{"@type":"SearchAction","target":{"@type":"EntryPoint","urlTemplate":"https:\/\/projects.pmfst.unist.hr\/argas\/?s={search_term_string}"},"query-input":{"@type":"PropertyValueSpecification","valueRequired":true,"valueName":"search_term_string"}}],"inLanguage":"hr"}]}},"_links":{"self":[{"href":"https:\/\/projects.pmfst.unist.hr\/argas\/wp-json\/wp\/v2\/pages\/64","targetHints":{"allow":["GET"]}}],"collection":[{"href":"https:\/\/projects.pmfst.unist.hr\/argas\/wp-json\/wp\/v2\/pages"}],"about":[{"href":"https:\/\/projects.pmfst.unist.hr\/argas\/wp-json\/wp\/v2\/types\/page"}],"author":[{"embeddable":true,"href":"https:\/\/projects.pmfst.unist.hr\/argas\/wp-json\/wp\/v2\/users\/1"}],"replies":[{"embeddable":true,"href":"https:\/\/projects.pmfst.unist.hr\/argas\/wp-json\/wp\/v2\/comments?post=64"}],"version-history":[{"count":0,"href":"https:\/\/projects.pmfst.unist.hr\/argas\/wp-json\/wp\/v2\/pages\/64\/revisions"}],"wp:attachment":[{"href":"https:\/\/projects.pmfst.unist.hr\/argas\/wp-json\/wp\/v2\/media?parent=64"}],"curies":[{"name":"wp","href":"https:\/\/api.w.org\/{rel}","templated":true}]}}