{"id":11,"date":"2026-02-09T08:59:39","date_gmt":"2026-02-09T07:59:39","guid":{"rendered":"https:\/\/projects.pmfst.unist.hr\/biogvek\/?page_id=11"},"modified":"2026-02-09T11:43:10","modified_gmt":"2026-02-09T10:43:10","slug":"informacije-o-projektu","status":"publish","type":"page","link":"https:\/\/projects.pmfst.unist.hr\/biogvek\/informacije-o-projektu\/","title":{"rendered":"Informacije o projektu"},"content":{"rendered":"<div class=\"wpb-content-wrapper\">[vc_row][vc_column][vc_column_text margin_bottom=&#8221;0&#8243; css=&#8221;.vc_custom_1770625750145{margin-bottom: 0px !important;}&#8221;]\n<p style=\"text-align: center;\"><strong>Naslov projekta:<\/strong><\/p>\n<h3 style=\"text-align: center;\">Biolo\u0161ka mre\u017ea: istra\u017eivanje bioraznolikosti kroz gene, vrste i ekosustave<\/h3>\n<p><strong>Akronim:\u00a0<\/strong>BIOGVEK<br \/>\n<strong>Identifikacijski broj projekta:<\/strong>\u00a0 IP-UNIST-43<br \/>\n<strong>Tip projekta:\u00a0<\/strong>Research Project<br \/>\n<strong>Financirano iz:<\/strong> Europska unija (NextGenerationEU) u okviru Plana oporavka i otpornosti Hrvatske 2021. \u2013 2026. (NRRP), putem institucionalnog projekta Sveu\u010dili\u0161ta u Splitu koji je odobrilo Ministarstvo znanosti, obrazovanja i mladih Republike Hrvatske.<br \/>\n<strong>Trajanje projekta: <\/strong>1. listopada 2025. godine do 30. rujna 2029. godine.<\/p>\n<p><strong>Sa\u017eetak<\/strong><br \/>\nZahvaljuju\u0107i svom geografskom polo\u017eaju, raznolikoj klimi i geomorfolo\u0161kim zna\u010dajkama, Republika Hrvatska je jedna od biolo\u0161ki najraznolikijih zemalja Europe. O\u010duvanje i za\u0161tita bioraznolikosti predstavlja jedan od glavnih preduvjeta za ostvarenje UN-ovih odr\u017eivih razvojnih ciljeva koji podrazumijevaju odr\u017eivo kori\u0161tenje i upravljanje vodenim i kopnenim ekosustavima. S ciljem obuhva\u0107anja \u0161irih biolo\u0161kih istra\u017eivanja kroz gene, vrste i ekosustave BIOGVEK projekt je podijeljen u tri radne skupine: WP1 &#8211; Reprogramiranje razvoja biljnih tkiva potaknuto vanjskim efektorima; WP2 &#8211; Bioraznolikost sredozemnih biljnih vrsta i njihov biolo\u0161ki potencijal i WP3 &#8211; Dinamika populacija i molekularna\u00a0 sistematika kopnenih i vodenih ekosustava. Projekt \u0107e se baviti terenskim istra\u017eivanjima prirodnih stani\u0161ta, geneti\u010dkim identifikacijama sakupljenih uzoraka, bioinformati\u010dkim, molekularnim i citogeneti\u010dkim studijama. Analize \u0107e se provoditi koriste\u0107i pristup sistemske biologije integracijom anatomskih i morfolo\u0161kih analiza, razvojne biologije i multi-omi\u010dkog profiliranja. Fitokemija i biolo\u0161ka aktivnost odabranih sredozemnih biljnih vrsta \u0107e se baviti\u00a0 potencijalom bioaktivnih biljnih tvari, a \u0161to je obe\u0107avaju\u0107a zelena alternativa prekomjernoj upotrebi tvari sintetskog porijekla. U sklopu projekta prou\u010davat \u0107e se i promjene u brojnosti i strukturi odabranih \u017eivotinjskih populacija vodenih i kopnenih ekosustava, te specifi\u010dnosti populacija posebno gospodarski va\u017enih morskih vrsta. Cilj je bolje razumijevanje ekolo\u0161kih procesa koji oblikuju te sustave i osiguranje njihove za\u0161tite.[\/vc_column_text][\/vc_column][\/vc_row]\n<\/div>","protected":false},"excerpt":{"rendered":"<p>[vc_row][vc_column][vc_column_text margin_bottom=&#8221;0&#8243; css=&#8221;.vc_custom_1770625750145{margin-bottom: 0px !important;}&#8221;] Naslov projekta: Biolo\u0161ka mre\u017ea: istra\u017eivanje bioraznolikosti kroz gene, vrste i ekosustave Akronim:\u00a0BIOGVEK Identifikacijski broj projekta:\u00a0 IP-UNIST-43 Tip projekta:\u00a0Research Project Financirano iz: Europska unija (NextGenerationEU) u okviru Plana oporavka i otpornosti Hrvatske 2021. \u2013 2026. (NRRP), putem institucionalnog projekta Sveu\u010dili\u0161ta u Splitu koji je odobrilo Ministarstvo znanosti, obrazovanja i mladih Republike [&hellip;]<\/p>\n","protected":false},"author":1,"featured_media":0,"parent":0,"menu_order":0,"comment_status":"closed","ping_status":"closed","template":"","meta":{"footnotes":""},"class_list":["post-11","page","type-page","status-publish","hentry"],"yoast_head":"<!-- This site is optimized with the Yoast SEO plugin v27.3 - https:\/\/yoast.com\/product\/yoast-seo-wordpress\/ -->\n<title>Informacije o projektu - Biolo\u0161ka mre\u017ea: istra\u017eivanje bioraznolikosti kroz gene, vrste i ekosustave<\/title>\n<meta name=\"robots\" content=\"index, follow, max-snippet:-1, max-image-preview:large, max-video-preview:-1\" \/>\n<link rel=\"canonical\" href=\"https:\/\/projects.pmfst.unist.hr\/biogvek\/informacije-o-projektu\/\" \/>\n<meta property=\"og:locale\" content=\"hr_HR\" \/>\n<meta property=\"og:type\" content=\"article\" \/>\n<meta property=\"og:title\" content=\"Informacije o projektu - Biolo\u0161ka mre\u017ea: istra\u017eivanje bioraznolikosti kroz gene, vrste i ekosustave\" \/>\n<meta property=\"og:description\" content=\"[vc_row][vc_column][vc_column_text margin_bottom=&#8221;0&#8243; css=&#8221;.vc_custom_1770625750145{margin-bottom: 0px !important;}&#8221;] Naslov projekta: Biolo\u0161ka mre\u017ea: istra\u017eivanje bioraznolikosti kroz gene, vrste i ekosustave Akronim:\u00a0BIOGVEK Identifikacijski broj projekta:\u00a0 IP-UNIST-43 Tip projekta:\u00a0Research Project Financirano iz: Europska unija (NextGenerationEU) u okviru Plana oporavka i otpornosti Hrvatske 2021. \u2013 2026. (NRRP), putem institucionalnog projekta Sveu\u010dili\u0161ta u Splitu koji je odobrilo Ministarstvo znanosti, obrazovanja i mladih Republike [&hellip;]\" \/>\n<meta property=\"og:url\" content=\"https:\/\/projects.pmfst.unist.hr\/biogvek\/informacije-o-projektu\/\" \/>\n<meta property=\"og:site_name\" content=\"Biolo\u0161ka mre\u017ea: istra\u017eivanje bioraznolikosti kroz gene, vrste i ekosustave\" \/>\n<meta property=\"article:modified_time\" content=\"2026-02-09T10:43:10+00:00\" \/>\n<meta name=\"twitter:card\" content=\"summary_large_image\" \/>\n<meta name=\"twitter:label1\" content=\"Procijenjeno vrijeme \u010ditanja\" \/>\n\t<meta name=\"twitter:data1\" content=\"2 minute\" \/>\n<script type=\"application\/ld+json\" class=\"yoast-schema-graph\">{\"@context\":\"https:\\\/\\\/schema.org\",\"@graph\":[{\"@type\":\"WebPage\",\"@id\":\"https:\\\/\\\/projects.pmfst.unist.hr\\\/biogvek\\\/informacije-o-projektu\\\/\",\"url\":\"https:\\\/\\\/projects.pmfst.unist.hr\\\/biogvek\\\/informacije-o-projektu\\\/\",\"name\":\"Informacije o projektu - Biolo\u0161ka mre\u017ea: istra\u017eivanje bioraznolikosti kroz gene, vrste i ekosustave\",\"isPartOf\":{\"@id\":\"https:\\\/\\\/projects.pmfst.unist.hr\\\/biogvek\\\/#website\"},\"datePublished\":\"2026-02-09T07:59:39+00:00\",\"dateModified\":\"2026-02-09T10:43:10+00:00\",\"breadcrumb\":{\"@id\":\"https:\\\/\\\/projects.pmfst.unist.hr\\\/biogvek\\\/informacije-o-projektu\\\/#breadcrumb\"},\"inLanguage\":\"hr\",\"potentialAction\":[{\"@type\":\"ReadAction\",\"target\":[\"https:\\\/\\\/projects.pmfst.unist.hr\\\/biogvek\\\/informacije-o-projektu\\\/\"]}]},{\"@type\":\"BreadcrumbList\",\"@id\":\"https:\\\/\\\/projects.pmfst.unist.hr\\\/biogvek\\\/informacije-o-projektu\\\/#breadcrumb\",\"itemListElement\":[{\"@type\":\"ListItem\",\"position\":1,\"name\":\"Po\u010detna stranica\",\"item\":\"https:\\\/\\\/projects.pmfst.unist.hr\\\/biogvek\\\/\"},{\"@type\":\"ListItem\",\"position\":2,\"name\":\"Informacije o projektu\"}]},{\"@type\":\"WebSite\",\"@id\":\"https:\\\/\\\/projects.pmfst.unist.hr\\\/biogvek\\\/#website\",\"url\":\"https:\\\/\\\/projects.pmfst.unist.hr\\\/biogvek\\\/\",\"name\":\"Biolo\u0161ka mre\u017ea: istra\u017eivanje bioraznolikosti kroz gene, vrste i ekosustave\",\"description\":\"\",\"potentialAction\":[{\"@type\":\"SearchAction\",\"target\":{\"@type\":\"EntryPoint\",\"urlTemplate\":\"https:\\\/\\\/projects.pmfst.unist.hr\\\/biogvek\\\/?s={search_term_string}\"},\"query-input\":{\"@type\":\"PropertyValueSpecification\",\"valueRequired\":true,\"valueName\":\"search_term_string\"}}],\"inLanguage\":\"hr\"}]}<\/script>\n<!-- \/ Yoast SEO plugin. -->","yoast_head_json":{"title":"Informacije o projektu - Biolo\u0161ka mre\u017ea: istra\u017eivanje bioraznolikosti kroz gene, vrste i ekosustave","robots":{"index":"index","follow":"follow","max-snippet":"max-snippet:-1","max-image-preview":"max-image-preview:large","max-video-preview":"max-video-preview:-1"},"canonical":"https:\/\/projects.pmfst.unist.hr\/biogvek\/informacije-o-projektu\/","og_locale":"hr_HR","og_type":"article","og_title":"Informacije o projektu - Biolo\u0161ka mre\u017ea: istra\u017eivanje bioraznolikosti kroz gene, vrste i ekosustave","og_description":"[vc_row][vc_column][vc_column_text margin_bottom=&#8221;0&#8243; css=&#8221;.vc_custom_1770625750145{margin-bottom: 0px !important;}&#8221;] Naslov projekta: Biolo\u0161ka mre\u017ea: istra\u017eivanje bioraznolikosti kroz gene, vrste i ekosustave Akronim:\u00a0BIOGVEK Identifikacijski broj projekta:\u00a0 IP-UNIST-43 Tip projekta:\u00a0Research Project Financirano iz: Europska unija (NextGenerationEU) u okviru Plana oporavka i otpornosti Hrvatske 2021. \u2013 2026. (NRRP), putem institucionalnog projekta Sveu\u010dili\u0161ta u Splitu koji je odobrilo Ministarstvo znanosti, obrazovanja i mladih Republike [&hellip;]","og_url":"https:\/\/projects.pmfst.unist.hr\/biogvek\/informacije-o-projektu\/","og_site_name":"Biolo\u0161ka mre\u017ea: istra\u017eivanje bioraznolikosti kroz gene, vrste i ekosustave","article_modified_time":"2026-02-09T10:43:10+00:00","twitter_card":"summary_large_image","twitter_misc":{"Procijenjeno vrijeme \u010ditanja":"2 minute"},"schema":{"@context":"https:\/\/schema.org","@graph":[{"@type":"WebPage","@id":"https:\/\/projects.pmfst.unist.hr\/biogvek\/informacije-o-projektu\/","url":"https:\/\/projects.pmfst.unist.hr\/biogvek\/informacije-o-projektu\/","name":"Informacije o projektu - Biolo\u0161ka mre\u017ea: istra\u017eivanje bioraznolikosti kroz gene, vrste i ekosustave","isPartOf":{"@id":"https:\/\/projects.pmfst.unist.hr\/biogvek\/#website"},"datePublished":"2026-02-09T07:59:39+00:00","dateModified":"2026-02-09T10:43:10+00:00","breadcrumb":{"@id":"https:\/\/projects.pmfst.unist.hr\/biogvek\/informacije-o-projektu\/#breadcrumb"},"inLanguage":"hr","potentialAction":[{"@type":"ReadAction","target":["https:\/\/projects.pmfst.unist.hr\/biogvek\/informacije-o-projektu\/"]}]},{"@type":"BreadcrumbList","@id":"https:\/\/projects.pmfst.unist.hr\/biogvek\/informacije-o-projektu\/#breadcrumb","itemListElement":[{"@type":"ListItem","position":1,"name":"Po\u010detna stranica","item":"https:\/\/projects.pmfst.unist.hr\/biogvek\/"},{"@type":"ListItem","position":2,"name":"Informacije o projektu"}]},{"@type":"WebSite","@id":"https:\/\/projects.pmfst.unist.hr\/biogvek\/#website","url":"https:\/\/projects.pmfst.unist.hr\/biogvek\/","name":"Biolo\u0161ka mre\u017ea: istra\u017eivanje bioraznolikosti kroz gene, vrste i ekosustave","description":"","potentialAction":[{"@type":"SearchAction","target":{"@type":"EntryPoint","urlTemplate":"https:\/\/projects.pmfst.unist.hr\/biogvek\/?s={search_term_string}"},"query-input":{"@type":"PropertyValueSpecification","valueRequired":true,"valueName":"search_term_string"}}],"inLanguage":"hr"}]}},"_links":{"self":[{"href":"https:\/\/projects.pmfst.unist.hr\/biogvek\/wp-json\/wp\/v2\/pages\/11","targetHints":{"allow":["GET"]}}],"collection":[{"href":"https:\/\/projects.pmfst.unist.hr\/biogvek\/wp-json\/wp\/v2\/pages"}],"about":[{"href":"https:\/\/projects.pmfst.unist.hr\/biogvek\/wp-json\/wp\/v2\/types\/page"}],"author":[{"embeddable":true,"href":"https:\/\/projects.pmfst.unist.hr\/biogvek\/wp-json\/wp\/v2\/users\/1"}],"replies":[{"embeddable":true,"href":"https:\/\/projects.pmfst.unist.hr\/biogvek\/wp-json\/wp\/v2\/comments?post=11"}],"version-history":[{"count":2,"href":"https:\/\/projects.pmfst.unist.hr\/biogvek\/wp-json\/wp\/v2\/pages\/11\/revisions"}],"predecessor-version":[{"id":23,"href":"https:\/\/projects.pmfst.unist.hr\/biogvek\/wp-json\/wp\/v2\/pages\/11\/revisions\/23"}],"wp:attachment":[{"href":"https:\/\/projects.pmfst.unist.hr\/biogvek\/wp-json\/wp\/v2\/media?parent=11"}],"curies":[{"name":"wp","href":"https:\/\/api.w.org\/{rel}","templated":true}]}}