{"id":15,"date":"2026-02-09T09:07:54","date_gmt":"2026-02-09T08:07:54","guid":{"rendered":"https:\/\/projects.pmfst.unist.hr\/biogvek\/?page_id=15"},"modified":"2026-03-31T09:22:34","modified_gmt":"2026-03-31T07:22:34","slug":"projektni-tim","status":"publish","type":"page","link":"https:\/\/projects.pmfst.unist.hr\/biogvek\/projektni-tim\/","title":{"rendered":"Projektni tim"},"content":{"rendered":"<div class=\"wpb-content-wrapper\">[vc_row][vc_column width=&#8221;1\/2&#8243;][mk_table]\n<table>\n<tbody>\n<tr>\n<td>Valerija Dunki\u0107<\/td>\n<td>voditeljica projekta<br \/>\nredoviti profesor trajno zvanje<\/td>\n<\/tr>\n<tr>\n<td>Ivica \u0160amani\u0107<\/td>\n<td>docent<\/td>\n<\/tr>\n<tr>\n<td>Ana Maravi\u0107<\/td>\n<td>redoviti profesor<\/td>\n<\/tr>\n<tr>\n<td>Juraj Kamenjarin<\/td>\n<td>vi\u0161i predava\u010d<\/td>\n<\/tr>\n<tr>\n<td>Sanja Puljas<\/td>\n<td>izvanredni profesor<\/td>\n<\/tr>\n<tr>\n<td>Stjepan Orhanovi\u0107<\/td>\n<td>izvanredni profesor<\/td>\n<\/tr>\n<tr>\n<td>Hrvoje Kalini\u0107<\/td>\n<td>izvanredni profesor<\/td>\n<\/tr>\n<tr>\n<td>Jasna Puizina<\/td>\n<td>redoviti profesor trajno zvanje<\/td>\n<\/tr>\n<tr>\n<td>Mirko Ru\u0161\u010di\u0107<\/td>\n<td>redoviti profesor<\/td>\n<\/tr>\n<tr>\n<td>Elma Vuko<\/td>\n<td>izvanredni profesor<\/td>\n<\/tr>\n<tr>\n<td>\u017deljana Fredotovi\u0107<\/td>\n<td>izvanredni profesor<\/td>\n<\/tr>\n<tr>\n<td>Tomislav Ron\u010devi\u0107<\/td>\n<td>docent<\/td>\n<\/tr>\n<tr>\n<td>Mirjana Babi\u0107 Leko<\/td>\n<td>docent<\/td>\n<\/tr>\n<tr>\n<td>Marija Nazli\u0107<\/td>\n<td>vi\u0161i asistent<\/td>\n<\/tr>\n<tr>\n<td>Branimir \u010cori\u0107<\/td>\n<td>asistent<\/td>\n<\/tr>\n<tr>\n<td>Snje\u017eana Topi\u0107<\/td>\n<td>stru\u010dni suradnik<\/td>\n<\/tr>\n<tr>\n<td>BIljana Apostolska<\/td>\n<td>redoviti profesor<\/td>\n<\/tr>\n<tr>\n<td>Antonela Sovulj<\/td>\n<td>docent<\/td>\n<\/tr>\n<tr>\n<td>Mate \u0160anti\u0107<\/td>\n<td>redoviti profesor trajno zvanje<\/td>\n<\/tr>\n<tr>\n<td>Mirela Petri\u0107<\/td>\n<td>redoviti profesor<\/td>\n<\/tr>\n<tr>\n<td>\u017deljka Trumbi\u0107<\/td>\n<td>izvanredni profesor<\/td>\n<\/tr>\n<\/tbody>\n<\/table>\n[\/mk_table][\/vc_column][vc_column width=&#8221;1\/2&#8243;][mk_image src=&#8221;https:\/\/projects.pmfst.unist.hr\/biogvek\/wp-content\/uploads\/sites\/11\/2026\/03\/tim_slika.jpg&#8221; image_size=&#8221;full&#8221; lightbox=&#8221;true&#8221; hover_image_overlay=&#8221;false&#8221; align=&#8221;center&#8221;][vc_column_text margin_bottom=&#8221;0&#8243; css=&#8221;.vc_custom_1774941967777{margin-bottom: 0px !important;}&#8221;]<strong>Petri\u0107 Mirela<\/strong>, redoviti profesor<br \/>\nmirela.petric@unist.hr<br \/>\n021\/510-194<br \/>\nSveu\u010dili\u0161ni odjel za studij mora<br \/>\nSveu\u010dili\u0161te u Splitu<\/p>\n<p><strong>Trumbi\u0107 \u017deljka<\/strong><br \/>\nizvanredni profesor<br \/>\nzeljka.trumbic@unist.hr<br \/>\n021\/510-194<br \/>\nSveu\u010dili\u0161ni odjel za studij mora<br \/>\nSveu\u010dili\u0161te u Splitu[\/vc_column_text][\/vc_column][\/vc_row]\n<\/div>","protected":false},"excerpt":{"rendered":"<p>[vc_row][vc_column width=&#8221;1\/2&#8243;][mk_table] Valerija Dunki\u0107 voditeljica projekta redoviti profesor trajno zvanje Ivica \u0160amani\u0107 docent Ana Maravi\u0107 redoviti profesor Juraj Kamenjarin vi\u0161i predava\u010d Sanja Puljas izvanredni profesor Stjepan Orhanovi\u0107 izvanredni profesor Hrvoje Kalini\u0107 izvanredni profesor Jasna Puizina redoviti profesor trajno zvanje Mirko Ru\u0161\u010di\u0107 redoviti profesor Elma Vuko izvanredni profesor \u017deljana Fredotovi\u0107 izvanredni profesor Tomislav Ron\u010devi\u0107 docent Mirjana [&hellip;]<\/p>\n","protected":false},"author":1,"featured_media":0,"parent":0,"menu_order":0,"comment_status":"closed","ping_status":"closed","template":"","meta":{"footnotes":""},"class_list":["post-15","page","type-page","status-publish","hentry"],"yoast_head":"<!-- This site is optimized with the Yoast SEO plugin v27.3 - https:\/\/yoast.com\/product\/yoast-seo-wordpress\/ -->\n<title>Projektni tim - Biolo\u0161ka mre\u017ea: istra\u017eivanje bioraznolikosti kroz gene, vrste i ekosustave<\/title>\n<meta name=\"robots\" content=\"index, follow, max-snippet:-1, max-image-preview:large, max-video-preview:-1\" \/>\n<link rel=\"canonical\" href=\"https:\/\/projects.pmfst.unist.hr\/biogvek\/projektni-tim\/\" \/>\n<meta property=\"og:locale\" content=\"hr_HR\" \/>\n<meta property=\"og:type\" content=\"article\" \/>\n<meta property=\"og:title\" content=\"Projektni tim - Biolo\u0161ka mre\u017ea: istra\u017eivanje bioraznolikosti kroz gene, vrste i ekosustave\" \/>\n<meta property=\"og:description\" content=\"[vc_row][vc_column width=&#8221;1\/2&#8243;][mk_table] Valerija Dunki\u0107 voditeljica projekta redoviti profesor trajno zvanje Ivica \u0160amani\u0107 docent Ana Maravi\u0107 redoviti profesor Juraj Kamenjarin vi\u0161i predava\u010d Sanja Puljas izvanredni profesor Stjepan Orhanovi\u0107 izvanredni profesor Hrvoje Kalini\u0107 izvanredni profesor Jasna Puizina redoviti profesor trajno zvanje Mirko Ru\u0161\u010di\u0107 redoviti profesor Elma Vuko izvanredni profesor \u017deljana Fredotovi\u0107 izvanredni profesor Tomislav Ron\u010devi\u0107 docent Mirjana [&hellip;]\" \/>\n<meta property=\"og:url\" content=\"https:\/\/projects.pmfst.unist.hr\/biogvek\/projektni-tim\/\" \/>\n<meta property=\"og:site_name\" content=\"Biolo\u0161ka mre\u017ea: istra\u017eivanje bioraznolikosti kroz gene, vrste i ekosustave\" \/>\n<meta property=\"article:modified_time\" content=\"2026-03-31T07:22:34+00:00\" \/>\n<meta name=\"twitter:card\" content=\"summary_large_image\" \/>\n<meta name=\"twitter:label1\" content=\"Procijenjeno vrijeme \u010ditanja\" \/>\n\t<meta name=\"twitter:data1\" content=\"1 minuta\" \/>\n<script type=\"application\/ld+json\" class=\"yoast-schema-graph\">{\"@context\":\"https:\\\/\\\/schema.org\",\"@graph\":[{\"@type\":\"WebPage\",\"@id\":\"https:\\\/\\\/projects.pmfst.unist.hr\\\/biogvek\\\/projektni-tim\\\/\",\"url\":\"https:\\\/\\\/projects.pmfst.unist.hr\\\/biogvek\\\/projektni-tim\\\/\",\"name\":\"Projektni tim - Biolo\u0161ka mre\u017ea: istra\u017eivanje bioraznolikosti kroz gene, vrste i ekosustave\",\"isPartOf\":{\"@id\":\"https:\\\/\\\/projects.pmfst.unist.hr\\\/biogvek\\\/#website\"},\"datePublished\":\"2026-02-09T08:07:54+00:00\",\"dateModified\":\"2026-03-31T07:22:34+00:00\",\"breadcrumb\":{\"@id\":\"https:\\\/\\\/projects.pmfst.unist.hr\\\/biogvek\\\/projektni-tim\\\/#breadcrumb\"},\"inLanguage\":\"hr\",\"potentialAction\":[{\"@type\":\"ReadAction\",\"target\":[\"https:\\\/\\\/projects.pmfst.unist.hr\\\/biogvek\\\/projektni-tim\\\/\"]}]},{\"@type\":\"BreadcrumbList\",\"@id\":\"https:\\\/\\\/projects.pmfst.unist.hr\\\/biogvek\\\/projektni-tim\\\/#breadcrumb\",\"itemListElement\":[{\"@type\":\"ListItem\",\"position\":1,\"name\":\"Po\u010detna stranica\",\"item\":\"https:\\\/\\\/projects.pmfst.unist.hr\\\/biogvek\\\/\"},{\"@type\":\"ListItem\",\"position\":2,\"name\":\"Projektni tim\"}]},{\"@type\":\"WebSite\",\"@id\":\"https:\\\/\\\/projects.pmfst.unist.hr\\\/biogvek\\\/#website\",\"url\":\"https:\\\/\\\/projects.pmfst.unist.hr\\\/biogvek\\\/\",\"name\":\"Biolo\u0161ka mre\u017ea: istra\u017eivanje bioraznolikosti kroz gene, vrste i ekosustave\",\"description\":\"\",\"potentialAction\":[{\"@type\":\"SearchAction\",\"target\":{\"@type\":\"EntryPoint\",\"urlTemplate\":\"https:\\\/\\\/projects.pmfst.unist.hr\\\/biogvek\\\/?s={search_term_string}\"},\"query-input\":{\"@type\":\"PropertyValueSpecification\",\"valueRequired\":true,\"valueName\":\"search_term_string\"}}],\"inLanguage\":\"hr\"}]}<\/script>\n<!-- \/ Yoast SEO plugin. -->","yoast_head_json":{"title":"Projektni tim - Biolo\u0161ka mre\u017ea: istra\u017eivanje bioraznolikosti kroz gene, vrste i ekosustave","robots":{"index":"index","follow":"follow","max-snippet":"max-snippet:-1","max-image-preview":"max-image-preview:large","max-video-preview":"max-video-preview:-1"},"canonical":"https:\/\/projects.pmfst.unist.hr\/biogvek\/projektni-tim\/","og_locale":"hr_HR","og_type":"article","og_title":"Projektni tim - Biolo\u0161ka mre\u017ea: istra\u017eivanje bioraznolikosti kroz gene, vrste i ekosustave","og_description":"[vc_row][vc_column width=&#8221;1\/2&#8243;][mk_table] Valerija Dunki\u0107 voditeljica projekta redoviti profesor trajno zvanje Ivica \u0160amani\u0107 docent Ana Maravi\u0107 redoviti profesor Juraj Kamenjarin vi\u0161i predava\u010d Sanja Puljas izvanredni profesor Stjepan Orhanovi\u0107 izvanredni profesor Hrvoje Kalini\u0107 izvanredni profesor Jasna Puizina redoviti profesor trajno zvanje Mirko Ru\u0161\u010di\u0107 redoviti profesor Elma Vuko izvanredni profesor \u017deljana Fredotovi\u0107 izvanredni profesor Tomislav Ron\u010devi\u0107 docent Mirjana [&hellip;]","og_url":"https:\/\/projects.pmfst.unist.hr\/biogvek\/projektni-tim\/","og_site_name":"Biolo\u0161ka mre\u017ea: istra\u017eivanje bioraznolikosti kroz gene, vrste i ekosustave","article_modified_time":"2026-03-31T07:22:34+00:00","twitter_card":"summary_large_image","twitter_misc":{"Procijenjeno vrijeme \u010ditanja":"1 minuta"},"schema":{"@context":"https:\/\/schema.org","@graph":[{"@type":"WebPage","@id":"https:\/\/projects.pmfst.unist.hr\/biogvek\/projektni-tim\/","url":"https:\/\/projects.pmfst.unist.hr\/biogvek\/projektni-tim\/","name":"Projektni tim - Biolo\u0161ka mre\u017ea: istra\u017eivanje bioraznolikosti kroz gene, vrste i ekosustave","isPartOf":{"@id":"https:\/\/projects.pmfst.unist.hr\/biogvek\/#website"},"datePublished":"2026-02-09T08:07:54+00:00","dateModified":"2026-03-31T07:22:34+00:00","breadcrumb":{"@id":"https:\/\/projects.pmfst.unist.hr\/biogvek\/projektni-tim\/#breadcrumb"},"inLanguage":"hr","potentialAction":[{"@type":"ReadAction","target":["https:\/\/projects.pmfst.unist.hr\/biogvek\/projektni-tim\/"]}]},{"@type":"BreadcrumbList","@id":"https:\/\/projects.pmfst.unist.hr\/biogvek\/projektni-tim\/#breadcrumb","itemListElement":[{"@type":"ListItem","position":1,"name":"Po\u010detna stranica","item":"https:\/\/projects.pmfst.unist.hr\/biogvek\/"},{"@type":"ListItem","position":2,"name":"Projektni tim"}]},{"@type":"WebSite","@id":"https:\/\/projects.pmfst.unist.hr\/biogvek\/#website","url":"https:\/\/projects.pmfst.unist.hr\/biogvek\/","name":"Biolo\u0161ka mre\u017ea: istra\u017eivanje bioraznolikosti kroz gene, vrste i ekosustave","description":"","potentialAction":[{"@type":"SearchAction","target":{"@type":"EntryPoint","urlTemplate":"https:\/\/projects.pmfst.unist.hr\/biogvek\/?s={search_term_string}"},"query-input":{"@type":"PropertyValueSpecification","valueRequired":true,"valueName":"search_term_string"}}],"inLanguage":"hr"}]}},"_links":{"self":[{"href":"https:\/\/projects.pmfst.unist.hr\/biogvek\/wp-json\/wp\/v2\/pages\/15","targetHints":{"allow":["GET"]}}],"collection":[{"href":"https:\/\/projects.pmfst.unist.hr\/biogvek\/wp-json\/wp\/v2\/pages"}],"about":[{"href":"https:\/\/projects.pmfst.unist.hr\/biogvek\/wp-json\/wp\/v2\/types\/page"}],"author":[{"embeddable":true,"href":"https:\/\/projects.pmfst.unist.hr\/biogvek\/wp-json\/wp\/v2\/users\/1"}],"replies":[{"embeddable":true,"href":"https:\/\/projects.pmfst.unist.hr\/biogvek\/wp-json\/wp\/v2\/comments?post=15"}],"version-history":[{"count":4,"href":"https:\/\/projects.pmfst.unist.hr\/biogvek\/wp-json\/wp\/v2\/pages\/15\/revisions"}],"predecessor-version":[{"id":51,"href":"https:\/\/projects.pmfst.unist.hr\/biogvek\/wp-json\/wp\/v2\/pages\/15\/revisions\/51"}],"wp:attachment":[{"href":"https:\/\/projects.pmfst.unist.hr\/biogvek\/wp-json\/wp\/v2\/media?parent=15"}],"curies":[{"name":"wp","href":"https:\/\/api.w.org\/{rel}","templated":true}]}}