{"id":34,"date":"2026-02-09T08:59:39","date_gmt":"2026-02-09T07:59:39","guid":{"rendered":"https:\/\/projects.pmfst.unist.hr\/biogvek\/informacije-o-projektu\/"},"modified":"2026-02-09T11:45:10","modified_gmt":"2026-02-09T10:45:10","slug":"informacije-o-projektu","status":"publish","type":"page","link":"https:\/\/projects.pmfst.unist.hr\/biogvek\/informacije-o-projektu\/?lang=en","title":{"rendered":"Project info"},"content":{"rendered":"<div class=\"wpb-content-wrapper\">[vc_row][vc_column][vc_column_text margin_bottom=&#8221;0&#8243; css=&#8221;.vc_custom_1770634030940{margin-bottom: 0px !important;}&#8221;]\n<p style=\"text-align: center;\"><strong>Project title:<\/strong><\/p>\n<h3 style=\"text-align: center;\">Biological Network: Exploring Biodiversity through Genes, Species, and Ecosystems<strong>\u00a0<\/strong><\/h3>\n<p><strong>Acronym:\u00a0<\/strong>BIOGVEK<\/p>\n<p><strong>Project identifier:<\/strong>\u00a0 IP-UNIST-43<\/p>\n<p><strong>Type of project:\u00a0<\/strong>Research Project<\/p>\n<p><strong>Funding body:<\/strong> European Union (NextGenerationEU) under the Croatian Recovery and Resilience Plan 2021\u20132026 (NRRP), through the University of Split institutional project approved by the Ministry of Science, Education and Youth of the Republic of Croatia.<\/p>\n<p><strong>\u00a0<\/strong><strong>Project duration: <\/strong>October 1, 2025 to September 30, 2029.<\/p>\n<p><strong>Summary<\/strong><\/p>\n<p>Thanks to its geographical location, diverse climate, and geomorphological features, the Republic of Croatia is one of the most biologically diverse countries in Europe. The conservation and protection of biodiversity are among the main prerequisites for achieving the UN Sustainable Development Goals, which include the sustainable use and management of aquatic and terrestrial ecosystems. To encompass broader biological research across genes, species, and ecosystems, the BIOGVEK project is divided into three work packages (WP): WP1 \u2013 Reprogramming of plant tissue development triggered by external effectors; WP2 \u2013 Biodiversity of Mediterranean plant species and their biological potential; and WP3 \u2013 Population dynamics and molecular systematics of terrestrial and aquatic ecosystems. The project will involve field research in natural habitats, genetic identification of collected samples, and bioinformatic, molecular, and cytogenetic studies. Analyses will be conducted using a systems biology approach by integrating anatomical and morphological analyses, developmental biology, and multi-omic profiling. Phytochemistry and biological activity of selected Mediterranean plant species will be studied to assess the potential of bioactive plant substances, which are a promising green alternative to the excessive use of substances of synthetic origin. The project will also examine changes in the abundance and structure of selected animal populations in aquatic and terrestrial ecosystems, as well as the specificities of populations of particularly economically important marine species. The goal is to better understand the ecological processes that shape these systems and ensure their protection.[\/vc_column_text][\/vc_column][\/vc_row]\n<\/div>","protected":false},"excerpt":{"rendered":"<p>[vc_row][vc_column][vc_column_text margin_bottom=&#8221;0&#8243; css=&#8221;.vc_custom_1770634030940{margin-bottom: 0px !important;}&#8221;] Project title: Biological Network: Exploring Biodiversity through Genes, Species, and Ecosystems\u00a0 Acronym:\u00a0BIOGVEK Project identifier:\u00a0 IP-UNIST-43 Type of project:\u00a0Research Project Funding body: European Union (NextGenerationEU) under the Croatian Recovery and Resilience Plan 2021\u20132026 (NRRP), through the University of Split institutional project approved by the Ministry of Science, Education and Youth of [&hellip;]<\/p>\n","protected":false},"author":1,"featured_media":0,"parent":0,"menu_order":0,"comment_status":"closed","ping_status":"closed","template":"","meta":{"footnotes":""},"class_list":["post-34","page","type-page","status-publish","hentry"],"yoast_head":"<!-- This site is optimized with the Yoast SEO plugin v27.3 - https:\/\/yoast.com\/product\/yoast-seo-wordpress\/ -->\n<title>Project info - Biolo\u0161ka mre\u017ea: istra\u017eivanje bioraznolikosti kroz gene, vrste i ekosustave<\/title>\n<meta name=\"robots\" content=\"index, follow, max-snippet:-1, max-image-preview:large, max-video-preview:-1\" \/>\n<link rel=\"canonical\" href=\"https:\/\/projects.pmfst.unist.hr\/biogvek\/informacije-o-projektu\/\" \/>\n<meta property=\"og:locale\" content=\"hr_HR\" \/>\n<meta property=\"og:type\" content=\"article\" \/>\n<meta property=\"og:title\" content=\"Project info - Biolo\u0161ka mre\u017ea: istra\u017eivanje bioraznolikosti kroz gene, vrste i ekosustave\" \/>\n<meta property=\"og:description\" content=\"[vc_row][vc_column][vc_column_text margin_bottom=&#8221;0&#8243; css=&#8221;.vc_custom_1770634030940{margin-bottom: 0px !important;}&#8221;] Project title: Biological Network: Exploring Biodiversity through Genes, Species, and Ecosystems\u00a0 Acronym:\u00a0BIOGVEK Project identifier:\u00a0 IP-UNIST-43 Type of project:\u00a0Research Project Funding body: European Union (NextGenerationEU) under the Croatian Recovery and Resilience Plan 2021\u20132026 (NRRP), through the University of Split institutional project approved by the Ministry of Science, Education and Youth of [&hellip;]\" \/>\n<meta property=\"og:url\" content=\"https:\/\/projects.pmfst.unist.hr\/biogvek\/informacije-o-projektu\/?lang=en\" \/>\n<meta property=\"og:site_name\" content=\"Biolo\u0161ka mre\u017ea: istra\u017eivanje bioraznolikosti kroz gene, vrste i ekosustave\" \/>\n<meta property=\"article:modified_time\" content=\"2026-02-09T10:45:10+00:00\" \/>\n<meta name=\"twitter:card\" content=\"summary_large_image\" \/>\n<meta name=\"twitter:label1\" content=\"Procijenjeno vrijeme \u010ditanja\" \/>\n\t<meta name=\"twitter:data1\" content=\"2 minute\" \/>\n<script type=\"application\/ld+json\" class=\"yoast-schema-graph\">{\"@context\":\"https:\\\/\\\/schema.org\",\"@graph\":[{\"@type\":\"WebPage\",\"@id\":\"https:\\\/\\\/projects.pmfst.unist.hr\\\/biogvek\\\/informacije-o-projektu\\\/?lang=en\",\"url\":\"https:\\\/\\\/projects.pmfst.unist.hr\\\/biogvek\\\/informacije-o-projektu\\\/?lang=en\",\"name\":\"Project info - Biolo\u0161ka mre\u017ea: istra\u017eivanje bioraznolikosti kroz gene, vrste i ekosustave\",\"isPartOf\":{\"@id\":\"https:\\\/\\\/projects.pmfst.unist.hr\\\/biogvek\\\/#website\"},\"datePublished\":\"2026-02-09T07:59:39+00:00\",\"dateModified\":\"2026-02-09T10:45:10+00:00\",\"breadcrumb\":{\"@id\":\"https:\\\/\\\/projects.pmfst.unist.hr\\\/biogvek\\\/informacije-o-projektu\\\/?lang=en#breadcrumb\"},\"inLanguage\":\"hr\",\"potentialAction\":[{\"@type\":\"ReadAction\",\"target\":[\"https:\\\/\\\/projects.pmfst.unist.hr\\\/biogvek\\\/informacije-o-projektu\\\/?lang=en\"]}]},{\"@type\":\"BreadcrumbList\",\"@id\":\"https:\\\/\\\/projects.pmfst.unist.hr\\\/biogvek\\\/informacije-o-projektu\\\/?lang=en#breadcrumb\",\"itemListElement\":[{\"@type\":\"ListItem\",\"position\":1,\"name\":\"Po\u010detna stranica\",\"item\":\"https:\\\/\\\/projects.pmfst.unist.hr\\\/biogvek\\\/\"},{\"@type\":\"ListItem\",\"position\":2,\"name\":\"Project info\"}]},{\"@type\":\"WebSite\",\"@id\":\"https:\\\/\\\/projects.pmfst.unist.hr\\\/biogvek\\\/#website\",\"url\":\"https:\\\/\\\/projects.pmfst.unist.hr\\\/biogvek\\\/\",\"name\":\"Biolo\u0161ka mre\u017ea: istra\u017eivanje bioraznolikosti kroz gene, vrste i ekosustave\",\"description\":\"\",\"potentialAction\":[{\"@type\":\"SearchAction\",\"target\":{\"@type\":\"EntryPoint\",\"urlTemplate\":\"https:\\\/\\\/projects.pmfst.unist.hr\\\/biogvek\\\/?s={search_term_string}\"},\"query-input\":{\"@type\":\"PropertyValueSpecification\",\"valueRequired\":true,\"valueName\":\"search_term_string\"}}],\"inLanguage\":\"hr\"}]}<\/script>\n<!-- \/ Yoast SEO plugin. -->","yoast_head_json":{"title":"Project info - Biolo\u0161ka mre\u017ea: istra\u017eivanje bioraznolikosti kroz gene, vrste i ekosustave","robots":{"index":"index","follow":"follow","max-snippet":"max-snippet:-1","max-image-preview":"max-image-preview:large","max-video-preview":"max-video-preview:-1"},"canonical":"https:\/\/projects.pmfst.unist.hr\/biogvek\/informacije-o-projektu\/","og_locale":"hr_HR","og_type":"article","og_title":"Project info - Biolo\u0161ka mre\u017ea: istra\u017eivanje bioraznolikosti kroz gene, vrste i ekosustave","og_description":"[vc_row][vc_column][vc_column_text margin_bottom=&#8221;0&#8243; css=&#8221;.vc_custom_1770634030940{margin-bottom: 0px !important;}&#8221;] Project title: Biological Network: Exploring Biodiversity through Genes, Species, and Ecosystems\u00a0 Acronym:\u00a0BIOGVEK Project identifier:\u00a0 IP-UNIST-43 Type of project:\u00a0Research Project Funding body: European Union (NextGenerationEU) under the Croatian Recovery and Resilience Plan 2021\u20132026 (NRRP), through the University of Split institutional project approved by the Ministry of Science, Education and Youth of [&hellip;]","og_url":"https:\/\/projects.pmfst.unist.hr\/biogvek\/informacije-o-projektu\/?lang=en","og_site_name":"Biolo\u0161ka mre\u017ea: istra\u017eivanje bioraznolikosti kroz gene, vrste i ekosustave","article_modified_time":"2026-02-09T10:45:10+00:00","twitter_card":"summary_large_image","twitter_misc":{"Procijenjeno vrijeme \u010ditanja":"2 minute"},"schema":{"@context":"https:\/\/schema.org","@graph":[{"@type":"WebPage","@id":"https:\/\/projects.pmfst.unist.hr\/biogvek\/informacije-o-projektu\/?lang=en","url":"https:\/\/projects.pmfst.unist.hr\/biogvek\/informacije-o-projektu\/?lang=en","name":"Project info - Biolo\u0161ka mre\u017ea: istra\u017eivanje bioraznolikosti kroz gene, vrste i ekosustave","isPartOf":{"@id":"https:\/\/projects.pmfst.unist.hr\/biogvek\/#website"},"datePublished":"2026-02-09T07:59:39+00:00","dateModified":"2026-02-09T10:45:10+00:00","breadcrumb":{"@id":"https:\/\/projects.pmfst.unist.hr\/biogvek\/informacije-o-projektu\/?lang=en#breadcrumb"},"inLanguage":"hr","potentialAction":[{"@type":"ReadAction","target":["https:\/\/projects.pmfst.unist.hr\/biogvek\/informacije-o-projektu\/?lang=en"]}]},{"@type":"BreadcrumbList","@id":"https:\/\/projects.pmfst.unist.hr\/biogvek\/informacije-o-projektu\/?lang=en#breadcrumb","itemListElement":[{"@type":"ListItem","position":1,"name":"Po\u010detna stranica","item":"https:\/\/projects.pmfst.unist.hr\/biogvek\/"},{"@type":"ListItem","position":2,"name":"Project info"}]},{"@type":"WebSite","@id":"https:\/\/projects.pmfst.unist.hr\/biogvek\/#website","url":"https:\/\/projects.pmfst.unist.hr\/biogvek\/","name":"Biolo\u0161ka mre\u017ea: istra\u017eivanje bioraznolikosti kroz gene, vrste i ekosustave","description":"","potentialAction":[{"@type":"SearchAction","target":{"@type":"EntryPoint","urlTemplate":"https:\/\/projects.pmfst.unist.hr\/biogvek\/?s={search_term_string}"},"query-input":{"@type":"PropertyValueSpecification","valueRequired":true,"valueName":"search_term_string"}}],"inLanguage":"hr"}]}},"_links":{"self":[{"href":"https:\/\/projects.pmfst.unist.hr\/biogvek\/wp-json\/wp\/v2\/pages\/34","targetHints":{"allow":["GET"]}}],"collection":[{"href":"https:\/\/projects.pmfst.unist.hr\/biogvek\/wp-json\/wp\/v2\/pages"}],"about":[{"href":"https:\/\/projects.pmfst.unist.hr\/biogvek\/wp-json\/wp\/v2\/types\/page"}],"author":[{"embeddable":true,"href":"https:\/\/projects.pmfst.unist.hr\/biogvek\/wp-json\/wp\/v2\/users\/1"}],"replies":[{"embeddable":true,"href":"https:\/\/projects.pmfst.unist.hr\/biogvek\/wp-json\/wp\/v2\/comments?post=34"}],"version-history":[{"count":3,"href":"https:\/\/projects.pmfst.unist.hr\/biogvek\/wp-json\/wp\/v2\/pages\/34\/revisions"}],"predecessor-version":[{"id":37,"href":"https:\/\/projects.pmfst.unist.hr\/biogvek\/wp-json\/wp\/v2\/pages\/34\/revisions\/37"}],"wp:attachment":[{"href":"https:\/\/projects.pmfst.unist.hr\/biogvek\/wp-json\/wp\/v2\/media?parent=34"}],"curies":[{"name":"wp","href":"https:\/\/api.w.org\/{rel}","templated":true}]}}