{"id":38,"date":"2026-02-09T09:07:54","date_gmt":"2026-02-09T08:07:54","guid":{"rendered":"https:\/\/projects.pmfst.unist.hr\/biogvek\/projektni-tim\/"},"modified":"2026-02-09T11:49:40","modified_gmt":"2026-02-09T10:49:40","slug":"projektni-tim","status":"publish","type":"page","link":"https:\/\/projects.pmfst.unist.hr\/biogvek\/projektni-tim\/?lang=en","title":{"rendered":"Resaerch team"},"content":{"rendered":"<div class=\"wpb-content-wrapper\">[vc_row][vc_column][mk_table]\n<table>\n<tbody>\n<tr>\n<td>Valerija Dunki\u0107<\/td>\n<td>Principal Investigator<br \/>\nFull professor with tenure<\/td>\n<\/tr>\n<tr>\n<td><\/td>\n<td>PROJECT ASSOCIATE<\/td>\n<\/tr>\n<tr>\n<td>Ivica \u0160amani\u0107<\/td>\n<td>Assistant Professor<\/td>\n<\/tr>\n<tr>\n<td>Ana Maravi\u0107<\/td>\n<td>Full professor<\/td>\n<\/tr>\n<tr>\n<td>Juraj Kamenjarin<\/td>\n<td>Senior lecturer<\/td>\n<\/tr>\n<tr>\n<td>Sanja Puljas<\/td>\n<td>Associate professor<\/td>\n<\/tr>\n<tr>\n<td>Stjepan Orhanovi\u0107<\/td>\n<td>Associate professor<\/td>\n<\/tr>\n<tr>\n<td>Hrvoje Kalini\u0107<\/td>\n<td>Associate professor<\/td>\n<\/tr>\n<tr>\n<td>Jasna Puizina<\/td>\n<td>Full professor with tenure<\/td>\n<\/tr>\n<tr>\n<td>Mirko Ru\u0161\u010di\u0107<\/td>\n<td>Full professor<\/td>\n<\/tr>\n<tr>\n<td>Elma Vuko<\/td>\n<td>Associate professor<\/td>\n<\/tr>\n<tr>\n<td>\u017deljana Fredotovi\u0107<\/td>\n<td>Associate professor<\/td>\n<\/tr>\n<tr>\n<td>Tomislav Ron\u010devi\u0107<\/td>\n<td>Assistant Professor<\/td>\n<\/tr>\n<tr>\n<td>Mirjana Babi\u0107 Leko<\/td>\n<td>Assistant Professor<\/td>\n<\/tr>\n<tr>\n<td>Marija Nazli\u0107<\/td>\n<td>Senior assistant<\/td>\n<\/tr>\n<tr>\n<td>Branimir \u010cori\u0107<\/td>\n<td>Teaching \/ research assistant<\/td>\n<\/tr>\n<tr>\n<td>Snje\u017eana Topi\u0107<\/td>\n<td>Professional associate<\/td>\n<\/tr>\n<tr>\n<td>BIljana Apostolska<\/td>\n<td>Full professor<\/td>\n<\/tr>\n<tr>\n<td>Antonela Sovulj<\/td>\n<td>Assistant Professor<\/td>\n<\/tr>\n<tr>\n<td>Mate \u0160anti\u0107<\/td>\n<td>Full professor with tenure<\/td>\n<\/tr>\n<tr>\n<td>Mirela Petri\u0107<\/td>\n<td>Full professor<\/td>\n<\/tr>\n<tr>\n<td>\u017deljka Trumbi\u0107<\/td>\n<td>Associate professor<\/td>\n<\/tr>\n<\/tbody>\n<\/table>\n[\/mk_table][\/vc_column][\/vc_row][vc_row][vc_column][vc_column_text margin_bottom=&#8221;0&#8243; css=&#8221;.vc_custom_1770634302579{margin-bottom: 0px !important;}&#8221;]Petri\u0107 Mirela<br \/>\n<a href=\"mailto:mirela.petric@unist.hr\">mirela.petric@unist.hr<\/a><br \/>\n021\/510-194<br \/>\nUniversity Department of Marine Studies<br \/>\nUniversity of Split<\/p>\n<p>Trumbi\u0107 \u017deljka<br \/>\n<a href=\"mailto:zeljka.trumbic@unist.hr\">zeljka.trumbic@unist.hr<\/a><br \/>\n021\/510-194<br \/>\nUniversity Department of Marine Studies<br \/>\nUniversity of Split[\/vc_column_text][\/vc_column][\/vc_row]\n<\/div>","protected":false},"excerpt":{"rendered":"<p>[vc_row][vc_column][mk_table] Valerija Dunki\u0107 Principal Investigator Full professor with tenure PROJECT ASSOCIATE Ivica \u0160amani\u0107 Assistant Professor Ana Maravi\u0107 Full professor Juraj Kamenjarin Senior lecturer Sanja Puljas Associate professor Stjepan Orhanovi\u0107 Associate professor Hrvoje Kalini\u0107 Associate professor Jasna Puizina Full professor with tenure Mirko Ru\u0161\u010di\u0107 Full professor Elma Vuko Associate professor \u017deljana Fredotovi\u0107 Associate professor Tomislav Ron\u010devi\u0107 [&hellip;]<\/p>\n","protected":false},"author":1,"featured_media":0,"parent":0,"menu_order":0,"comment_status":"closed","ping_status":"closed","template":"","meta":{"footnotes":""},"class_list":["post-38","page","type-page","status-publish","hentry"],"yoast_head":"<!-- This site is optimized with the Yoast SEO plugin v27.3 - https:\/\/yoast.com\/product\/yoast-seo-wordpress\/ -->\n<title>Resaerch team - Biolo\u0161ka mre\u017ea: istra\u017eivanje bioraznolikosti kroz gene, vrste i ekosustave<\/title>\n<meta name=\"robots\" content=\"index, follow, max-snippet:-1, max-image-preview:large, max-video-preview:-1\" \/>\n<link rel=\"canonical\" href=\"https:\/\/projects.pmfst.unist.hr\/biogvek\/projektni-tim\/\" \/>\n<meta property=\"og:locale\" content=\"hr_HR\" \/>\n<meta property=\"og:type\" content=\"article\" \/>\n<meta property=\"og:title\" content=\"Resaerch team - Biolo\u0161ka mre\u017ea: istra\u017eivanje bioraznolikosti kroz gene, vrste i ekosustave\" \/>\n<meta property=\"og:description\" content=\"[vc_row][vc_column][mk_table] Valerija Dunki\u0107 Principal Investigator Full professor with tenure PROJECT ASSOCIATE Ivica \u0160amani\u0107 Assistant Professor Ana Maravi\u0107 Full professor Juraj Kamenjarin Senior lecturer Sanja Puljas Associate professor Stjepan Orhanovi\u0107 Associate professor Hrvoje Kalini\u0107 Associate professor Jasna Puizina Full professor with tenure Mirko Ru\u0161\u010di\u0107 Full professor Elma Vuko Associate professor \u017deljana Fredotovi\u0107 Associate professor Tomislav Ron\u010devi\u0107 [&hellip;]\" \/>\n<meta property=\"og:url\" content=\"https:\/\/projects.pmfst.unist.hr\/biogvek\/projektni-tim\/?lang=en\" \/>\n<meta property=\"og:site_name\" content=\"Biolo\u0161ka mre\u017ea: istra\u017eivanje bioraznolikosti kroz gene, vrste i ekosustave\" \/>\n<meta property=\"article:modified_time\" content=\"2026-02-09T10:49:40+00:00\" \/>\n<meta name=\"twitter:card\" content=\"summary_large_image\" \/>\n<meta name=\"twitter:label1\" content=\"Procijenjeno vrijeme \u010ditanja\" \/>\n\t<meta name=\"twitter:data1\" content=\"1 minuta\" \/>\n<script type=\"application\/ld+json\" class=\"yoast-schema-graph\">{\"@context\":\"https:\\\/\\\/schema.org\",\"@graph\":[{\"@type\":\"WebPage\",\"@id\":\"https:\\\/\\\/projects.pmfst.unist.hr\\\/biogvek\\\/projektni-tim\\\/?lang=en\",\"url\":\"https:\\\/\\\/projects.pmfst.unist.hr\\\/biogvek\\\/projektni-tim\\\/?lang=en\",\"name\":\"Resaerch team - Biolo\u0161ka mre\u017ea: istra\u017eivanje bioraznolikosti kroz gene, vrste i ekosustave\",\"isPartOf\":{\"@id\":\"https:\\\/\\\/projects.pmfst.unist.hr\\\/biogvek\\\/#website\"},\"datePublished\":\"2026-02-09T08:07:54+00:00\",\"dateModified\":\"2026-02-09T10:49:40+00:00\",\"breadcrumb\":{\"@id\":\"https:\\\/\\\/projects.pmfst.unist.hr\\\/biogvek\\\/projektni-tim\\\/?lang=en#breadcrumb\"},\"inLanguage\":\"hr\",\"potentialAction\":[{\"@type\":\"ReadAction\",\"target\":[\"https:\\\/\\\/projects.pmfst.unist.hr\\\/biogvek\\\/projektni-tim\\\/?lang=en\"]}]},{\"@type\":\"BreadcrumbList\",\"@id\":\"https:\\\/\\\/projects.pmfst.unist.hr\\\/biogvek\\\/projektni-tim\\\/?lang=en#breadcrumb\",\"itemListElement\":[{\"@type\":\"ListItem\",\"position\":1,\"name\":\"Po\u010detna stranica\",\"item\":\"https:\\\/\\\/projects.pmfst.unist.hr\\\/biogvek\\\/\"},{\"@type\":\"ListItem\",\"position\":2,\"name\":\"Resaerch team\"}]},{\"@type\":\"WebSite\",\"@id\":\"https:\\\/\\\/projects.pmfst.unist.hr\\\/biogvek\\\/#website\",\"url\":\"https:\\\/\\\/projects.pmfst.unist.hr\\\/biogvek\\\/\",\"name\":\"Biolo\u0161ka mre\u017ea: istra\u017eivanje bioraznolikosti kroz gene, vrste i ekosustave\",\"description\":\"\",\"potentialAction\":[{\"@type\":\"SearchAction\",\"target\":{\"@type\":\"EntryPoint\",\"urlTemplate\":\"https:\\\/\\\/projects.pmfst.unist.hr\\\/biogvek\\\/?s={search_term_string}\"},\"query-input\":{\"@type\":\"PropertyValueSpecification\",\"valueRequired\":true,\"valueName\":\"search_term_string\"}}],\"inLanguage\":\"hr\"}]}<\/script>\n<!-- \/ Yoast SEO plugin. -->","yoast_head_json":{"title":"Resaerch team - Biolo\u0161ka mre\u017ea: istra\u017eivanje bioraznolikosti kroz gene, vrste i ekosustave","robots":{"index":"index","follow":"follow","max-snippet":"max-snippet:-1","max-image-preview":"max-image-preview:large","max-video-preview":"max-video-preview:-1"},"canonical":"https:\/\/projects.pmfst.unist.hr\/biogvek\/projektni-tim\/","og_locale":"hr_HR","og_type":"article","og_title":"Resaerch team - Biolo\u0161ka mre\u017ea: istra\u017eivanje bioraznolikosti kroz gene, vrste i ekosustave","og_description":"[vc_row][vc_column][mk_table] Valerija Dunki\u0107 Principal Investigator Full professor with tenure PROJECT ASSOCIATE Ivica \u0160amani\u0107 Assistant Professor Ana Maravi\u0107 Full professor Juraj Kamenjarin Senior lecturer Sanja Puljas Associate professor Stjepan Orhanovi\u0107 Associate professor Hrvoje Kalini\u0107 Associate professor Jasna Puizina Full professor with tenure Mirko Ru\u0161\u010di\u0107 Full professor Elma Vuko Associate professor \u017deljana Fredotovi\u0107 Associate professor Tomislav Ron\u010devi\u0107 [&hellip;]","og_url":"https:\/\/projects.pmfst.unist.hr\/biogvek\/projektni-tim\/?lang=en","og_site_name":"Biolo\u0161ka mre\u017ea: istra\u017eivanje bioraznolikosti kroz gene, vrste i ekosustave","article_modified_time":"2026-02-09T10:49:40+00:00","twitter_card":"summary_large_image","twitter_misc":{"Procijenjeno vrijeme \u010ditanja":"1 minuta"},"schema":{"@context":"https:\/\/schema.org","@graph":[{"@type":"WebPage","@id":"https:\/\/projects.pmfst.unist.hr\/biogvek\/projektni-tim\/?lang=en","url":"https:\/\/projects.pmfst.unist.hr\/biogvek\/projektni-tim\/?lang=en","name":"Resaerch team - Biolo\u0161ka mre\u017ea: istra\u017eivanje bioraznolikosti kroz gene, vrste i ekosustave","isPartOf":{"@id":"https:\/\/projects.pmfst.unist.hr\/biogvek\/#website"},"datePublished":"2026-02-09T08:07:54+00:00","dateModified":"2026-02-09T10:49:40+00:00","breadcrumb":{"@id":"https:\/\/projects.pmfst.unist.hr\/biogvek\/projektni-tim\/?lang=en#breadcrumb"},"inLanguage":"hr","potentialAction":[{"@type":"ReadAction","target":["https:\/\/projects.pmfst.unist.hr\/biogvek\/projektni-tim\/?lang=en"]}]},{"@type":"BreadcrumbList","@id":"https:\/\/projects.pmfst.unist.hr\/biogvek\/projektni-tim\/?lang=en#breadcrumb","itemListElement":[{"@type":"ListItem","position":1,"name":"Po\u010detna stranica","item":"https:\/\/projects.pmfst.unist.hr\/biogvek\/"},{"@type":"ListItem","position":2,"name":"Resaerch team"}]},{"@type":"WebSite","@id":"https:\/\/projects.pmfst.unist.hr\/biogvek\/#website","url":"https:\/\/projects.pmfst.unist.hr\/biogvek\/","name":"Biolo\u0161ka mre\u017ea: istra\u017eivanje bioraznolikosti kroz gene, vrste i ekosustave","description":"","potentialAction":[{"@type":"SearchAction","target":{"@type":"EntryPoint","urlTemplate":"https:\/\/projects.pmfst.unist.hr\/biogvek\/?s={search_term_string}"},"query-input":{"@type":"PropertyValueSpecification","valueRequired":true,"valueName":"search_term_string"}}],"inLanguage":"hr"}]}},"_links":{"self":[{"href":"https:\/\/projects.pmfst.unist.hr\/biogvek\/wp-json\/wp\/v2\/pages\/38","targetHints":{"allow":["GET"]}}],"collection":[{"href":"https:\/\/projects.pmfst.unist.hr\/biogvek\/wp-json\/wp\/v2\/pages"}],"about":[{"href":"https:\/\/projects.pmfst.unist.hr\/biogvek\/wp-json\/wp\/v2\/types\/page"}],"author":[{"embeddable":true,"href":"https:\/\/projects.pmfst.unist.hr\/biogvek\/wp-json\/wp\/v2\/users\/1"}],"replies":[{"embeddable":true,"href":"https:\/\/projects.pmfst.unist.hr\/biogvek\/wp-json\/wp\/v2\/comments?post=38"}],"version-history":[{"count":3,"href":"https:\/\/projects.pmfst.unist.hr\/biogvek\/wp-json\/wp\/v2\/pages\/38\/revisions"}],"predecessor-version":[{"id":41,"href":"https:\/\/projects.pmfst.unist.hr\/biogvek\/wp-json\/wp\/v2\/pages\/38\/revisions\/41"}],"wp:attachment":[{"href":"https:\/\/projects.pmfst.unist.hr\/biogvek\/wp-json\/wp\/v2\/media?parent=38"}],"curies":[{"name":"wp","href":"https:\/\/api.w.org\/{rel}","templated":true}]}}