{"id":4,"date":"2026-02-09T08:53:19","date_gmt":"2026-02-09T07:53:19","guid":{"rendered":"https:\/\/projects.pmfst.unist.hr\/biogvek\/?page_id=4"},"modified":"2026-03-31T09:25:24","modified_gmt":"2026-03-31T07:25:24","slug":"naslovna","status":"publish","type":"page","link":"https:\/\/projects.pmfst.unist.hr\/biogvek\/","title":{"rendered":"BIOGVEK"},"content":{"rendered":"<div class=\"wpb-content-wrapper\">[vc_row][vc_column width=&#8221;2\/3&#8243;][vc_column_text css=&#8221;.vc_custom_1770626817258{margin-bottom: 0px !important;}&#8221;]S ciljem obuhva\u0107anja \u0161irih biolo\u0161kih istra\u017eivanja projekt \u201eBiolo\u0161ka mre\u017ea: istra\u017eivanje bioraznolikosti kroz gene, vrste i ekosustave\u201c (BIOGVEK) podijeljen je u tri radne skupine (WP):<\/p>\n<p>WP1 &#8211; Reprogramiranje razvoja biljnih tkiva potaknuto vanjskim efektorima<\/p>\n<p>WP2 &#8211; Bioraznolikost sredozemnih biljnih vrsta i njihov biolo\u0161ki potencijal<\/p>\n<p>WP3 &#8211; Dinamika populacija i molekularna\u00a0 sistematika kopnenih i vodenih ekosustava[\/vc_column_text][\/vc_column][vc_column width=&#8221;1\/3&#8243;][mk_image src=&#8221;https:\/\/projects.pmfst.unist.hr\/biogvek\/wp-content\/uploads\/sites\/11\/2026\/03\/biogvek_naslovna.jpg&#8221; image_size=&#8221;full&#8221; lightbox=&#8221;true&#8221; hover_image_overlay=&#8221;false&#8221; align=&#8221;center&#8221;][\/vc_column][\/vc_row]\n<\/div>","protected":false},"excerpt":{"rendered":"<p>[vc_row][vc_column width=&#8221;2\/3&#8243;][vc_column_text css=&#8221;.vc_custom_1770626817258{margin-bottom: 0px !important;}&#8221;]S ciljem obuhva\u0107anja \u0161irih biolo\u0161kih istra\u017eivanja projekt \u201eBiolo\u0161ka mre\u017ea: istra\u017eivanje bioraznolikosti kroz gene, vrste i ekosustave\u201c (BIOGVEK) podijeljen je u tri radne skupine (WP): WP1 &#8211; Reprogramiranje razvoja biljnih tkiva potaknuto vanjskim efektorima WP2 &#8211; Bioraznolikost sredozemnih biljnih vrsta i njihov biolo\u0161ki potencijal WP3 &#8211; Dinamika populacija i molekularna\u00a0 sistematika kopnenih [&hellip;]<\/p>\n","protected":false},"author":1,"featured_media":0,"parent":0,"menu_order":0,"comment_status":"closed","ping_status":"closed","template":"","meta":{"footnotes":""},"class_list":["post-4","page","type-page","status-publish","hentry"],"yoast_head":"<!-- This site is optimized with the Yoast SEO plugin v27.3 - https:\/\/yoast.com\/product\/yoast-seo-wordpress\/ -->\n<title>BIOGVEK - Biolo\u0161ka mre\u017ea: istra\u017eivanje bioraznolikosti kroz gene, vrste i ekosustave<\/title>\n<meta name=\"robots\" content=\"index, follow, max-snippet:-1, max-image-preview:large, max-video-preview:-1\" \/>\n<link rel=\"canonical\" href=\"https:\/\/projects.pmfst.unist.hr\/biogvek\/\" \/>\n<meta property=\"og:locale\" content=\"hr_HR\" \/>\n<meta property=\"og:type\" content=\"article\" \/>\n<meta property=\"og:title\" content=\"BIOGVEK - Biolo\u0161ka mre\u017ea: istra\u017eivanje bioraznolikosti kroz gene, vrste i ekosustave\" \/>\n<meta property=\"og:description\" content=\"[vc_row][vc_column width=&#8221;2\/3&#8243;][vc_column_text css=&#8221;.vc_custom_1770626817258{margin-bottom: 0px !important;}&#8221;]S ciljem obuhva\u0107anja \u0161irih biolo\u0161kih istra\u017eivanja projekt \u201eBiolo\u0161ka mre\u017ea: istra\u017eivanje bioraznolikosti kroz gene, vrste i ekosustave\u201c (BIOGVEK) podijeljen je u tri radne skupine (WP): WP1 &#8211; Reprogramiranje razvoja biljnih tkiva potaknuto vanjskim efektorima WP2 &#8211; Bioraznolikost sredozemnih biljnih vrsta i njihov biolo\u0161ki potencijal WP3 &#8211; Dinamika populacija i molekularna\u00a0 sistematika kopnenih [&hellip;]\" \/>\n<meta property=\"og:url\" content=\"https:\/\/projects.pmfst.unist.hr\/biogvek\/\" \/>\n<meta property=\"og:site_name\" content=\"Biolo\u0161ka mre\u017ea: istra\u017eivanje bioraznolikosti kroz gene, vrste i ekosustave\" \/>\n<meta property=\"article:modified_time\" content=\"2026-03-31T07:25:24+00:00\" \/>\n<meta name=\"twitter:card\" content=\"summary_large_image\" \/>\n<meta name=\"twitter:label1\" content=\"Procijenjeno vrijeme \u010ditanja\" \/>\n\t<meta name=\"twitter:data1\" content=\"1 minuta\" \/>\n<script type=\"application\/ld+json\" class=\"yoast-schema-graph\">{\"@context\":\"https:\\\/\\\/schema.org\",\"@graph\":[{\"@type\":\"WebPage\",\"@id\":\"https:\\\/\\\/projects.pmfst.unist.hr\\\/biogvek\\\/\",\"url\":\"https:\\\/\\\/projects.pmfst.unist.hr\\\/biogvek\\\/\",\"name\":\"BIOGVEK - Biolo\u0161ka mre\u017ea: istra\u017eivanje bioraznolikosti kroz gene, vrste i ekosustave\",\"isPartOf\":{\"@id\":\"https:\\\/\\\/projects.pmfst.unist.hr\\\/biogvek\\\/#website\"},\"datePublished\":\"2026-02-09T07:53:19+00:00\",\"dateModified\":\"2026-03-31T07:25:24+00:00\",\"breadcrumb\":{\"@id\":\"https:\\\/\\\/projects.pmfst.unist.hr\\\/biogvek\\\/#breadcrumb\"},\"inLanguage\":\"hr\",\"potentialAction\":[{\"@type\":\"ReadAction\",\"target\":[\"https:\\\/\\\/projects.pmfst.unist.hr\\\/biogvek\\\/\"]}]},{\"@type\":\"BreadcrumbList\",\"@id\":\"https:\\\/\\\/projects.pmfst.unist.hr\\\/biogvek\\\/#breadcrumb\",\"itemListElement\":[{\"@type\":\"ListItem\",\"position\":1,\"name\":\"Po\u010detna stranica\",\"item\":\"https:\\\/\\\/projects.pmfst.unist.hr\\\/biogvek\\\/\"},{\"@type\":\"ListItem\",\"position\":2,\"name\":\"BIOGVEK\"}]},{\"@type\":\"WebSite\",\"@id\":\"https:\\\/\\\/projects.pmfst.unist.hr\\\/biogvek\\\/#website\",\"url\":\"https:\\\/\\\/projects.pmfst.unist.hr\\\/biogvek\\\/\",\"name\":\"Biolo\u0161ka mre\u017ea: istra\u017eivanje bioraznolikosti kroz gene, vrste i ekosustave\",\"description\":\"\",\"potentialAction\":[{\"@type\":\"SearchAction\",\"target\":{\"@type\":\"EntryPoint\",\"urlTemplate\":\"https:\\\/\\\/projects.pmfst.unist.hr\\\/biogvek\\\/?s={search_term_string}\"},\"query-input\":{\"@type\":\"PropertyValueSpecification\",\"valueRequired\":true,\"valueName\":\"search_term_string\"}}],\"inLanguage\":\"hr\"}]}<\/script>\n<!-- \/ Yoast SEO plugin. -->","yoast_head_json":{"title":"BIOGVEK - Biolo\u0161ka mre\u017ea: istra\u017eivanje bioraznolikosti kroz gene, vrste i ekosustave","robots":{"index":"index","follow":"follow","max-snippet":"max-snippet:-1","max-image-preview":"max-image-preview:large","max-video-preview":"max-video-preview:-1"},"canonical":"https:\/\/projects.pmfst.unist.hr\/biogvek\/","og_locale":"hr_HR","og_type":"article","og_title":"BIOGVEK - Biolo\u0161ka mre\u017ea: istra\u017eivanje bioraznolikosti kroz gene, vrste i ekosustave","og_description":"[vc_row][vc_column width=&#8221;2\/3&#8243;][vc_column_text css=&#8221;.vc_custom_1770626817258{margin-bottom: 0px !important;}&#8221;]S ciljem obuhva\u0107anja \u0161irih biolo\u0161kih istra\u017eivanja projekt \u201eBiolo\u0161ka mre\u017ea: istra\u017eivanje bioraznolikosti kroz gene, vrste i ekosustave\u201c (BIOGVEK) podijeljen je u tri radne skupine (WP): WP1 &#8211; Reprogramiranje razvoja biljnih tkiva potaknuto vanjskim efektorima WP2 &#8211; Bioraznolikost sredozemnih biljnih vrsta i njihov biolo\u0161ki potencijal WP3 &#8211; Dinamika populacija i molekularna\u00a0 sistematika kopnenih [&hellip;]","og_url":"https:\/\/projects.pmfst.unist.hr\/biogvek\/","og_site_name":"Biolo\u0161ka mre\u017ea: istra\u017eivanje bioraznolikosti kroz gene, vrste i ekosustave","article_modified_time":"2026-03-31T07:25:24+00:00","twitter_card":"summary_large_image","twitter_misc":{"Procijenjeno vrijeme \u010ditanja":"1 minuta"},"schema":{"@context":"https:\/\/schema.org","@graph":[{"@type":"WebPage","@id":"https:\/\/projects.pmfst.unist.hr\/biogvek\/","url":"https:\/\/projects.pmfst.unist.hr\/biogvek\/","name":"BIOGVEK - Biolo\u0161ka mre\u017ea: istra\u017eivanje bioraznolikosti kroz gene, vrste i ekosustave","isPartOf":{"@id":"https:\/\/projects.pmfst.unist.hr\/biogvek\/#website"},"datePublished":"2026-02-09T07:53:19+00:00","dateModified":"2026-03-31T07:25:24+00:00","breadcrumb":{"@id":"https:\/\/projects.pmfst.unist.hr\/biogvek\/#breadcrumb"},"inLanguage":"hr","potentialAction":[{"@type":"ReadAction","target":["https:\/\/projects.pmfst.unist.hr\/biogvek\/"]}]},{"@type":"BreadcrumbList","@id":"https:\/\/projects.pmfst.unist.hr\/biogvek\/#breadcrumb","itemListElement":[{"@type":"ListItem","position":1,"name":"Po\u010detna stranica","item":"https:\/\/projects.pmfst.unist.hr\/biogvek\/"},{"@type":"ListItem","position":2,"name":"BIOGVEK"}]},{"@type":"WebSite","@id":"https:\/\/projects.pmfst.unist.hr\/biogvek\/#website","url":"https:\/\/projects.pmfst.unist.hr\/biogvek\/","name":"Biolo\u0161ka mre\u017ea: istra\u017eivanje bioraznolikosti kroz gene, vrste i ekosustave","description":"","potentialAction":[{"@type":"SearchAction","target":{"@type":"EntryPoint","urlTemplate":"https:\/\/projects.pmfst.unist.hr\/biogvek\/?s={search_term_string}"},"query-input":{"@type":"PropertyValueSpecification","valueRequired":true,"valueName":"search_term_string"}}],"inLanguage":"hr"}]}},"_links":{"self":[{"href":"https:\/\/projects.pmfst.unist.hr\/biogvek\/wp-json\/wp\/v2\/pages\/4","targetHints":{"allow":["GET"]}}],"collection":[{"href":"https:\/\/projects.pmfst.unist.hr\/biogvek\/wp-json\/wp\/v2\/pages"}],"about":[{"href":"https:\/\/projects.pmfst.unist.hr\/biogvek\/wp-json\/wp\/v2\/types\/page"}],"author":[{"embeddable":true,"href":"https:\/\/projects.pmfst.unist.hr\/biogvek\/wp-json\/wp\/v2\/users\/1"}],"replies":[{"embeddable":true,"href":"https:\/\/projects.pmfst.unist.hr\/biogvek\/wp-json\/wp\/v2\/comments?post=4"}],"version-history":[{"count":8,"href":"https:\/\/projects.pmfst.unist.hr\/biogvek\/wp-json\/wp\/v2\/pages\/4\/revisions"}],"predecessor-version":[{"id":61,"href":"https:\/\/projects.pmfst.unist.hr\/biogvek\/wp-json\/wp\/v2\/pages\/4\/revisions\/61"}],"wp:attachment":[{"href":"https:\/\/projects.pmfst.unist.hr\/biogvek\/wp-json\/wp\/v2\/media?parent=4"}],"curies":[{"name":"wp","href":"https:\/\/api.w.org\/{rel}","templated":true}]}}