{"id":143,"date":"2021-12-16T09:28:41","date_gmt":"2021-12-16T08:28:41","guid":{"rendered":"https:\/\/projects.pmfst.unist.hr\/croves-phyba\/?page_id=143"},"modified":"2025-01-15T14:26:30","modified_gmt":"2025-01-15T13:26:30","slug":"publications","status":"publish","type":"page","link":"https:\/\/projects.pmfst.unist.hr\/croves-phyba\/publications\/","title":{"rendered":"Publications"},"content":{"rendered":"<div class=\"wpb-content-wrapper\">[vc_row][vc_column][vc_column_text css=&#8221;.vc_custom_1736947588902{margin-bottom: 0px !important;}&#8221;]\n<ol>\n<li>Dunki\u0107, Valerija; Nazli\u0107, Marija; Ru\u0161\u010di\u0107, Mirko; Vuko, Elma; Akrap, Karla; Topi\u0107, Snje\u017eana; Milovi\u0107, Milenko; Vuleti\u0107, Nenad; Puizina, Jasna; Juri\u0161i\u0107 Grube\u0161i\u0107, Renata, Sre\u010dec, Sini\u0161a; Kremer, Dario.<br \/>\n<a href=\"https:\/\/www.bib.irb.hr\/1187323\" target=\"_blank\" rel=\"noopener\">Hydrodistillation and Microwave Extraction of Volatile Compounds: Comparing Data for Twenty-One <em>Veronica <\/em>Species from Different Habitats<\/a>\u00a0<em>\/\/ Plants,<\/em>\u00a0<strong>11<\/strong>\u00a0(2022), 902, 17 doi:0.3390\/ plants11070902 (me\u0111unarodna recenzija, \u010dlanak, znanstveni)<\/li>\n<li>Nazli\u0107, Marija; Fredotovi\u0107, \u017deljana; Vuko, Elma; Vuleti\u0107, Nenad; Ljubenkov, Ivica; Kremer, Dario; Juri\u0161i\u0107 Grube\u0161i\u0107, Renata; Stabentheiner, Edith; Randi\u0107, Marko; Dunki\u0107, Valerija<br \/>\nFree Volatile Compounds of Veronica austriaca ssp. jacquinii (Baumg.) Eb. Fisch. and Their Biological Activity \/\/ Plants, 10 (2021), 2529; 1-22 (me\u0111unarodna recenzija, \u010dlanak, znanstveni)<\/li>\n<li>Nazli\u0107, Marija; Fredotovi\u0107, \u017deljana; Vuko, Elma; Fabijani\u0107, Lea; Kremer, Dario; Stabentheiner, Edith; Ru\u0161\u010di\u0107, Mirko; Dunki\u0107, Valerija\u00a0\u00a0Wild Species Veronica officinalis L. and Veronica saturejoides Vis. ssp. saturejoides-Biological Potential of Free Volatiles \/\/ Horticulturae, 7 (2021), 9; 295, 19 doi:10.3390\/horticulturae7090295 (me\u0111unarodna recenzija, \u010dlanak, znanstveni)<\/li>\n<li>Kremer, Dario; Stabentheiner, Edith; Nazli\u0107, Marija; Randi\u0107, Marko; Sre\u010dec, Sini\u0161a; Dunki\u0107, Valerija<br \/>\nBarrelier\u2019s Speedwell (Veronica barrelieri Schott ex Roem. et Schult., Plantaginaceae)\u2014Potential of Free Volatile Compounds for Horticulture \/\/ Horticulturae, 8 (2022), 9; 777, 12 doi:10.3390\/horticulturae8090777 (me\u0111unarodna recenzija, \u010dlanak, znanstveni)<\/li>\n<li>\u00a0Nazli\u0107, Marija; Kremer, Dario; Akrap, Karla; Topi\u0107, Snje\u017eana; Dunki\u0107, Valerija<br \/>\nRichness of specialized metabolites in Veronica acinifolia L. hydrosols \/\/ Macedonian pharmaceutical bulletin, 68 (2022), 2; 45-46 doi:10.33320\/maced.pharm.bull.2022.68.04.017 (me\u0111unarodna recenzija, kratko priopcenje, znanstveni)<\/li>\n<li>Nazli\u0107, Marija; Akrap, Karla; Kremer, Dario; Dunki\u0107, Valerija<br \/>\nHydrosols of Veronica Species\u2014Natural Source of Free Volatile Compounds with Potential Pharmacological Interest \/\/ Pharmaceuticals, 15 (2022), 11; 1378, 17 doi:10.3390\/ph15111378 (me\u0111unarodna recenzija, \u010dlanak, znanstveni)<\/li>\n<li>Nazli\u0107, Marija; Kremer, Dario; Akrap, Karla; Topi\u0107, Snje\u017eana; Vuleti\u0107, Nenad; Dunki\u0107, Valerija<br \/>\nExtraction, Composition and Comparisons\u2013Free Volatile Compounds from Hydrosols of Nine Veronica Taxa \/\/ Horticulturae, 9 (2023), 1; 16, 13 doi:10.3390\/horticulturae9010016 (me\u0111unarodna recenzija, \u010dlanak, znanstveni)<\/li>\n<li>Nazli\u0107, Marija; Kremer, Dario; Fredotovi\u0107, \u017deljana; Trumbi\u0107, \u017deljka; Dunki\u0107, Valerija; Puizina, Jasna<br \/>\nFree Volatile Compounds as Chemophenetic Markers\u2014Comparison with ITS2 and ITS1-5.8S-ITS2 Sequence Data for 18 Species of the Genus Veronica \/\/ Horticulturae, 9 (2023), 5; 524, 17 doi:10.3390\/horticulturae9050524 (me\u0111unarodna recenzija, \u010dlanak, znanstveni)<\/li>\n<li>\n<div class=\"x_x_elementToProof x_x_ContentPasted0\">Nazli\u0107, Marija; Dunki\u0107, Valerija; D\u017eelalija, Mia; Maravi\u0107, Ana; Mandi\u0107, Mihaela; Sre\u010dec, Sini\u0161a; Vrca, Ivana; Vuko, Elma; Kremer, Dario<\/div>\n<div class=\"x_x_elementToProof x_x_ContentPasted0\">Evaluation of Antiphytoviral and Antibacterial Activity of Essential Oil and Hydrosol Extracts from Five\u00a0<i>Veronica<\/i>\u00a0Species \/\/ Agriculture,\u00a0<span class=\"x_x_ContentPasted1\">1517 (<\/span>2023),\u00a013. doi:https:\/\/doi.org\/10.3390\/agriculture13081517 (izvorni znanstveni rad,\u00a0me\u0111unarodna recenzija)<\/div>\n<\/li>\n<li>Vrca, Ivana; \u010cike\u0161 \u010culi\u0107, Vedrana; Lozi\u0107, Mirela; Dunki\u0107, Niko; Kremer, Dario; Ru\u0161\u010di\u0107, Mirko; Nazli\u0107, Marija; Dunki\u0107, Valerija\u00a0Isolation of Volatile Compounds by Microwave-Assisted Extraction from Six Veronica Species and Testing of Their Antiproliferative and Apoptotic Activities\/\/ Plants, 12 (2023) 18 ; str. 1-26 . (izvorni znanstveni rad)\u00a0<a href=\"https:\/\/doi.org\/10.3390\/plants12183244\">https:\/\/doi.org\/10.3390\/plants12183244<\/a>.<\/li>\n<li>Vrca, Ivana; Stjepan Orhanovi\u0107; Ivana Pezelj, Karolina Su\u0161i\u0107; Valerija Dunki\u0107; Dario Kremer; Marija Nazli\u0107. Identification of Phenolic Compounds Present in Three Speedwell (Veronica L.) Species and Their Antioxidant Potential \/\/\u00a0 Antioxidants 13 (2024) 6. <a href=\"https:\/\/doi.org\/10.3390\/antiox13060738\">https:\/\/doi.org\/10.3390\/antiox13060738<\/a><\/li>\n<\/ol>\n[\/vc_column_text][\/vc_column][\/vc_row]\n<\/div>","protected":false},"excerpt":{"rendered":"<p>[vc_row][vc_column][vc_column_text css=&#8221;.vc_custom_1736947588902{margin-bottom: 0px !important;}&#8221;] Dunki\u0107, Valerija; Nazli\u0107, Marija; Ru\u0161\u010di\u0107, Mirko; Vuko, Elma; Akrap, Karla; Topi\u0107, Snje\u017eana; Milovi\u0107, Milenko; Vuleti\u0107, Nenad; Puizina, Jasna; Juri\u0161i\u0107 Grube\u0161i\u0107, Renata, Sre\u010dec, Sini\u0161a; Kremer, Dario. Hydrodistillation and Microwave Extraction of Volatile Compounds: Comparing Data for Twenty-One Veronica Species from Different Habitats\u00a0\/\/ Plants,\u00a011\u00a0(2022), 902, 17 doi:0.3390\/ plants11070902 (me\u0111unarodna recenzija, \u010dlanak, znanstveni) Nazli\u0107, [&hellip;]<\/p>\n","protected":false},"author":1,"featured_media":0,"parent":0,"menu_order":0,"comment_status":"closed","ping_status":"closed","template":"","meta":{"footnotes":""},"class_list":["post-143","page","type-page","status-publish","hentry"],"yoast_head":"<!-- This site is optimized with the Yoast SEO plugin v27.3 - https:\/\/yoast.com\/product\/yoast-seo-wordpress\/ -->\n<title>Publications - Croatian Veronica species: Phytotaxonomy and Biological Activity<\/title>\n<meta name=\"robots\" content=\"index, follow, max-snippet:-1, max-image-preview:large, max-video-preview:-1\" \/>\n<link rel=\"canonical\" href=\"https:\/\/projects.pmfst.unist.hr\/croves-phyba\/publications\/\" \/>\n<meta property=\"og:locale\" content=\"hr_HR\" \/>\n<meta property=\"og:type\" content=\"article\" \/>\n<meta property=\"og:title\" content=\"Publications - Croatian Veronica species: Phytotaxonomy and Biological Activity\" \/>\n<meta property=\"og:description\" content=\"[vc_row][vc_column][vc_column_text css=&#8221;.vc_custom_1736947588902{margin-bottom: 0px !important;}&#8221;] Dunki\u0107, Valerija; Nazli\u0107, Marija; Ru\u0161\u010di\u0107, Mirko; Vuko, Elma; Akrap, Karla; Topi\u0107, Snje\u017eana; Milovi\u0107, Milenko; Vuleti\u0107, Nenad; Puizina, Jasna; Juri\u0161i\u0107 Grube\u0161i\u0107, Renata, Sre\u010dec, Sini\u0161a; Kremer, Dario. Hydrodistillation and Microwave Extraction of Volatile Compounds: Comparing Data for Twenty-One Veronica Species from Different Habitats\u00a0\/\/ Plants,\u00a011\u00a0(2022), 902, 17 doi:0.3390\/ plants11070902 (me\u0111unarodna recenzija, \u010dlanak, znanstveni) Nazli\u0107, [&hellip;]\" \/>\n<meta property=\"og:url\" content=\"https:\/\/projects.pmfst.unist.hr\/croves-phyba\/publications\/\" \/>\n<meta property=\"og:site_name\" content=\"Croatian Veronica species: Phytotaxonomy and Biological Activity\" \/>\n<meta property=\"article:modified_time\" content=\"2025-01-15T13:26:30+00:00\" \/>\n<meta name=\"twitter:card\" content=\"summary_large_image\" \/>\n<meta name=\"twitter:label1\" content=\"Procijenjeno vrijeme \u010ditanja\" \/>\n\t<meta name=\"twitter:data1\" content=\"3 minute\" \/>\n<script type=\"application\/ld+json\" class=\"yoast-schema-graph\">{\"@context\":\"https:\\\/\\\/schema.org\",\"@graph\":[{\"@type\":\"WebPage\",\"@id\":\"https:\\\/\\\/projects.pmfst.unist.hr\\\/croves-phyba\\\/publications\\\/\",\"url\":\"https:\\\/\\\/projects.pmfst.unist.hr\\\/croves-phyba\\\/publications\\\/\",\"name\":\"Publications - Croatian Veronica species: Phytotaxonomy and Biological Activity\",\"isPartOf\":{\"@id\":\"https:\\\/\\\/projects.pmfst.unist.hr\\\/croves-phyba\\\/#website\"},\"datePublished\":\"2021-12-16T08:28:41+00:00\",\"dateModified\":\"2025-01-15T13:26:30+00:00\",\"breadcrumb\":{\"@id\":\"https:\\\/\\\/projects.pmfst.unist.hr\\\/croves-phyba\\\/publications\\\/#breadcrumb\"},\"inLanguage\":\"hr\",\"potentialAction\":[{\"@type\":\"ReadAction\",\"target\":[\"https:\\\/\\\/projects.pmfst.unist.hr\\\/croves-phyba\\\/publications\\\/\"]}]},{\"@type\":\"BreadcrumbList\",\"@id\":\"https:\\\/\\\/projects.pmfst.unist.hr\\\/croves-phyba\\\/publications\\\/#breadcrumb\",\"itemListElement\":[{\"@type\":\"ListItem\",\"position\":1,\"name\":\"Po\u010detna stranica\",\"item\":\"https:\\\/\\\/projects.pmfst.unist.hr\\\/croves-phyba\\\/\"},{\"@type\":\"ListItem\",\"position\":2,\"name\":\"Publications\"}]},{\"@type\":\"WebSite\",\"@id\":\"https:\\\/\\\/projects.pmfst.unist.hr\\\/croves-phyba\\\/#website\",\"url\":\"https:\\\/\\\/projects.pmfst.unist.hr\\\/croves-phyba\\\/\",\"name\":\"Croatian Veronica species: Phytotaxonomy and Biological Activity\",\"description\":\"Research on the project CROVeS-PhyBA will be based on the isolations, identification, distribution, phytotaxonomic affiliation and biological activity of specialized metabolites among selected Croatian species genus Veronica (Plantaginaceae family).\",\"potentialAction\":[{\"@type\":\"SearchAction\",\"target\":{\"@type\":\"EntryPoint\",\"urlTemplate\":\"https:\\\/\\\/projects.pmfst.unist.hr\\\/croves-phyba\\\/?s={search_term_string}\"},\"query-input\":{\"@type\":\"PropertyValueSpecification\",\"valueRequired\":true,\"valueName\":\"search_term_string\"}}],\"inLanguage\":\"hr\"}]}<\/script>\n<!-- \/ Yoast SEO plugin. -->","yoast_head_json":{"title":"Publications - Croatian Veronica species: Phytotaxonomy and Biological Activity","robots":{"index":"index","follow":"follow","max-snippet":"max-snippet:-1","max-image-preview":"max-image-preview:large","max-video-preview":"max-video-preview:-1"},"canonical":"https:\/\/projects.pmfst.unist.hr\/croves-phyba\/publications\/","og_locale":"hr_HR","og_type":"article","og_title":"Publications - Croatian Veronica species: Phytotaxonomy and Biological Activity","og_description":"[vc_row][vc_column][vc_column_text css=&#8221;.vc_custom_1736947588902{margin-bottom: 0px !important;}&#8221;] Dunki\u0107, Valerija; Nazli\u0107, Marija; Ru\u0161\u010di\u0107, Mirko; Vuko, Elma; Akrap, Karla; Topi\u0107, Snje\u017eana; Milovi\u0107, Milenko; Vuleti\u0107, Nenad; Puizina, Jasna; Juri\u0161i\u0107 Grube\u0161i\u0107, Renata, Sre\u010dec, Sini\u0161a; Kremer, Dario. Hydrodistillation and Microwave Extraction of Volatile Compounds: Comparing Data for Twenty-One Veronica Species from Different Habitats\u00a0\/\/ Plants,\u00a011\u00a0(2022), 902, 17 doi:0.3390\/ plants11070902 (me\u0111unarodna recenzija, \u010dlanak, znanstveni) Nazli\u0107, [&hellip;]","og_url":"https:\/\/projects.pmfst.unist.hr\/croves-phyba\/publications\/","og_site_name":"Croatian Veronica species: Phytotaxonomy and Biological Activity","article_modified_time":"2025-01-15T13:26:30+00:00","twitter_card":"summary_large_image","twitter_misc":{"Procijenjeno vrijeme \u010ditanja":"3 minute"},"schema":{"@context":"https:\/\/schema.org","@graph":[{"@type":"WebPage","@id":"https:\/\/projects.pmfst.unist.hr\/croves-phyba\/publications\/","url":"https:\/\/projects.pmfst.unist.hr\/croves-phyba\/publications\/","name":"Publications - Croatian Veronica species: Phytotaxonomy and Biological Activity","isPartOf":{"@id":"https:\/\/projects.pmfst.unist.hr\/croves-phyba\/#website"},"datePublished":"2021-12-16T08:28:41+00:00","dateModified":"2025-01-15T13:26:30+00:00","breadcrumb":{"@id":"https:\/\/projects.pmfst.unist.hr\/croves-phyba\/publications\/#breadcrumb"},"inLanguage":"hr","potentialAction":[{"@type":"ReadAction","target":["https:\/\/projects.pmfst.unist.hr\/croves-phyba\/publications\/"]}]},{"@type":"BreadcrumbList","@id":"https:\/\/projects.pmfst.unist.hr\/croves-phyba\/publications\/#breadcrumb","itemListElement":[{"@type":"ListItem","position":1,"name":"Po\u010detna stranica","item":"https:\/\/projects.pmfst.unist.hr\/croves-phyba\/"},{"@type":"ListItem","position":2,"name":"Publications"}]},{"@type":"WebSite","@id":"https:\/\/projects.pmfst.unist.hr\/croves-phyba\/#website","url":"https:\/\/projects.pmfst.unist.hr\/croves-phyba\/","name":"Croatian Veronica species: Phytotaxonomy and Biological Activity","description":"Research on the project CROVeS-PhyBA will be based on the isolations, identification, distribution, phytotaxonomic affiliation and biological activity of specialized metabolites among selected Croatian species genus Veronica (Plantaginaceae family).","potentialAction":[{"@type":"SearchAction","target":{"@type":"EntryPoint","urlTemplate":"https:\/\/projects.pmfst.unist.hr\/croves-phyba\/?s={search_term_string}"},"query-input":{"@type":"PropertyValueSpecification","valueRequired":true,"valueName":"search_term_string"}}],"inLanguage":"hr"}]}},"_links":{"self":[{"href":"https:\/\/projects.pmfst.unist.hr\/croves-phyba\/wp-json\/wp\/v2\/pages\/143","targetHints":{"allow":["GET"]}}],"collection":[{"href":"https:\/\/projects.pmfst.unist.hr\/croves-phyba\/wp-json\/wp\/v2\/pages"}],"about":[{"href":"https:\/\/projects.pmfst.unist.hr\/croves-phyba\/wp-json\/wp\/v2\/types\/page"}],"author":[{"embeddable":true,"href":"https:\/\/projects.pmfst.unist.hr\/croves-phyba\/wp-json\/wp\/v2\/users\/1"}],"replies":[{"embeddable":true,"href":"https:\/\/projects.pmfst.unist.hr\/croves-phyba\/wp-json\/wp\/v2\/comments?post=143"}],"version-history":[{"count":0,"href":"https:\/\/projects.pmfst.unist.hr\/croves-phyba\/wp-json\/wp\/v2\/pages\/143\/revisions"}],"wp:attachment":[{"href":"https:\/\/projects.pmfst.unist.hr\/croves-phyba\/wp-json\/wp\/v2\/media?parent=143"}],"curies":[{"name":"wp","href":"https:\/\/api.w.org\/{rel}","templated":true}]}}