{"id":146,"date":"2021-12-16T09:31:38","date_gmt":"2021-12-16T08:31:38","guid":{"rendered":"https:\/\/projects.pmfst.unist.hr\/croves-phyba\/?page_id=146"},"modified":"2025-05-12T08:25:24","modified_gmt":"2025-05-12T06:25:24","slug":"conferences","status":"publish","type":"page","link":"https:\/\/projects.pmfst.unist.hr\/croves-phyba\/conferences\/","title":{"rendered":"Conferences"},"content":{"rendered":"<div class=\"wpb-content-wrapper\">[vc_row][vc_column][vc_column_text css=&#8221;.vc_custom_1737102207775{margin-bottom: 0px !important;}&#8221;]\n<ol>\n<li>Akrap, Karla; Nazli\u0107, Marija; Kremer, Dario; Dunki\u0107, Valerija<br \/>\nVeronica peregrina L. AND Veronica triphyllos L. &#8211; VOLATILE COMPOUNDS ISOLATED FROM WILD AND CULTIVATED SPECIES \/\/ Book of Abstracts 9th Faculty of Science PhD Student Symposium \/ Petrovi\u0107, Petra (ur.). Zagreb: Sveu\u010dili\u0161te u Zagrebu Prirodoslovno-matemati\u010dki fakultet, 2025. str. 75-75<\/li>\n<li>Nazli\u0107, Marija; Kremer, Dario; Dunki\u0107, Valerija COMPARISON OF THE ANTIOXIDANT ACTIVITY AND COMPOSITION OF THE ESSENTIAL OIL AND HYDROLATE ISOLATED FROM Veronica austriaca ssp. jacquinii (BAUMG.) EB. FISH. AND Veronica saturejoides VIS. ssp. saturejoides \/\/ Simpozij studenata doktorskih studija PMF-a (PhD Student Symposium 2021), Knjiga sa\u017eetaka (Book of Abstracts) \/ Bari\u0161i\u0107, Dajana (ur.). Zagreb: Prirodoslovno-matemati\u010dki fakultet, Sveu\u010dili\u0161te u Zagrebu, 2021. str. 223-224 (poster, doma\u0107a recenzija, sa\u017eetak, znanstveni)<\/li>\n<li>Akrap, Karla; Kremer, Dario; Ru\u0161\u010di\u0107, Mirko; Nazli\u0107, Marija; Dunki\u0107, Valerija<br \/>\nCOMPARISON OF THE COMPOSITION OF FREE VOLATILE COMPOUNDS OF THE SPECIES Veronica chamaedrys L. ISOLATED BY HYDRODISTILLATION AND MICROWAVE EXTRACTION \/\/ BOOK OF ABSTRACTS 27th Croatian Meeting of Chemists and Chemical Engineers with international participation 5th Symposium Vladimir Prelog \/ Markovi\u0107, Dean ; Me\u0161trovi\u0107, Ernest ; Namjesnik, Danijel ; Toma\u0161i\u0107, Vesna (ur.).<br \/>\nZagreb: Croatian Chemical Society, 2021. str. 286-287 (poster, me\u0111unarodna recenzija, sa\u017eetak, znanstveni)<\/li>\n<li>Nazli\u0107, Marija; Katavi\u0107, Ivana; Kremer, Dario; Randi\u0107, Marko; Dunki\u0107, Valerija<br \/>\nPHYTOCHEMICAL COMPOSITION OF THE ESSENTIAL OIL AND HYDROLATES OF Veronica officinalis L. AND Veronica urticifolia Jacq. \/\/ Towards the SDG Challenges BOOK OF ABSTRACTS<br \/>\nNovi Sad: University of Novi Sad, Faculty of Sciences, Serbia, 2021. str. 172-172 (poster, me\u0111unarodna recenzija, sa\u017eetak, znanstveni)<\/li>\n<li>Nazli\u0107, Marija; Kremer, Dario; Ru\u0161\u010di\u0107, Mirko; Akrap, Karla; Dunki\u0107, Valerija;<br \/>\nKLASI\u010cNA I ZELENA EKSTRAKCIJA HLAPIVIH SPOJEVA: USPOREDBA PODATAKA ZA PET VRSTA \u010cESTOSLAVICA IZ HRVATSKE \/\/ 6. Simpozij studenata doktorskih studija PMF-a = 6th Faculty of Science PhD Student Symposium \/ \u0110akovi\u0107, Marijana ; Kora\u0107, Petra ; Luki\u0107, Aleksandar ; Maru\u0161i\u0107-Paloka, Eduard ; Novak, Predrag ; Pezelj, \u0110ur\u0111ica ; Pikelj, Kristina ; Smol\u010di\u0107, Vernesa ; Schneider, Petra ; (ur.).<\/li>\n<li>Juri\u0161i\u0107 Grube\u0161i\u0107, Renata; Molc, Nives; Nazli\u0107, Marija; Kremer, Dario; Jureti\u0107, Lea; Dunki\u0107, Valerija<br \/>\nPhytochemical analysis and phytotherapeutic potential of selected Veronika L. species (Plantaginaceae) from Croatia \/\/ Pharmaca : 10th Croatian Congress of Pharmacology and the 1st Croatian Congress of Clinical Pharmacology with International Participation Opatija, September 22 \u2013 25, 2022 \/ Mr\u0161i\u0107-Pel\u010di\u0107, Jasenka ; Vitezi\u0107, Dinko ; Jankovi\u0107, Tamara (ur.).<br \/>\nZagreb: Hrvatsko dru\u0161tvo za klini\u010dku farmakologiju i terapiju, 2022. str. 147-147 (poster, me\u0111unarodna recenzija, sa\u017eetak, znanstveni)<\/li>\n<li>Nazli\u0107, Marija; Kremer, Dario; Ru\u0161\u010di\u0107, Mirko; Fredotovi\u0107, \u017deljana; Dunki\u0107, Valerija<br \/>\nGreen extracting as a contribution to sustainability: the case of Veronica officinalis L. \/\/ IUBMB\u2013FEBS\u2013PABMB Congress Lisabon, Portugal, 2022. LB-05.1-01, 1 (poster, me\u0111unarodna recenzija, sa\u017eetak, znanstveni)<\/li>\n<li>Nazli\u0107, Marija; Akrap, Karla; Kremer, Dario; Dunki\u0107, Valerija<br \/>\nAntioxidant Activity of hydrosol extracts from Veronica species \/\/ The First International Conference on Antioxidants: Sources, Methods, Health Benefits, and Industrial Applications \/ Barcelona, \u0160panjolska (ur.). Barcelona: ica2023.sciforum.net #Antioxidants2023, 2023. str. 100-100 (poster, me\u0111unarodna recenzija, sa\u017eetak, znanstveni)<\/li>\n<li>Vrca, Ivana; Nazli\u0107, Marija; Lozi\u0107, Mirela; \u010cike\u0161 \u010culi\u0107, Vedrana; Kremer, Dario; Dunki\u0107, Valerija<br \/>\nCytotoxic and apoptotic activities of hydrosols from six Veronica species \/\/ GA2023 Abstract Booklet, 71st International Congress and Annual Meeting of the Society for Medicinal Plant and Natural Product Research (GA), 2-5 July, Trinity College Dublin, Ireland<br \/>\nDublin, Irska, 2023. str. 496-496 (poster, me\u0111unarodna recenzija, sa\u017eetak, znanstveni)<\/li>\n<li>Nazli\u0107, Marija; Akrap, Karla; Kremer, Dario; Vrca, Ivana; Dunki\u0107, Valerija<br \/>\nHydrosols of Veronica species with antioxidant activity \/\/ GA2023 Abstract Booklet, 71st International Congress and Annual Meeting of the Society for Medicinal Plant and Natural Product Research (GA), 2-5 July, Trinity College Dublin, Ireland<br \/>\nDublin, Irska, 2023. str. 535-535 (poster, me\u0111unarodna recenzija, sa\u017eetak, znanstveni)<\/li>\n<li>Dunki\u0107, Valerija; Kremer, Dario; Akrap, Karla; Vrca, Ivana; Nazli\u0107, Marija<br \/>\nComparison of the composition of volatile extract from Veronica beccabunga L. \/\/ GA2023 Abstract Booklet, 71st International Congress and Annual Meeting of the Society for Medicinal Plant and Natural Product Research (GA), 2-5 July, Trinity College Dublin, Ireland<br \/>\nDublin, Irska, 2023. str. 299-299 (poster, me\u0111unarodna recenzija, sa\u017eetak, znanstveni)<\/li>\n<li>Nazli\u0107, Marija; Vrca, Ivana; Kremer, Dario; Dunki\u0107, Valerija. Different extracts of three Veronica species: the study of their antioxidant activity \/\/ International Congress on Natural Products Research\u00a0 Abstracts Book. Krak\u00f3w, Poljska, 2024. str. 607-607<\/li>\n<li>Dunki\u0107, Valerija; Nazli\u0107, Marija; Vrca, Ivana; Akrap, Karla; Dunki\u0107, Niko; Kremer, Dario. Comparison of free volatile compounds of wild and cultivated species Veronica catenata Pennell \/\/ International Congress on Natural Products Research\u00a0 Abstracts Book. Krak\u00f3w, Poljska, 2024. str. 704-704<\/li>\n<li>Vrca, Ivana; Orhanovi\u0107, Stjepan; Pezelj, Ivana; Su\u0161i\u0107, Karolina; Kremer, Dario; Dunki\u0107, Valerija; Nazli\u0107, Marija. Identification of phenolic compounds in three Veronica species:\u00a0 Veronica anagallis-aquatica L., Veronica persica Poir. and Veronica\u00a0 polita Fr. \/\/ International Congress on Natural Products Research\u00a0 Abstracts Book. Krak\u00f3w, Poljska, 2024. str. 698-698<\/li>\n<li>Dunki\u0107, Valerija; Nazli\u0107, Marija; Vrca, Ivana; Akrap, Karla; Kremer, Dario. Natural resources of Veronica anagallis-aquatica l. &#8211; volatile compounds isolated from wild and cultivated species \/\/ 2nd European Symposium on Phytochemicals in Medicine and Food, Sarajevo, Bosna i Hercegovina, 03.06.2024-06.06.2024<\/li>\n<li>Nazli\u0107, Marija; Vrca, Ivana; Kremer, Dario; Dunki\u0107, Valerija. Speedwells \u2013 small plants with antioxidant activity \/\/ 2nd European Symposium on Phytochemicals in Medicine and Food Sarajevo, Bosna i Hercegovina, 03.06.2024-06.06.2024<\/li>\n<li>Nazli\u0107, Marija; Kremer, Dario; Akrap, Karla;\u00a0 Vrca, Ivana; Dunki\u0107, Valerija. Comparison of the free volatile compounds composition isolated from wild and cultivated species of the genus Veronica from moderate habitats \/\/ 54th International Symposium on Essential Oils, Balatonalm\u00e1di, Ma\u0111arska, 08.09.2024-11.09.2024<\/li>\n<\/ol>\n[\/vc_column_text][\/vc_column][\/vc_row]\n<\/div>","protected":false},"excerpt":{"rendered":"<p>[vc_row][vc_column][vc_column_text css=&#8221;.vc_custom_1737102207775{margin-bottom: 0px !important;}&#8221;] Akrap, Karla; Nazli\u0107, Marija; Kremer, Dario; Dunki\u0107, Valerija Veronica peregrina L. AND Veronica triphyllos L. &#8211; VOLATILE COMPOUNDS ISOLATED FROM WILD AND CULTIVATED SPECIES \/\/ Book of Abstracts 9th Faculty of Science PhD Student Symposium \/ Petrovi\u0107, Petra (ur.). Zagreb: Sveu\u010dili\u0161te u Zagrebu Prirodoslovno-matemati\u010dki fakultet, 2025. str. 75-75 Nazli\u0107, Marija; Kremer, [&hellip;]<\/p>\n","protected":false},"author":1,"featured_media":0,"parent":0,"menu_order":0,"comment_status":"closed","ping_status":"closed","template":"","meta":{"footnotes":""},"class_list":["post-146","page","type-page","status-publish","hentry"],"yoast_head":"<!-- This site is optimized with the Yoast SEO plugin v27.6 - https:\/\/yoast.com\/product\/yoast-seo-wordpress\/ -->\n<title>Conferences - Croatian Veronica species: Phytotaxonomy and Biological Activity<\/title>\n<meta name=\"robots\" content=\"index, follow, max-snippet:-1, max-image-preview:large, max-video-preview:-1\" \/>\n<link rel=\"canonical\" href=\"https:\/\/projects.pmfst.unist.hr\/croves-phyba\/conferences\/\" \/>\n<meta property=\"og:locale\" content=\"hr_HR\" \/>\n<meta property=\"og:type\" content=\"article\" \/>\n<meta property=\"og:title\" content=\"Conferences - Croatian Veronica species: Phytotaxonomy and Biological Activity\" \/>\n<meta property=\"og:description\" content=\"[vc_row][vc_column][vc_column_text css=&#8221;.vc_custom_1737102207775{margin-bottom: 0px !important;}&#8221;] Akrap, Karla; Nazli\u0107, Marija; Kremer, Dario; Dunki\u0107, Valerija Veronica peregrina L. AND Veronica triphyllos L. &#8211; VOLATILE COMPOUNDS ISOLATED FROM WILD AND CULTIVATED SPECIES \/\/ Book of Abstracts 9th Faculty of Science PhD Student Symposium \/ Petrovi\u0107, Petra (ur.). Zagreb: Sveu\u010dili\u0161te u Zagrebu Prirodoslovno-matemati\u010dki fakultet, 2025. str. 75-75 Nazli\u0107, Marija; Kremer, [&hellip;]\" \/>\n<meta property=\"og:url\" content=\"https:\/\/projects.pmfst.unist.hr\/croves-phyba\/conferences\/\" \/>\n<meta property=\"og:site_name\" content=\"Croatian Veronica species: Phytotaxonomy and Biological Activity\" \/>\n<meta property=\"article:modified_time\" content=\"2025-05-12T06:25:24+00:00\" \/>\n<meta name=\"twitter:card\" content=\"summary_large_image\" \/>\n<meta name=\"twitter:label1\" content=\"Procijenjeno vrijeme \u010ditanja\" \/>\n\t<meta name=\"twitter:data1\" content=\"5 minuta\" \/>\n<script type=\"application\/ld+json\" class=\"yoast-schema-graph\">{\"@context\":\"https:\\\/\\\/schema.org\",\"@graph\":[{\"@type\":\"WebPage\",\"@id\":\"https:\\\/\\\/projects.pmfst.unist.hr\\\/croves-phyba\\\/conferences\\\/\",\"url\":\"https:\\\/\\\/projects.pmfst.unist.hr\\\/croves-phyba\\\/conferences\\\/\",\"name\":\"Conferences - Croatian Veronica species: Phytotaxonomy and Biological Activity\",\"isPartOf\":{\"@id\":\"https:\\\/\\\/projects.pmfst.unist.hr\\\/croves-phyba\\\/#website\"},\"datePublished\":\"2021-12-16T08:31:38+00:00\",\"dateModified\":\"2025-05-12T06:25:24+00:00\",\"breadcrumb\":{\"@id\":\"https:\\\/\\\/projects.pmfst.unist.hr\\\/croves-phyba\\\/conferences\\\/#breadcrumb\"},\"inLanguage\":\"hr\",\"potentialAction\":[{\"@type\":\"ReadAction\",\"target\":[\"https:\\\/\\\/projects.pmfst.unist.hr\\\/croves-phyba\\\/conferences\\\/\"]}]},{\"@type\":\"BreadcrumbList\",\"@id\":\"https:\\\/\\\/projects.pmfst.unist.hr\\\/croves-phyba\\\/conferences\\\/#breadcrumb\",\"itemListElement\":[{\"@type\":\"ListItem\",\"position\":1,\"name\":\"Po\u010detna stranica\",\"item\":\"https:\\\/\\\/projects.pmfst.unist.hr\\\/croves-phyba\\\/\"},{\"@type\":\"ListItem\",\"position\":2,\"name\":\"Conferences\"}]},{\"@type\":\"WebSite\",\"@id\":\"https:\\\/\\\/projects.pmfst.unist.hr\\\/croves-phyba\\\/#website\",\"url\":\"https:\\\/\\\/projects.pmfst.unist.hr\\\/croves-phyba\\\/\",\"name\":\"Croatian Veronica species: Phytotaxonomy and Biological Activity\",\"description\":\"Research on the project CROVeS-PhyBA will be based on the isolations, identification, distribution, phytotaxonomic affiliation and biological activity of specialized metabolites among selected Croatian species genus Veronica (Plantaginaceae family).\",\"potentialAction\":[{\"@type\":\"SearchAction\",\"target\":{\"@type\":\"EntryPoint\",\"urlTemplate\":\"https:\\\/\\\/projects.pmfst.unist.hr\\\/croves-phyba\\\/?s={search_term_string}\"},\"query-input\":{\"@type\":\"PropertyValueSpecification\",\"valueRequired\":true,\"valueName\":\"search_term_string\"}}],\"inLanguage\":\"hr\"}]}<\/script>\n<!-- \/ Yoast SEO plugin. -->","yoast_head_json":{"title":"Conferences - Croatian Veronica species: Phytotaxonomy and Biological Activity","robots":{"index":"index","follow":"follow","max-snippet":"max-snippet:-1","max-image-preview":"max-image-preview:large","max-video-preview":"max-video-preview:-1"},"canonical":"https:\/\/projects.pmfst.unist.hr\/croves-phyba\/conferences\/","og_locale":"hr_HR","og_type":"article","og_title":"Conferences - Croatian Veronica species: Phytotaxonomy and Biological Activity","og_description":"[vc_row][vc_column][vc_column_text css=&#8221;.vc_custom_1737102207775{margin-bottom: 0px !important;}&#8221;] Akrap, Karla; Nazli\u0107, Marija; Kremer, Dario; Dunki\u0107, Valerija Veronica peregrina L. AND Veronica triphyllos L. &#8211; VOLATILE COMPOUNDS ISOLATED FROM WILD AND CULTIVATED SPECIES \/\/ Book of Abstracts 9th Faculty of Science PhD Student Symposium \/ Petrovi\u0107, Petra (ur.). Zagreb: Sveu\u010dili\u0161te u Zagrebu Prirodoslovno-matemati\u010dki fakultet, 2025. str. 75-75 Nazli\u0107, Marija; Kremer, [&hellip;]","og_url":"https:\/\/projects.pmfst.unist.hr\/croves-phyba\/conferences\/","og_site_name":"Croatian Veronica species: Phytotaxonomy and Biological Activity","article_modified_time":"2025-05-12T06:25:24+00:00","twitter_card":"summary_large_image","twitter_misc":{"Procijenjeno vrijeme \u010ditanja":"5 minuta"},"schema":{"@context":"https:\/\/schema.org","@graph":[{"@type":"WebPage","@id":"https:\/\/projects.pmfst.unist.hr\/croves-phyba\/conferences\/","url":"https:\/\/projects.pmfst.unist.hr\/croves-phyba\/conferences\/","name":"Conferences - Croatian Veronica species: Phytotaxonomy and Biological Activity","isPartOf":{"@id":"https:\/\/projects.pmfst.unist.hr\/croves-phyba\/#website"},"datePublished":"2021-12-16T08:31:38+00:00","dateModified":"2025-05-12T06:25:24+00:00","breadcrumb":{"@id":"https:\/\/projects.pmfst.unist.hr\/croves-phyba\/conferences\/#breadcrumb"},"inLanguage":"hr","potentialAction":[{"@type":"ReadAction","target":["https:\/\/projects.pmfst.unist.hr\/croves-phyba\/conferences\/"]}]},{"@type":"BreadcrumbList","@id":"https:\/\/projects.pmfst.unist.hr\/croves-phyba\/conferences\/#breadcrumb","itemListElement":[{"@type":"ListItem","position":1,"name":"Po\u010detna stranica","item":"https:\/\/projects.pmfst.unist.hr\/croves-phyba\/"},{"@type":"ListItem","position":2,"name":"Conferences"}]},{"@type":"WebSite","@id":"https:\/\/projects.pmfst.unist.hr\/croves-phyba\/#website","url":"https:\/\/projects.pmfst.unist.hr\/croves-phyba\/","name":"Croatian Veronica species: Phytotaxonomy and Biological Activity","description":"Research on the project CROVeS-PhyBA will be based on the isolations, identification, distribution, phytotaxonomic affiliation and biological activity of specialized metabolites among selected Croatian species genus Veronica (Plantaginaceae family).","potentialAction":[{"@type":"SearchAction","target":{"@type":"EntryPoint","urlTemplate":"https:\/\/projects.pmfst.unist.hr\/croves-phyba\/?s={search_term_string}"},"query-input":{"@type":"PropertyValueSpecification","valueRequired":true,"valueName":"search_term_string"}}],"inLanguage":"hr"}]}},"_links":{"self":[{"href":"https:\/\/projects.pmfst.unist.hr\/croves-phyba\/wp-json\/wp\/v2\/pages\/146","targetHints":{"allow":["GET"]}}],"collection":[{"href":"https:\/\/projects.pmfst.unist.hr\/croves-phyba\/wp-json\/wp\/v2\/pages"}],"about":[{"href":"https:\/\/projects.pmfst.unist.hr\/croves-phyba\/wp-json\/wp\/v2\/types\/page"}],"author":[{"embeddable":true,"href":"https:\/\/projects.pmfst.unist.hr\/croves-phyba\/wp-json\/wp\/v2\/users\/1"}],"replies":[{"embeddable":true,"href":"https:\/\/projects.pmfst.unist.hr\/croves-phyba\/wp-json\/wp\/v2\/comments?post=146"}],"version-history":[{"count":0,"href":"https:\/\/projects.pmfst.unist.hr\/croves-phyba\/wp-json\/wp\/v2\/pages\/146\/revisions"}],"wp:attachment":[{"href":"https:\/\/projects.pmfst.unist.hr\/croves-phyba\/wp-json\/wp\/v2\/media?parent=146"}],"curies":[{"name":"wp","href":"https:\/\/api.w.org\/{rel}","templated":true}]}}