{"id":56,"date":"2021-01-27T09:04:25","date_gmt":"2021-01-27T08:04:25","guid":{"rendered":"https:\/\/projects.pmfst.unist.hr\/croves-phyba\/?page_id=56"},"modified":"2021-01-27T09:04:25","modified_gmt":"2021-01-27T08:04:25","slug":"contact","status":"publish","type":"page","link":"https:\/\/projects.pmfst.unist.hr\/croves-phyba\/contact\/","title":{"rendered":"Contact"},"content":{"rendered":"<div class=\"wpb-content-wrapper\">[vc_row][vc_column][mk_contact_info phone=&#8221;+385 21 619 296&#8243; email=&#8221;valerija.dunkic@pmfst.hr&#8221; address=&#8221;Ru\u0111era Bo\u0161kovi\u0107a 33, 21000 Split, Croatia&#8221; person=&#8221;Valerija Dunki\u0107&#8221; company=&#8221;Department of Biology Faculty of Science, University of Split&#8221;][\/vc_column][\/vc_row]\n<\/div>","protected":false},"excerpt":{"rendered":"<p>[vc_row][vc_column][mk_contact_info phone=&#8221;+385 21 619 296&#8243; email=&#8221;valerija.dunkic@pmfst.hr&#8221; address=&#8221;Ru\u0111era Bo\u0161kovi\u0107a 33, 21000 Split, Croatia&#8221; person=&#8221;Valerija Dunki\u0107&#8221; company=&#8221;Department of Biology Faculty of Science, University of Split&#8221;][\/vc_column][\/vc_row]<\/p>\n","protected":false},"author":1,"featured_media":0,"parent":0,"menu_order":0,"comment_status":"closed","ping_status":"closed","template":"","meta":{"footnotes":""},"class_list":["post-56","page","type-page","status-publish","hentry"],"yoast_head":"<!-- This site is optimized with the Yoast SEO plugin v27.1.1 - https:\/\/yoast.com\/product\/yoast-seo-wordpress\/ -->\n<title>Contact - Croatian Veronica species: Phytotaxonomy and Biological Activity<\/title>\n<meta name=\"robots\" content=\"index, follow, max-snippet:-1, max-image-preview:large, max-video-preview:-1\" \/>\n<link rel=\"canonical\" href=\"https:\/\/projects.pmfst.unist.hr\/croves-phyba\/contact\/\" \/>\n<meta property=\"og:locale\" content=\"hr_HR\" \/>\n<meta property=\"og:type\" content=\"article\" \/>\n<meta property=\"og:title\" content=\"Contact - Croatian Veronica species: Phytotaxonomy and Biological Activity\" \/>\n<meta property=\"og:description\" content=\"[vc_row][vc_column][mk_contact_info phone=&#8221;+385 21 619 296&#8243; email=&#8221;valerija.dunkic@pmfst.hr&#8221; address=&#8221;Ru\u0111era Bo\u0161kovi\u0107a 33, 21000 Split, Croatia&#8221; person=&#8221;Valerija Dunki\u0107&#8221; company=&#8221;Department of Biology Faculty of Science, University of Split&#8221;][\/vc_column][\/vc_row]\" \/>\n<meta property=\"og:url\" content=\"https:\/\/projects.pmfst.unist.hr\/croves-phyba\/contact\/\" \/>\n<meta property=\"og:site_name\" content=\"Croatian Veronica species: Phytotaxonomy and Biological Activity\" \/>\n<meta name=\"twitter:card\" content=\"summary_large_image\" \/>\n<script type=\"application\/ld+json\" class=\"yoast-schema-graph\">{\"@context\":\"https:\/\/schema.org\",\"@graph\":[{\"@type\":\"WebPage\",\"@id\":\"https:\/\/projects.pmfst.unist.hr\/croves-phyba\/contact\/\",\"url\":\"https:\/\/projects.pmfst.unist.hr\/croves-phyba\/contact\/\",\"name\":\"Contact - Croatian Veronica species: Phytotaxonomy and Biological Activity\",\"isPartOf\":{\"@id\":\"https:\/\/projects.pmfst.unist.hr\/croves-phyba\/#website\"},\"datePublished\":\"2021-01-27T08:04:25+00:00\",\"breadcrumb\":{\"@id\":\"https:\/\/projects.pmfst.unist.hr\/croves-phyba\/contact\/#breadcrumb\"},\"inLanguage\":\"hr\",\"potentialAction\":[{\"@type\":\"ReadAction\",\"target\":[\"https:\/\/projects.pmfst.unist.hr\/croves-phyba\/contact\/\"]}]},{\"@type\":\"BreadcrumbList\",\"@id\":\"https:\/\/projects.pmfst.unist.hr\/croves-phyba\/contact\/#breadcrumb\",\"itemListElement\":[{\"@type\":\"ListItem\",\"position\":1,\"name\":\"Po\u010detna stranica\",\"item\":\"https:\/\/projects.pmfst.unist.hr\/croves-phyba\/\"},{\"@type\":\"ListItem\",\"position\":2,\"name\":\"Contact\"}]},{\"@type\":\"WebSite\",\"@id\":\"https:\/\/projects.pmfst.unist.hr\/croves-phyba\/#website\",\"url\":\"https:\/\/projects.pmfst.unist.hr\/croves-phyba\/\",\"name\":\"Croatian Veronica species: Phytotaxonomy and Biological Activity\",\"description\":\"Research on the project CROVeS-PhyBA will be based on the isolations, identification, distribution, phytotaxonomic affiliation and biological activity of specialized metabolites among selected Croatian species genus Veronica (Plantaginaceae family).\",\"potentialAction\":[{\"@type\":\"SearchAction\",\"target\":{\"@type\":\"EntryPoint\",\"urlTemplate\":\"https:\/\/projects.pmfst.unist.hr\/croves-phyba\/?s={search_term_string}\"},\"query-input\":{\"@type\":\"PropertyValueSpecification\",\"valueRequired\":true,\"valueName\":\"search_term_string\"}}],\"inLanguage\":\"hr\"}]}<\/script>\n<!-- \/ Yoast SEO plugin. -->","yoast_head_json":{"title":"Contact - Croatian Veronica species: Phytotaxonomy and Biological Activity","robots":{"index":"index","follow":"follow","max-snippet":"max-snippet:-1","max-image-preview":"max-image-preview:large","max-video-preview":"max-video-preview:-1"},"canonical":"https:\/\/projects.pmfst.unist.hr\/croves-phyba\/contact\/","og_locale":"hr_HR","og_type":"article","og_title":"Contact - Croatian Veronica species: Phytotaxonomy and Biological Activity","og_description":"[vc_row][vc_column][mk_contact_info phone=&#8221;+385 21 619 296&#8243; email=&#8221;valerija.dunkic@pmfst.hr&#8221; address=&#8221;Ru\u0111era Bo\u0161kovi\u0107a 33, 21000 Split, Croatia&#8221; person=&#8221;Valerija Dunki\u0107&#8221; company=&#8221;Department of Biology Faculty of Science, University of Split&#8221;][\/vc_column][\/vc_row]","og_url":"https:\/\/projects.pmfst.unist.hr\/croves-phyba\/contact\/","og_site_name":"Croatian Veronica species: Phytotaxonomy and Biological Activity","twitter_card":"summary_large_image","schema":{"@context":"https:\/\/schema.org","@graph":[{"@type":"WebPage","@id":"https:\/\/projects.pmfst.unist.hr\/croves-phyba\/contact\/","url":"https:\/\/projects.pmfst.unist.hr\/croves-phyba\/contact\/","name":"Contact - Croatian Veronica species: Phytotaxonomy and Biological Activity","isPartOf":{"@id":"https:\/\/projects.pmfst.unist.hr\/croves-phyba\/#website"},"datePublished":"2021-01-27T08:04:25+00:00","breadcrumb":{"@id":"https:\/\/projects.pmfst.unist.hr\/croves-phyba\/contact\/#breadcrumb"},"inLanguage":"hr","potentialAction":[{"@type":"ReadAction","target":["https:\/\/projects.pmfst.unist.hr\/croves-phyba\/contact\/"]}]},{"@type":"BreadcrumbList","@id":"https:\/\/projects.pmfst.unist.hr\/croves-phyba\/contact\/#breadcrumb","itemListElement":[{"@type":"ListItem","position":1,"name":"Po\u010detna stranica","item":"https:\/\/projects.pmfst.unist.hr\/croves-phyba\/"},{"@type":"ListItem","position":2,"name":"Contact"}]},{"@type":"WebSite","@id":"https:\/\/projects.pmfst.unist.hr\/croves-phyba\/#website","url":"https:\/\/projects.pmfst.unist.hr\/croves-phyba\/","name":"Croatian Veronica species: Phytotaxonomy and Biological Activity","description":"Research on the project CROVeS-PhyBA will be based on the isolations, identification, distribution, phytotaxonomic affiliation and biological activity of specialized metabolites among selected Croatian species genus Veronica (Plantaginaceae family).","potentialAction":[{"@type":"SearchAction","target":{"@type":"EntryPoint","urlTemplate":"https:\/\/projects.pmfst.unist.hr\/croves-phyba\/?s={search_term_string}"},"query-input":{"@type":"PropertyValueSpecification","valueRequired":true,"valueName":"search_term_string"}}],"inLanguage":"hr"}]}},"_links":{"self":[{"href":"https:\/\/projects.pmfst.unist.hr\/croves-phyba\/wp-json\/wp\/v2\/pages\/56","targetHints":{"allow":["GET"]}}],"collection":[{"href":"https:\/\/projects.pmfst.unist.hr\/croves-phyba\/wp-json\/wp\/v2\/pages"}],"about":[{"href":"https:\/\/projects.pmfst.unist.hr\/croves-phyba\/wp-json\/wp\/v2\/types\/page"}],"author":[{"embeddable":true,"href":"https:\/\/projects.pmfst.unist.hr\/croves-phyba\/wp-json\/wp\/v2\/users\/1"}],"replies":[{"embeddable":true,"href":"https:\/\/projects.pmfst.unist.hr\/croves-phyba\/wp-json\/wp\/v2\/comments?post=56"}],"version-history":[{"count":0,"href":"https:\/\/projects.pmfst.unist.hr\/croves-phyba\/wp-json\/wp\/v2\/pages\/56\/revisions"}],"wp:attachment":[{"href":"https:\/\/projects.pmfst.unist.hr\/croves-phyba\/wp-json\/wp\/v2\/media?parent=56"}],"curies":[{"name":"wp","href":"https:\/\/api.w.org\/{rel}","templated":true}]}}