{"id":6,"date":"2021-01-27T08:12:08","date_gmt":"2021-01-27T07:12:08","guid":{"rendered":"https:\/\/projects.pmfst.unist.hr\/croves-phyba\/?page_id=6"},"modified":"2024-02-01T12:47:37","modified_gmt":"2024-02-01T11:47:37","slug":"home","status":"publish","type":"page","link":"https:\/\/projects.pmfst.unist.hr\/croves-phyba\/","title":{"rendered":"Croatian Veronica species: Phytotaxonomy and Biological Activity"},"content":{"rendered":"<div class=\"wpb-content-wrapper\">[vc_row][vc_column][mk_fancy_title tag_name=&#8221;span&#8221; size=&#8221;16&#8243; font_family=&#8221;none&#8221;]Research on the project CROVeS-PhyBA will be based on the isolations, identification, distribution, phytotaxonomic affiliation and biological activity of specialized metabolites among selected Croatian species genus <em>Veronica <\/em>(Plantaginaceae family).[\/mk_fancy_title][\/vc_column][\/vc_row][vc_row][vc_column][mk_gallery images=&#8221;59,60,61,62,63&#8243; column=&#8221;5&#8243; height=&#8221;400&#8243;][\/vc_column][\/vc_row][vc_row][vc_column width=&#8221;1\/3&#8243;][mk_image src=&#8221;https:\/\/projects.pmfst.unist.hr\/croves-phyba\/wp-content\/uploads\/sites\/6\/2024\/02\/agronomski-logo.jpg&#8221; image_width=&#8221;250&#8243; image_height=&#8221;250&#8243; align=&#8221;center&#8221;][\/vc_column][vc_column width=&#8221;1\/3&#8243;][vc_empty_space height=&#8221;62px&#8221;][mk_image src=&#8221;https:\/\/projects.pmfst.unist.hr\/croves-phyba\/wp-content\/uploads\/sites\/6\/2021\/12\/logo-medri.png&#8221; image_size=&#8221;full&#8221; align=&#8221;center&#8221;][\/vc_column][vc_column width=&#8221;1\/3&#8243;][mk_image src=&#8221;https:\/\/projects.pmfst.unist.hr\/croves-phyba\/wp-content\/uploads\/sites\/6\/2021\/12\/vguk_logo.png&#8221; image_size=&#8221;full&#8221; align=&#8221;center&#8221;][vc_column_text css=&#8221;.vc_custom_1640246822094{margin-bottom: 0px !important;}&#8221;]\n<p style=\"text-align: center;\">Visoko gospodarsko u\u010dili\u0161te u Kri\u017eevcima<\/p>\n[\/vc_column_text][\/vc_column][\/vc_row]\n<\/div>","protected":false},"excerpt":{"rendered":"<p>[vc_row][vc_column][mk_fancy_title tag_name=&#8221;span&#8221; size=&#8221;16&#8243; font_family=&#8221;none&#8221;]Research on the project CROVeS-PhyBA will be based on the isolations, identification, distribution, phytotaxonomic affiliation and biological activity of specialized metabolites among selected Croatian species genus Veronica (Plantaginaceae family).[\/mk_fancy_title][\/vc_column][\/vc_row][vc_row][vc_column][mk_gallery images=&#8221;59,60,61,62,63&#8243; column=&#8221;5&#8243; height=&#8221;400&#8243;][\/vc_column][\/vc_row][vc_row][vc_column width=&#8221;1\/3&#8243;][mk_image src=&#8221;https:\/\/projects.pmfst.unist.hr\/croves-phyba\/wp-content\/uploads\/sites\/6\/2024\/02\/agronomski-logo.jpg&#8221; image_width=&#8221;250&#8243; image_height=&#8221;250&#8243; align=&#8221;center&#8221;][\/vc_column][vc_column width=&#8221;1\/3&#8243;][vc_empty_space height=&#8221;62px&#8221;][mk_image src=&#8221;https:\/\/projects.pmfst.unist.hr\/croves-phyba\/wp-content\/uploads\/sites\/6\/2021\/12\/logo-medri.png&#8221; image_size=&#8221;full&#8221; align=&#8221;center&#8221;][\/vc_column][vc_column width=&#8221;1\/3&#8243;][mk_image src=&#8221;https:\/\/projects.pmfst.unist.hr\/croves-phyba\/wp-content\/uploads\/sites\/6\/2021\/12\/vguk_logo.png&#8221; image_size=&#8221;full&#8221; align=&#8221;center&#8221;][vc_column_text css=&#8221;.vc_custom_1640246822094{margin-bottom: 0px !important;}&#8221;] Visoko gospodarsko u\u010dili\u0161te [&hellip;]<\/p>\n","protected":false},"author":1,"featured_media":62,"parent":0,"menu_order":0,"comment_status":"closed","ping_status":"closed","template":"","meta":{"footnotes":""},"class_list":["post-6","page","type-page","status-publish","has-post-thumbnail","hentry"],"yoast_head":"<!-- This site is optimized with the Yoast SEO plugin v27.3 - https:\/\/yoast.com\/product\/yoast-seo-wordpress\/ -->\n<title>Croatian Veronica species: Phytotaxonomy and Biological Activity - Croatian Veronica species: Phytotaxonomy and Biological Activity<\/title>\n<meta name=\"robots\" content=\"index, follow, max-snippet:-1, max-image-preview:large, max-video-preview:-1\" \/>\n<link rel=\"canonical\" href=\"https:\/\/projects.pmfst.unist.hr\/croves-phyba\/\" \/>\n<meta property=\"og:locale\" content=\"hr_HR\" \/>\n<meta property=\"og:type\" content=\"article\" \/>\n<meta property=\"og:title\" content=\"Croatian Veronica species: Phytotaxonomy and Biological Activity - Croatian Veronica species: Phytotaxonomy and Biological Activity\" \/>\n<meta property=\"og:description\" content=\"[vc_row][vc_column][mk_fancy_title tag_name=&#8221;span&#8221; size=&#8221;16&#8243; font_family=&#8221;none&#8221;]Research on the project CROVeS-PhyBA will be based on the isolations, identification, distribution, phytotaxonomic affiliation and biological activity of specialized metabolites among selected Croatian species genus Veronica (Plantaginaceae family).[\/mk_fancy_title][\/vc_column][\/vc_row][vc_row][vc_column][mk_gallery images=&#8221;59,60,61,62,63&#8243; column=&#8221;5&#8243; height=&#8221;400&#8243;][\/vc_column][\/vc_row][vc_row][vc_column width=&#8221;1\/3&#8243;][mk_image src=&#8221;https:\/\/projects.pmfst.unist.hr\/croves-phyba\/wp-content\/uploads\/sites\/6\/2024\/02\/agronomski-logo.jpg&#8221; image_width=&#8221;250&#8243; image_height=&#8221;250&#8243; align=&#8221;center&#8221;][\/vc_column][vc_column width=&#8221;1\/3&#8243;][vc_empty_space height=&#8221;62px&#8221;][mk_image src=&#8221;https:\/\/projects.pmfst.unist.hr\/croves-phyba\/wp-content\/uploads\/sites\/6\/2021\/12\/logo-medri.png&#8221; image_size=&#8221;full&#8221; align=&#8221;center&#8221;][\/vc_column][vc_column width=&#8221;1\/3&#8243;][mk_image src=&#8221;https:\/\/projects.pmfst.unist.hr\/croves-phyba\/wp-content\/uploads\/sites\/6\/2021\/12\/vguk_logo.png&#8221; image_size=&#8221;full&#8221; align=&#8221;center&#8221;][vc_column_text css=&#8221;.vc_custom_1640246822094{margin-bottom: 0px !important;}&#8221;] Visoko gospodarsko u\u010dili\u0161te [&hellip;]\" \/>\n<meta property=\"og:url\" content=\"https:\/\/projects.pmfst.unist.hr\/croves-phyba\/\" \/>\n<meta property=\"og:site_name\" content=\"Croatian Veronica species: Phytotaxonomy and Biological Activity\" \/>\n<meta property=\"article:modified_time\" content=\"2024-02-01T11:47:37+00:00\" \/>\n<meta property=\"og:image\" content=\"https:\/\/projects.pmfst.unist.hr\/croves-phyba\/wp-content\/uploads\/sites\/6\/2021\/01\/veronica-saturejoides-vis.-ssp.-saturejoides.png\" \/>\n\t<meta property=\"og:image:width\" content=\"532\" \/>\n\t<meta property=\"og:image:height\" content=\"669\" \/>\n\t<meta property=\"og:image:type\" content=\"image\/png\" \/>\n<meta name=\"twitter:card\" content=\"summary_large_image\" \/>\n<meta name=\"twitter:label1\" content=\"Procijenjeno vrijeme \u010ditanja\" \/>\n\t<meta name=\"twitter:data1\" content=\"1 minuta\" \/>\n<script type=\"application\/ld+json\" class=\"yoast-schema-graph\">{\"@context\":\"https:\\\/\\\/schema.org\",\"@graph\":[{\"@type\":\"WebPage\",\"@id\":\"https:\\\/\\\/projects.pmfst.unist.hr\\\/croves-phyba\\\/\",\"url\":\"https:\\\/\\\/projects.pmfst.unist.hr\\\/croves-phyba\\\/\",\"name\":\"Croatian Veronica species: Phytotaxonomy and Biological Activity - Croatian Veronica species: Phytotaxonomy and Biological Activity\",\"isPartOf\":{\"@id\":\"https:\\\/\\\/projects.pmfst.unist.hr\\\/croves-phyba\\\/#website\"},\"primaryImageOfPage\":{\"@id\":\"https:\\\/\\\/projects.pmfst.unist.hr\\\/croves-phyba\\\/#primaryimage\"},\"image\":{\"@id\":\"https:\\\/\\\/projects.pmfst.unist.hr\\\/croves-phyba\\\/#primaryimage\"},\"thumbnailUrl\":\"https:\\\/\\\/projects.pmfst.unist.hr\\\/croves-phyba\\\/wp-content\\\/uploads\\\/sites\\\/6\\\/2021\\\/01\\\/veronica-saturejoides-vis.-ssp.-saturejoides.png\",\"datePublished\":\"2021-01-27T07:12:08+00:00\",\"dateModified\":\"2024-02-01T11:47:37+00:00\",\"breadcrumb\":{\"@id\":\"https:\\\/\\\/projects.pmfst.unist.hr\\\/croves-phyba\\\/#breadcrumb\"},\"inLanguage\":\"hr\",\"potentialAction\":[{\"@type\":\"ReadAction\",\"target\":[\"https:\\\/\\\/projects.pmfst.unist.hr\\\/croves-phyba\\\/\"]}]},{\"@type\":\"ImageObject\",\"inLanguage\":\"hr\",\"@id\":\"https:\\\/\\\/projects.pmfst.unist.hr\\\/croves-phyba\\\/#primaryimage\",\"url\":\"https:\\\/\\\/projects.pmfst.unist.hr\\\/croves-phyba\\\/wp-content\\\/uploads\\\/sites\\\/6\\\/2021\\\/01\\\/veronica-saturejoides-vis.-ssp.-saturejoides.png\",\"contentUrl\":\"https:\\\/\\\/projects.pmfst.unist.hr\\\/croves-phyba\\\/wp-content\\\/uploads\\\/sites\\\/6\\\/2021\\\/01\\\/veronica-saturejoides-vis.-ssp.-saturejoides.png\",\"width\":532,\"height\":669},{\"@type\":\"BreadcrumbList\",\"@id\":\"https:\\\/\\\/projects.pmfst.unist.hr\\\/croves-phyba\\\/#breadcrumb\",\"itemListElement\":[{\"@type\":\"ListItem\",\"position\":1,\"name\":\"Po\u010detna stranica\",\"item\":\"https:\\\/\\\/projects.pmfst.unist.hr\\\/croves-phyba\\\/\"},{\"@type\":\"ListItem\",\"position\":2,\"name\":\"Croatian Veronica species: Phytotaxonomy and Biological Activity\"}]},{\"@type\":\"WebSite\",\"@id\":\"https:\\\/\\\/projects.pmfst.unist.hr\\\/croves-phyba\\\/#website\",\"url\":\"https:\\\/\\\/projects.pmfst.unist.hr\\\/croves-phyba\\\/\",\"name\":\"Croatian Veronica species: Phytotaxonomy and Biological Activity\",\"description\":\"Research on the project CROVeS-PhyBA will be based on the isolations, identification, distribution, phytotaxonomic affiliation and biological activity of specialized metabolites among selected Croatian species genus Veronica (Plantaginaceae family).\",\"potentialAction\":[{\"@type\":\"SearchAction\",\"target\":{\"@type\":\"EntryPoint\",\"urlTemplate\":\"https:\\\/\\\/projects.pmfst.unist.hr\\\/croves-phyba\\\/?s={search_term_string}\"},\"query-input\":{\"@type\":\"PropertyValueSpecification\",\"valueRequired\":true,\"valueName\":\"search_term_string\"}}],\"inLanguage\":\"hr\"}]}<\/script>\n<!-- \/ Yoast SEO plugin. -->","yoast_head_json":{"title":"Croatian Veronica species: Phytotaxonomy and Biological Activity - Croatian Veronica species: Phytotaxonomy and Biological Activity","robots":{"index":"index","follow":"follow","max-snippet":"max-snippet:-1","max-image-preview":"max-image-preview:large","max-video-preview":"max-video-preview:-1"},"canonical":"https:\/\/projects.pmfst.unist.hr\/croves-phyba\/","og_locale":"hr_HR","og_type":"article","og_title":"Croatian Veronica species: Phytotaxonomy and Biological Activity - Croatian Veronica species: Phytotaxonomy and Biological Activity","og_description":"[vc_row][vc_column][mk_fancy_title tag_name=&#8221;span&#8221; size=&#8221;16&#8243; font_family=&#8221;none&#8221;]Research on the project CROVeS-PhyBA will be based on the isolations, identification, distribution, phytotaxonomic affiliation and biological activity of specialized metabolites among selected Croatian species genus Veronica (Plantaginaceae family).[\/mk_fancy_title][\/vc_column][\/vc_row][vc_row][vc_column][mk_gallery images=&#8221;59,60,61,62,63&#8243; column=&#8221;5&#8243; height=&#8221;400&#8243;][\/vc_column][\/vc_row][vc_row][vc_column width=&#8221;1\/3&#8243;][mk_image src=&#8221;https:\/\/projects.pmfst.unist.hr\/croves-phyba\/wp-content\/uploads\/sites\/6\/2024\/02\/agronomski-logo.jpg&#8221; image_width=&#8221;250&#8243; image_height=&#8221;250&#8243; align=&#8221;center&#8221;][\/vc_column][vc_column width=&#8221;1\/3&#8243;][vc_empty_space height=&#8221;62px&#8221;][mk_image src=&#8221;https:\/\/projects.pmfst.unist.hr\/croves-phyba\/wp-content\/uploads\/sites\/6\/2021\/12\/logo-medri.png&#8221; image_size=&#8221;full&#8221; align=&#8221;center&#8221;][\/vc_column][vc_column width=&#8221;1\/3&#8243;][mk_image src=&#8221;https:\/\/projects.pmfst.unist.hr\/croves-phyba\/wp-content\/uploads\/sites\/6\/2021\/12\/vguk_logo.png&#8221; image_size=&#8221;full&#8221; align=&#8221;center&#8221;][vc_column_text css=&#8221;.vc_custom_1640246822094{margin-bottom: 0px !important;}&#8221;] Visoko gospodarsko u\u010dili\u0161te [&hellip;]","og_url":"https:\/\/projects.pmfst.unist.hr\/croves-phyba\/","og_site_name":"Croatian Veronica species: Phytotaxonomy and Biological Activity","article_modified_time":"2024-02-01T11:47:37+00:00","og_image":[{"width":532,"height":669,"url":"https:\/\/projects.pmfst.unist.hr\/croves-phyba\/wp-content\/uploads\/sites\/6\/2021\/01\/veronica-saturejoides-vis.-ssp.-saturejoides.png","type":"image\/png"}],"twitter_card":"summary_large_image","twitter_misc":{"Procijenjeno vrijeme \u010ditanja":"1 minuta"},"schema":{"@context":"https:\/\/schema.org","@graph":[{"@type":"WebPage","@id":"https:\/\/projects.pmfst.unist.hr\/croves-phyba\/","url":"https:\/\/projects.pmfst.unist.hr\/croves-phyba\/","name":"Croatian Veronica species: Phytotaxonomy and Biological Activity - Croatian Veronica species: Phytotaxonomy and Biological Activity","isPartOf":{"@id":"https:\/\/projects.pmfst.unist.hr\/croves-phyba\/#website"},"primaryImageOfPage":{"@id":"https:\/\/projects.pmfst.unist.hr\/croves-phyba\/#primaryimage"},"image":{"@id":"https:\/\/projects.pmfst.unist.hr\/croves-phyba\/#primaryimage"},"thumbnailUrl":"https:\/\/projects.pmfst.unist.hr\/croves-phyba\/wp-content\/uploads\/sites\/6\/2021\/01\/veronica-saturejoides-vis.-ssp.-saturejoides.png","datePublished":"2021-01-27T07:12:08+00:00","dateModified":"2024-02-01T11:47:37+00:00","breadcrumb":{"@id":"https:\/\/projects.pmfst.unist.hr\/croves-phyba\/#breadcrumb"},"inLanguage":"hr","potentialAction":[{"@type":"ReadAction","target":["https:\/\/projects.pmfst.unist.hr\/croves-phyba\/"]}]},{"@type":"ImageObject","inLanguage":"hr","@id":"https:\/\/projects.pmfst.unist.hr\/croves-phyba\/#primaryimage","url":"https:\/\/projects.pmfst.unist.hr\/croves-phyba\/wp-content\/uploads\/sites\/6\/2021\/01\/veronica-saturejoides-vis.-ssp.-saturejoides.png","contentUrl":"https:\/\/projects.pmfst.unist.hr\/croves-phyba\/wp-content\/uploads\/sites\/6\/2021\/01\/veronica-saturejoides-vis.-ssp.-saturejoides.png","width":532,"height":669},{"@type":"BreadcrumbList","@id":"https:\/\/projects.pmfst.unist.hr\/croves-phyba\/#breadcrumb","itemListElement":[{"@type":"ListItem","position":1,"name":"Po\u010detna stranica","item":"https:\/\/projects.pmfst.unist.hr\/croves-phyba\/"},{"@type":"ListItem","position":2,"name":"Croatian Veronica species: Phytotaxonomy and Biological Activity"}]},{"@type":"WebSite","@id":"https:\/\/projects.pmfst.unist.hr\/croves-phyba\/#website","url":"https:\/\/projects.pmfst.unist.hr\/croves-phyba\/","name":"Croatian Veronica species: Phytotaxonomy and Biological Activity","description":"Research on the project CROVeS-PhyBA will be based on the isolations, identification, distribution, phytotaxonomic affiliation and biological activity of specialized metabolites among selected Croatian species genus Veronica (Plantaginaceae family).","potentialAction":[{"@type":"SearchAction","target":{"@type":"EntryPoint","urlTemplate":"https:\/\/projects.pmfst.unist.hr\/croves-phyba\/?s={search_term_string}"},"query-input":{"@type":"PropertyValueSpecification","valueRequired":true,"valueName":"search_term_string"}}],"inLanguage":"hr"}]}},"_links":{"self":[{"href":"https:\/\/projects.pmfst.unist.hr\/croves-phyba\/wp-json\/wp\/v2\/pages\/6","targetHints":{"allow":["GET"]}}],"collection":[{"href":"https:\/\/projects.pmfst.unist.hr\/croves-phyba\/wp-json\/wp\/v2\/pages"}],"about":[{"href":"https:\/\/projects.pmfst.unist.hr\/croves-phyba\/wp-json\/wp\/v2\/types\/page"}],"author":[{"embeddable":true,"href":"https:\/\/projects.pmfst.unist.hr\/croves-phyba\/wp-json\/wp\/v2\/users\/1"}],"replies":[{"embeddable":true,"href":"https:\/\/projects.pmfst.unist.hr\/croves-phyba\/wp-json\/wp\/v2\/comments?post=6"}],"version-history":[{"count":0,"href":"https:\/\/projects.pmfst.unist.hr\/croves-phyba\/wp-json\/wp\/v2\/pages\/6\/revisions"}],"wp:featuredmedia":[{"embeddable":true,"href":"https:\/\/projects.pmfst.unist.hr\/croves-phyba\/wp-json\/wp\/v2\/media\/62"}],"wp:attachment":[{"href":"https:\/\/projects.pmfst.unist.hr\/croves-phyba\/wp-json\/wp\/v2\/media?parent=6"}],"curies":[{"name":"wp","href":"https:\/\/api.w.org\/{rel}","templated":true}]}}