{"id":10,"date":"2024-11-13T14:40:23","date_gmt":"2024-11-13T13:40:23","guid":{"rendered":"https:\/\/projects.pmfst.unist.hr\/inabioamp\/?page_id=10"},"modified":"2025-12-23T15:04:19","modified_gmt":"2025-12-23T14:04:19","slug":"inabioamp","status":"publish","type":"page","link":"https:\/\/projects.pmfst.unist.hr\/inabioamp\/","title":{"rendered":"InABioAMP"},"content":{"rendered":"<div class=\"wpb-content-wrapper\">[vc_row visibility=&#8221;hidden-nb&#8221;][vc_column][vc_empty_space][vc_column_text css=&#8221;.vc_custom_1734441334953{margin-bottom: 0px !important;}&#8221;]\n<h1><img loading=\"lazy\" decoding=\"async\" class=\"wp-image-67 alignright\" src=\"https:\/\/projects.pmfst.unist.hr\/inabioamp\/wp-content\/uploads\/sites\/10\/2024\/11\/hrzz-eng-300x141.jpg\" alt=\"\" width=\"166\" height=\"78\" srcset=\"https:\/\/projects.pmfst.unist.hr\/inabioamp\/wp-content\/uploads\/sites\/10\/2024\/11\/hrzz-eng-300x141.jpg 300w, https:\/\/projects.pmfst.unist.hr\/inabioamp\/wp-content\/uploads\/sites\/10\/2024\/11\/hrzz-eng-768x362.jpg 768w, https:\/\/projects.pmfst.unist.hr\/inabioamp\/wp-content\/uploads\/sites\/10\/2024\/11\/hrzz-eng.jpg 800w\" sizes=\"auto, (max-width: 166px) 100vw, 166px\" \/>InABioAMP<\/h1>\n[\/vc_column_text][\/vc_column][\/vc_row][vc_row visibility=&#8221;visible-nb&#8221;][vc_column][vc_empty_space][vc_column_text css=&#8221;.vc_custom_1734441195432{margin-bottom: 0px !important;}&#8221;]\n<h1><\/h1>\n<h1>InABioAMP<img loading=\"lazy\" decoding=\"async\" class=\"wp-image-67 alignright\" src=\"https:\/\/projects.pmfst.unist.hr\/inabioamp\/wp-content\/uploads\/sites\/10\/2024\/11\/hrzz-eng-300x141.jpg\" alt=\"\" width=\"100\" height=\"47\" srcset=\"https:\/\/projects.pmfst.unist.hr\/inabioamp\/wp-content\/uploads\/sites\/10\/2024\/11\/hrzz-eng-300x141.jpg 300w, https:\/\/projects.pmfst.unist.hr\/inabioamp\/wp-content\/uploads\/sites\/10\/2024\/11\/hrzz-eng-768x362.jpg 768w, https:\/\/projects.pmfst.unist.hr\/inabioamp\/wp-content\/uploads\/sites\/10\/2024\/11\/hrzz-eng.jpg 800w\" sizes=\"auto, (max-width: 100px) 100vw, 100px\" \/><\/h1>\n[\/vc_column_text][\/vc_column][\/vc_row][vc_row][vc_column][vc_column_text css=&#8221;.vc_custom_1733849390613{margin-bottom: 0px !important;}&#8221;]\n<h3><span style=\"font-size: 12pt;text-align: justify\">HRZZ IP-2022-10-8432 &#8220;Investigating the role of association in bioactivity of antimicrobial peptides: from measurements, modeling to design and back&#8221;\u00a0<\/span><\/h3>\n<p style=\"margin-bottom: 0in;text-align: justify\">Antimicrobial peptides (AMPs) are critical components of almost all forms of life\u2019s innate defence systems, serving as a first line of defence against invading pathogens in plants and animals. As a result, they are being extensively researched, with a focus on their potential as novel anti-infective drug leads, particularly in the context of emerging drug resistance in bacteria, which is one of the great challenges of our time. Starting with designed or naturally occurring AMPs, the proposed study will advance understanding of the structure-function relationship and identify AMPs with potential for clinical application by combining structural and dynamic properties obtained through molecular dynamics simulation with the biological and biophysical characterization of these peptides in the presence of model membranes and measurements of their activity on real membranes in microbial or host cells. The project also aims to create a new program for designing and characterising AMPs using a neural network approach. The main line of research will be to discover the mode of action related to peptide self-assembly behind the observed activity and toxicity. This work will provide opportunities to strengthen the connection between theoretical and experimental work in Split, put into use some of the new equipment acquired in the recent infrastructure project, and establish further cooperation with international laboratories. The project will also advance the quality of research in Split, bringing new research interests and new methodology.<\/p>\n[\/vc_column_text][vc_empty_space][\/vc_column][\/vc_row][vc_row][vc_column][vc_column_text css=&#8221;.vc_custom_1766498657693{margin-bottom: 0px !important;}&#8221;]\n<h3>Project Workflow<\/h3>\n<h4>Second Project Year<\/h4>\n<h5>Project Meeting III &#8211; November 4th 2025<\/h5>\n<ul>\n<li>I. Stojan gave a presentation on Theory of MicroScale Thermophoresis<\/li>\n<li>Attended: L. Zorani\u0107, T. Ron\u010devi\u0107, M. Male\u0161, I. Stojan and A. Budimir<\/li>\n<\/ul>\n<h5>Project Meeting II &#8211; July 12th 2025<\/h5>\n<ul>\n<li>The meeting was held as part of the work visit of our collaborators from University of Trieste, and included a team discussion focused on strategies for organizing and writing upcoming publications.<\/li>\n<li>Attended: L. Zorani\u0107, T. Ron\u010devi\u0107, A. Tossi, S. Pacor, A. Caporale, I. Stojan and A. Budimir<\/li>\n<\/ul>\n<h5>Project Meeting I &#8211; March 5th 2025<\/h5>\n<ul>\n<li>A. Begi\u0107 gave a presentation on new results of MD simulations of helminth-derived AMPs<\/li>\n<li>Attended: L. Zorani\u0107, T. Ron\u010devi\u0107, A. Tossi, S. Pacor, A. Caporale and A. Begi\u0107<\/li>\n<\/ul>\n<h4>First Project Year<\/h4>\n<h5>Project Meeting II &#8211; December 13th 2024<\/h5>\n<ul>\n<li>S. Pacor gave a presentation on the results of cytotoxicity assay and flow cytometry of TSO8 fragments.<\/li>\n<li>Attended: L. Zorani\u0107, T. Ron\u010devi\u0107, M. Male\u0161, A. Begi\u0107, M. Cvitkovi\u0107, A. Tossi, S. Pacor and A. Caporale<\/li>\n<\/ul>\n<h5>Initial Project Meeting I &#8211; March 19th 2024<\/h5>\n<ul>\n<li>A. Begi\u0107 gave a presentation on the results of molecular dynamics simulations of TSO8 fragments.<\/li>\n<li>Attended: L. Zorani\u0107, T. Ron\u010devi\u0107, M. Male\u0161, A. Begi\u0107, A. Tossi, S. Pacor and A. Caporale<\/li>\n<\/ul>\n[\/vc_column_text][\/vc_column][\/vc_row]\n<\/div>","protected":false},"excerpt":{"rendered":"<p>[vc_row visibility=&#8221;hidden-nb&#8221;][vc_column][vc_empty_space][vc_column_text css=&#8221;.vc_custom_1734441334953{margin-bottom: 0px !important;}&#8221;] InABioAMP [\/vc_column_text][\/vc_column][\/vc_row][vc_row visibility=&#8221;visible-nb&#8221;][vc_column][vc_empty_space][vc_column_text css=&#8221;.vc_custom_1734441195432{margin-bottom: 0px !important;}&#8221;] InABioAMP [\/vc_column_text][\/vc_column][\/vc_row][vc_row][vc_column][vc_column_text css=&#8221;.vc_custom_1733849390613{margin-bottom: 0px !important;}&#8221;] HRZZ IP-2022-10-8432 &#8220;Investigating the role of association in bioactivity of antimicrobial peptides: from measurements, modeling to design and back&#8221;\u00a0 Antimicrobial peptides (AMPs) are critical components of almost all forms of life\u2019s innate defence systems, serving as a first line [&hellip;]<\/p>\n","protected":false},"author":1,"featured_media":0,"parent":0,"menu_order":0,"comment_status":"closed","ping_status":"closed","template":"","meta":{"footnotes":""},"class_list":["post-10","page","type-page","status-publish","hentry"],"yoast_head":"<!-- This site is optimized with the Yoast SEO plugin v27.3 - https:\/\/yoast.com\/product\/yoast-seo-wordpress\/ -->\n<title>InABioAMP - Investigating the role of association in bioactivity of antimicrobial peptides: from measurements, modeling to design and back<\/title>\n<meta name=\"robots\" content=\"index, follow, max-snippet:-1, max-image-preview:large, max-video-preview:-1\" \/>\n<link rel=\"canonical\" href=\"https:\/\/projects.pmfst.unist.hr\/inabioamp\/\" \/>\n<meta property=\"og:locale\" content=\"en_US\" \/>\n<meta property=\"og:type\" content=\"article\" \/>\n<meta property=\"og:title\" content=\"InABioAMP - Investigating the role of association in bioactivity of antimicrobial peptides: from measurements, modeling to design and back\" \/>\n<meta property=\"og:description\" content=\"[vc_row visibility=&#8221;hidden-nb&#8221;][vc_column][vc_empty_space][vc_column_text css=&#8221;.vc_custom_1734441334953{margin-bottom: 0px !important;}&#8221;] InABioAMP [\/vc_column_text][\/vc_column][\/vc_row][vc_row visibility=&#8221;visible-nb&#8221;][vc_column][vc_empty_space][vc_column_text css=&#8221;.vc_custom_1734441195432{margin-bottom: 0px !important;}&#8221;] InABioAMP [\/vc_column_text][\/vc_column][\/vc_row][vc_row][vc_column][vc_column_text css=&#8221;.vc_custom_1733849390613{margin-bottom: 0px !important;}&#8221;] HRZZ IP-2022-10-8432 &#8220;Investigating the role of association in bioactivity of antimicrobial peptides: from measurements, modeling to design and back&#8221;\u00a0 Antimicrobial peptides (AMPs) are critical components of almost all forms of life\u2019s innate defence systems, serving as a first line [&hellip;]\" \/>\n<meta property=\"og:url\" content=\"https:\/\/projects.pmfst.unist.hr\/inabioamp\/\" \/>\n<meta property=\"og:site_name\" content=\"Investigating the role of association in bioactivity of antimicrobial peptides: from measurements, modeling to design and back\" \/>\n<meta property=\"article:modified_time\" content=\"2025-12-23T14:04:19+00:00\" \/>\n<meta property=\"og:image\" content=\"https:\/\/projects.pmfst.unist.hr\/inabioamp\/wp-content\/uploads\/sites\/10\/2024\/11\/hrzz-eng.jpg\" \/>\n\t<meta property=\"og:image:width\" content=\"800\" \/>\n\t<meta property=\"og:image:height\" content=\"377\" \/>\n\t<meta property=\"og:image:type\" content=\"image\/jpeg\" \/>\n<meta name=\"twitter:card\" content=\"summary_large_image\" \/>\n<meta name=\"twitter:label1\" content=\"Est. reading time\" \/>\n\t<meta name=\"twitter:data1\" content=\"2 minutes\" \/>\n<script type=\"application\/ld+json\" class=\"yoast-schema-graph\">{\"@context\":\"https:\\\/\\\/schema.org\",\"@graph\":[{\"@type\":\"WebPage\",\"@id\":\"https:\\\/\\\/projects.pmfst.unist.hr\\\/inabioamp\\\/\",\"url\":\"https:\\\/\\\/projects.pmfst.unist.hr\\\/inabioamp\\\/\",\"name\":\"InABioAMP - Investigating the role of association in bioactivity of antimicrobial peptides: from measurements, modeling to design and back\",\"isPartOf\":{\"@id\":\"https:\\\/\\\/projects.pmfst.unist.hr\\\/inabioamp\\\/#website\"},\"primaryImageOfPage\":{\"@id\":\"https:\\\/\\\/projects.pmfst.unist.hr\\\/inabioamp\\\/#primaryimage\"},\"image\":{\"@id\":\"https:\\\/\\\/projects.pmfst.unist.hr\\\/inabioamp\\\/#primaryimage\"},\"thumbnailUrl\":\"https:\\\/\\\/projects.pmfst.unist.hr\\\/inabioamp\\\/wp-content\\\/uploads\\\/sites\\\/10\\\/2024\\\/11\\\/hrzz-eng-300x141.jpg\",\"datePublished\":\"2024-11-13T13:40:23+00:00\",\"dateModified\":\"2025-12-23T14:04:19+00:00\",\"breadcrumb\":{\"@id\":\"https:\\\/\\\/projects.pmfst.unist.hr\\\/inabioamp\\\/#breadcrumb\"},\"inLanguage\":\"en-US\",\"potentialAction\":[{\"@type\":\"ReadAction\",\"target\":[\"https:\\\/\\\/projects.pmfst.unist.hr\\\/inabioamp\\\/\"]}]},{\"@type\":\"ImageObject\",\"inLanguage\":\"en-US\",\"@id\":\"https:\\\/\\\/projects.pmfst.unist.hr\\\/inabioamp\\\/#primaryimage\",\"url\":\"https:\\\/\\\/projects.pmfst.unist.hr\\\/inabioamp\\\/wp-content\\\/uploads\\\/sites\\\/10\\\/2024\\\/11\\\/hrzz-eng.jpg\",\"contentUrl\":\"https:\\\/\\\/projects.pmfst.unist.hr\\\/inabioamp\\\/wp-content\\\/uploads\\\/sites\\\/10\\\/2024\\\/11\\\/hrzz-eng.jpg\",\"width\":800,\"height\":377},{\"@type\":\"BreadcrumbList\",\"@id\":\"https:\\\/\\\/projects.pmfst.unist.hr\\\/inabioamp\\\/#breadcrumb\",\"itemListElement\":[{\"@type\":\"ListItem\",\"position\":1,\"name\":\"Po\u010detna stranica\",\"item\":\"https:\\\/\\\/projects.pmfst.unist.hr\\\/inabioamp\\\/\"},{\"@type\":\"ListItem\",\"position\":2,\"name\":\"InABioAMP\"}]},{\"@type\":\"WebSite\",\"@id\":\"https:\\\/\\\/projects.pmfst.unist.hr\\\/inabioamp\\\/#website\",\"url\":\"https:\\\/\\\/projects.pmfst.unist.hr\\\/inabioamp\\\/\",\"name\":\"Investigating the role of association in bioactivity of antimicrobial peptides: from measurements, modeling to design and back\",\"description\":\"Group for modeling and measurements of biological systems\",\"alternateName\":\"InABioAMP\",\"potentialAction\":[{\"@type\":\"SearchAction\",\"target\":{\"@type\":\"EntryPoint\",\"urlTemplate\":\"https:\\\/\\\/projects.pmfst.unist.hr\\\/inabioamp\\\/?s={search_term_string}\"},\"query-input\":{\"@type\":\"PropertyValueSpecification\",\"valueRequired\":true,\"valueName\":\"search_term_string\"}}],\"inLanguage\":\"en-US\"}]}<\/script>\n<!-- \/ Yoast SEO plugin. -->","yoast_head_json":{"title":"InABioAMP - Investigating the role of association in bioactivity of antimicrobial peptides: from measurements, modeling to design and back","robots":{"index":"index","follow":"follow","max-snippet":"max-snippet:-1","max-image-preview":"max-image-preview:large","max-video-preview":"max-video-preview:-1"},"canonical":"https:\/\/projects.pmfst.unist.hr\/inabioamp\/","og_locale":"en_US","og_type":"article","og_title":"InABioAMP - Investigating the role of association in bioactivity of antimicrobial peptides: from measurements, modeling to design and back","og_description":"[vc_row visibility=&#8221;hidden-nb&#8221;][vc_column][vc_empty_space][vc_column_text css=&#8221;.vc_custom_1734441334953{margin-bottom: 0px !important;}&#8221;] InABioAMP [\/vc_column_text][\/vc_column][\/vc_row][vc_row visibility=&#8221;visible-nb&#8221;][vc_column][vc_empty_space][vc_column_text css=&#8221;.vc_custom_1734441195432{margin-bottom: 0px !important;}&#8221;] InABioAMP [\/vc_column_text][\/vc_column][\/vc_row][vc_row][vc_column][vc_column_text css=&#8221;.vc_custom_1733849390613{margin-bottom: 0px !important;}&#8221;] HRZZ IP-2022-10-8432 &#8220;Investigating the role of association in bioactivity of antimicrobial peptides: from measurements, modeling to design and back&#8221;\u00a0 Antimicrobial peptides (AMPs) are critical components of almost all forms of life\u2019s innate defence systems, serving as a first line [&hellip;]","og_url":"https:\/\/projects.pmfst.unist.hr\/inabioamp\/","og_site_name":"Investigating the role of association in bioactivity of antimicrobial peptides: from measurements, modeling to design and back","article_modified_time":"2025-12-23T14:04:19+00:00","og_image":[{"width":800,"height":377,"url":"https:\/\/projects.pmfst.unist.hr\/inabioamp\/wp-content\/uploads\/sites\/10\/2024\/11\/hrzz-eng.jpg","type":"image\/jpeg"}],"twitter_card":"summary_large_image","twitter_misc":{"Est. reading time":"2 minutes"},"schema":{"@context":"https:\/\/schema.org","@graph":[{"@type":"WebPage","@id":"https:\/\/projects.pmfst.unist.hr\/inabioamp\/","url":"https:\/\/projects.pmfst.unist.hr\/inabioamp\/","name":"InABioAMP - Investigating the role of association in bioactivity of antimicrobial peptides: from measurements, modeling to design and back","isPartOf":{"@id":"https:\/\/projects.pmfst.unist.hr\/inabioamp\/#website"},"primaryImageOfPage":{"@id":"https:\/\/projects.pmfst.unist.hr\/inabioamp\/#primaryimage"},"image":{"@id":"https:\/\/projects.pmfst.unist.hr\/inabioamp\/#primaryimage"},"thumbnailUrl":"https:\/\/projects.pmfst.unist.hr\/inabioamp\/wp-content\/uploads\/sites\/10\/2024\/11\/hrzz-eng-300x141.jpg","datePublished":"2024-11-13T13:40:23+00:00","dateModified":"2025-12-23T14:04:19+00:00","breadcrumb":{"@id":"https:\/\/projects.pmfst.unist.hr\/inabioamp\/#breadcrumb"},"inLanguage":"en-US","potentialAction":[{"@type":"ReadAction","target":["https:\/\/projects.pmfst.unist.hr\/inabioamp\/"]}]},{"@type":"ImageObject","inLanguage":"en-US","@id":"https:\/\/projects.pmfst.unist.hr\/inabioamp\/#primaryimage","url":"https:\/\/projects.pmfst.unist.hr\/inabioamp\/wp-content\/uploads\/sites\/10\/2024\/11\/hrzz-eng.jpg","contentUrl":"https:\/\/projects.pmfst.unist.hr\/inabioamp\/wp-content\/uploads\/sites\/10\/2024\/11\/hrzz-eng.jpg","width":800,"height":377},{"@type":"BreadcrumbList","@id":"https:\/\/projects.pmfst.unist.hr\/inabioamp\/#breadcrumb","itemListElement":[{"@type":"ListItem","position":1,"name":"Po\u010detna stranica","item":"https:\/\/projects.pmfst.unist.hr\/inabioamp\/"},{"@type":"ListItem","position":2,"name":"InABioAMP"}]},{"@type":"WebSite","@id":"https:\/\/projects.pmfst.unist.hr\/inabioamp\/#website","url":"https:\/\/projects.pmfst.unist.hr\/inabioamp\/","name":"Investigating the role of association in bioactivity of antimicrobial peptides: from measurements, modeling to design and back","description":"Group for modeling and measurements of biological systems","alternateName":"InABioAMP","potentialAction":[{"@type":"SearchAction","target":{"@type":"EntryPoint","urlTemplate":"https:\/\/projects.pmfst.unist.hr\/inabioamp\/?s={search_term_string}"},"query-input":{"@type":"PropertyValueSpecification","valueRequired":true,"valueName":"search_term_string"}}],"inLanguage":"en-US"}]}},"_links":{"self":[{"href":"https:\/\/projects.pmfst.unist.hr\/inabioamp\/wp-json\/wp\/v2\/pages\/10","targetHints":{"allow":["GET"]}}],"collection":[{"href":"https:\/\/projects.pmfst.unist.hr\/inabioamp\/wp-json\/wp\/v2\/pages"}],"about":[{"href":"https:\/\/projects.pmfst.unist.hr\/inabioamp\/wp-json\/wp\/v2\/types\/page"}],"author":[{"embeddable":true,"href":"https:\/\/projects.pmfst.unist.hr\/inabioamp\/wp-json\/wp\/v2\/users\/1"}],"replies":[{"embeddable":true,"href":"https:\/\/projects.pmfst.unist.hr\/inabioamp\/wp-json\/wp\/v2\/comments?post=10"}],"version-history":[{"count":1,"href":"https:\/\/projects.pmfst.unist.hr\/inabioamp\/wp-json\/wp\/v2\/pages\/10\/revisions"}],"predecessor-version":[{"id":1144,"href":"https:\/\/projects.pmfst.unist.hr\/inabioamp\/wp-json\/wp\/v2\/pages\/10\/revisions\/1144"}],"wp:attachment":[{"href":"https:\/\/projects.pmfst.unist.hr\/inabioamp\/wp-json\/wp\/v2\/media?parent=10"}],"curies":[{"name":"wp","href":"https:\/\/api.w.org\/{rel}","templated":true}]}}