{"id":366,"date":"2024-12-03T16:58:50","date_gmt":"2024-12-03T15:58:50","guid":{"rendered":"https:\/\/projects.pmfst.unist.hr\/inabioamp\/?page_id=366"},"modified":"2026-03-16T12:42:31","modified_gmt":"2026-03-16T11:42:31","slug":"activities","status":"publish","type":"page","link":"https:\/\/projects.pmfst.unist.hr\/inabioamp\/activities\/","title":{"rendered":"Activities"},"content":{"rendered":"<div class=\"wpb-content-wrapper\">[vc_row][vc_column][vc_column_text css=&#8221;.vc_custom_1766499036803{margin-bottom: 0px !important;}&#8221;]\n<h2>Activities<\/h2>\n<h3>CONFERENCES, SCHOOLS AND WORKSHOPS<\/h3>\n<h5>The First Meeting of Young Biophysicists, November 14, Ru\u0111er Bo\u0161kovi\u0107 Institute, Zagreb, Croatia<\/h5>\n<ul>\n<li>A. Budimir gave an oral presentation:\n<ul>\n<li>\u201cUnstructured C-terminal in \u03b1-helical antimicrobial peptides modulates their activity\u201c, by A. Budimir, I. Stojan, S. Pacor, L. Krce, T. Ron\u010devi\u0107, A. Tossi and L. Zorani\u0107.<\/li>\n<\/ul>\n<\/li>\n<\/ul>\n<h5>International Workshop &#8220;Tackling Antimicrobial Resistance: Prevention, Monitoring, and Counteraction&#8221;, November 10th, Trieste, Italy<\/h5>\n<ul>\n<li>T. Ron\u010devi\u0107 participated as an invited speaker with the presentation:\n<ul>\n<li>&#8220;Helical antimicrobial peptides from helminths active against multidrug-resistant bacteria&#8221;<\/li>\n<\/ul>\n<\/li>\n<li>I. Stojan attended the workshop.<\/li>\n<\/ul>\n<h5><a href=\"https:\/\/peptideconferences.org\/imap2025\/home\">12th International Meeting on Antimicrobial Peptides (IMAP) in Dublin, Ireland, August 25-27 2025<\/a><\/h5>\n<ul>\n<li>I. Stojan won the IMAP 2025 bursary.<\/li>\n<li>T. Ron\u010devi\u0107 gave an oral presentation:\n<ul>\n<li>\u201cActivity and the Mode of Action of Antimicrobial Peptides and Their Fragments Identified in Helminths\u201d<\/li>\n<\/ul>\n<\/li>\n<li>L. Zorani\u0107 presented a poster:\n<ul>\n<li>\u201cThe Role of Small [GAS]XXX[GAS] Motifs in Peptide Self-Association: A Case Study of Designed Antimicrobial Peptides Adepantins\u201d by M. Male\u0161, A. Budimir, D. Jureti\u0107 and L. Zorani\u0107<\/li>\n<\/ul>\n<\/li>\n<li>A. Budimir presented a poster:\n<ul>\n<li>\u201cRevealing the membrane related mechanism of action of antimicrobial peptide TSO8 from<em> Taenia solium<\/em> and its fragments\u201d by A. Budimir, I. Stojan, L. Krce, R. \u010copac, M. Male\u0161, M. Gerdol, M. Mardirossian, A. Caporale, S. Pacor, T. Ron\u010devi\u0107, A. Tossi and L. Zorani\u0107<\/li>\n<\/ul>\n<\/li>\n<li>I. Stojan presented a poster:\n<ul>\n<li>\u201cInteraction of antimicrobial peptides with bacterial membranes revealed by microscale thermophoresis\u201d by T. Ron\u010devi\u0107, I. Stojan and L. Zorani\u0107<\/li>\n<\/ul>\n<\/li>\n<\/ul>\n<h5><a href=\"https:\/\/www.ebsa2025.eu\/\">15th European Biophysics Congress (EBSA) in Rome, Italy, June 30 &#8211; July 4 2025<\/a><\/h5>\n<ul>\n<li>I. Stojan and A. Budimir won the EBSA 2025 bursary.<\/li>\n<li>A. Budimir presented a poster:\n<ul>\n<li>&#8220;Structural Elements Contributing to the Mode of Action of Antimicrobial Peptide Mesco-2 from <em>Mesocestoides corti<\/em>\u201d by A. Budimir, T. Ron\u010devi\u0107, Alessandro Tossi, S. Pacor, M. Gerdol, M. Mardirossian, A. Caporale and L. Zorani\u0107<\/li>\n<\/ul>\n<\/li>\n<li>I. Stojan presented a poster:\n<ul>\n<li>\u201cMembrane-Active Peptides from Helminths: Linking Antimicrobial Activity to Molecular Mode of Action\u201d by I. Stojan, T. Ron\u010devi\u0107, M. Mardirossian, M. Gerdol, S. Pacor, A. Caporale, A. Tossi and L. Zorani\u0107<\/li>\n<\/ul>\n<\/li>\n<\/ul>\n<h5>Workshop on the Theory and Practice of Flow Cytometry in Split, July 11 2025<\/h5>\n<ul>\n<li>L. Zorani\u0107, T. Ron\u010devi\u0107 and J. Puizina organized the workshop at the Faculty of Science, University of Split.<\/li>\n<li>S. Pacor, A. Caporale and V. \u010cike\u0161 \u010culi\u0107 held lectures on theoretical concept of flow cytometry and its application.<\/li>\n<li>I. Stojan and A. Budimir attended the workshop.<\/li>\n<\/ul>\n<h5><a href=\"https:\/\/www.unizg.hr\/nc\/homepage\/news-content\/article\/peptide-chemistry-day-symposium-at-the-university-of-zagreb\/\" target=\"_blank\" rel=\"noopener\"><strong>Peptide Chemistry Day 2025 symposium at the University of Zagreb, Coratia, May 21 2025<\/strong><\/a><\/h5>\n<ul>\n<li>L. Zorani\u0107 attended as an invited speaker with presentation:\n<ul>\n<li>&#8220;Antimicrobial peptides in the fight against bacterial resistance: progress and challenges ahead&#8221;.<\/li>\n<\/ul>\n<\/li>\n<li>I. Stojan presented a poster:\n<ul>\n<li>&#8220;Membrane-targeting AMPs: biophysical and computational insights into Adepantins and helminth-derived peptides&#8221; by I. Stojan, T. Ron\u010devi\u0107, S. Pacor, A. Caporale, A. Budimir, M. Male\u0161, A. Tossi and L. Zorani\u0107<\/li>\n<\/ul>\n<\/li>\n<\/ul>\n<h5><a href=\"https:\/\/sites.google.com\/view\/thefundamentals\" target=\"_blank\" rel=\"noopener\">Summer school in high-energy and gravitational physics &#8220;The Fundamentals&#8221; in Split, Croatia, September 16-20 2024\u00a0<\/a><\/h5>\n<ul>\n<li>L. Zorani\u0107 was on the Scientific Organizing Comittee<\/li>\n<\/ul>\n<h5><a href=\"http:\/\/peptideconferences.org\/imap-2024\">11th International Meeting on Antimicrobial Peptides (IMAP) in London, UK, September 2-4 2024<\/a><\/h5>\n<ul>\n<li>T. Ron\u010devi\u0107 presented a poster:\n<ul>\n<li style=\"text-align: left\">&#8220;Activity and the mode of action of a peptide from a flatworm <em>Mesocestoides corti<\/em>&#8221; by T. Ron\u010devi\u0107, M. Mardirossian, A. Caporale, M. Gerdol, S. Pacor, A. Begi\u0107, I. Weber, L. Krce, L. Zorani\u0107 and A. Tossi<\/li>\n<\/ul>\n<\/li>\n<\/ul>\n<h5 class=\"entry-title fusion-responsive-typography-calculated\" data-fontsize=\"72\" data-lineheight=\"108px\"><a href=\"https:\/\/rbc2024.biofizika.hr\/\" target=\"_blank\" rel=\"noopener\">10th Regional Biophysics Conference (RBC2024) &amp; 15th International Summer School of Biophysics in Split, Croatia,\u00a0 August 26-30 2024<\/a><\/h5>\n<ul>\n<li class=\"entry-title fusion-responsive-typography-calculated\" data-fontsize=\"72\" data-lineheight=\"108px\">A. Begi\u0107 was in the Technical Support Team and presented a poster:\n<ul>\n<li class=\"entry-title fusion-responsive-typography-calculated\" data-fontsize=\"72\" data-lineheight=\"108px\">&#8220;Molecular dynamics study of antimicrobial peptide TSO8 from <em style=\"text-align: center\">Taenia solium<\/em><span style=\"text-align: center\">&#8221; by <\/span>A. Begi\u0107, M. Male\u0161 and L. Zorani\u0107<\/li>\n<\/ul>\n<\/li>\n<\/ul>\n<h5><a href=\"https:\/\/waternetwork.splet.arnes.si\/split-2024\/\" target=\"_blank\" rel=\"noopener\">CEEPUS Summer school in Split, Croatia, July 7-13 2024<\/a><\/h5>\n<ul>\n<li>L. Zorani\u0107 was on the Organizing Comittee and the Local Organizing Board<\/li>\n<li>A. Begi\u0107 was on the Local Organizing Board and gave an oral presentation along with a poster:\n<ul>\n<li>&#8220;Prediction of structure and features of antimicrobial peptide MESCO2&#8221; by A. Begi\u0107 and L. Zorani\u0107<\/li>\n<\/ul>\n<\/li>\n<\/ul>\n[\/vc_column_text][vc_wp_custommenu nav_menu=&#8221;34&#8243;][\/vc_column][\/vc_row][vc_row][vc_column][vc_column_text margin_bottom=&#8221;0&#8243; css=&#8221;.vc_custom_1773308462252{margin-bottom: 0px !important;}&#8221;]\n<h3>SCIENCE POPULARIZATION<\/h3>\n<h5><a href=\"https:\/\/ci-sdz.hr\/prirodoslovlje\/\" target=\"_blank\" rel=\"noopener\">Center of Excellence in Natural Sciences<\/a><\/h5>\n<ul>\n<li>L. Zorani\u0107, A. Budimir and L. Buljac presented the topic: &#8220;Physics of soaps&#8221; &#8211; January 2026<\/li>\n<li>L. Zorani\u0107, I. Stojan, A. Begi\u0107 and L. Buljac presented the topic: &#8220;How do liquids flow?&#8221; &#8211; February 2025<\/li>\n<li>L. Zorani\u0107 and A. Begi\u0107 attended the CI SD\u017d Project Day &#8211;\u00a0 April 2024<\/li>\n<\/ul>\n<h5><a href=\"https:\/\/www.unist.hr\/o-festivalu-odrzivosti\/19877\" target=\"_blank\" rel=\"noopener\">Sustainability festival in Split, October 2024<\/a><\/h5>\n<ul>\n<li>L. Zorani\u0107 and A. Begi\u0107 presented the InABioAMP project<\/li>\n<\/ul>\n[\/vc_column_text][vc_wp_custommenu nav_menu=&#8221;35&#8243;][\/vc_column][\/vc_row][vc_row][vc_column][vc_column_text css=&#8221;.vc_custom_1766499079450{margin-bottom: 0px !important;}&#8221;]\n<h3>MOBILITY<\/h3>\n<p>Prof. Larisa Zorani\u0107 <span data-olk-copy-source=\"MessageBody\">undertook a teaching mobility at the Institute of Physics (IFPAN), Warsaw, hosted by Prof. Panagiotis Theodorakis (CEEPUS network SI:1312) &#8211; June 2025<\/span><\/p>\n<p>Our group hosted PhD student Anamarija Abu el Rub, from Vin\u010da Nuclear Research Institute, University of Belgrade, Serbia &#8211; from September to November 2024[\/vc_column_text][\/vc_column][\/vc_row]\n<\/div>","protected":false},"excerpt":{"rendered":"<p>[vc_row][vc_column][vc_column_text css=&#8221;.vc_custom_1766499036803{margin-bottom: 0px !important;}&#8221;] Activities CONFERENCES, SCHOOLS AND WORKSHOPS The First Meeting of Young Biophysicists, November 14, Ru\u0111er Bo\u0161kovi\u0107 Institute, Zagreb, Croatia A. Budimir gave an oral presentation: \u201cUnstructured C-terminal in \u03b1-helical antimicrobial peptides modulates their activity\u201c, by A. Budimir, I. Stojan, S. Pacor, L. Krce, T. Ron\u010devi\u0107, A. Tossi and L. Zorani\u0107. International Workshop [&hellip;]<\/p>\n","protected":false},"author":11,"featured_media":0,"parent":0,"menu_order":0,"comment_status":"closed","ping_status":"closed","template":"","meta":{"footnotes":""},"class_list":["post-366","page","type-page","status-publish","hentry"],"yoast_head":"<!-- This site is optimized with the Yoast SEO plugin v27.3 - https:\/\/yoast.com\/product\/yoast-seo-wordpress\/ -->\n<title>Activities - Investigating the role of association in bioactivity of antimicrobial peptides: from measurements, modeling to design and back<\/title>\n<meta name=\"robots\" content=\"index, follow, max-snippet:-1, max-image-preview:large, max-video-preview:-1\" \/>\n<link rel=\"canonical\" href=\"https:\/\/projects.pmfst.unist.hr\/inabioamp\/activities\/\" \/>\n<meta property=\"og:locale\" content=\"en_US\" \/>\n<meta property=\"og:type\" content=\"article\" \/>\n<meta property=\"og:title\" content=\"Activities - Investigating the role of association in bioactivity of antimicrobial peptides: from measurements, modeling to design and back\" \/>\n<meta property=\"og:description\" content=\"[vc_row][vc_column][vc_column_text css=&#8221;.vc_custom_1766499036803{margin-bottom: 0px !important;}&#8221;] Activities CONFERENCES, SCHOOLS AND WORKSHOPS The First Meeting of Young Biophysicists, November 14, Ru\u0111er Bo\u0161kovi\u0107 Institute, Zagreb, Croatia A. Budimir gave an oral presentation: \u201cUnstructured C-terminal in \u03b1-helical antimicrobial peptides modulates their activity\u201c, by A. Budimir, I. Stojan, S. Pacor, L. Krce, T. Ron\u010devi\u0107, A. Tossi and L. Zorani\u0107. International Workshop [&hellip;]\" \/>\n<meta property=\"og:url\" content=\"https:\/\/projects.pmfst.unist.hr\/inabioamp\/activities\/\" \/>\n<meta property=\"og:site_name\" content=\"Investigating the role of association in bioactivity of antimicrobial peptides: from measurements, modeling to design and back\" \/>\n<meta property=\"article:modified_time\" content=\"2026-03-16T11:42:31+00:00\" \/>\n<meta name=\"twitter:card\" content=\"summary_large_image\" \/>\n<meta name=\"twitter:label1\" content=\"Est. reading time\" \/>\n\t<meta name=\"twitter:data1\" content=\"4 minutes\" \/>\n<script type=\"application\/ld+json\" class=\"yoast-schema-graph\">{\"@context\":\"https:\\\/\\\/schema.org\",\"@graph\":[{\"@type\":\"WebPage\",\"@id\":\"https:\\\/\\\/projects.pmfst.unist.hr\\\/inabioamp\\\/activities\\\/\",\"url\":\"https:\\\/\\\/projects.pmfst.unist.hr\\\/inabioamp\\\/activities\\\/\",\"name\":\"Activities - Investigating the role of association in bioactivity of antimicrobial peptides: from measurements, modeling to design and back\",\"isPartOf\":{\"@id\":\"https:\\\/\\\/projects.pmfst.unist.hr\\\/inabioamp\\\/#website\"},\"datePublished\":\"2024-12-03T15:58:50+00:00\",\"dateModified\":\"2026-03-16T11:42:31+00:00\",\"breadcrumb\":{\"@id\":\"https:\\\/\\\/projects.pmfst.unist.hr\\\/inabioamp\\\/activities\\\/#breadcrumb\"},\"inLanguage\":\"en-US\",\"potentialAction\":[{\"@type\":\"ReadAction\",\"target\":[\"https:\\\/\\\/projects.pmfst.unist.hr\\\/inabioamp\\\/activities\\\/\"]}]},{\"@type\":\"BreadcrumbList\",\"@id\":\"https:\\\/\\\/projects.pmfst.unist.hr\\\/inabioamp\\\/activities\\\/#breadcrumb\",\"itemListElement\":[{\"@type\":\"ListItem\",\"position\":1,\"name\":\"Po\u010detna stranica\",\"item\":\"https:\\\/\\\/projects.pmfst.unist.hr\\\/inabioamp\\\/\"},{\"@type\":\"ListItem\",\"position\":2,\"name\":\"Activities\"}]},{\"@type\":\"WebSite\",\"@id\":\"https:\\\/\\\/projects.pmfst.unist.hr\\\/inabioamp\\\/#website\",\"url\":\"https:\\\/\\\/projects.pmfst.unist.hr\\\/inabioamp\\\/\",\"name\":\"Investigating the role of association in bioactivity of antimicrobial peptides: from measurements, modeling to design and back\",\"description\":\"Group for modeling and measurements of biological systems\",\"alternateName\":\"InABioAMP\",\"potentialAction\":[{\"@type\":\"SearchAction\",\"target\":{\"@type\":\"EntryPoint\",\"urlTemplate\":\"https:\\\/\\\/projects.pmfst.unist.hr\\\/inabioamp\\\/?s={search_term_string}\"},\"query-input\":{\"@type\":\"PropertyValueSpecification\",\"valueRequired\":true,\"valueName\":\"search_term_string\"}}],\"inLanguage\":\"en-US\"}]}<\/script>\n<!-- \/ Yoast SEO plugin. -->","yoast_head_json":{"title":"Activities - Investigating the role of association in bioactivity of antimicrobial peptides: from measurements, modeling to design and back","robots":{"index":"index","follow":"follow","max-snippet":"max-snippet:-1","max-image-preview":"max-image-preview:large","max-video-preview":"max-video-preview:-1"},"canonical":"https:\/\/projects.pmfst.unist.hr\/inabioamp\/activities\/","og_locale":"en_US","og_type":"article","og_title":"Activities - Investigating the role of association in bioactivity of antimicrobial peptides: from measurements, modeling to design and back","og_description":"[vc_row][vc_column][vc_column_text css=&#8221;.vc_custom_1766499036803{margin-bottom: 0px !important;}&#8221;] Activities CONFERENCES, SCHOOLS AND WORKSHOPS The First Meeting of Young Biophysicists, November 14, Ru\u0111er Bo\u0161kovi\u0107 Institute, Zagreb, Croatia A. Budimir gave an oral presentation: \u201cUnstructured C-terminal in \u03b1-helical antimicrobial peptides modulates their activity\u201c, by A. Budimir, I. Stojan, S. Pacor, L. Krce, T. Ron\u010devi\u0107, A. Tossi and L. Zorani\u0107. International Workshop [&hellip;]","og_url":"https:\/\/projects.pmfst.unist.hr\/inabioamp\/activities\/","og_site_name":"Investigating the role of association in bioactivity of antimicrobial peptides: from measurements, modeling to design and back","article_modified_time":"2026-03-16T11:42:31+00:00","twitter_card":"summary_large_image","twitter_misc":{"Est. reading time":"4 minutes"},"schema":{"@context":"https:\/\/schema.org","@graph":[{"@type":"WebPage","@id":"https:\/\/projects.pmfst.unist.hr\/inabioamp\/activities\/","url":"https:\/\/projects.pmfst.unist.hr\/inabioamp\/activities\/","name":"Activities - Investigating the role of association in bioactivity of antimicrobial peptides: from measurements, modeling to design and back","isPartOf":{"@id":"https:\/\/projects.pmfst.unist.hr\/inabioamp\/#website"},"datePublished":"2024-12-03T15:58:50+00:00","dateModified":"2026-03-16T11:42:31+00:00","breadcrumb":{"@id":"https:\/\/projects.pmfst.unist.hr\/inabioamp\/activities\/#breadcrumb"},"inLanguage":"en-US","potentialAction":[{"@type":"ReadAction","target":["https:\/\/projects.pmfst.unist.hr\/inabioamp\/activities\/"]}]},{"@type":"BreadcrumbList","@id":"https:\/\/projects.pmfst.unist.hr\/inabioamp\/activities\/#breadcrumb","itemListElement":[{"@type":"ListItem","position":1,"name":"Po\u010detna stranica","item":"https:\/\/projects.pmfst.unist.hr\/inabioamp\/"},{"@type":"ListItem","position":2,"name":"Activities"}]},{"@type":"WebSite","@id":"https:\/\/projects.pmfst.unist.hr\/inabioamp\/#website","url":"https:\/\/projects.pmfst.unist.hr\/inabioamp\/","name":"Investigating the role of association in bioactivity of antimicrobial peptides: from measurements, modeling to design and back","description":"Group for modeling and measurements of biological systems","alternateName":"InABioAMP","potentialAction":[{"@type":"SearchAction","target":{"@type":"EntryPoint","urlTemplate":"https:\/\/projects.pmfst.unist.hr\/inabioamp\/?s={search_term_string}"},"query-input":{"@type":"PropertyValueSpecification","valueRequired":true,"valueName":"search_term_string"}}],"inLanguage":"en-US"}]}},"_links":{"self":[{"href":"https:\/\/projects.pmfst.unist.hr\/inabioamp\/wp-json\/wp\/v2\/pages\/366","targetHints":{"allow":["GET"]}}],"collection":[{"href":"https:\/\/projects.pmfst.unist.hr\/inabioamp\/wp-json\/wp\/v2\/pages"}],"about":[{"href":"https:\/\/projects.pmfst.unist.hr\/inabioamp\/wp-json\/wp\/v2\/types\/page"}],"author":[{"embeddable":true,"href":"https:\/\/projects.pmfst.unist.hr\/inabioamp\/wp-json\/wp\/v2\/users\/11"}],"replies":[{"embeddable":true,"href":"https:\/\/projects.pmfst.unist.hr\/inabioamp\/wp-json\/wp\/v2\/comments?post=366"}],"version-history":[{"count":5,"href":"https:\/\/projects.pmfst.unist.hr\/inabioamp\/wp-json\/wp\/v2\/pages\/366\/revisions"}],"predecessor-version":[{"id":1368,"href":"https:\/\/projects.pmfst.unist.hr\/inabioamp\/wp-json\/wp\/v2\/pages\/366\/revisions\/1368"}],"wp:attachment":[{"href":"https:\/\/projects.pmfst.unist.hr\/inabioamp\/wp-json\/wp\/v2\/media?parent=366"}],"curies":[{"name":"wp","href":"https:\/\/api.w.org\/{rel}","templated":true}]}}