{"id":514,"date":"2024-12-10T16:55:06","date_gmt":"2024-12-10T15:55:06","guid":{"rendered":"https:\/\/projects.pmfst.unist.hr\/inabioamp\/?page_id=514"},"modified":"2024-12-10T17:01:50","modified_gmt":"2024-12-10T16:01:50","slug":"meetings-archive","status":"publish","type":"page","link":"https:\/\/projects.pmfst.unist.hr\/inabioamp\/activities\/meetings-archive\/","title":{"rendered":"Meetings archive"},"content":{"rendered":"<h5><a href=\"http:\/\/peptideconferences.org\/imap-2023\">10th International Meeting on Antimicrobial Peptides (IMAP) in Trieste, Italy, 6-8 September 2023<\/a><\/h5>\n<ul>\n<li>L. Zorani\u0107, T. Ron\u010devi\u0107 and M. Male\u0161 presented posters:<\/li>\n<li>&#8220;Lipid extraction as part of the mechanism of action of antimicrobial peptides from marine parasites&#8221; by M. Male\u0161, L. Zorani\u0107 and T. Ron\u010devi\u0107<\/li>\n<li>&#8220;Anisaxins, antimicrobial peptides from zoonotic marine nematodes&#8221; by T. Ron\u010devi\u0107, M. Gerdol, M. Male\u0161, M. Benincasa, A. Maravi\u0107, G. Gajski, L. Krce, I. Aviani, A. Pallavicini, L. Zorani\u0107, A. Tossi and I. Mladineo<\/li>\n<li>&#8220;Simulation Study of the Effect of Antimicrobial Peptide Associations on the Mechanism of Action with Bacterial and Eukaryotic Membranes&#8221; by M. Male\u0161 and L. Zorani\u0107<\/li>\n<\/ul>\n<h5><a href=\"https:\/\/pubs.rsc.org\/en\/journals\/articlecollectionlanding?sercode=fd&amp;themeid=7d9e6898-a218-49b1-856b-694a7efea727\">Faraday Discussions on Peptide-Membrane Interactions, September 2021<\/a><\/h5>\n<ul>\n<li>L. Zorani\u0107 participated in:<\/li>\n<li>&#8220;Theoretical and experimental studies of complex peptide\u2013membrane systems: general discussion&#8221;, Faraday Discuss., 2021, 232, 256, DOI: 10.1039\/d1fd90066h<\/li>\n<li>&#8220;Peptide\u2013membrane interactions and biotechnology; enabling next-generation synthetic biology: general discussion&#8221;, Faraday Discuss., 2021, 232, 463, DOI: 10.1039\/d1fd90068d<\/li>\n<\/ul>\n<h5><span data-olk-copy-source=\"MessageBody\">The Liquid Matter Conference LMC Virtually, July 2021<\/span><\/h5>\n<ul>\n<li><span data-olk-copy-source=\"MessageBody\">L. Zorani\u0107 presented a poster:<\/span><\/li>\n<li><span data-olk-copy-source=\"MessageBody\">&#8220;The influence of binary mixtures&#8217; structuring on the estimation of Kirkwood-Buff integrals&#8221; by <\/span>T. Primorac, M. Po\u017ear, F. Sokoli\u0107 and L. Zorani\u0107<\/li>\n<\/ul>\n","protected":false},"excerpt":{"rendered":"<p>10th International Meeting on Antimicrobial Peptides (IMAP) in Trieste, Italy, 6-8 September 2023 L. Zorani\u0107, T. Ron\u010devi\u0107 and M. Male\u0161 presented posters: &#8220;Lipid extraction as part of the mechanism of action of antimicrobial peptides from marine parasites&#8221; by M. Male\u0161, L. Zorani\u0107 and T. Ron\u010devi\u0107 &#8220;Anisaxins, antimicrobial peptides from zoonotic marine nematodes&#8221; by T. Ron\u010devi\u0107, [&hellip;]<\/p>\n","protected":false},"author":11,"featured_media":0,"parent":366,"menu_order":0,"comment_status":"closed","ping_status":"closed","template":"","meta":{"footnotes":""},"class_list":["post-514","page","type-page","status-publish","hentry"],"yoast_head":"<!-- This site is optimized with the Yoast SEO plugin v27.3 - https:\/\/yoast.com\/product\/yoast-seo-wordpress\/ -->\n<title>Meetings archive - Investigating the role of association in bioactivity of antimicrobial peptides: from measurements, modeling to design and back<\/title>\n<meta name=\"robots\" content=\"index, follow, max-snippet:-1, max-image-preview:large, max-video-preview:-1\" \/>\n<link rel=\"canonical\" href=\"https:\/\/projects.pmfst.unist.hr\/inabioamp\/activities\/meetings-archive\/\" \/>\n<meta property=\"og:locale\" content=\"en_US\" \/>\n<meta property=\"og:type\" content=\"article\" \/>\n<meta property=\"og:title\" content=\"Meetings archive - Investigating the role of association in bioactivity of antimicrobial peptides: from measurements, modeling to design and back\" \/>\n<meta property=\"og:description\" content=\"10th International Meeting on Antimicrobial Peptides (IMAP) in Trieste, Italy, 6-8 September 2023 L. Zorani\u0107, T. Ron\u010devi\u0107 and M. Male\u0161 presented posters: &#8220;Lipid extraction as part of the mechanism of action of antimicrobial peptides from marine parasites&#8221; by M. Male\u0161, L. Zorani\u0107 and T. Ron\u010devi\u0107 &#8220;Anisaxins, antimicrobial peptides from zoonotic marine nematodes&#8221; by T. Ron\u010devi\u0107, [&hellip;]\" \/>\n<meta property=\"og:url\" content=\"https:\/\/projects.pmfst.unist.hr\/inabioamp\/activities\/meetings-archive\/\" \/>\n<meta property=\"og:site_name\" content=\"Investigating the role of association in bioactivity of antimicrobial peptides: from measurements, modeling to design and back\" \/>\n<meta property=\"article:modified_time\" content=\"2024-12-10T16:01:50+00:00\" \/>\n<meta name=\"twitter:card\" content=\"summary_large_image\" \/>\n<meta name=\"twitter:label1\" content=\"Est. reading time\" \/>\n\t<meta name=\"twitter:data1\" content=\"1 minute\" \/>\n<script type=\"application\/ld+json\" class=\"yoast-schema-graph\">{\"@context\":\"https:\\\/\\\/schema.org\",\"@graph\":[{\"@type\":\"WebPage\",\"@id\":\"https:\\\/\\\/projects.pmfst.unist.hr\\\/inabioamp\\\/activities\\\/meetings-archive\\\/\",\"url\":\"https:\\\/\\\/projects.pmfst.unist.hr\\\/inabioamp\\\/activities\\\/meetings-archive\\\/\",\"name\":\"Meetings archive - Investigating the role of association in bioactivity of antimicrobial peptides: from measurements, modeling to design and back\",\"isPartOf\":{\"@id\":\"https:\\\/\\\/projects.pmfst.unist.hr\\\/inabioamp\\\/#website\"},\"datePublished\":\"2024-12-10T15:55:06+00:00\",\"dateModified\":\"2024-12-10T16:01:50+00:00\",\"breadcrumb\":{\"@id\":\"https:\\\/\\\/projects.pmfst.unist.hr\\\/inabioamp\\\/activities\\\/meetings-archive\\\/#breadcrumb\"},\"inLanguage\":\"en-US\",\"potentialAction\":[{\"@type\":\"ReadAction\",\"target\":[\"https:\\\/\\\/projects.pmfst.unist.hr\\\/inabioamp\\\/activities\\\/meetings-archive\\\/\"]}]},{\"@type\":\"BreadcrumbList\",\"@id\":\"https:\\\/\\\/projects.pmfst.unist.hr\\\/inabioamp\\\/activities\\\/meetings-archive\\\/#breadcrumb\",\"itemListElement\":[{\"@type\":\"ListItem\",\"position\":1,\"name\":\"Po\u010detna stranica\",\"item\":\"https:\\\/\\\/projects.pmfst.unist.hr\\\/inabioamp\\\/\"},{\"@type\":\"ListItem\",\"position\":2,\"name\":\"Activities\",\"item\":\"https:\\\/\\\/projects.pmfst.unist.hr\\\/inabioamp\\\/activities\\\/\"},{\"@type\":\"ListItem\",\"position\":3,\"name\":\"Meetings archive\"}]},{\"@type\":\"WebSite\",\"@id\":\"https:\\\/\\\/projects.pmfst.unist.hr\\\/inabioamp\\\/#website\",\"url\":\"https:\\\/\\\/projects.pmfst.unist.hr\\\/inabioamp\\\/\",\"name\":\"Investigating the role of association in bioactivity of antimicrobial peptides: from measurements, modeling to design and back\",\"description\":\"Group for modeling and measurements of biological systems\",\"alternateName\":\"InABioAMP\",\"potentialAction\":[{\"@type\":\"SearchAction\",\"target\":{\"@type\":\"EntryPoint\",\"urlTemplate\":\"https:\\\/\\\/projects.pmfst.unist.hr\\\/inabioamp\\\/?s={search_term_string}\"},\"query-input\":{\"@type\":\"PropertyValueSpecification\",\"valueRequired\":true,\"valueName\":\"search_term_string\"}}],\"inLanguage\":\"en-US\"}]}<\/script>\n<!-- \/ Yoast SEO plugin. -->","yoast_head_json":{"title":"Meetings archive - Investigating the role of association in bioactivity of antimicrobial peptides: from measurements, modeling to design and back","robots":{"index":"index","follow":"follow","max-snippet":"max-snippet:-1","max-image-preview":"max-image-preview:large","max-video-preview":"max-video-preview:-1"},"canonical":"https:\/\/projects.pmfst.unist.hr\/inabioamp\/activities\/meetings-archive\/","og_locale":"en_US","og_type":"article","og_title":"Meetings archive - Investigating the role of association in bioactivity of antimicrobial peptides: from measurements, modeling to design and back","og_description":"10th International Meeting on Antimicrobial Peptides (IMAP) in Trieste, Italy, 6-8 September 2023 L. Zorani\u0107, T. Ron\u010devi\u0107 and M. Male\u0161 presented posters: &#8220;Lipid extraction as part of the mechanism of action of antimicrobial peptides from marine parasites&#8221; by M. Male\u0161, L. Zorani\u0107 and T. Ron\u010devi\u0107 &#8220;Anisaxins, antimicrobial peptides from zoonotic marine nematodes&#8221; by T. Ron\u010devi\u0107, [&hellip;]","og_url":"https:\/\/projects.pmfst.unist.hr\/inabioamp\/activities\/meetings-archive\/","og_site_name":"Investigating the role of association in bioactivity of antimicrobial peptides: from measurements, modeling to design and back","article_modified_time":"2024-12-10T16:01:50+00:00","twitter_card":"summary_large_image","twitter_misc":{"Est. reading time":"1 minute"},"schema":{"@context":"https:\/\/schema.org","@graph":[{"@type":"WebPage","@id":"https:\/\/projects.pmfst.unist.hr\/inabioamp\/activities\/meetings-archive\/","url":"https:\/\/projects.pmfst.unist.hr\/inabioamp\/activities\/meetings-archive\/","name":"Meetings archive - Investigating the role of association in bioactivity of antimicrobial peptides: from measurements, modeling to design and back","isPartOf":{"@id":"https:\/\/projects.pmfst.unist.hr\/inabioamp\/#website"},"datePublished":"2024-12-10T15:55:06+00:00","dateModified":"2024-12-10T16:01:50+00:00","breadcrumb":{"@id":"https:\/\/projects.pmfst.unist.hr\/inabioamp\/activities\/meetings-archive\/#breadcrumb"},"inLanguage":"en-US","potentialAction":[{"@type":"ReadAction","target":["https:\/\/projects.pmfst.unist.hr\/inabioamp\/activities\/meetings-archive\/"]}]},{"@type":"BreadcrumbList","@id":"https:\/\/projects.pmfst.unist.hr\/inabioamp\/activities\/meetings-archive\/#breadcrumb","itemListElement":[{"@type":"ListItem","position":1,"name":"Po\u010detna stranica","item":"https:\/\/projects.pmfst.unist.hr\/inabioamp\/"},{"@type":"ListItem","position":2,"name":"Activities","item":"https:\/\/projects.pmfst.unist.hr\/inabioamp\/activities\/"},{"@type":"ListItem","position":3,"name":"Meetings archive"}]},{"@type":"WebSite","@id":"https:\/\/projects.pmfst.unist.hr\/inabioamp\/#website","url":"https:\/\/projects.pmfst.unist.hr\/inabioamp\/","name":"Investigating the role of association in bioactivity of antimicrobial peptides: from measurements, modeling to design and back","description":"Group for modeling and measurements of biological systems","alternateName":"InABioAMP","potentialAction":[{"@type":"SearchAction","target":{"@type":"EntryPoint","urlTemplate":"https:\/\/projects.pmfst.unist.hr\/inabioamp\/?s={search_term_string}"},"query-input":{"@type":"PropertyValueSpecification","valueRequired":true,"valueName":"search_term_string"}}],"inLanguage":"en-US"}]}},"_links":{"self":[{"href":"https:\/\/projects.pmfst.unist.hr\/inabioamp\/wp-json\/wp\/v2\/pages\/514","targetHints":{"allow":["GET"]}}],"collection":[{"href":"https:\/\/projects.pmfst.unist.hr\/inabioamp\/wp-json\/wp\/v2\/pages"}],"about":[{"href":"https:\/\/projects.pmfst.unist.hr\/inabioamp\/wp-json\/wp\/v2\/types\/page"}],"author":[{"embeddable":true,"href":"https:\/\/projects.pmfst.unist.hr\/inabioamp\/wp-json\/wp\/v2\/users\/11"}],"replies":[{"embeddable":true,"href":"https:\/\/projects.pmfst.unist.hr\/inabioamp\/wp-json\/wp\/v2\/comments?post=514"}],"version-history":[{"count":0,"href":"https:\/\/projects.pmfst.unist.hr\/inabioamp\/wp-json\/wp\/v2\/pages\/514\/revisions"}],"up":[{"embeddable":true,"href":"https:\/\/projects.pmfst.unist.hr\/inabioamp\/wp-json\/wp\/v2\/pages\/366"}],"wp:attachment":[{"href":"https:\/\/projects.pmfst.unist.hr\/inabioamp\/wp-json\/wp\/v2\/media?parent=514"}],"curies":[{"name":"wp","href":"https:\/\/api.w.org\/{rel}","templated":true}]}}