{"id":517,"date":"2024-12-10T16:58:31","date_gmt":"2024-12-10T15:58:31","guid":{"rendered":"https:\/\/projects.pmfst.unist.hr\/inabioamp\/?page_id=517"},"modified":"2024-12-10T17:30:42","modified_gmt":"2024-12-10T16:30:42","slug":"science-popularization-archive","status":"publish","type":"page","link":"https:\/\/projects.pmfst.unist.hr\/inabioamp\/activities\/science-popularization-archive\/","title":{"rendered":"Science popularization archive"},"content":{"rendered":"<h5><a href=\"https:\/\/ci-sdz.hr\/prirodoslovlje\/\">Center of Excellence in Natural Sciences<\/a><\/h5>\n<ul>\n<li>L. Zorani\u0107 and A. Begi\u0107 attended the CI SD\u017d Project Day &#8211;\u00a0 April 2024<\/li>\n<li>Topics of lectures:<\/li>\n<li>&#8220;Water walkers and surface tension&#8221; &#8211; November 2023<\/li>\n<li>&#8220;What is viscosity?&#8221; &#8211; January 2023<\/li>\n<li>&#8220;What is entropy?&#8221; &#8211; March 2022<\/li>\n<li>&#8220;Dissipative systems and non-equilibrium thermodynamics&#8221; &#8211; February 2021<\/li>\n<li>&#8220;Physics of water transport in plants&#8221; &#8211; November 2019<\/li>\n<li>&#8220;The fastest way to heat up water&#8221; &#8211; January 2019<\/li>\n<\/ul>\n<h5>Science festival in Split, April 2022<\/h5>\n<ul>\n<li>L. Zorani\u0107 organized the activity &#8220;A View from the Other Side &#8211; Physics in Biology&#8221;<\/li>\n<li>A. Begi\u0107 gave a presentation on the topic &#8220;Life and light &#8211; the story of photosynthesis&#8221;<\/li>\n<\/ul>\n","protected":false},"excerpt":{"rendered":"<p>Center of Excellence in Natural Sciences L. Zorani\u0107 and A. Begi\u0107 attended the CI SD\u017d Project Day &#8211;\u00a0 April 2024 Topics of lectures: &#8220;Water walkers and surface tension&#8221; &#8211; November 2023 &#8220;What is viscosity?&#8221; &#8211; January 2023 &#8220;What is entropy?&#8221; &#8211; March 2022 &#8220;Dissipative systems and non-equilibrium thermodynamics&#8221; &#8211; February 2021 &#8220;Physics of water transport [&hellip;]<\/p>\n","protected":false},"author":11,"featured_media":0,"parent":366,"menu_order":0,"comment_status":"closed","ping_status":"closed","template":"","meta":{"footnotes":""},"class_list":["post-517","page","type-page","status-publish","hentry"],"yoast_head":"<!-- This site is optimized with the Yoast SEO plugin v27.3 - https:\/\/yoast.com\/product\/yoast-seo-wordpress\/ -->\n<title>Science popularization archive - Investigating the role of association in bioactivity of antimicrobial peptides: from measurements, modeling to design and back<\/title>\n<meta name=\"robots\" content=\"index, follow, max-snippet:-1, max-image-preview:large, max-video-preview:-1\" \/>\n<link rel=\"canonical\" href=\"https:\/\/projects.pmfst.unist.hr\/inabioamp\/activities\/science-popularization-archive\/\" \/>\n<meta property=\"og:locale\" content=\"en_US\" \/>\n<meta property=\"og:type\" content=\"article\" \/>\n<meta property=\"og:title\" content=\"Science popularization archive - Investigating the role of association in bioactivity of antimicrobial peptides: from measurements, modeling to design and back\" \/>\n<meta property=\"og:description\" content=\"Center of Excellence in Natural Sciences L. Zorani\u0107 and A. Begi\u0107 attended the CI SD\u017d Project Day &#8211;\u00a0 April 2024 Topics of lectures: &#8220;Water walkers and surface tension&#8221; &#8211; November 2023 &#8220;What is viscosity?&#8221; &#8211; January 2023 &#8220;What is entropy?&#8221; &#8211; March 2022 &#8220;Dissipative systems and non-equilibrium thermodynamics&#8221; &#8211; February 2021 &#8220;Physics of water transport [&hellip;]\" \/>\n<meta property=\"og:url\" content=\"https:\/\/projects.pmfst.unist.hr\/inabioamp\/activities\/science-popularization-archive\/\" \/>\n<meta property=\"og:site_name\" content=\"Investigating the role of association in bioactivity of antimicrobial peptides: from measurements, modeling to design and back\" \/>\n<meta property=\"article:modified_time\" content=\"2024-12-10T16:30:42+00:00\" \/>\n<meta name=\"twitter:card\" content=\"summary_large_image\" \/>\n<meta name=\"twitter:label1\" content=\"Est. reading time\" \/>\n\t<meta name=\"twitter:data1\" content=\"1 minute\" \/>\n<script type=\"application\/ld+json\" class=\"yoast-schema-graph\">{\"@context\":\"https:\\\/\\\/schema.org\",\"@graph\":[{\"@type\":\"WebPage\",\"@id\":\"https:\\\/\\\/projects.pmfst.unist.hr\\\/inabioamp\\\/activities\\\/science-popularization-archive\\\/\",\"url\":\"https:\\\/\\\/projects.pmfst.unist.hr\\\/inabioamp\\\/activities\\\/science-popularization-archive\\\/\",\"name\":\"Science popularization archive - Investigating the role of association in bioactivity of antimicrobial peptides: from measurements, modeling to design and back\",\"isPartOf\":{\"@id\":\"https:\\\/\\\/projects.pmfst.unist.hr\\\/inabioamp\\\/#website\"},\"datePublished\":\"2024-12-10T15:58:31+00:00\",\"dateModified\":\"2024-12-10T16:30:42+00:00\",\"breadcrumb\":{\"@id\":\"https:\\\/\\\/projects.pmfst.unist.hr\\\/inabioamp\\\/activities\\\/science-popularization-archive\\\/#breadcrumb\"},\"inLanguage\":\"en-US\",\"potentialAction\":[{\"@type\":\"ReadAction\",\"target\":[\"https:\\\/\\\/projects.pmfst.unist.hr\\\/inabioamp\\\/activities\\\/science-popularization-archive\\\/\"]}]},{\"@type\":\"BreadcrumbList\",\"@id\":\"https:\\\/\\\/projects.pmfst.unist.hr\\\/inabioamp\\\/activities\\\/science-popularization-archive\\\/#breadcrumb\",\"itemListElement\":[{\"@type\":\"ListItem\",\"position\":1,\"name\":\"Po\u010detna stranica\",\"item\":\"https:\\\/\\\/projects.pmfst.unist.hr\\\/inabioamp\\\/\"},{\"@type\":\"ListItem\",\"position\":2,\"name\":\"Activities\",\"item\":\"https:\\\/\\\/projects.pmfst.unist.hr\\\/inabioamp\\\/activities\\\/\"},{\"@type\":\"ListItem\",\"position\":3,\"name\":\"Science popularization archive\"}]},{\"@type\":\"WebSite\",\"@id\":\"https:\\\/\\\/projects.pmfst.unist.hr\\\/inabioamp\\\/#website\",\"url\":\"https:\\\/\\\/projects.pmfst.unist.hr\\\/inabioamp\\\/\",\"name\":\"Investigating the role of association in bioactivity of antimicrobial peptides: from measurements, modeling to design and back\",\"description\":\"Group for modeling and measurements of biological systems\",\"alternateName\":\"InABioAMP\",\"potentialAction\":[{\"@type\":\"SearchAction\",\"target\":{\"@type\":\"EntryPoint\",\"urlTemplate\":\"https:\\\/\\\/projects.pmfst.unist.hr\\\/inabioamp\\\/?s={search_term_string}\"},\"query-input\":{\"@type\":\"PropertyValueSpecification\",\"valueRequired\":true,\"valueName\":\"search_term_string\"}}],\"inLanguage\":\"en-US\"}]}<\/script>\n<!-- \/ Yoast SEO plugin. -->","yoast_head_json":{"title":"Science popularization archive - Investigating the role of association in bioactivity of antimicrobial peptides: from measurements, modeling to design and back","robots":{"index":"index","follow":"follow","max-snippet":"max-snippet:-1","max-image-preview":"max-image-preview:large","max-video-preview":"max-video-preview:-1"},"canonical":"https:\/\/projects.pmfst.unist.hr\/inabioamp\/activities\/science-popularization-archive\/","og_locale":"en_US","og_type":"article","og_title":"Science popularization archive - Investigating the role of association in bioactivity of antimicrobial peptides: from measurements, modeling to design and back","og_description":"Center of Excellence in Natural Sciences L. Zorani\u0107 and A. Begi\u0107 attended the CI SD\u017d Project Day &#8211;\u00a0 April 2024 Topics of lectures: &#8220;Water walkers and surface tension&#8221; &#8211; November 2023 &#8220;What is viscosity?&#8221; &#8211; January 2023 &#8220;What is entropy?&#8221; &#8211; March 2022 &#8220;Dissipative systems and non-equilibrium thermodynamics&#8221; &#8211; February 2021 &#8220;Physics of water transport [&hellip;]","og_url":"https:\/\/projects.pmfst.unist.hr\/inabioamp\/activities\/science-popularization-archive\/","og_site_name":"Investigating the role of association in bioactivity of antimicrobial peptides: from measurements, modeling to design and back","article_modified_time":"2024-12-10T16:30:42+00:00","twitter_card":"summary_large_image","twitter_misc":{"Est. reading time":"1 minute"},"schema":{"@context":"https:\/\/schema.org","@graph":[{"@type":"WebPage","@id":"https:\/\/projects.pmfst.unist.hr\/inabioamp\/activities\/science-popularization-archive\/","url":"https:\/\/projects.pmfst.unist.hr\/inabioamp\/activities\/science-popularization-archive\/","name":"Science popularization archive - Investigating the role of association in bioactivity of antimicrobial peptides: from measurements, modeling to design and back","isPartOf":{"@id":"https:\/\/projects.pmfst.unist.hr\/inabioamp\/#website"},"datePublished":"2024-12-10T15:58:31+00:00","dateModified":"2024-12-10T16:30:42+00:00","breadcrumb":{"@id":"https:\/\/projects.pmfst.unist.hr\/inabioamp\/activities\/science-popularization-archive\/#breadcrumb"},"inLanguage":"en-US","potentialAction":[{"@type":"ReadAction","target":["https:\/\/projects.pmfst.unist.hr\/inabioamp\/activities\/science-popularization-archive\/"]}]},{"@type":"BreadcrumbList","@id":"https:\/\/projects.pmfst.unist.hr\/inabioamp\/activities\/science-popularization-archive\/#breadcrumb","itemListElement":[{"@type":"ListItem","position":1,"name":"Po\u010detna stranica","item":"https:\/\/projects.pmfst.unist.hr\/inabioamp\/"},{"@type":"ListItem","position":2,"name":"Activities","item":"https:\/\/projects.pmfst.unist.hr\/inabioamp\/activities\/"},{"@type":"ListItem","position":3,"name":"Science popularization archive"}]},{"@type":"WebSite","@id":"https:\/\/projects.pmfst.unist.hr\/inabioamp\/#website","url":"https:\/\/projects.pmfst.unist.hr\/inabioamp\/","name":"Investigating the role of association in bioactivity of antimicrobial peptides: from measurements, modeling to design and back","description":"Group for modeling and measurements of biological systems","alternateName":"InABioAMP","potentialAction":[{"@type":"SearchAction","target":{"@type":"EntryPoint","urlTemplate":"https:\/\/projects.pmfst.unist.hr\/inabioamp\/?s={search_term_string}"},"query-input":{"@type":"PropertyValueSpecification","valueRequired":true,"valueName":"search_term_string"}}],"inLanguage":"en-US"}]}},"_links":{"self":[{"href":"https:\/\/projects.pmfst.unist.hr\/inabioamp\/wp-json\/wp\/v2\/pages\/517","targetHints":{"allow":["GET"]}}],"collection":[{"href":"https:\/\/projects.pmfst.unist.hr\/inabioamp\/wp-json\/wp\/v2\/pages"}],"about":[{"href":"https:\/\/projects.pmfst.unist.hr\/inabioamp\/wp-json\/wp\/v2\/types\/page"}],"author":[{"embeddable":true,"href":"https:\/\/projects.pmfst.unist.hr\/inabioamp\/wp-json\/wp\/v2\/users\/11"}],"replies":[{"embeddable":true,"href":"https:\/\/projects.pmfst.unist.hr\/inabioamp\/wp-json\/wp\/v2\/comments?post=517"}],"version-history":[{"count":0,"href":"https:\/\/projects.pmfst.unist.hr\/inabioamp\/wp-json\/wp\/v2\/pages\/517\/revisions"}],"up":[{"embeddable":true,"href":"https:\/\/projects.pmfst.unist.hr\/inabioamp\/wp-json\/wp\/v2\/pages\/366"}],"wp:attachment":[{"href":"https:\/\/projects.pmfst.unist.hr\/inabioamp\/wp-json\/wp\/v2\/media?parent=517"}],"curies":[{"name":"wp","href":"https:\/\/api.w.org\/{rel}","templated":true}]}}