{"id":27,"date":"2026-02-19T09:26:07","date_gmt":"2026-02-19T08:26:07","guid":{"rendered":"https:\/\/projects.pmfst.unist.hr\/itpem\/project-info\/"},"modified":"2026-02-19T09:28:31","modified_gmt":"2026-02-19T08:28:31","slug":"project-info","status":"publish","type":"page","link":"https:\/\/projects.pmfst.unist.hr\/itpem\/project-info\/?lang=en","title":{"rendered":"Project info"},"content":{"rendered":"<div class=\"wpb-content-wrapper\">[vc_row][vc_column][vc_column_text margin_bottom=&#8221;0&#8243;]<strong>Project name: Research in Theoretical, Applied and Educational MathematicsNaziv projekta : <\/strong><strong>Istra\u017eivanja u teorijskoj, primijenjenoj i edukacijskoj matematici<\/strong><br \/>\n<strong>Akronim: <\/strong>ITPEM<br \/>\n<strong>\u0160ifra projekta:<\/strong> IP-UNIST-44<br \/>\n<strong>Trajanje projekta: <\/strong>2025-2029<\/p>\n<p><strong>Sa\u017eetak: <\/strong><br \/>\nOdjel za matematiku PMF-a u Splitu, kao nositelj studija matematike, okuplja matemati\u010dare aktivne u razli\u010ditim granama matematike, pa je projekt podijeljen u sedam radnih paketa: (1) teorijska kombinatorika, (2) primijenjena kombinatorika, (3) logika, (4) teorija brojeva, (5) topologija i dinami\u010dki sustavi, (6) edukacijska matematika i (7) analiza.<br \/>\nIako se radni paketi odnose na razli\u010dite grane matematike, zna\u010dajan dio istra\u017eiva\u010dkoga tima sura\u0111ivat \u0107e unutar radnoga paketa edukacijske matematike, s ciljem povezivanja znanstvenih uvida s unaprje\u0111enjem studijskih programa i nastavnih procesa. \u010clanovi tima planiraju i vi\u0161e aktivnosti popularizacije znanosti, me\u0111u kojima su: Matemati\u010dki klub, Ve\u010der matematike, Festival znanosti, pripreme u\u010denika za natjecanja, Centar izvrsnosti iz matematike, inicijativa \u201cStudenti za u\u010denike\u201d, suradnja s Centrom Maestral.<br \/>\nProjekt promi\u010de znanstvenu izvrsnost, suradnju, unaprje\u0111enje matemati\u010dkog obrazovanja i ja\u010danje veza izme\u0111u akademske zajednice i dru\u0161tva.[\/vc_column_text][\/vc_column][\/vc_row]\n<\/div>","protected":false},"excerpt":{"rendered":"<p>[vc_row][vc_column][vc_column_text margin_bottom=&#8221;0&#8243;]Project name: Research in Theoretical, Applied and Educational MathematicsNaziv projekta : Istra\u017eivanja u teorijskoj, primijenjenoj i edukacijskoj matematici Akronim: ITPEM \u0160ifra projekta: IP-UNIST-44 Trajanje projekta: 2025-2029 Sa\u017eetak: Odjel za matematiku PMF-a u Splitu, kao nositelj studija matematike, okuplja matemati\u010dare aktivne u razli\u010ditim granama matematike, pa je projekt podijeljen u sedam radnih paketa: (1) teorijska [&hellip;]<\/p>\n","protected":false},"author":1,"featured_media":0,"parent":0,"menu_order":0,"comment_status":"closed","ping_status":"closed","template":"","meta":{"footnotes":""},"class_list":["post-27","page","type-page","status-publish","hentry"],"yoast_head":"<!-- This site is optimized with the Yoast SEO plugin v27.3 - https:\/\/yoast.com\/product\/yoast-seo-wordpress\/ -->\n<title>Project info - Istra\u017eivanja u teorijskoj, primijenjenoj i edukacijskoj matematici<\/title>\n<meta name=\"robots\" content=\"index, follow, max-snippet:-1, max-image-preview:large, max-video-preview:-1\" \/>\n<link rel=\"canonical\" href=\"https:\/\/projects.pmfst.unist.hr\/itpem\/project-info\/\" \/>\n<meta property=\"og:locale\" content=\"hr_HR\" \/>\n<meta property=\"og:type\" content=\"article\" \/>\n<meta property=\"og:title\" content=\"Project info - Istra\u017eivanja u teorijskoj, primijenjenoj i edukacijskoj matematici\" \/>\n<meta property=\"og:description\" content=\"[vc_row][vc_column][vc_column_text margin_bottom=&#8221;0&#8243;]Project name: Research in Theoretical, Applied and Educational MathematicsNaziv projekta : Istra\u017eivanja u teorijskoj, primijenjenoj i edukacijskoj matematici Akronim: ITPEM \u0160ifra projekta: IP-UNIST-44 Trajanje projekta: 2025-2029 Sa\u017eetak: Odjel za matematiku PMF-a u Splitu, kao nositelj studija matematike, okuplja matemati\u010dare aktivne u razli\u010ditim granama matematike, pa je projekt podijeljen u sedam radnih paketa: (1) teorijska [&hellip;]\" \/>\n<meta property=\"og:url\" content=\"https:\/\/projects.pmfst.unist.hr\/itpem\/project-info\/?lang=en\" \/>\n<meta property=\"og:site_name\" content=\"Istra\u017eivanja u teorijskoj, primijenjenoj i edukacijskoj matematici\" \/>\n<meta property=\"article:modified_time\" content=\"2026-02-19T08:28:31+00:00\" \/>\n<meta name=\"twitter:card\" content=\"summary_large_image\" \/>\n<meta name=\"twitter:label1\" content=\"Procijenjeno vrijeme \u010ditanja\" \/>\n\t<meta name=\"twitter:data1\" content=\"1 minuta\" \/>\n<script type=\"application\/ld+json\" class=\"yoast-schema-graph\">{\"@context\":\"https:\\\/\\\/schema.org\",\"@graph\":[{\"@type\":\"WebPage\",\"@id\":\"https:\\\/\\\/projects.pmfst.unist.hr\\\/itpem\\\/project-info\\\/?lang=en\",\"url\":\"https:\\\/\\\/projects.pmfst.unist.hr\\\/itpem\\\/project-info\\\/?lang=en\",\"name\":\"Project info - Istra\u017eivanja u teorijskoj, primijenjenoj i edukacijskoj matematici\",\"isPartOf\":{\"@id\":\"https:\\\/\\\/projects.pmfst.unist.hr\\\/itpem\\\/#website\"},\"datePublished\":\"2026-02-19T08:26:07+00:00\",\"dateModified\":\"2026-02-19T08:28:31+00:00\",\"breadcrumb\":{\"@id\":\"https:\\\/\\\/projects.pmfst.unist.hr\\\/itpem\\\/project-info\\\/?lang=en#breadcrumb\"},\"inLanguage\":\"hr\",\"potentialAction\":[{\"@type\":\"ReadAction\",\"target\":[\"https:\\\/\\\/projects.pmfst.unist.hr\\\/itpem\\\/project-info\\\/?lang=en\"]}]},{\"@type\":\"BreadcrumbList\",\"@id\":\"https:\\\/\\\/projects.pmfst.unist.hr\\\/itpem\\\/project-info\\\/?lang=en#breadcrumb\",\"itemListElement\":[{\"@type\":\"ListItem\",\"position\":1,\"name\":\"Po\u010detna stranica\",\"item\":\"https:\\\/\\\/projects.pmfst.unist.hr\\\/itpem\\\/\"},{\"@type\":\"ListItem\",\"position\":2,\"name\":\"Project info\"}]},{\"@type\":\"WebSite\",\"@id\":\"https:\\\/\\\/projects.pmfst.unist.hr\\\/itpem\\\/#website\",\"url\":\"https:\\\/\\\/projects.pmfst.unist.hr\\\/itpem\\\/\",\"name\":\"Istra\u017eivanja u teorijskoj, primijenjenoj i edukacijskoj matematici\",\"description\":\"\",\"potentialAction\":[{\"@type\":\"SearchAction\",\"target\":{\"@type\":\"EntryPoint\",\"urlTemplate\":\"https:\\\/\\\/projects.pmfst.unist.hr\\\/itpem\\\/?s={search_term_string}\"},\"query-input\":{\"@type\":\"PropertyValueSpecification\",\"valueRequired\":true,\"valueName\":\"search_term_string\"}}],\"inLanguage\":\"hr\"}]}<\/script>\n<!-- \/ Yoast SEO plugin. -->","yoast_head_json":{"title":"Project info - Istra\u017eivanja u teorijskoj, primijenjenoj i edukacijskoj matematici","robots":{"index":"index","follow":"follow","max-snippet":"max-snippet:-1","max-image-preview":"max-image-preview:large","max-video-preview":"max-video-preview:-1"},"canonical":"https:\/\/projects.pmfst.unist.hr\/itpem\/project-info\/","og_locale":"hr_HR","og_type":"article","og_title":"Project info - Istra\u017eivanja u teorijskoj, primijenjenoj i edukacijskoj matematici","og_description":"[vc_row][vc_column][vc_column_text margin_bottom=&#8221;0&#8243;]Project name: Research in Theoretical, Applied and Educational MathematicsNaziv projekta : Istra\u017eivanja u teorijskoj, primijenjenoj i edukacijskoj matematici Akronim: ITPEM \u0160ifra projekta: IP-UNIST-44 Trajanje projekta: 2025-2029 Sa\u017eetak: Odjel za matematiku PMF-a u Splitu, kao nositelj studija matematike, okuplja matemati\u010dare aktivne u razli\u010ditim granama matematike, pa je projekt podijeljen u sedam radnih paketa: (1) teorijska [&hellip;]","og_url":"https:\/\/projects.pmfst.unist.hr\/itpem\/project-info\/?lang=en","og_site_name":"Istra\u017eivanja u teorijskoj, primijenjenoj i edukacijskoj matematici","article_modified_time":"2026-02-19T08:28:31+00:00","twitter_card":"summary_large_image","twitter_misc":{"Procijenjeno vrijeme \u010ditanja":"1 minuta"},"schema":{"@context":"https:\/\/schema.org","@graph":[{"@type":"WebPage","@id":"https:\/\/projects.pmfst.unist.hr\/itpem\/project-info\/?lang=en","url":"https:\/\/projects.pmfst.unist.hr\/itpem\/project-info\/?lang=en","name":"Project info - Istra\u017eivanja u teorijskoj, primijenjenoj i edukacijskoj matematici","isPartOf":{"@id":"https:\/\/projects.pmfst.unist.hr\/itpem\/#website"},"datePublished":"2026-02-19T08:26:07+00:00","dateModified":"2026-02-19T08:28:31+00:00","breadcrumb":{"@id":"https:\/\/projects.pmfst.unist.hr\/itpem\/project-info\/?lang=en#breadcrumb"},"inLanguage":"hr","potentialAction":[{"@type":"ReadAction","target":["https:\/\/projects.pmfst.unist.hr\/itpem\/project-info\/?lang=en"]}]},{"@type":"BreadcrumbList","@id":"https:\/\/projects.pmfst.unist.hr\/itpem\/project-info\/?lang=en#breadcrumb","itemListElement":[{"@type":"ListItem","position":1,"name":"Po\u010detna stranica","item":"https:\/\/projects.pmfst.unist.hr\/itpem\/"},{"@type":"ListItem","position":2,"name":"Project info"}]},{"@type":"WebSite","@id":"https:\/\/projects.pmfst.unist.hr\/itpem\/#website","url":"https:\/\/projects.pmfst.unist.hr\/itpem\/","name":"Istra\u017eivanja u teorijskoj, primijenjenoj i edukacijskoj matematici","description":"","potentialAction":[{"@type":"SearchAction","target":{"@type":"EntryPoint","urlTemplate":"https:\/\/projects.pmfst.unist.hr\/itpem\/?s={search_term_string}"},"query-input":{"@type":"PropertyValueSpecification","valueRequired":true,"valueName":"search_term_string"}}],"inLanguage":"hr"}]}},"_links":{"self":[{"href":"https:\/\/projects.pmfst.unist.hr\/itpem\/wp-json\/wp\/v2\/pages\/27","targetHints":{"allow":["GET"]}}],"collection":[{"href":"https:\/\/projects.pmfst.unist.hr\/itpem\/wp-json\/wp\/v2\/pages"}],"about":[{"href":"https:\/\/projects.pmfst.unist.hr\/itpem\/wp-json\/wp\/v2\/types\/page"}],"author":[{"embeddable":true,"href":"https:\/\/projects.pmfst.unist.hr\/itpem\/wp-json\/wp\/v2\/users\/1"}],"replies":[{"embeddable":true,"href":"https:\/\/projects.pmfst.unist.hr\/itpem\/wp-json\/wp\/v2\/comments?post=27"}],"version-history":[{"count":7,"href":"https:\/\/projects.pmfst.unist.hr\/itpem\/wp-json\/wp\/v2\/pages\/27\/revisions"}],"predecessor-version":[{"id":34,"href":"https:\/\/projects.pmfst.unist.hr\/itpem\/wp-json\/wp\/v2\/pages\/27\/revisions\/34"}],"wp:attachment":[{"href":"https:\/\/projects.pmfst.unist.hr\/itpem\/wp-json\/wp\/v2\/media?parent=27"}],"curies":[{"name":"wp","href":"https:\/\/api.w.org\/{rel}","templated":true}]}}