{"id":40,"date":"2026-02-19T10:12:35","date_gmt":"2026-02-19T09:12:35","guid":{"rendered":"https:\/\/projects.pmfst.unist.hr\/itpem\/research-teamistrazivacki-tim\/"},"modified":"2026-04-02T11:17:28","modified_gmt":"2026-04-02T09:17:28","slug":"research-teamistrazivacki-tim","status":"publish","type":"page","link":"https:\/\/projects.pmfst.unist.hr\/itpem\/research-teamistrazivacki-tim\/?lang=en","title":{"rendered":"Research Team"},"content":{"rendered":"<div class=\"wpb-content-wrapper\">[vc_row][vc_column][mk_table]\n<strong>Team leader: <\/strong> Damir Vuki\u010devi\u0107<\/p>\n<p><strong>Team members :<\/strong><\/p>\n<ol>\n<li>Milica Klari\u010di\u0107 Bakula<\/li>\n<li>Nikola Kocei\u0107 Bilan<\/li>\n<li>Borka Jadrijevi\u0107<\/li>\n<li>Jurica Peri\u0107<\/li>\n<li>Marija Bliznac Trebje\u0161anin<\/li>\n<li>Snje\u017eana Brai\u0107<\/li>\n<li>Goran Erceg<\/li>\n<li>Dino Peran<\/li>\n<li>Domagoj Jeli\u0107<\/li>\n<li>Ivan Jeli\u0107<\/li>\n<li>Jelena Ple\u0161tina<\/li>\n<li>Stipe Mari\u0107<\/li>\n<li>Ton\u0107i Crmari\u0107<\/li>\n<li>Pavao Radi\u0107<\/li>\n<li>Lucija Gugi\u0107<\/li>\n<\/ol>\n[\/mk_table][\/vc_column][\/vc_row]\n<\/div>","protected":false},"excerpt":{"rendered":"<p>[vc_row][vc_column][mk_table] Team leader: Damir Vuki\u010devi\u0107 Team members : Milica Klari\u010di\u0107 Bakula Nikola Kocei\u0107 Bilan Borka Jadrijevi\u0107 Jurica Peri\u0107 Marija Bliznac Trebje\u0161anin Snje\u017eana Brai\u0107 Goran Erceg Dino Peran Domagoj Jeli\u0107 Ivan Jeli\u0107 Jelena Ple\u0161tina Stipe Mari\u0107 Ton\u0107i Crmari\u0107 Pavao Radi\u0107 Lucija Gugi\u0107 [\/mk_table][\/vc_column][\/vc_row]<\/p>\n","protected":false},"author":1,"featured_media":0,"parent":0,"menu_order":0,"comment_status":"closed","ping_status":"closed","template":"","meta":{"footnotes":""},"class_list":["post-40","page","type-page","status-publish","hentry"],"yoast_head":"<!-- This site is optimized with the Yoast SEO plugin v27.3 - https:\/\/yoast.com\/product\/yoast-seo-wordpress\/ -->\n<title>Research Team - Istra\u017eivanja u teorijskoj, primijenjenoj i edukacijskoj matematici<\/title>\n<meta name=\"robots\" content=\"index, follow, max-snippet:-1, max-image-preview:large, max-video-preview:-1\" \/>\n<link rel=\"canonical\" href=\"https:\/\/projects.pmfst.unist.hr\/itpem\/research-teamistrazivacki-tim\/\" \/>\n<meta property=\"og:locale\" content=\"hr_HR\" \/>\n<meta property=\"og:type\" content=\"article\" \/>\n<meta property=\"og:title\" content=\"Research Team - Istra\u017eivanja u teorijskoj, primijenjenoj i edukacijskoj matematici\" \/>\n<meta property=\"og:description\" content=\"[vc_row][vc_column][mk_table] Team leader: Damir Vuki\u010devi\u0107 Team members : Milica Klari\u010di\u0107 Bakula Nikola Kocei\u0107 Bilan Borka Jadrijevi\u0107 Jurica Peri\u0107 Marija Bliznac Trebje\u0161anin Snje\u017eana Brai\u0107 Goran Erceg Dino Peran Domagoj Jeli\u0107 Ivan Jeli\u0107 Jelena Ple\u0161tina Stipe Mari\u0107 Ton\u0107i Crmari\u0107 Pavao Radi\u0107 Lucija Gugi\u0107 [\/mk_table][\/vc_column][\/vc_row]\" \/>\n<meta property=\"og:url\" content=\"https:\/\/projects.pmfst.unist.hr\/itpem\/research-teamistrazivacki-tim\/?lang=en\" \/>\n<meta property=\"og:site_name\" content=\"Istra\u017eivanja u teorijskoj, primijenjenoj i edukacijskoj matematici\" \/>\n<meta property=\"article:modified_time\" content=\"2026-04-02T09:17:28+00:00\" \/>\n<meta name=\"twitter:card\" content=\"summary_large_image\" \/>\n<meta name=\"twitter:label1\" content=\"Procijenjeno vrijeme \u010ditanja\" \/>\n\t<meta name=\"twitter:data1\" content=\"1 minuta\" \/>\n<script type=\"application\/ld+json\" class=\"yoast-schema-graph\">{\"@context\":\"https:\\\/\\\/schema.org\",\"@graph\":[{\"@type\":\"WebPage\",\"@id\":\"https:\\\/\\\/projects.pmfst.unist.hr\\\/itpem\\\/research-teamistrazivacki-tim\\\/?lang=en\",\"url\":\"https:\\\/\\\/projects.pmfst.unist.hr\\\/itpem\\\/research-teamistrazivacki-tim\\\/?lang=en\",\"name\":\"Research Team - Istra\u017eivanja u teorijskoj, primijenjenoj i edukacijskoj matematici\",\"isPartOf\":{\"@id\":\"https:\\\/\\\/projects.pmfst.unist.hr\\\/itpem\\\/#website\"},\"datePublished\":\"2026-02-19T09:12:35+00:00\",\"dateModified\":\"2026-04-02T09:17:28+00:00\",\"breadcrumb\":{\"@id\":\"https:\\\/\\\/projects.pmfst.unist.hr\\\/itpem\\\/research-teamistrazivacki-tim\\\/?lang=en#breadcrumb\"},\"inLanguage\":\"hr\",\"potentialAction\":[{\"@type\":\"ReadAction\",\"target\":[\"https:\\\/\\\/projects.pmfst.unist.hr\\\/itpem\\\/research-teamistrazivacki-tim\\\/?lang=en\"]}]},{\"@type\":\"BreadcrumbList\",\"@id\":\"https:\\\/\\\/projects.pmfst.unist.hr\\\/itpem\\\/research-teamistrazivacki-tim\\\/?lang=en#breadcrumb\",\"itemListElement\":[{\"@type\":\"ListItem\",\"position\":1,\"name\":\"Po\u010detna stranica\",\"item\":\"https:\\\/\\\/projects.pmfst.unist.hr\\\/itpem\\\/\"},{\"@type\":\"ListItem\",\"position\":2,\"name\":\"Research Team\"}]},{\"@type\":\"WebSite\",\"@id\":\"https:\\\/\\\/projects.pmfst.unist.hr\\\/itpem\\\/#website\",\"url\":\"https:\\\/\\\/projects.pmfst.unist.hr\\\/itpem\\\/\",\"name\":\"Istra\u017eivanja u teorijskoj, primijenjenoj i edukacijskoj matematici\",\"description\":\"\",\"potentialAction\":[{\"@type\":\"SearchAction\",\"target\":{\"@type\":\"EntryPoint\",\"urlTemplate\":\"https:\\\/\\\/projects.pmfst.unist.hr\\\/itpem\\\/?s={search_term_string}\"},\"query-input\":{\"@type\":\"PropertyValueSpecification\",\"valueRequired\":true,\"valueName\":\"search_term_string\"}}],\"inLanguage\":\"hr\"}]}<\/script>\n<!-- \/ Yoast SEO plugin. -->","yoast_head_json":{"title":"Research Team - Istra\u017eivanja u teorijskoj, primijenjenoj i edukacijskoj matematici","robots":{"index":"index","follow":"follow","max-snippet":"max-snippet:-1","max-image-preview":"max-image-preview:large","max-video-preview":"max-video-preview:-1"},"canonical":"https:\/\/projects.pmfst.unist.hr\/itpem\/research-teamistrazivacki-tim\/","og_locale":"hr_HR","og_type":"article","og_title":"Research Team - Istra\u017eivanja u teorijskoj, primijenjenoj i edukacijskoj matematici","og_description":"[vc_row][vc_column][mk_table] Team leader: Damir Vuki\u010devi\u0107 Team members : Milica Klari\u010di\u0107 Bakula Nikola Kocei\u0107 Bilan Borka Jadrijevi\u0107 Jurica Peri\u0107 Marija Bliznac Trebje\u0161anin Snje\u017eana Brai\u0107 Goran Erceg Dino Peran Domagoj Jeli\u0107 Ivan Jeli\u0107 Jelena Ple\u0161tina Stipe Mari\u0107 Ton\u0107i Crmari\u0107 Pavao Radi\u0107 Lucija Gugi\u0107 [\/mk_table][\/vc_column][\/vc_row]","og_url":"https:\/\/projects.pmfst.unist.hr\/itpem\/research-teamistrazivacki-tim\/?lang=en","og_site_name":"Istra\u017eivanja u teorijskoj, primijenjenoj i edukacijskoj matematici","article_modified_time":"2026-04-02T09:17:28+00:00","twitter_card":"summary_large_image","twitter_misc":{"Procijenjeno vrijeme \u010ditanja":"1 minuta"},"schema":{"@context":"https:\/\/schema.org","@graph":[{"@type":"WebPage","@id":"https:\/\/projects.pmfst.unist.hr\/itpem\/research-teamistrazivacki-tim\/?lang=en","url":"https:\/\/projects.pmfst.unist.hr\/itpem\/research-teamistrazivacki-tim\/?lang=en","name":"Research Team - Istra\u017eivanja u teorijskoj, primijenjenoj i edukacijskoj matematici","isPartOf":{"@id":"https:\/\/projects.pmfst.unist.hr\/itpem\/#website"},"datePublished":"2026-02-19T09:12:35+00:00","dateModified":"2026-04-02T09:17:28+00:00","breadcrumb":{"@id":"https:\/\/projects.pmfst.unist.hr\/itpem\/research-teamistrazivacki-tim\/?lang=en#breadcrumb"},"inLanguage":"hr","potentialAction":[{"@type":"ReadAction","target":["https:\/\/projects.pmfst.unist.hr\/itpem\/research-teamistrazivacki-tim\/?lang=en"]}]},{"@type":"BreadcrumbList","@id":"https:\/\/projects.pmfst.unist.hr\/itpem\/research-teamistrazivacki-tim\/?lang=en#breadcrumb","itemListElement":[{"@type":"ListItem","position":1,"name":"Po\u010detna stranica","item":"https:\/\/projects.pmfst.unist.hr\/itpem\/"},{"@type":"ListItem","position":2,"name":"Research Team"}]},{"@type":"WebSite","@id":"https:\/\/projects.pmfst.unist.hr\/itpem\/#website","url":"https:\/\/projects.pmfst.unist.hr\/itpem\/","name":"Istra\u017eivanja u teorijskoj, primijenjenoj i edukacijskoj matematici","description":"","potentialAction":[{"@type":"SearchAction","target":{"@type":"EntryPoint","urlTemplate":"https:\/\/projects.pmfst.unist.hr\/itpem\/?s={search_term_string}"},"query-input":{"@type":"PropertyValueSpecification","valueRequired":true,"valueName":"search_term_string"}}],"inLanguage":"hr"}]}},"_links":{"self":[{"href":"https:\/\/projects.pmfst.unist.hr\/itpem\/wp-json\/wp\/v2\/pages\/40","targetHints":{"allow":["GET"]}}],"collection":[{"href":"https:\/\/projects.pmfst.unist.hr\/itpem\/wp-json\/wp\/v2\/pages"}],"about":[{"href":"https:\/\/projects.pmfst.unist.hr\/itpem\/wp-json\/wp\/v2\/types\/page"}],"author":[{"embeddable":true,"href":"https:\/\/projects.pmfst.unist.hr\/itpem\/wp-json\/wp\/v2\/users\/1"}],"replies":[{"embeddable":true,"href":"https:\/\/projects.pmfst.unist.hr\/itpem\/wp-json\/wp\/v2\/comments?post=40"}],"version-history":[{"count":3,"href":"https:\/\/projects.pmfst.unist.hr\/itpem\/wp-json\/wp\/v2\/pages\/40\/revisions"}],"predecessor-version":[{"id":77,"href":"https:\/\/projects.pmfst.unist.hr\/itpem\/wp-json\/wp\/v2\/pages\/40\/revisions\/77"}],"wp:attachment":[{"href":"https:\/\/projects.pmfst.unist.hr\/itpem\/wp-json\/wp\/v2\/media?parent=40"}],"curies":[{"name":"wp","href":"https:\/\/api.w.org\/{rel}","templated":true}]}}