{"id":174,"date":"2025-10-02T14:12:19","date_gmt":"2025-10-02T12:12:19","guid":{"rendered":"https:\/\/projects.pmfst.unist.hr\/kmk\/?page_id=174"},"modified":"2025-10-02T14:13:43","modified_gmt":"2025-10-02T12:13:43","slug":"o-projektu","status":"publish","type":"page","link":"https:\/\/projects.pmfst.unist.hr\/kmk\/o-projektu\/","title":{"rendered":"O projektu"},"content":{"rendered":"<div class=\"wpb-content-wrapper\">[vc_row][vc_column][vc_column_text css=&#8221;.vc_custom_1759407222667{margin-bottom: 0px !important;}&#8221;]<em>Projekt Kroz nao\u010dale kemi\u010dara<\/em> pokrenut 2019. godine na Prirodoslovno-matemati\u010dkom fakultetu Sveu\u010dili\u0161ta u Splitu (PMF). Za\u010detnik i voditelj je Roko Vladu\u0161i\u0107. Prvotna zada\u0107a projekta bila je pribli\u017eiti kemiju u\u010denicima i \u0161iroj javnosti kroz zanimljive, metodi\u010dki oblikovane i pristupa\u010dne video materijale.<\/p>\n<p>Video materijali su dvojakog tipa:<\/p>\n<ul>\n<li>kratki videozapisi kojima se obja\u0161njavaju temeljni kemijski zakoni, modeli i teorije te<\/li>\n<li>demonstracijski pokusi kojima se prikazuje kemija na djelu<\/li>\n<\/ul>\n<p>Po\u010detnu financijsku podr\u0161ku projektu pru\u017eila je Hrvatska elektroprivreda (HEP). Sveu\u010dili\u0161te u Splitu, odnosno Studentski zbor je od 2020. do 2025. sufinancirao studentske aktivnosti koje su kroz godi\u0161nje projektne etape pomogle graditi projekt u cjelini. U tom smislu, posebna zahvala ide tada\u0161njim studentima, a danas magistrama i magistru edukacije biologije i kemije Manueli Mirt, Josipu Vidakovi\u0107u, Blanki Dadi\u0107, Emi Bellulovich, Vani Marti Vukman, Katarini Ba\u010di\u0107, Margiti \u0160kare, Sari \u017dupi\u0107 i Lini Musi\u0107.<\/p>\n<p>S vremenom su projektne aktivnosti postale dio kurikula metodi\u010dkih predmeta na PMF-u. Danas studenti diplomskog studija Biologija i kemija edukacijske videozapise stvaraju kao dio nastavnih aktivnosti, razvijaju\u0107i metodi\u010dko znanje kemije, digitalne kompetencije i komunikacijske vje\u0161tine.<\/p>\n<p>Od projekta korist ima i \u0161ira dru\u0161tvena zajednica: kroz stvaranje otvorenih obrazovnih resursa sveu\u010dili\u0161na se nastava povezuje sa \u0161kolama, nastavnicima i u\u010denicima, a kemija se promovira kao znanost, nastavni predmet i kao va\u017ean dio svakodnevnog \u017eivotnog okru\u017eja.<\/p>\n<p style=\"text-align: right;\"><strong><em>dr. sc. Roko Vladu\u0161i\u0107, v. pred.<\/em><\/strong><\/p>\n<p style=\"text-align: right;\"><strong><em>Voditelj projekta<\/em><\/strong><\/p>\n[\/vc_column_text][\/vc_column][\/vc_row]\n<\/div>","protected":false},"excerpt":{"rendered":"<p>[vc_row][vc_column][vc_column_text css=&#8221;.vc_custom_1759407222667{margin-bottom: 0px !important;}&#8221;]Projekt Kroz nao\u010dale kemi\u010dara pokrenut 2019. godine na Prirodoslovno-matemati\u010dkom fakultetu Sveu\u010dili\u0161ta u Splitu (PMF). Za\u010detnik i voditelj je Roko Vladu\u0161i\u0107. Prvotna zada\u0107a projekta bila je pribli\u017eiti kemiju u\u010denicima i \u0161iroj javnosti kroz zanimljive, metodi\u010dki oblikovane i pristupa\u010dne video materijale. Video materijali su dvojakog tipa: kratki videozapisi kojima se obja\u0161njavaju temeljni kemijski zakoni, [&hellip;]<\/p>\n","protected":false},"author":1,"featured_media":0,"parent":0,"menu_order":0,"comment_status":"closed","ping_status":"closed","template":"","meta":{"footnotes":""},"class_list":["post-174","page","type-page","status-publish","hentry"],"yoast_head":"<!-- This site is optimized with the Yoast SEO plugin v27.3 - https:\/\/yoast.com\/product\/yoast-seo-wordpress\/ -->\n<title>O projektu - Kroz nao\u010dale kemi\u010dara<\/title>\n<meta name=\"robots\" content=\"index, follow, max-snippet:-1, max-image-preview:large, max-video-preview:-1\" \/>\n<link rel=\"canonical\" href=\"https:\/\/projects.pmfst.unist.hr\/kmk\/o-projektu\/\" \/>\n<meta property=\"og:locale\" content=\"hr_HR\" \/>\n<meta property=\"og:type\" content=\"article\" \/>\n<meta property=\"og:title\" content=\"O projektu - Kroz nao\u010dale kemi\u010dara\" \/>\n<meta property=\"og:description\" content=\"[vc_row][vc_column][vc_column_text css=&#8221;.vc_custom_1759407222667{margin-bottom: 0px !important;}&#8221;]Projekt Kroz nao\u010dale kemi\u010dara pokrenut 2019. godine na Prirodoslovno-matemati\u010dkom fakultetu Sveu\u010dili\u0161ta u Splitu (PMF). Za\u010detnik i voditelj je Roko Vladu\u0161i\u0107. Prvotna zada\u0107a projekta bila je pribli\u017eiti kemiju u\u010denicima i \u0161iroj javnosti kroz zanimljive, metodi\u010dki oblikovane i pristupa\u010dne video materijale. Video materijali su dvojakog tipa: kratki videozapisi kojima se obja\u0161njavaju temeljni kemijski zakoni, [&hellip;]\" \/>\n<meta property=\"og:url\" content=\"https:\/\/projects.pmfst.unist.hr\/kmk\/o-projektu\/\" \/>\n<meta property=\"og:site_name\" content=\"Kroz nao\u010dale kemi\u010dara\" \/>\n<meta property=\"article:modified_time\" content=\"2025-10-02T12:13:43+00:00\" \/>\n<meta name=\"twitter:card\" content=\"summary_large_image\" \/>\n<meta name=\"twitter:label1\" content=\"Procijenjeno vrijeme \u010ditanja\" \/>\n\t<meta name=\"twitter:data1\" content=\"2 minute\" \/>\n<script type=\"application\/ld+json\" class=\"yoast-schema-graph\">{\"@context\":\"https:\\\/\\\/schema.org\",\"@graph\":[{\"@type\":\"WebPage\",\"@id\":\"https:\\\/\\\/projects.pmfst.unist.hr\\\/kmk\\\/o-projektu\\\/\",\"url\":\"https:\\\/\\\/projects.pmfst.unist.hr\\\/kmk\\\/o-projektu\\\/\",\"name\":\"O projektu - Kroz nao\u010dale kemi\u010dara\",\"isPartOf\":{\"@id\":\"https:\\\/\\\/projects.pmfst.unist.hr\\\/kmk\\\/#website\"},\"datePublished\":\"2025-10-02T12:12:19+00:00\",\"dateModified\":\"2025-10-02T12:13:43+00:00\",\"breadcrumb\":{\"@id\":\"https:\\\/\\\/projects.pmfst.unist.hr\\\/kmk\\\/o-projektu\\\/#breadcrumb\"},\"inLanguage\":\"hr\",\"potentialAction\":[{\"@type\":\"ReadAction\",\"target\":[\"https:\\\/\\\/projects.pmfst.unist.hr\\\/kmk\\\/o-projektu\\\/\"]}]},{\"@type\":\"BreadcrumbList\",\"@id\":\"https:\\\/\\\/projects.pmfst.unist.hr\\\/kmk\\\/o-projektu\\\/#breadcrumb\",\"itemListElement\":[{\"@type\":\"ListItem\",\"position\":1,\"name\":\"Po\u010detna stranica\",\"item\":\"https:\\\/\\\/projects.pmfst.unist.hr\\\/kmk\\\/\"},{\"@type\":\"ListItem\",\"position\":2,\"name\":\"O projektu\"}]},{\"@type\":\"WebSite\",\"@id\":\"https:\\\/\\\/projects.pmfst.unist.hr\\\/kmk\\\/#website\",\"url\":\"https:\\\/\\\/projects.pmfst.unist.hr\\\/kmk\\\/\",\"name\":\"Kroz nao\u010dale kemi\u010dara\",\"description\":\"Kroz nao\u010dale kemi\u010dara\",\"potentialAction\":[{\"@type\":\"SearchAction\",\"target\":{\"@type\":\"EntryPoint\",\"urlTemplate\":\"https:\\\/\\\/projects.pmfst.unist.hr\\\/kmk\\\/?s={search_term_string}\"},\"query-input\":{\"@type\":\"PropertyValueSpecification\",\"valueRequired\":true,\"valueName\":\"search_term_string\"}}],\"inLanguage\":\"hr\"}]}<\/script>\n<!-- \/ Yoast SEO plugin. -->","yoast_head_json":{"title":"O projektu - Kroz nao\u010dale kemi\u010dara","robots":{"index":"index","follow":"follow","max-snippet":"max-snippet:-1","max-image-preview":"max-image-preview:large","max-video-preview":"max-video-preview:-1"},"canonical":"https:\/\/projects.pmfst.unist.hr\/kmk\/o-projektu\/","og_locale":"hr_HR","og_type":"article","og_title":"O projektu - Kroz nao\u010dale kemi\u010dara","og_description":"[vc_row][vc_column][vc_column_text css=&#8221;.vc_custom_1759407222667{margin-bottom: 0px !important;}&#8221;]Projekt Kroz nao\u010dale kemi\u010dara pokrenut 2019. godine na Prirodoslovno-matemati\u010dkom fakultetu Sveu\u010dili\u0161ta u Splitu (PMF). Za\u010detnik i voditelj je Roko Vladu\u0161i\u0107. Prvotna zada\u0107a projekta bila je pribli\u017eiti kemiju u\u010denicima i \u0161iroj javnosti kroz zanimljive, metodi\u010dki oblikovane i pristupa\u010dne video materijale. Video materijali su dvojakog tipa: kratki videozapisi kojima se obja\u0161njavaju temeljni kemijski zakoni, [&hellip;]","og_url":"https:\/\/projects.pmfst.unist.hr\/kmk\/o-projektu\/","og_site_name":"Kroz nao\u010dale kemi\u010dara","article_modified_time":"2025-10-02T12:13:43+00:00","twitter_card":"summary_large_image","twitter_misc":{"Procijenjeno vrijeme \u010ditanja":"2 minute"},"schema":{"@context":"https:\/\/schema.org","@graph":[{"@type":"WebPage","@id":"https:\/\/projects.pmfst.unist.hr\/kmk\/o-projektu\/","url":"https:\/\/projects.pmfst.unist.hr\/kmk\/o-projektu\/","name":"O projektu - Kroz nao\u010dale kemi\u010dara","isPartOf":{"@id":"https:\/\/projects.pmfst.unist.hr\/kmk\/#website"},"datePublished":"2025-10-02T12:12:19+00:00","dateModified":"2025-10-02T12:13:43+00:00","breadcrumb":{"@id":"https:\/\/projects.pmfst.unist.hr\/kmk\/o-projektu\/#breadcrumb"},"inLanguage":"hr","potentialAction":[{"@type":"ReadAction","target":["https:\/\/projects.pmfst.unist.hr\/kmk\/o-projektu\/"]}]},{"@type":"BreadcrumbList","@id":"https:\/\/projects.pmfst.unist.hr\/kmk\/o-projektu\/#breadcrumb","itemListElement":[{"@type":"ListItem","position":1,"name":"Po\u010detna stranica","item":"https:\/\/projects.pmfst.unist.hr\/kmk\/"},{"@type":"ListItem","position":2,"name":"O projektu"}]},{"@type":"WebSite","@id":"https:\/\/projects.pmfst.unist.hr\/kmk\/#website","url":"https:\/\/projects.pmfst.unist.hr\/kmk\/","name":"Kroz nao\u010dale kemi\u010dara","description":"Kroz nao\u010dale kemi\u010dara","potentialAction":[{"@type":"SearchAction","target":{"@type":"EntryPoint","urlTemplate":"https:\/\/projects.pmfst.unist.hr\/kmk\/?s={search_term_string}"},"query-input":{"@type":"PropertyValueSpecification","valueRequired":true,"valueName":"search_term_string"}}],"inLanguage":"hr"}]}},"_links":{"self":[{"href":"https:\/\/projects.pmfst.unist.hr\/kmk\/wp-json\/wp\/v2\/pages\/174","targetHints":{"allow":["GET"]}}],"collection":[{"href":"https:\/\/projects.pmfst.unist.hr\/kmk\/wp-json\/wp\/v2\/pages"}],"about":[{"href":"https:\/\/projects.pmfst.unist.hr\/kmk\/wp-json\/wp\/v2\/types\/page"}],"author":[{"embeddable":true,"href":"https:\/\/projects.pmfst.unist.hr\/kmk\/wp-json\/wp\/v2\/users\/1"}],"replies":[{"embeddable":true,"href":"https:\/\/projects.pmfst.unist.hr\/kmk\/wp-json\/wp\/v2\/comments?post=174"}],"version-history":[{"count":0,"href":"https:\/\/projects.pmfst.unist.hr\/kmk\/wp-json\/wp\/v2\/pages\/174\/revisions"}],"wp:attachment":[{"href":"https:\/\/projects.pmfst.unist.hr\/kmk\/wp-json\/wp\/v2\/media?parent=174"}],"curies":[{"name":"wp","href":"https:\/\/api.w.org\/{rel}","templated":true}]}}