{"id":18,"date":"2021-01-26T13:23:54","date_gmt":"2021-01-26T12:23:54","guid":{"rendered":"https:\/\/projects.pmfst.unist.hr\/kmk\/?page_id=18"},"modified":"2025-07-21T14:51:42","modified_gmt":"2025-07-21T12:51:42","slug":"video-zapisi","status":"publish","type":"page","link":"https:\/\/projects.pmfst.unist.hr\/kmk\/video-zapisi\/","title":{"rendered":"Pokusi"},"content":{"rendered":"<div class=\"wpb-content-wrapper\">[vc_row][vc_column width=&#8221;1\/2&#8243;][vc_video title=&#8221;Briggs Rauscher reaction&#8221; link=&#8221;https:\/\/youtu.be\/MNZCCdNcGpU&#8221;][\/vc_column][vc_column width=&#8221;1\/2&#8243;][vc_video title=&#8221;Amonijeva fontana&#8221; link=&#8221;https:\/\/youtube.com\/shorts\/JpdN7EXgayI?feature=share&#8221;][\/vc_column][\/vc_row][vc_row][vc_column][vc_empty_space][\/vc_column][\/vc_row][vc_row][vc_column width=&#8221;1\/2&#8243;][vc_video title=&#8221;Sinteza cinkova sulfida&#8221; link=&#8221;https:\/\/youtu.be\/pVeXl_hpPZ4&#8243;][\/vc_column][vc_column width=&#8221;1\/2&#8243;][vc_video title=&#8221;Slonovska pasa&#8221; link=&#8221;https:\/\/youtu.be\/tSQXsTNVD7o&#8221;][\/vc_column][\/vc_row][vc_row][vc_column][vc_empty_space][\/vc_column][\/vc_row][vc_row][vc_column width=&#8221;1\/2&#8243;][vc_video title=&#8221;Reakcija bakra s du\u0161i\u0107nom kiselinom&#8221; link=&#8221;https:\/\/youtu.be\/uqNCyTvzKlE&#8221;][\/vc_column][vc_column width=&#8221;1\/2&#8243;][vc_video title=&#8221;Sinteza cinkova jodida&#8221; link=&#8221;https:\/\/youtu.be\/BOSTu8jPK3c&#8221;][\/vc_column][\/vc_row][vc_row][vc_column][vc_empty_space][\/vc_column][\/vc_row][vc_row][vc_column width=&#8221;1\/2&#8243;][vc_video title=&#8221;Oksidacijsko djelovanje kalijeva klorata&#8221; link=&#8221;https:\/\/www.youtube.com\/watch?v=0brPPnHl6j4&#8243;][\/vc_column][vc_column width=&#8221;1\/2&#8243;][vc_video title=&#8221;Priprema prirodnog indokatora&#8221; link=&#8221;https:\/\/youtu.be\/npYVcG_UNLA&#8221;][\/vc_column][\/vc_row][vc_row][vc_column][vc_empty_space][\/vc_column][\/vc_row][vc_row][vc_column width=&#8221;1\/2&#8243;][vc_video title=&#8221;Kemija izmjena boja&#8221; link=&#8221;https:\/\/youtu.be\/_bkiiHM-USc&#8221;][\/vc_column][vc_column width=&#8221;1\/2&#8243;][vc_video title=&#8221;Kromatografija&#8221; link=&#8221;https:\/\/youtu.be\/sldv2DuEki4&#8243;][\/vc_column][\/vc_row][vc_row][vc_column][vc_empty_space][\/vc_column][\/vc_row][vc_row][vc_column width=&#8221;1\/2&#8243;][vc_video title=&#8221;Utjecaj koncentracije na kemijsku ravnote\u017eu&#8221; link=&#8221;https:\/\/www.youtube.com\/watch?v=waVDZowlHis&#8221;][\/vc_column][vc_column width=&#8221;1\/2&#8243;][vc_video title=&#8221;Zakoni idealnih plinova&#8221; link=&#8221;https:\/\/www.youtube.com\/watch?v=FQFz9cnAFDs&#8221;][\/vc_column][\/vc_row][vc_row][vc_column][vc_empty_space][\/vc_column][\/vc_row][vc_row][vc_column width=&#8221;1\/2&#8243;][vc_video title=&#8221;Kemijski kameleon&#8221; link=&#8221;https:\/\/www.youtube.com\/watch?v=M_xtaxJwROw&#8221;][\/vc_column][vc_column width=&#8221;1\/2&#8243;][vc_video title=&#8221;Kromatografija na tankom sloju&#8221; link=&#8221;https:\/\/www.youtube.com\/watch?v=zlgH2fJu6UE&#8221;][\/vc_column][\/vc_row][vc_row][vc_column][vc_empty_space][\/vc_column][\/vc_row][vc_row][vc_column width=&#8221;1\/2&#8243;][vc_video title=&#8221;Rasplesani plamen&#8221; link=&#8221;https:\/\/youtu.be\/15ynIkjKs2I&#8221;][\/vc_column][vc_column width=&#8221;1\/2&#8243;][vc_video title=&#8221;Utjecaj koncentracije na brzinu kemijske reakcije&#8221; link=&#8221;https:\/\/youtu.be\/hV4smbBpKAI&#8221;][\/vc_column][\/vc_row][vc_row][vc_column][vc_empty_space][\/vc_column][\/vc_row][vc_row][vc_column width=&#8221;1\/2&#8243;][vc_video title=&#8221;Plava boca&#8221; link=&#8221;https:\/\/youtu.be\/bDIUYtUf3UM&#8221;][\/vc_column][vc_column width=&#8221;1\/2&#8243;][vc_video title=&#8221;Raspad kalijeva klorata&#8221; link=&#8221;https:\/\/youtu.be\/9EV78LlXxhs&#8221;][\/vc_column][\/vc_row][vc_row][vc_column][vc_empty_space][\/vc_column][\/vc_row][vc_row][vc_column width=&#8221;1\/2&#8243;][vc_video title=&#8221;Bojenje plamena&#8221; link=&#8221;https:\/\/youtu.be\/rUOM7gCqFtE&#8221;][\/vc_column][vc_column width=&#8221;1\/2&#8243;][vc_video title=&#8221;Crna mamba&#8221; link=&#8221;https:\/\/youtu.be\/CItCHMEbHY0&#8243;][\/vc_column][\/vc_row][vc_row][vc_column][vc_empty_space][\/vc_column][\/vc_row][vc_row][vc_column width=&#8221;1\/2&#8243;][vc_video title=&#8221;Destilacija&#8221; link=&#8221;https:\/\/youtu.be\/s6xrH4WGus8&#8243;][\/vc_column][vc_column width=&#8221;1\/2&#8243;][vc_video title=&#8221;Topljivost plinova u vodi&#8221; link=&#8221;https:\/\/youtu.be\/uzCV34rGFe0&#8243;][\/vc_column][\/vc_row][vc_row][vc_column][vc_empty_space][\/vc_column][\/vc_row][vc_row][vc_column width=&#8221;1\/2&#8243;][vc_video title=&#8221;Utjecaj katalizatora na brzinu kemijske reakcije&#8221; link=&#8221;https:\/\/youtu.be\/qKDMQh1NUlI&#8221;][\/vc_column][vc_column width=&#8221;1\/2&#8243;][vc_video title=&#8221;Valencije&#8221; link=&#8221;https:\/\/youtu.be\/TDQfAMBS2m8&#8243;][\/vc_column][\/vc_row]\n<\/div>","protected":false},"excerpt":{"rendered":"<p>[vc_row][vc_column width=&#8221;1\/2&#8243;][vc_video title=&#8221;Briggs Rauscher reaction&#8221; link=&#8221;https:\/\/youtu.be\/MNZCCdNcGpU&#8221;][\/vc_column][vc_column width=&#8221;1\/2&#8243;][vc_video title=&#8221;Amonijeva fontana&#8221; link=&#8221;https:\/\/youtube.com\/shorts\/JpdN7EXgayI?feature=share&#8221;][\/vc_column][\/vc_row][vc_row][vc_column][vc_empty_space][\/vc_column][\/vc_row][vc_row][vc_column width=&#8221;1\/2&#8243;][vc_video title=&#8221;Sinteza cinkova sulfida&#8221; link=&#8221;https:\/\/youtu.be\/pVeXl_hpPZ4&#8243;][\/vc_column][vc_column width=&#8221;1\/2&#8243;][vc_video title=&#8221;Slonovska pasa&#8221; link=&#8221;https:\/\/youtu.be\/tSQXsTNVD7o&#8221;][\/vc_column][\/vc_row][vc_row][vc_column][vc_empty_space][\/vc_column][\/vc_row][vc_row][vc_column width=&#8221;1\/2&#8243;][vc_video title=&#8221;Reakcija bakra s du\u0161i\u0107nom kiselinom&#8221; link=&#8221;https:\/\/youtu.be\/uqNCyTvzKlE&#8221;][\/vc_column][vc_column width=&#8221;1\/2&#8243;][vc_video title=&#8221;Sinteza cinkova jodida&#8221; link=&#8221;https:\/\/youtu.be\/BOSTu8jPK3c&#8221;][\/vc_column][\/vc_row][vc_row][vc_column][vc_empty_space][\/vc_column][\/vc_row][vc_row][vc_column width=&#8221;1\/2&#8243;][vc_video title=&#8221;Oksidacijsko djelovanje kalijeva klorata&#8221; link=&#8221;https:\/\/www.youtube.com\/watch?v=0brPPnHl6j4&#8243;][\/vc_column][vc_column width=&#8221;1\/2&#8243;][vc_video title=&#8221;Priprema prirodnog indokatora&#8221; link=&#8221;https:\/\/youtu.be\/npYVcG_UNLA&#8221;][\/vc_column][\/vc_row][vc_row][vc_column][vc_empty_space][\/vc_column][\/vc_row][vc_row][vc_column width=&#8221;1\/2&#8243;][vc_video title=&#8221;Kemija izmjena boja&#8221; link=&#8221;https:\/\/youtu.be\/_bkiiHM-USc&#8221;][\/vc_column][vc_column width=&#8221;1\/2&#8243;][vc_video title=&#8221;Kromatografija&#8221; link=&#8221;https:\/\/youtu.be\/sldv2DuEki4&#8243;][\/vc_column][\/vc_row][vc_row][vc_column][vc_empty_space][\/vc_column][\/vc_row][vc_row][vc_column width=&#8221;1\/2&#8243;][vc_video title=&#8221;Utjecaj koncentracije na kemijsku [&hellip;]<\/p>\n","protected":false},"author":1,"featured_media":0,"parent":0,"menu_order":0,"comment_status":"closed","ping_status":"closed","template":"","meta":{"footnotes":""},"class_list":["post-18","page","type-page","status-publish","hentry"],"yoast_head":"<!-- This site is optimized with the Yoast SEO plugin v27.3 - https:\/\/yoast.com\/product\/yoast-seo-wordpress\/ -->\n<title>Pokusi - Kroz nao\u010dale kemi\u010dara<\/title>\n<meta name=\"robots\" content=\"index, follow, max-snippet:-1, max-image-preview:large, max-video-preview:-1\" \/>\n<link rel=\"canonical\" href=\"https:\/\/projects.pmfst.unist.hr\/kmk\/video-zapisi\/\" \/>\n<meta property=\"og:locale\" content=\"hr_HR\" \/>\n<meta property=\"og:type\" content=\"article\" \/>\n<meta property=\"og:title\" content=\"Pokusi - Kroz nao\u010dale kemi\u010dara\" \/>\n<meta property=\"og:description\" content=\"[vc_row][vc_column width=&#8221;1\/2&#8243;][vc_video title=&#8221;Briggs Rauscher reaction&#8221; link=&#8221;https:\/\/youtu.be\/MNZCCdNcGpU&#8221;][\/vc_column][vc_column width=&#8221;1\/2&#8243;][vc_video title=&#8221;Amonijeva fontana&#8221; link=&#8221;https:\/\/youtube.com\/shorts\/JpdN7EXgayI?feature=share&#8221;][\/vc_column][\/vc_row][vc_row][vc_column][vc_empty_space][\/vc_column][\/vc_row][vc_row][vc_column width=&#8221;1\/2&#8243;][vc_video title=&#8221;Sinteza cinkova sulfida&#8221; link=&#8221;https:\/\/youtu.be\/pVeXl_hpPZ4&#8243;][\/vc_column][vc_column width=&#8221;1\/2&#8243;][vc_video title=&#8221;Slonovska pasa&#8221; link=&#8221;https:\/\/youtu.be\/tSQXsTNVD7o&#8221;][\/vc_column][\/vc_row][vc_row][vc_column][vc_empty_space][\/vc_column][\/vc_row][vc_row][vc_column width=&#8221;1\/2&#8243;][vc_video title=&#8221;Reakcija bakra s du\u0161i\u0107nom kiselinom&#8221; link=&#8221;https:\/\/youtu.be\/uqNCyTvzKlE&#8221;][\/vc_column][vc_column width=&#8221;1\/2&#8243;][vc_video title=&#8221;Sinteza cinkova jodida&#8221; link=&#8221;https:\/\/youtu.be\/BOSTu8jPK3c&#8221;][\/vc_column][\/vc_row][vc_row][vc_column][vc_empty_space][\/vc_column][\/vc_row][vc_row][vc_column width=&#8221;1\/2&#8243;][vc_video title=&#8221;Oksidacijsko djelovanje kalijeva klorata&#8221; link=&#8221;https:\/\/www.youtube.com\/watch?v=0brPPnHl6j4&#8243;][\/vc_column][vc_column width=&#8221;1\/2&#8243;][vc_video title=&#8221;Priprema prirodnog indokatora&#8221; link=&#8221;https:\/\/youtu.be\/npYVcG_UNLA&#8221;][\/vc_column][\/vc_row][vc_row][vc_column][vc_empty_space][\/vc_column][\/vc_row][vc_row][vc_column width=&#8221;1\/2&#8243;][vc_video title=&#8221;Kemija izmjena boja&#8221; link=&#8221;https:\/\/youtu.be\/_bkiiHM-USc&#8221;][\/vc_column][vc_column width=&#8221;1\/2&#8243;][vc_video title=&#8221;Kromatografija&#8221; link=&#8221;https:\/\/youtu.be\/sldv2DuEki4&#8243;][\/vc_column][\/vc_row][vc_row][vc_column][vc_empty_space][\/vc_column][\/vc_row][vc_row][vc_column width=&#8221;1\/2&#8243;][vc_video title=&#8221;Utjecaj koncentracije na kemijsku [&hellip;]\" \/>\n<meta property=\"og:url\" content=\"https:\/\/projects.pmfst.unist.hr\/kmk\/video-zapisi\/\" \/>\n<meta property=\"og:site_name\" content=\"Kroz nao\u010dale kemi\u010dara\" \/>\n<meta property=\"article:modified_time\" content=\"2025-07-21T12:51:42+00:00\" \/>\n<meta name=\"twitter:card\" content=\"summary_large_image\" \/>\n<meta name=\"twitter:label1\" content=\"Procijenjeno vrijeme \u010ditanja\" \/>\n\t<meta name=\"twitter:data1\" content=\"1 minuta\" \/>\n<script type=\"application\/ld+json\" class=\"yoast-schema-graph\">{\"@context\":\"https:\\\/\\\/schema.org\",\"@graph\":[{\"@type\":\"WebPage\",\"@id\":\"https:\\\/\\\/projects.pmfst.unist.hr\\\/kmk\\\/video-zapisi\\\/\",\"url\":\"https:\\\/\\\/projects.pmfst.unist.hr\\\/kmk\\\/video-zapisi\\\/\",\"name\":\"Pokusi - Kroz nao\u010dale kemi\u010dara\",\"isPartOf\":{\"@id\":\"https:\\\/\\\/projects.pmfst.unist.hr\\\/kmk\\\/#website\"},\"datePublished\":\"2021-01-26T12:23:54+00:00\",\"dateModified\":\"2025-07-21T12:51:42+00:00\",\"breadcrumb\":{\"@id\":\"https:\\\/\\\/projects.pmfst.unist.hr\\\/kmk\\\/video-zapisi\\\/#breadcrumb\"},\"inLanguage\":\"hr\",\"potentialAction\":[{\"@type\":\"ReadAction\",\"target\":[\"https:\\\/\\\/projects.pmfst.unist.hr\\\/kmk\\\/video-zapisi\\\/\"]}]},{\"@type\":\"BreadcrumbList\",\"@id\":\"https:\\\/\\\/projects.pmfst.unist.hr\\\/kmk\\\/video-zapisi\\\/#breadcrumb\",\"itemListElement\":[{\"@type\":\"ListItem\",\"position\":1,\"name\":\"Po\u010detna stranica\",\"item\":\"https:\\\/\\\/projects.pmfst.unist.hr\\\/kmk\\\/\"},{\"@type\":\"ListItem\",\"position\":2,\"name\":\"Pokusi\"}]},{\"@type\":\"WebSite\",\"@id\":\"https:\\\/\\\/projects.pmfst.unist.hr\\\/kmk\\\/#website\",\"url\":\"https:\\\/\\\/projects.pmfst.unist.hr\\\/kmk\\\/\",\"name\":\"Kroz nao\u010dale kemi\u010dara\",\"description\":\"Kroz nao\u010dale kemi\u010dara\",\"potentialAction\":[{\"@type\":\"SearchAction\",\"target\":{\"@type\":\"EntryPoint\",\"urlTemplate\":\"https:\\\/\\\/projects.pmfst.unist.hr\\\/kmk\\\/?s={search_term_string}\"},\"query-input\":{\"@type\":\"PropertyValueSpecification\",\"valueRequired\":true,\"valueName\":\"search_term_string\"}}],\"inLanguage\":\"hr\"}]}<\/script>\n<!-- \/ Yoast SEO plugin. -->","yoast_head_json":{"title":"Pokusi - Kroz nao\u010dale kemi\u010dara","robots":{"index":"index","follow":"follow","max-snippet":"max-snippet:-1","max-image-preview":"max-image-preview:large","max-video-preview":"max-video-preview:-1"},"canonical":"https:\/\/projects.pmfst.unist.hr\/kmk\/video-zapisi\/","og_locale":"hr_HR","og_type":"article","og_title":"Pokusi - Kroz nao\u010dale kemi\u010dara","og_description":"[vc_row][vc_column width=&#8221;1\/2&#8243;][vc_video title=&#8221;Briggs Rauscher reaction&#8221; link=&#8221;https:\/\/youtu.be\/MNZCCdNcGpU&#8221;][\/vc_column][vc_column width=&#8221;1\/2&#8243;][vc_video title=&#8221;Amonijeva fontana&#8221; link=&#8221;https:\/\/youtube.com\/shorts\/JpdN7EXgayI?feature=share&#8221;][\/vc_column][\/vc_row][vc_row][vc_column][vc_empty_space][\/vc_column][\/vc_row][vc_row][vc_column width=&#8221;1\/2&#8243;][vc_video title=&#8221;Sinteza cinkova sulfida&#8221; link=&#8221;https:\/\/youtu.be\/pVeXl_hpPZ4&#8243;][\/vc_column][vc_column width=&#8221;1\/2&#8243;][vc_video title=&#8221;Slonovska pasa&#8221; link=&#8221;https:\/\/youtu.be\/tSQXsTNVD7o&#8221;][\/vc_column][\/vc_row][vc_row][vc_column][vc_empty_space][\/vc_column][\/vc_row][vc_row][vc_column width=&#8221;1\/2&#8243;][vc_video title=&#8221;Reakcija bakra s du\u0161i\u0107nom kiselinom&#8221; link=&#8221;https:\/\/youtu.be\/uqNCyTvzKlE&#8221;][\/vc_column][vc_column width=&#8221;1\/2&#8243;][vc_video title=&#8221;Sinteza cinkova jodida&#8221; link=&#8221;https:\/\/youtu.be\/BOSTu8jPK3c&#8221;][\/vc_column][\/vc_row][vc_row][vc_column][vc_empty_space][\/vc_column][\/vc_row][vc_row][vc_column width=&#8221;1\/2&#8243;][vc_video title=&#8221;Oksidacijsko djelovanje kalijeva klorata&#8221; link=&#8221;https:\/\/www.youtube.com\/watch?v=0brPPnHl6j4&#8243;][\/vc_column][vc_column width=&#8221;1\/2&#8243;][vc_video title=&#8221;Priprema prirodnog indokatora&#8221; link=&#8221;https:\/\/youtu.be\/npYVcG_UNLA&#8221;][\/vc_column][\/vc_row][vc_row][vc_column][vc_empty_space][\/vc_column][\/vc_row][vc_row][vc_column width=&#8221;1\/2&#8243;][vc_video title=&#8221;Kemija izmjena boja&#8221; link=&#8221;https:\/\/youtu.be\/_bkiiHM-USc&#8221;][\/vc_column][vc_column width=&#8221;1\/2&#8243;][vc_video title=&#8221;Kromatografija&#8221; link=&#8221;https:\/\/youtu.be\/sldv2DuEki4&#8243;][\/vc_column][\/vc_row][vc_row][vc_column][vc_empty_space][\/vc_column][\/vc_row][vc_row][vc_column width=&#8221;1\/2&#8243;][vc_video title=&#8221;Utjecaj koncentracije na kemijsku [&hellip;]","og_url":"https:\/\/projects.pmfst.unist.hr\/kmk\/video-zapisi\/","og_site_name":"Kroz nao\u010dale kemi\u010dara","article_modified_time":"2025-07-21T12:51:42+00:00","twitter_card":"summary_large_image","twitter_misc":{"Procijenjeno vrijeme \u010ditanja":"1 minuta"},"schema":{"@context":"https:\/\/schema.org","@graph":[{"@type":"WebPage","@id":"https:\/\/projects.pmfst.unist.hr\/kmk\/video-zapisi\/","url":"https:\/\/projects.pmfst.unist.hr\/kmk\/video-zapisi\/","name":"Pokusi - Kroz nao\u010dale kemi\u010dara","isPartOf":{"@id":"https:\/\/projects.pmfst.unist.hr\/kmk\/#website"},"datePublished":"2021-01-26T12:23:54+00:00","dateModified":"2025-07-21T12:51:42+00:00","breadcrumb":{"@id":"https:\/\/projects.pmfst.unist.hr\/kmk\/video-zapisi\/#breadcrumb"},"inLanguage":"hr","potentialAction":[{"@type":"ReadAction","target":["https:\/\/projects.pmfst.unist.hr\/kmk\/video-zapisi\/"]}]},{"@type":"BreadcrumbList","@id":"https:\/\/projects.pmfst.unist.hr\/kmk\/video-zapisi\/#breadcrumb","itemListElement":[{"@type":"ListItem","position":1,"name":"Po\u010detna stranica","item":"https:\/\/projects.pmfst.unist.hr\/kmk\/"},{"@type":"ListItem","position":2,"name":"Pokusi"}]},{"@type":"WebSite","@id":"https:\/\/projects.pmfst.unist.hr\/kmk\/#website","url":"https:\/\/projects.pmfst.unist.hr\/kmk\/","name":"Kroz nao\u010dale kemi\u010dara","description":"Kroz nao\u010dale kemi\u010dara","potentialAction":[{"@type":"SearchAction","target":{"@type":"EntryPoint","urlTemplate":"https:\/\/projects.pmfst.unist.hr\/kmk\/?s={search_term_string}"},"query-input":{"@type":"PropertyValueSpecification","valueRequired":true,"valueName":"search_term_string"}}],"inLanguage":"hr"}]}},"_links":{"self":[{"href":"https:\/\/projects.pmfst.unist.hr\/kmk\/wp-json\/wp\/v2\/pages\/18","targetHints":{"allow":["GET"]}}],"collection":[{"href":"https:\/\/projects.pmfst.unist.hr\/kmk\/wp-json\/wp\/v2\/pages"}],"about":[{"href":"https:\/\/projects.pmfst.unist.hr\/kmk\/wp-json\/wp\/v2\/types\/page"}],"author":[{"embeddable":true,"href":"https:\/\/projects.pmfst.unist.hr\/kmk\/wp-json\/wp\/v2\/users\/1"}],"replies":[{"embeddable":true,"href":"https:\/\/projects.pmfst.unist.hr\/kmk\/wp-json\/wp\/v2\/comments?post=18"}],"version-history":[{"count":0,"href":"https:\/\/projects.pmfst.unist.hr\/kmk\/wp-json\/wp\/v2\/pages\/18\/revisions"}],"wp:attachment":[{"href":"https:\/\/projects.pmfst.unist.hr\/kmk\/wp-json\/wp\/v2\/media?parent=18"}],"curies":[{"name":"wp","href":"https:\/\/api.w.org\/{rel}","templated":true}]}}