{"id":47,"date":"2021-10-11T09:14:47","date_gmt":"2021-10-11T07:14:47","guid":{"rendered":"https:\/\/projects.pmfst.unist.hr\/kmk\/?page_id=47"},"modified":"2025-10-02T12:35:17","modified_gmt":"2025-10-02T10:35:17","slug":"osnovnoskolska-kemija","status":"publish","type":"page","link":"https:\/\/projects.pmfst.unist.hr\/kmk\/osnovnoskolska-kemija\/","title":{"rendered":"Osnovno\u0161kolska kemija &#8211; obja\u0161njenja"},"content":{"rendered":"<div class=\"wpb-content-wrapper\">[vc_row][vc_column width=&#8221;1\/2&#8243;][vc_video title=&#8221;Kristalizacija natrijeva acetata&#8221; link=&#8221;https:\/\/youtu.be\/nGOAtMQUPwI&#8221;][\/vc_column][vc_column width=&#8221;1\/2&#8243;][vc_video title=&#8221;Vrste tvari&#8221; link=&#8221;https:\/\/youtu.be\/TzCAnbqdKQc&#8221;][\/vc_column][\/vc_row][vc_row][vc_column][vc_empty_space][\/vc_column][\/vc_row][vc_row][vc_column width=&#8221;1\/2&#8243;][vc_video title=&#8221;Frakcijska destilacija nafte&#8221; link=&#8221;https:\/\/youtu.be\/LdchN41zGOk&#8221;][\/vc_column][vc_column width=&#8221;1\/2&#8243;][vc_video title=&#8221;Kru\u017eenje ugljika u prirodi&#8221; link=&#8221;https:\/\/youtu.be\/xmtjufG5ToA&#8221;][\/vc_column][\/vc_row][vc_row][vc_column][vc_empty_space][\/vc_column][\/vc_row][vc_row][vc_column width=&#8221;1\/2&#8243;][vc_video title=&#8221;Gra\u0111a kemijskih spojeva&#8221; link=&#8221;https:\/\/www.youtube.com\/watch?v=gcwssdvycsM&#8221;][\/vc_column][vc_column width=&#8221;1\/2&#8243;][vc_video title=&#8221;Maseni udio i empirijska formula&#8221; link=&#8221;https:\/\/www.youtube.com\/watch?v=PPeFDTqlXqI&#8221;][\/vc_column][\/vc_row][vc_row][vc_column][vc_empty_space][\/vc_column][\/vc_row][vc_row][vc_column width=&#8221;1\/2&#8243;][vc_video title=&#8221;Povr\u0161inska napetost&#8221; link=&#8221;https:\/\/www.youtube.com\/watch?v=ZIhwcmO328U&#8221;][\/vc_column][vc_column width=&#8221;1\/2&#8243;][vc_video title=&#8221;Relativna atomska masa&#8221; link=&#8221;https:\/\/www.youtube.com\/watch?v=EZD-MrjQRs0&#8243;][\/vc_column][\/vc_row][vc_row][vc_column][vc_empty_space][\/vc_column][\/vc_row][vc_row][vc_column width=&#8221;1\/2&#8243;][vc_video title=&#8221;Relativna molekulska masa&#8221; link=&#8221;https:\/\/www.youtube.com\/watch?v=nCIZg3u34c8&#8243;][\/vc_column][vc_column width=&#8221;1\/2&#8243;][vc_video title=&#8221;Utjecaj povr\u0161ine reaktanata na brzinu kemijske reakcije&#8221; link=&#8221;https:\/\/www.youtube.com\/watch?v=cCjVu6oKH-8&#8243;][\/vc_column][\/vc_row][vc_row][vc_column][vc_empty_space][\/vc_column][\/vc_row][vc_row][vc_column width=&#8221;1\/2&#8243;][vc_video title=&#8221;Valencije&#8221; link=&#8221;https:\/\/www.youtube.com\/watch?v=m5dfHUO3LmI&#8221;][\/vc_column][vc_column width=&#8221;1\/2&#8243;][\/vc_column][\/vc_row]\n<\/div>","protected":false},"excerpt":{"rendered":"<p>[vc_row][vc_column width=&#8221;1\/2&#8243;][vc_video title=&#8221;Kristalizacija natrijeva acetata&#8221; link=&#8221;https:\/\/youtu.be\/nGOAtMQUPwI&#8221;][\/vc_column][vc_column width=&#8221;1\/2&#8243;][vc_video title=&#8221;Vrste tvari&#8221; link=&#8221;https:\/\/youtu.be\/TzCAnbqdKQc&#8221;][\/vc_column][\/vc_row][vc_row][vc_column][vc_empty_space][\/vc_column][\/vc_row][vc_row][vc_column width=&#8221;1\/2&#8243;][vc_video title=&#8221;Frakcijska destilacija nafte&#8221; link=&#8221;https:\/\/youtu.be\/LdchN41zGOk&#8221;][\/vc_column][vc_column width=&#8221;1\/2&#8243;][vc_video title=&#8221;Kru\u017eenje ugljika u prirodi&#8221; link=&#8221;https:\/\/youtu.be\/xmtjufG5ToA&#8221;][\/vc_column][\/vc_row][vc_row][vc_column][vc_empty_space][\/vc_column][\/vc_row][vc_row][vc_column width=&#8221;1\/2&#8243;][vc_video title=&#8221;Gra\u0111a kemijskih spojeva&#8221; link=&#8221;https:\/\/www.youtube.com\/watch?v=gcwssdvycsM&#8221;][\/vc_column][vc_column width=&#8221;1\/2&#8243;][vc_video title=&#8221;Maseni udio i empirijska formula&#8221; link=&#8221;https:\/\/www.youtube.com\/watch?v=PPeFDTqlXqI&#8221;][\/vc_column][\/vc_row][vc_row][vc_column][vc_empty_space][\/vc_column][\/vc_row][vc_row][vc_column width=&#8221;1\/2&#8243;][vc_video title=&#8221;Povr\u0161inska napetost&#8221; link=&#8221;https:\/\/www.youtube.com\/watch?v=ZIhwcmO328U&#8221;][\/vc_column][vc_column width=&#8221;1\/2&#8243;][vc_video title=&#8221;Relativna atomska masa&#8221; link=&#8221;https:\/\/www.youtube.com\/watch?v=EZD-MrjQRs0&#8243;][\/vc_column][\/vc_row][vc_row][vc_column][vc_empty_space][\/vc_column][\/vc_row][vc_row][vc_column width=&#8221;1\/2&#8243;][vc_video title=&#8221;Relativna molekulska masa&#8221; link=&#8221;https:\/\/www.youtube.com\/watch?v=nCIZg3u34c8&#8243;][\/vc_column][vc_column width=&#8221;1\/2&#8243;][vc_video title=&#8221;Utjecaj povr\u0161ine reaktanata na brzinu kemijske reakcije&#8221; [&hellip;]<\/p>\n","protected":false},"author":1,"featured_media":0,"parent":0,"menu_order":0,"comment_status":"closed","ping_status":"closed","template":"","meta":{"footnotes":""},"class_list":["post-47","page","type-page","status-publish","hentry"],"yoast_head":"<!-- This site is optimized with the Yoast SEO plugin v27.3 - https:\/\/yoast.com\/product\/yoast-seo-wordpress\/ -->\n<title>Osnovno\u0161kolska kemija - obja\u0161njenja - Kroz nao\u010dale kemi\u010dara<\/title>\n<meta name=\"robots\" content=\"index, follow, max-snippet:-1, max-image-preview:large, max-video-preview:-1\" \/>\n<link rel=\"canonical\" href=\"https:\/\/projects.pmfst.unist.hr\/kmk\/osnovnoskolska-kemija\/\" \/>\n<meta property=\"og:locale\" content=\"hr_HR\" \/>\n<meta property=\"og:type\" content=\"article\" \/>\n<meta property=\"og:title\" content=\"Osnovno\u0161kolska kemija - obja\u0161njenja - Kroz nao\u010dale kemi\u010dara\" \/>\n<meta property=\"og:description\" content=\"[vc_row][vc_column width=&#8221;1\/2&#8243;][vc_video title=&#8221;Kristalizacija natrijeva acetata&#8221; link=&#8221;https:\/\/youtu.be\/nGOAtMQUPwI&#8221;][\/vc_column][vc_column width=&#8221;1\/2&#8243;][vc_video title=&#8221;Vrste tvari&#8221; link=&#8221;https:\/\/youtu.be\/TzCAnbqdKQc&#8221;][\/vc_column][\/vc_row][vc_row][vc_column][vc_empty_space][\/vc_column][\/vc_row][vc_row][vc_column width=&#8221;1\/2&#8243;][vc_video title=&#8221;Frakcijska destilacija nafte&#8221; link=&#8221;https:\/\/youtu.be\/LdchN41zGOk&#8221;][\/vc_column][vc_column width=&#8221;1\/2&#8243;][vc_video title=&#8221;Kru\u017eenje ugljika u prirodi&#8221; link=&#8221;https:\/\/youtu.be\/xmtjufG5ToA&#8221;][\/vc_column][\/vc_row][vc_row][vc_column][vc_empty_space][\/vc_column][\/vc_row][vc_row][vc_column width=&#8221;1\/2&#8243;][vc_video title=&#8221;Gra\u0111a kemijskih spojeva&#8221; link=&#8221;https:\/\/www.youtube.com\/watch?v=gcwssdvycsM&#8221;][\/vc_column][vc_column width=&#8221;1\/2&#8243;][vc_video title=&#8221;Maseni udio i empirijska formula&#8221; link=&#8221;https:\/\/www.youtube.com\/watch?v=PPeFDTqlXqI&#8221;][\/vc_column][\/vc_row][vc_row][vc_column][vc_empty_space][\/vc_column][\/vc_row][vc_row][vc_column width=&#8221;1\/2&#8243;][vc_video title=&#8221;Povr\u0161inska napetost&#8221; link=&#8221;https:\/\/www.youtube.com\/watch?v=ZIhwcmO328U&#8221;][\/vc_column][vc_column width=&#8221;1\/2&#8243;][vc_video title=&#8221;Relativna atomska masa&#8221; link=&#8221;https:\/\/www.youtube.com\/watch?v=EZD-MrjQRs0&#8243;][\/vc_column][\/vc_row][vc_row][vc_column][vc_empty_space][\/vc_column][\/vc_row][vc_row][vc_column width=&#8221;1\/2&#8243;][vc_video title=&#8221;Relativna molekulska masa&#8221; link=&#8221;https:\/\/www.youtube.com\/watch?v=nCIZg3u34c8&#8243;][\/vc_column][vc_column width=&#8221;1\/2&#8243;][vc_video title=&#8221;Utjecaj povr\u0161ine reaktanata na brzinu kemijske reakcije&#8221; [&hellip;]\" \/>\n<meta property=\"og:url\" content=\"https:\/\/projects.pmfst.unist.hr\/kmk\/osnovnoskolska-kemija\/\" \/>\n<meta property=\"og:site_name\" content=\"Kroz nao\u010dale kemi\u010dara\" \/>\n<meta property=\"article:modified_time\" content=\"2025-10-02T10:35:17+00:00\" \/>\n<meta name=\"twitter:card\" content=\"summary_large_image\" \/>\n<meta name=\"twitter:label1\" content=\"Procijenjeno vrijeme \u010ditanja\" \/>\n\t<meta name=\"twitter:data1\" content=\"1 minuta\" \/>\n<script type=\"application\/ld+json\" class=\"yoast-schema-graph\">{\"@context\":\"https:\\\/\\\/schema.org\",\"@graph\":[{\"@type\":\"WebPage\",\"@id\":\"https:\\\/\\\/projects.pmfst.unist.hr\\\/kmk\\\/osnovnoskolska-kemija\\\/\",\"url\":\"https:\\\/\\\/projects.pmfst.unist.hr\\\/kmk\\\/osnovnoskolska-kemija\\\/\",\"name\":\"Osnovno\u0161kolska kemija - obja\u0161njenja - Kroz nao\u010dale kemi\u010dara\",\"isPartOf\":{\"@id\":\"https:\\\/\\\/projects.pmfst.unist.hr\\\/kmk\\\/#website\"},\"datePublished\":\"2021-10-11T07:14:47+00:00\",\"dateModified\":\"2025-10-02T10:35:17+00:00\",\"breadcrumb\":{\"@id\":\"https:\\\/\\\/projects.pmfst.unist.hr\\\/kmk\\\/osnovnoskolska-kemija\\\/#breadcrumb\"},\"inLanguage\":\"hr\",\"potentialAction\":[{\"@type\":\"ReadAction\",\"target\":[\"https:\\\/\\\/projects.pmfst.unist.hr\\\/kmk\\\/osnovnoskolska-kemija\\\/\"]}]},{\"@type\":\"BreadcrumbList\",\"@id\":\"https:\\\/\\\/projects.pmfst.unist.hr\\\/kmk\\\/osnovnoskolska-kemija\\\/#breadcrumb\",\"itemListElement\":[{\"@type\":\"ListItem\",\"position\":1,\"name\":\"Po\u010detna stranica\",\"item\":\"https:\\\/\\\/projects.pmfst.unist.hr\\\/kmk\\\/\"},{\"@type\":\"ListItem\",\"position\":2,\"name\":\"Osnovno\u0161kolska kemija &#8211; obja\u0161njenja\"}]},{\"@type\":\"WebSite\",\"@id\":\"https:\\\/\\\/projects.pmfst.unist.hr\\\/kmk\\\/#website\",\"url\":\"https:\\\/\\\/projects.pmfst.unist.hr\\\/kmk\\\/\",\"name\":\"Kroz nao\u010dale kemi\u010dara\",\"description\":\"Kroz nao\u010dale kemi\u010dara\",\"potentialAction\":[{\"@type\":\"SearchAction\",\"target\":{\"@type\":\"EntryPoint\",\"urlTemplate\":\"https:\\\/\\\/projects.pmfst.unist.hr\\\/kmk\\\/?s={search_term_string}\"},\"query-input\":{\"@type\":\"PropertyValueSpecification\",\"valueRequired\":true,\"valueName\":\"search_term_string\"}}],\"inLanguage\":\"hr\"}]}<\/script>\n<!-- \/ Yoast SEO plugin. -->","yoast_head_json":{"title":"Osnovno\u0161kolska kemija - obja\u0161njenja - Kroz nao\u010dale kemi\u010dara","robots":{"index":"index","follow":"follow","max-snippet":"max-snippet:-1","max-image-preview":"max-image-preview:large","max-video-preview":"max-video-preview:-1"},"canonical":"https:\/\/projects.pmfst.unist.hr\/kmk\/osnovnoskolska-kemija\/","og_locale":"hr_HR","og_type":"article","og_title":"Osnovno\u0161kolska kemija - obja\u0161njenja - Kroz nao\u010dale kemi\u010dara","og_description":"[vc_row][vc_column width=&#8221;1\/2&#8243;][vc_video title=&#8221;Kristalizacija natrijeva acetata&#8221; link=&#8221;https:\/\/youtu.be\/nGOAtMQUPwI&#8221;][\/vc_column][vc_column width=&#8221;1\/2&#8243;][vc_video title=&#8221;Vrste tvari&#8221; link=&#8221;https:\/\/youtu.be\/TzCAnbqdKQc&#8221;][\/vc_column][\/vc_row][vc_row][vc_column][vc_empty_space][\/vc_column][\/vc_row][vc_row][vc_column width=&#8221;1\/2&#8243;][vc_video title=&#8221;Frakcijska destilacija nafte&#8221; link=&#8221;https:\/\/youtu.be\/LdchN41zGOk&#8221;][\/vc_column][vc_column width=&#8221;1\/2&#8243;][vc_video title=&#8221;Kru\u017eenje ugljika u prirodi&#8221; link=&#8221;https:\/\/youtu.be\/xmtjufG5ToA&#8221;][\/vc_column][\/vc_row][vc_row][vc_column][vc_empty_space][\/vc_column][\/vc_row][vc_row][vc_column width=&#8221;1\/2&#8243;][vc_video title=&#8221;Gra\u0111a kemijskih spojeva&#8221; link=&#8221;https:\/\/www.youtube.com\/watch?v=gcwssdvycsM&#8221;][\/vc_column][vc_column width=&#8221;1\/2&#8243;][vc_video title=&#8221;Maseni udio i empirijska formula&#8221; link=&#8221;https:\/\/www.youtube.com\/watch?v=PPeFDTqlXqI&#8221;][\/vc_column][\/vc_row][vc_row][vc_column][vc_empty_space][\/vc_column][\/vc_row][vc_row][vc_column width=&#8221;1\/2&#8243;][vc_video title=&#8221;Povr\u0161inska napetost&#8221; link=&#8221;https:\/\/www.youtube.com\/watch?v=ZIhwcmO328U&#8221;][\/vc_column][vc_column width=&#8221;1\/2&#8243;][vc_video title=&#8221;Relativna atomska masa&#8221; link=&#8221;https:\/\/www.youtube.com\/watch?v=EZD-MrjQRs0&#8243;][\/vc_column][\/vc_row][vc_row][vc_column][vc_empty_space][\/vc_column][\/vc_row][vc_row][vc_column width=&#8221;1\/2&#8243;][vc_video title=&#8221;Relativna molekulska masa&#8221; link=&#8221;https:\/\/www.youtube.com\/watch?v=nCIZg3u34c8&#8243;][\/vc_column][vc_column width=&#8221;1\/2&#8243;][vc_video title=&#8221;Utjecaj povr\u0161ine reaktanata na brzinu kemijske reakcije&#8221; [&hellip;]","og_url":"https:\/\/projects.pmfst.unist.hr\/kmk\/osnovnoskolska-kemija\/","og_site_name":"Kroz nao\u010dale kemi\u010dara","article_modified_time":"2025-10-02T10:35:17+00:00","twitter_card":"summary_large_image","twitter_misc":{"Procijenjeno vrijeme \u010ditanja":"1 minuta"},"schema":{"@context":"https:\/\/schema.org","@graph":[{"@type":"WebPage","@id":"https:\/\/projects.pmfst.unist.hr\/kmk\/osnovnoskolska-kemija\/","url":"https:\/\/projects.pmfst.unist.hr\/kmk\/osnovnoskolska-kemija\/","name":"Osnovno\u0161kolska kemija - obja\u0161njenja - Kroz nao\u010dale kemi\u010dara","isPartOf":{"@id":"https:\/\/projects.pmfst.unist.hr\/kmk\/#website"},"datePublished":"2021-10-11T07:14:47+00:00","dateModified":"2025-10-02T10:35:17+00:00","breadcrumb":{"@id":"https:\/\/projects.pmfst.unist.hr\/kmk\/osnovnoskolska-kemija\/#breadcrumb"},"inLanguage":"hr","potentialAction":[{"@type":"ReadAction","target":["https:\/\/projects.pmfst.unist.hr\/kmk\/osnovnoskolska-kemija\/"]}]},{"@type":"BreadcrumbList","@id":"https:\/\/projects.pmfst.unist.hr\/kmk\/osnovnoskolska-kemija\/#breadcrumb","itemListElement":[{"@type":"ListItem","position":1,"name":"Po\u010detna stranica","item":"https:\/\/projects.pmfst.unist.hr\/kmk\/"},{"@type":"ListItem","position":2,"name":"Osnovno\u0161kolska kemija &#8211; obja\u0161njenja"}]},{"@type":"WebSite","@id":"https:\/\/projects.pmfst.unist.hr\/kmk\/#website","url":"https:\/\/projects.pmfst.unist.hr\/kmk\/","name":"Kroz nao\u010dale kemi\u010dara","description":"Kroz nao\u010dale kemi\u010dara","potentialAction":[{"@type":"SearchAction","target":{"@type":"EntryPoint","urlTemplate":"https:\/\/projects.pmfst.unist.hr\/kmk\/?s={search_term_string}"},"query-input":{"@type":"PropertyValueSpecification","valueRequired":true,"valueName":"search_term_string"}}],"inLanguage":"hr"}]}},"_links":{"self":[{"href":"https:\/\/projects.pmfst.unist.hr\/kmk\/wp-json\/wp\/v2\/pages\/47","targetHints":{"allow":["GET"]}}],"collection":[{"href":"https:\/\/projects.pmfst.unist.hr\/kmk\/wp-json\/wp\/v2\/pages"}],"about":[{"href":"https:\/\/projects.pmfst.unist.hr\/kmk\/wp-json\/wp\/v2\/types\/page"}],"author":[{"embeddable":true,"href":"https:\/\/projects.pmfst.unist.hr\/kmk\/wp-json\/wp\/v2\/users\/1"}],"replies":[{"embeddable":true,"href":"https:\/\/projects.pmfst.unist.hr\/kmk\/wp-json\/wp\/v2\/comments?post=47"}],"version-history":[{"count":0,"href":"https:\/\/projects.pmfst.unist.hr\/kmk\/wp-json\/wp\/v2\/pages\/47\/revisions"}],"wp:attachment":[{"href":"https:\/\/projects.pmfst.unist.hr\/kmk\/wp-json\/wp\/v2\/media?parent=47"}],"curies":[{"name":"wp","href":"https:\/\/api.w.org\/{rel}","templated":true}]}}