{"id":95,"date":"2021-11-22T11:38:03","date_gmt":"2021-11-22T10:38:03","guid":{"rendered":"https:\/\/projects.pmfst.unist.hr\/kmk\/?page_id=95"},"modified":"2025-10-02T12:36:16","modified_gmt":"2025-10-02T10:36:16","slug":"srednjoskolska-kemija-objasnjenja","status":"publish","type":"page","link":"https:\/\/projects.pmfst.unist.hr\/kmk\/srednjoskolska-kemija-objasnjenja\/","title":{"rendered":"Srednjo\u0161kolska kemija &#8211; obja\u0161njenja"},"content":{"rendered":"<div class=\"wpb-content-wrapper\">[vc_row][vc_column width=&#8221;1\/2&#8243;][vc_video title=&#8221;Kristalizacija natrijeva acetata&#8221; link=&#8221;https:\/\/youtu.be\/nGOAtMQUPwI&#8221;][\/vc_column][vc_column width=&#8221;1\/2&#8243;][vc_video title=&#8221;Saponifikacija&#8221; link=&#8221;https:\/\/youtu.be\/Bka_RXYhDYU&#8221;][\/vc_column][\/vc_row][vc_row][vc_column][vc_empty_space][\/vc_column][\/vc_row][vc_row][vc_column width=&#8221;1\/2&#8243;][vc_video title=&#8221;Redoks reakcije. \u0160to su i kako ih rje\u0161avamo?&#8221; link=&#8221;https:\/\/youtu.be\/GkhRcvtBPk4&#8243;][\/vc_column][vc_column width=&#8221;1\/2&#8243;][vc_video title=&#8221;Rezonancije&#8221; link=&#8221;https:\/\/youtu.be\/qPN1EU4QQ38&#8243;][\/vc_column][\/vc_row][vc_row][vc_column][vc_empty_space][\/vc_column][\/vc_row][vc_row][vc_column width=&#8221;1\/2&#8243;][vc_video title=&#8221;Odre\u0111ivanje ukupne tvrdo\u0107e vode&#8221; link=&#8221;https:\/\/youtu.be\/0GSgHoMuQ-w&#8221;][\/vc_column][vc_column width=&#8221;1\/2&#8243;][vc_video title=&#8221;Putovanje kroz fazni dijagram&#8221; link=&#8221;https:\/\/youtu.be\/QffZB4Z30d4&#8243;][\/vc_column][\/vc_row][vc_row][vc_column][vc_empty_space][\/vc_column][\/vc_row][vc_row][vc_column width=&#8221;1\/2&#8243;][vc_video title=&#8221;Kristalizacija&#8221; link=&#8221;https:\/\/youtu.be\/nEFerloeCKo&#8221;][\/vc_column][vc_column width=&#8221;1\/2&#8243;][vc_video title=&#8221;Mjerodavni reaktant&#8221; link=&#8221;https:\/\/youtu.be\/TwqRNFPwn-E&#8221;][\/vc_column][\/vc_row][vc_row][vc_column][vc_empty_space][\/vc_column][\/vc_row][vc_row][vc_column width=&#8221;1\/2&#8243;][vc_video title=&#8221;Brzina kemijske reakcije&#8221; link=&#8221;https:\/\/www.youtube.com\/watch?v=FPN82Y9fuRQ&#8221;][\/vc_column][vc_column width=&#8221;1\/2&#8243;][vc_video title=&#8221;Fisherove i Newmanove projekcijske formule&#8221; link=&#8221;https:\/\/www.youtube.com\/watch?v=kA_P8K625qE&#8221;][\/vc_column][\/vc_row][vc_row][vc_column][vc_empty_space][\/vc_column][\/vc_row][vc_row][vc_column width=&#8221;1\/2&#8243;][vc_video title=&#8221;Frakcijska destilacija nafte&#8221; link=&#8221;https:\/\/www.youtube.com\/watch?v=7og4KvtuDzo&#8221;][\/vc_column][vc_column width=&#8221;1\/2&#8243;][vc_video title=&#8221;Galvanski \u010dlanak&#8221; link=&#8221;https:\/\/www.youtube.com\/watch?v=IgxfRy-fmGY&#8221;][\/vc_column][\/vc_row][vc_row][vc_column][vc_empty_space][\/vc_column][\/vc_row][vc_row][vc_column width=&#8221;1\/2&#8243;][vc_video title=&#8221;KIseline&#8221; link=&#8221;https:\/\/www.youtube.com\/watch?v=m_5JwCZVzI8&#8243;][\/vc_column][vc_column width=&#8221;1\/2&#8243;][vc_video title=&#8221;Maseni udio i empirijska formula&#8221; link=&#8221;https:\/\/www.youtube.com\/watch?v=xMr64lyHH9U&#8221;][\/vc_column][\/vc_row][vc_row][vc_column][vc_empty_space][\/vc_column][\/vc_row][vc_row][vc_column width=&#8221;1\/2&#8243;][vc_video title=&#8221;Metalno vezivanje&#8221; link=&#8221;https:\/\/www.youtube.com\/watch?v=KqXNah_N1qE&#8221;][\/vc_column][vc_column width=&#8221;1\/2&#8243;][vc_video title=&#8221;Periodni sustav elemenata&#8221; link=&#8221;https:\/\/www.youtube.com\/watch?v=-EjIeJOzBkI&#8221;][\/vc_column][\/vc_row][vc_row][vc_column][vc_empty_space][\/vc_column][\/vc_row][vc_row][vc_column width=&#8221;1\/2&#8243;][vc_video title=&#8221;Povr\u0161inska napetost&#8221; link=&#8221;https:\/\/www.youtube.com\/watch?v=xp1QQIVyA5s&#8221;][\/vc_column][vc_column width=&#8221;1\/2&#8243;][vc_video title=&#8221;Redoks reakcije&#8221; link=&#8221;https:\/\/www.youtube.com\/watch?v=wysy-U6CxPs&#8221;][\/vc_column][\/vc_row][vc_row][vc_column][vc_empty_space][\/vc_column][\/vc_row][vc_row][vc_column width=&#8221;1\/2&#8243;][vc_video title=&#8221;SN1 i SN2 reakcije&#8221; link=&#8221;https:\/\/www.youtube.com\/watch?v=VrhdGTE3hVY&#8221;][\/vc_column][vc_column width=&#8221;1\/2&#8243;][vc_video title=&#8221;Teorija sudara&#8221; link=&#8221;https:\/\/www.youtube.com\/watch?v=ge5RTsr-YHo&#8221;][\/vc_column][\/vc_row]\n<\/div>","protected":false},"excerpt":{"rendered":"<p>[vc_row][vc_column width=&#8221;1\/2&#8243;][vc_video title=&#8221;Kristalizacija natrijeva acetata&#8221; link=&#8221;https:\/\/youtu.be\/nGOAtMQUPwI&#8221;][\/vc_column][vc_column width=&#8221;1\/2&#8243;][vc_video title=&#8221;Saponifikacija&#8221; link=&#8221;https:\/\/youtu.be\/Bka_RXYhDYU&#8221;][\/vc_column][\/vc_row][vc_row][vc_column][vc_empty_space][\/vc_column][\/vc_row][vc_row][vc_column width=&#8221;1\/2&#8243;][vc_video title=&#8221;Redoks reakcije. \u0160to su i kako ih rje\u0161avamo?&#8221; link=&#8221;https:\/\/youtu.be\/GkhRcvtBPk4&#8243;][\/vc_column][vc_column width=&#8221;1\/2&#8243;][vc_video title=&#8221;Rezonancije&#8221; link=&#8221;https:\/\/youtu.be\/qPN1EU4QQ38&#8243;][\/vc_column][\/vc_row][vc_row][vc_column][vc_empty_space][\/vc_column][\/vc_row][vc_row][vc_column width=&#8221;1\/2&#8243;][vc_video title=&#8221;Odre\u0111ivanje ukupne tvrdo\u0107e vode&#8221; link=&#8221;https:\/\/youtu.be\/0GSgHoMuQ-w&#8221;][\/vc_column][vc_column width=&#8221;1\/2&#8243;][vc_video title=&#8221;Putovanje kroz fazni dijagram&#8221; link=&#8221;https:\/\/youtu.be\/QffZB4Z30d4&#8243;][\/vc_column][\/vc_row][vc_row][vc_column][vc_empty_space][\/vc_column][\/vc_row][vc_row][vc_column width=&#8221;1\/2&#8243;][vc_video title=&#8221;Kristalizacija&#8221; link=&#8221;https:\/\/youtu.be\/nEFerloeCKo&#8221;][\/vc_column][vc_column width=&#8221;1\/2&#8243;][vc_video title=&#8221;Mjerodavni reaktant&#8221; link=&#8221;https:\/\/youtu.be\/TwqRNFPwn-E&#8221;][\/vc_column][\/vc_row][vc_row][vc_column][vc_empty_space][\/vc_column][\/vc_row][vc_row][vc_column width=&#8221;1\/2&#8243;][vc_video title=&#8221;Brzina kemijske reakcije&#8221; link=&#8221;https:\/\/www.youtube.com\/watch?v=FPN82Y9fuRQ&#8221;][\/vc_column][vc_column width=&#8221;1\/2&#8243;][vc_video title=&#8221;Fisherove i Newmanove projekcijske formule&#8221; link=&#8221;https:\/\/www.youtube.com\/watch?v=kA_P8K625qE&#8221;][\/vc_column][\/vc_row][vc_row][vc_column][vc_empty_space][\/vc_column][\/vc_row][vc_row][vc_column width=&#8221;1\/2&#8243;][vc_video title=&#8221;Frakcijska [&hellip;]<\/p>\n","protected":false},"author":1,"featured_media":0,"parent":0,"menu_order":0,"comment_status":"closed","ping_status":"closed","template":"","meta":{"footnotes":""},"class_list":["post-95","page","type-page","status-publish","hentry"],"yoast_head":"<!-- This site is optimized with the Yoast SEO plugin v27.3 - https:\/\/yoast.com\/product\/yoast-seo-wordpress\/ -->\n<title>Srednjo\u0161kolska kemija - obja\u0161njenja - Kroz nao\u010dale kemi\u010dara<\/title>\n<meta name=\"robots\" content=\"index, follow, max-snippet:-1, max-image-preview:large, max-video-preview:-1\" \/>\n<link rel=\"canonical\" href=\"https:\/\/projects.pmfst.unist.hr\/kmk\/srednjoskolska-kemija-objasnjenja\/\" \/>\n<meta property=\"og:locale\" content=\"hr_HR\" \/>\n<meta property=\"og:type\" content=\"article\" \/>\n<meta property=\"og:title\" content=\"Srednjo\u0161kolska kemija - obja\u0161njenja - Kroz nao\u010dale kemi\u010dara\" \/>\n<meta property=\"og:description\" content=\"[vc_row][vc_column width=&#8221;1\/2&#8243;][vc_video title=&#8221;Kristalizacija natrijeva acetata&#8221; link=&#8221;https:\/\/youtu.be\/nGOAtMQUPwI&#8221;][\/vc_column][vc_column width=&#8221;1\/2&#8243;][vc_video title=&#8221;Saponifikacija&#8221; link=&#8221;https:\/\/youtu.be\/Bka_RXYhDYU&#8221;][\/vc_column][\/vc_row][vc_row][vc_column][vc_empty_space][\/vc_column][\/vc_row][vc_row][vc_column width=&#8221;1\/2&#8243;][vc_video title=&#8221;Redoks reakcije. \u0160to su i kako ih rje\u0161avamo?&#8221; link=&#8221;https:\/\/youtu.be\/GkhRcvtBPk4&#8243;][\/vc_column][vc_column width=&#8221;1\/2&#8243;][vc_video title=&#8221;Rezonancije&#8221; link=&#8221;https:\/\/youtu.be\/qPN1EU4QQ38&#8243;][\/vc_column][\/vc_row][vc_row][vc_column][vc_empty_space][\/vc_column][\/vc_row][vc_row][vc_column width=&#8221;1\/2&#8243;][vc_video title=&#8221;Odre\u0111ivanje ukupne tvrdo\u0107e vode&#8221; link=&#8221;https:\/\/youtu.be\/0GSgHoMuQ-w&#8221;][\/vc_column][vc_column width=&#8221;1\/2&#8243;][vc_video title=&#8221;Putovanje kroz fazni dijagram&#8221; link=&#8221;https:\/\/youtu.be\/QffZB4Z30d4&#8243;][\/vc_column][\/vc_row][vc_row][vc_column][vc_empty_space][\/vc_column][\/vc_row][vc_row][vc_column width=&#8221;1\/2&#8243;][vc_video title=&#8221;Kristalizacija&#8221; link=&#8221;https:\/\/youtu.be\/nEFerloeCKo&#8221;][\/vc_column][vc_column width=&#8221;1\/2&#8243;][vc_video title=&#8221;Mjerodavni reaktant&#8221; link=&#8221;https:\/\/youtu.be\/TwqRNFPwn-E&#8221;][\/vc_column][\/vc_row][vc_row][vc_column][vc_empty_space][\/vc_column][\/vc_row][vc_row][vc_column width=&#8221;1\/2&#8243;][vc_video title=&#8221;Brzina kemijske reakcije&#8221; link=&#8221;https:\/\/www.youtube.com\/watch?v=FPN82Y9fuRQ&#8221;][\/vc_column][vc_column width=&#8221;1\/2&#8243;][vc_video title=&#8221;Fisherove i Newmanove projekcijske formule&#8221; link=&#8221;https:\/\/www.youtube.com\/watch?v=kA_P8K625qE&#8221;][\/vc_column][\/vc_row][vc_row][vc_column][vc_empty_space][\/vc_column][\/vc_row][vc_row][vc_column width=&#8221;1\/2&#8243;][vc_video title=&#8221;Frakcijska [&hellip;]\" \/>\n<meta property=\"og:url\" content=\"https:\/\/projects.pmfst.unist.hr\/kmk\/srednjoskolska-kemija-objasnjenja\/\" \/>\n<meta property=\"og:site_name\" content=\"Kroz nao\u010dale kemi\u010dara\" \/>\n<meta property=\"article:modified_time\" content=\"2025-10-02T10:36:16+00:00\" \/>\n<meta name=\"twitter:card\" content=\"summary_large_image\" \/>\n<meta name=\"twitter:label1\" content=\"Procijenjeno vrijeme \u010ditanja\" \/>\n\t<meta name=\"twitter:data1\" content=\"1 minuta\" \/>\n<script type=\"application\/ld+json\" class=\"yoast-schema-graph\">{\"@context\":\"https:\\\/\\\/schema.org\",\"@graph\":[{\"@type\":\"WebPage\",\"@id\":\"https:\\\/\\\/projects.pmfst.unist.hr\\\/kmk\\\/srednjoskolska-kemija-objasnjenja\\\/\",\"url\":\"https:\\\/\\\/projects.pmfst.unist.hr\\\/kmk\\\/srednjoskolska-kemija-objasnjenja\\\/\",\"name\":\"Srednjo\u0161kolska kemija - obja\u0161njenja - Kroz nao\u010dale kemi\u010dara\",\"isPartOf\":{\"@id\":\"https:\\\/\\\/projects.pmfst.unist.hr\\\/kmk\\\/#website\"},\"datePublished\":\"2021-11-22T10:38:03+00:00\",\"dateModified\":\"2025-10-02T10:36:16+00:00\",\"breadcrumb\":{\"@id\":\"https:\\\/\\\/projects.pmfst.unist.hr\\\/kmk\\\/srednjoskolska-kemija-objasnjenja\\\/#breadcrumb\"},\"inLanguage\":\"hr\",\"potentialAction\":[{\"@type\":\"ReadAction\",\"target\":[\"https:\\\/\\\/projects.pmfst.unist.hr\\\/kmk\\\/srednjoskolska-kemija-objasnjenja\\\/\"]}]},{\"@type\":\"BreadcrumbList\",\"@id\":\"https:\\\/\\\/projects.pmfst.unist.hr\\\/kmk\\\/srednjoskolska-kemija-objasnjenja\\\/#breadcrumb\",\"itemListElement\":[{\"@type\":\"ListItem\",\"position\":1,\"name\":\"Po\u010detna stranica\",\"item\":\"https:\\\/\\\/projects.pmfst.unist.hr\\\/kmk\\\/\"},{\"@type\":\"ListItem\",\"position\":2,\"name\":\"Srednjo\u0161kolska kemija &#8211; obja\u0161njenja\"}]},{\"@type\":\"WebSite\",\"@id\":\"https:\\\/\\\/projects.pmfst.unist.hr\\\/kmk\\\/#website\",\"url\":\"https:\\\/\\\/projects.pmfst.unist.hr\\\/kmk\\\/\",\"name\":\"Kroz nao\u010dale kemi\u010dara\",\"description\":\"Kroz nao\u010dale kemi\u010dara\",\"potentialAction\":[{\"@type\":\"SearchAction\",\"target\":{\"@type\":\"EntryPoint\",\"urlTemplate\":\"https:\\\/\\\/projects.pmfst.unist.hr\\\/kmk\\\/?s={search_term_string}\"},\"query-input\":{\"@type\":\"PropertyValueSpecification\",\"valueRequired\":true,\"valueName\":\"search_term_string\"}}],\"inLanguage\":\"hr\"}]}<\/script>\n<!-- \/ Yoast SEO plugin. -->","yoast_head_json":{"title":"Srednjo\u0161kolska kemija - obja\u0161njenja - Kroz nao\u010dale kemi\u010dara","robots":{"index":"index","follow":"follow","max-snippet":"max-snippet:-1","max-image-preview":"max-image-preview:large","max-video-preview":"max-video-preview:-1"},"canonical":"https:\/\/projects.pmfst.unist.hr\/kmk\/srednjoskolska-kemija-objasnjenja\/","og_locale":"hr_HR","og_type":"article","og_title":"Srednjo\u0161kolska kemija - obja\u0161njenja - Kroz nao\u010dale kemi\u010dara","og_description":"[vc_row][vc_column width=&#8221;1\/2&#8243;][vc_video title=&#8221;Kristalizacija natrijeva acetata&#8221; link=&#8221;https:\/\/youtu.be\/nGOAtMQUPwI&#8221;][\/vc_column][vc_column width=&#8221;1\/2&#8243;][vc_video title=&#8221;Saponifikacija&#8221; link=&#8221;https:\/\/youtu.be\/Bka_RXYhDYU&#8221;][\/vc_column][\/vc_row][vc_row][vc_column][vc_empty_space][\/vc_column][\/vc_row][vc_row][vc_column width=&#8221;1\/2&#8243;][vc_video title=&#8221;Redoks reakcije. \u0160to su i kako ih rje\u0161avamo?&#8221; link=&#8221;https:\/\/youtu.be\/GkhRcvtBPk4&#8243;][\/vc_column][vc_column width=&#8221;1\/2&#8243;][vc_video title=&#8221;Rezonancije&#8221; link=&#8221;https:\/\/youtu.be\/qPN1EU4QQ38&#8243;][\/vc_column][\/vc_row][vc_row][vc_column][vc_empty_space][\/vc_column][\/vc_row][vc_row][vc_column width=&#8221;1\/2&#8243;][vc_video title=&#8221;Odre\u0111ivanje ukupne tvrdo\u0107e vode&#8221; link=&#8221;https:\/\/youtu.be\/0GSgHoMuQ-w&#8221;][\/vc_column][vc_column width=&#8221;1\/2&#8243;][vc_video title=&#8221;Putovanje kroz fazni dijagram&#8221; link=&#8221;https:\/\/youtu.be\/QffZB4Z30d4&#8243;][\/vc_column][\/vc_row][vc_row][vc_column][vc_empty_space][\/vc_column][\/vc_row][vc_row][vc_column width=&#8221;1\/2&#8243;][vc_video title=&#8221;Kristalizacija&#8221; link=&#8221;https:\/\/youtu.be\/nEFerloeCKo&#8221;][\/vc_column][vc_column width=&#8221;1\/2&#8243;][vc_video title=&#8221;Mjerodavni reaktant&#8221; link=&#8221;https:\/\/youtu.be\/TwqRNFPwn-E&#8221;][\/vc_column][\/vc_row][vc_row][vc_column][vc_empty_space][\/vc_column][\/vc_row][vc_row][vc_column width=&#8221;1\/2&#8243;][vc_video title=&#8221;Brzina kemijske reakcije&#8221; link=&#8221;https:\/\/www.youtube.com\/watch?v=FPN82Y9fuRQ&#8221;][\/vc_column][vc_column width=&#8221;1\/2&#8243;][vc_video title=&#8221;Fisherove i Newmanove projekcijske formule&#8221; link=&#8221;https:\/\/www.youtube.com\/watch?v=kA_P8K625qE&#8221;][\/vc_column][\/vc_row][vc_row][vc_column][vc_empty_space][\/vc_column][\/vc_row][vc_row][vc_column width=&#8221;1\/2&#8243;][vc_video title=&#8221;Frakcijska [&hellip;]","og_url":"https:\/\/projects.pmfst.unist.hr\/kmk\/srednjoskolska-kemija-objasnjenja\/","og_site_name":"Kroz nao\u010dale kemi\u010dara","article_modified_time":"2025-10-02T10:36:16+00:00","twitter_card":"summary_large_image","twitter_misc":{"Procijenjeno vrijeme \u010ditanja":"1 minuta"},"schema":{"@context":"https:\/\/schema.org","@graph":[{"@type":"WebPage","@id":"https:\/\/projects.pmfst.unist.hr\/kmk\/srednjoskolska-kemija-objasnjenja\/","url":"https:\/\/projects.pmfst.unist.hr\/kmk\/srednjoskolska-kemija-objasnjenja\/","name":"Srednjo\u0161kolska kemija - obja\u0161njenja - Kroz nao\u010dale kemi\u010dara","isPartOf":{"@id":"https:\/\/projects.pmfst.unist.hr\/kmk\/#website"},"datePublished":"2021-11-22T10:38:03+00:00","dateModified":"2025-10-02T10:36:16+00:00","breadcrumb":{"@id":"https:\/\/projects.pmfst.unist.hr\/kmk\/srednjoskolska-kemija-objasnjenja\/#breadcrumb"},"inLanguage":"hr","potentialAction":[{"@type":"ReadAction","target":["https:\/\/projects.pmfst.unist.hr\/kmk\/srednjoskolska-kemija-objasnjenja\/"]}]},{"@type":"BreadcrumbList","@id":"https:\/\/projects.pmfst.unist.hr\/kmk\/srednjoskolska-kemija-objasnjenja\/#breadcrumb","itemListElement":[{"@type":"ListItem","position":1,"name":"Po\u010detna stranica","item":"https:\/\/projects.pmfst.unist.hr\/kmk\/"},{"@type":"ListItem","position":2,"name":"Srednjo\u0161kolska kemija &#8211; obja\u0161njenja"}]},{"@type":"WebSite","@id":"https:\/\/projects.pmfst.unist.hr\/kmk\/#website","url":"https:\/\/projects.pmfst.unist.hr\/kmk\/","name":"Kroz nao\u010dale kemi\u010dara","description":"Kroz nao\u010dale kemi\u010dara","potentialAction":[{"@type":"SearchAction","target":{"@type":"EntryPoint","urlTemplate":"https:\/\/projects.pmfst.unist.hr\/kmk\/?s={search_term_string}"},"query-input":{"@type":"PropertyValueSpecification","valueRequired":true,"valueName":"search_term_string"}}],"inLanguage":"hr"}]}},"_links":{"self":[{"href":"https:\/\/projects.pmfst.unist.hr\/kmk\/wp-json\/wp\/v2\/pages\/95","targetHints":{"allow":["GET"]}}],"collection":[{"href":"https:\/\/projects.pmfst.unist.hr\/kmk\/wp-json\/wp\/v2\/pages"}],"about":[{"href":"https:\/\/projects.pmfst.unist.hr\/kmk\/wp-json\/wp\/v2\/types\/page"}],"author":[{"embeddable":true,"href":"https:\/\/projects.pmfst.unist.hr\/kmk\/wp-json\/wp\/v2\/users\/1"}],"replies":[{"embeddable":true,"href":"https:\/\/projects.pmfst.unist.hr\/kmk\/wp-json\/wp\/v2\/comments?post=95"}],"version-history":[{"count":0,"href":"https:\/\/projects.pmfst.unist.hr\/kmk\/wp-json\/wp\/v2\/pages\/95\/revisions"}],"wp:attachment":[{"href":"https:\/\/projects.pmfst.unist.hr\/kmk\/wp-json\/wp\/v2\/media?parent=95"}],"curies":[{"name":"wp","href":"https:\/\/api.w.org\/{rel}","templated":true}]}}