{"id":22,"date":"2026-02-10T14:28:03","date_gmt":"2026-02-10T13:28:03","guid":{"rendered":"https:\/\/projects.pmfst.unist.hr\/mamos\/?page_id=22"},"modified":"2026-02-11T11:49:27","modified_gmt":"2026-02-11T10:49:27","slug":"istrazivacki-tim","status":"publish","type":"page","link":"https:\/\/projects.pmfst.unist.hr\/mamos\/istrazivacki-tim\/","title":{"rendered":"Istra\u017eiva\u010dki tim"},"content":{"rendered":"<div class=\"wpb-content-wrapper\">[vc_row][vc_column][vc_column_text]<strong>Istra\u017eiva\u010dki tim:<\/strong> izv. prof. dr. sc. Bernarda Lovrin\u010devi\u0107 (voditeljica projekta), suradnici: prof. dr. sc. Leandra Vranje\u0161 Marki\u0107, prof. dr. sc. Sa\u0161a Kre\u0161i\u0107 Juri\u0107, izv. prof. dr. sc. \u017deljana Bona\u010di\u0107 Lo\u0161i\u0107, izv. prof. dr. sc. Petar Stipanovi\u0107, izv. prof. dr. sc. Martina Po\u017ear, izv. prof. dr. sc. \u017deljka Sanader Mar\u0161i\u0107, izv. prof. dr. sc. \u017darko Kova\u010d, izv. prof. dr. sc. Toni \u0160\u0107ulac, doc. dr. sc. Marko Kova\u010d, doc. dr. sc. Tea Martini\u0107 Bila\u0107, doc. dr. sc. Gordan Radobolja, dr. sc. Ivana Vukorepa, Tamara Rom, Andro Petkovi\u0107[\/vc_column_text][\/vc_column][\/vc_row][vc_row][vc_column][mk_gallery images=&#8221;46,47,48,49&#8243; column=&#8221;2&#8243; image_size=&#8221;full&#8221; item_spacing=&#8221;8&#8243; margin_bottom=&#8221;20&#8243;][\/vc_column][\/vc_row]\n<\/div>","protected":false},"excerpt":{"rendered":"<p>[vc_row][vc_column][vc_column_text]Istra\u017eiva\u010dki tim: izv. prof. dr. sc. Bernarda Lovrin\u010devi\u0107 (voditeljica projekta), suradnici: prof. dr. sc. Leandra Vranje\u0161 Marki\u0107, prof. dr. sc. Sa\u0161a Kre\u0161i\u0107 Juri\u0107, izv. prof. dr. sc. \u017deljana Bona\u010di\u0107 Lo\u0161i\u0107, izv. prof. dr. sc. Petar Stipanovi\u0107, izv. prof. dr. sc. Martina Po\u017ear, izv. prof. dr. sc. \u017deljka Sanader Mar\u0161i\u0107, izv. prof. dr. sc. \u017darko Kova\u010d, [&hellip;]<\/p>\n","protected":false},"author":1,"featured_media":0,"parent":0,"menu_order":0,"comment_status":"closed","ping_status":"closed","template":"","meta":{"footnotes":""},"class_list":["post-22","page","type-page","status-publish","hentry"],"yoast_head":"<!-- This site is optimized with the Yoast SEO plugin v27.3 - https:\/\/yoast.com\/product\/yoast-seo-wordpress\/ -->\n<title>Istra\u017eiva\u010dki tim - Matemati\u010dko modeliranje i simulacije fizikalnih sustava<\/title>\n<meta name=\"robots\" content=\"index, follow, max-snippet:-1, max-image-preview:large, max-video-preview:-1\" \/>\n<link rel=\"canonical\" href=\"https:\/\/projects.pmfst.unist.hr\/mamos\/istrazivacki-tim\/\" \/>\n<meta property=\"og:locale\" content=\"hr_HR\" \/>\n<meta property=\"og:type\" content=\"article\" \/>\n<meta property=\"og:title\" content=\"Istra\u017eiva\u010dki tim - Matemati\u010dko modeliranje i simulacije fizikalnih sustava\" \/>\n<meta property=\"og:description\" content=\"[vc_row][vc_column][vc_column_text]Istra\u017eiva\u010dki tim: izv. prof. dr. sc. Bernarda Lovrin\u010devi\u0107 (voditeljica projekta), suradnici: prof. dr. sc. Leandra Vranje\u0161 Marki\u0107, prof. dr. sc. Sa\u0161a Kre\u0161i\u0107 Juri\u0107, izv. prof. dr. sc. \u017deljana Bona\u010di\u0107 Lo\u0161i\u0107, izv. prof. dr. sc. Petar Stipanovi\u0107, izv. prof. dr. sc. Martina Po\u017ear, izv. prof. dr. sc. \u017deljka Sanader Mar\u0161i\u0107, izv. prof. dr. sc. \u017darko Kova\u010d, [&hellip;]\" \/>\n<meta property=\"og:url\" content=\"https:\/\/projects.pmfst.unist.hr\/mamos\/istrazivacki-tim\/\" \/>\n<meta property=\"og:site_name\" content=\"Matemati\u010dko modeliranje i simulacije fizikalnih sustava\" \/>\n<meta property=\"article:modified_time\" content=\"2026-02-11T10:49:27+00:00\" \/>\n<meta name=\"twitter:card\" content=\"summary_large_image\" \/>\n<meta name=\"twitter:label1\" content=\"Procijenjeno vrijeme \u010ditanja\" \/>\n\t<meta name=\"twitter:data1\" content=\"1 minuta\" \/>\n<script type=\"application\/ld+json\" class=\"yoast-schema-graph\">{\"@context\":\"https:\\\/\\\/schema.org\",\"@graph\":[{\"@type\":\"WebPage\",\"@id\":\"https:\\\/\\\/projects.pmfst.unist.hr\\\/mamos\\\/istrazivacki-tim\\\/\",\"url\":\"https:\\\/\\\/projects.pmfst.unist.hr\\\/mamos\\\/istrazivacki-tim\\\/\",\"name\":\"Istra\u017eiva\u010dki tim - Matemati\u010dko modeliranje i simulacije fizikalnih sustava\",\"isPartOf\":{\"@id\":\"https:\\\/\\\/projects.pmfst.unist.hr\\\/mamos\\\/#website\"},\"datePublished\":\"2026-02-10T13:28:03+00:00\",\"dateModified\":\"2026-02-11T10:49:27+00:00\",\"breadcrumb\":{\"@id\":\"https:\\\/\\\/projects.pmfst.unist.hr\\\/mamos\\\/istrazivacki-tim\\\/#breadcrumb\"},\"inLanguage\":\"hr\",\"potentialAction\":[{\"@type\":\"ReadAction\",\"target\":[\"https:\\\/\\\/projects.pmfst.unist.hr\\\/mamos\\\/istrazivacki-tim\\\/\"]}]},{\"@type\":\"BreadcrumbList\",\"@id\":\"https:\\\/\\\/projects.pmfst.unist.hr\\\/mamos\\\/istrazivacki-tim\\\/#breadcrumb\",\"itemListElement\":[{\"@type\":\"ListItem\",\"position\":1,\"name\":\"Po\u010detna stranica\",\"item\":\"https:\\\/\\\/projects.pmfst.unist.hr\\\/mamos\\\/\"},{\"@type\":\"ListItem\",\"position\":2,\"name\":\"Istra\u017eiva\u010dki tim\"}]},{\"@type\":\"WebSite\",\"@id\":\"https:\\\/\\\/projects.pmfst.unist.hr\\\/mamos\\\/#website\",\"url\":\"https:\\\/\\\/projects.pmfst.unist.hr\\\/mamos\\\/\",\"name\":\"Matemati\u010dko modeliranje i simulacije fizikalnih sustava\",\"description\":\"\",\"potentialAction\":[{\"@type\":\"SearchAction\",\"target\":{\"@type\":\"EntryPoint\",\"urlTemplate\":\"https:\\\/\\\/projects.pmfst.unist.hr\\\/mamos\\\/?s={search_term_string}\"},\"query-input\":{\"@type\":\"PropertyValueSpecification\",\"valueRequired\":true,\"valueName\":\"search_term_string\"}}],\"inLanguage\":\"hr\"}]}<\/script>\n<!-- \/ Yoast SEO plugin. -->","yoast_head_json":{"title":"Istra\u017eiva\u010dki tim - Matemati\u010dko modeliranje i simulacije fizikalnih sustava","robots":{"index":"index","follow":"follow","max-snippet":"max-snippet:-1","max-image-preview":"max-image-preview:large","max-video-preview":"max-video-preview:-1"},"canonical":"https:\/\/projects.pmfst.unist.hr\/mamos\/istrazivacki-tim\/","og_locale":"hr_HR","og_type":"article","og_title":"Istra\u017eiva\u010dki tim - Matemati\u010dko modeliranje i simulacije fizikalnih sustava","og_description":"[vc_row][vc_column][vc_column_text]Istra\u017eiva\u010dki tim: izv. prof. dr. sc. Bernarda Lovrin\u010devi\u0107 (voditeljica projekta), suradnici: prof. dr. sc. Leandra Vranje\u0161 Marki\u0107, prof. dr. sc. Sa\u0161a Kre\u0161i\u0107 Juri\u0107, izv. prof. dr. sc. \u017deljana Bona\u010di\u0107 Lo\u0161i\u0107, izv. prof. dr. sc. Petar Stipanovi\u0107, izv. prof. dr. sc. Martina Po\u017ear, izv. prof. dr. sc. \u017deljka Sanader Mar\u0161i\u0107, izv. prof. dr. sc. \u017darko Kova\u010d, [&hellip;]","og_url":"https:\/\/projects.pmfst.unist.hr\/mamos\/istrazivacki-tim\/","og_site_name":"Matemati\u010dko modeliranje i simulacije fizikalnih sustava","article_modified_time":"2026-02-11T10:49:27+00:00","twitter_card":"summary_large_image","twitter_misc":{"Procijenjeno vrijeme \u010ditanja":"1 minuta"},"schema":{"@context":"https:\/\/schema.org","@graph":[{"@type":"WebPage","@id":"https:\/\/projects.pmfst.unist.hr\/mamos\/istrazivacki-tim\/","url":"https:\/\/projects.pmfst.unist.hr\/mamos\/istrazivacki-tim\/","name":"Istra\u017eiva\u010dki tim - Matemati\u010dko modeliranje i simulacije fizikalnih sustava","isPartOf":{"@id":"https:\/\/projects.pmfst.unist.hr\/mamos\/#website"},"datePublished":"2026-02-10T13:28:03+00:00","dateModified":"2026-02-11T10:49:27+00:00","breadcrumb":{"@id":"https:\/\/projects.pmfst.unist.hr\/mamos\/istrazivacki-tim\/#breadcrumb"},"inLanguage":"hr","potentialAction":[{"@type":"ReadAction","target":["https:\/\/projects.pmfst.unist.hr\/mamos\/istrazivacki-tim\/"]}]},{"@type":"BreadcrumbList","@id":"https:\/\/projects.pmfst.unist.hr\/mamos\/istrazivacki-tim\/#breadcrumb","itemListElement":[{"@type":"ListItem","position":1,"name":"Po\u010detna stranica","item":"https:\/\/projects.pmfst.unist.hr\/mamos\/"},{"@type":"ListItem","position":2,"name":"Istra\u017eiva\u010dki tim"}]},{"@type":"WebSite","@id":"https:\/\/projects.pmfst.unist.hr\/mamos\/#website","url":"https:\/\/projects.pmfst.unist.hr\/mamos\/","name":"Matemati\u010dko modeliranje i simulacije fizikalnih sustava","description":"","potentialAction":[{"@type":"SearchAction","target":{"@type":"EntryPoint","urlTemplate":"https:\/\/projects.pmfst.unist.hr\/mamos\/?s={search_term_string}"},"query-input":{"@type":"PropertyValueSpecification","valueRequired":true,"valueName":"search_term_string"}}],"inLanguage":"hr"}]}},"_links":{"self":[{"href":"https:\/\/projects.pmfst.unist.hr\/mamos\/wp-json\/wp\/v2\/pages\/22","targetHints":{"allow":["GET"]}}],"collection":[{"href":"https:\/\/projects.pmfst.unist.hr\/mamos\/wp-json\/wp\/v2\/pages"}],"about":[{"href":"https:\/\/projects.pmfst.unist.hr\/mamos\/wp-json\/wp\/v2\/types\/page"}],"author":[{"embeddable":true,"href":"https:\/\/projects.pmfst.unist.hr\/mamos\/wp-json\/wp\/v2\/users\/1"}],"replies":[{"embeddable":true,"href":"https:\/\/projects.pmfst.unist.hr\/mamos\/wp-json\/wp\/v2\/comments?post=22"}],"version-history":[{"count":4,"href":"https:\/\/projects.pmfst.unist.hr\/mamos\/wp-json\/wp\/v2\/pages\/22\/revisions"}],"predecessor-version":[{"id":57,"href":"https:\/\/projects.pmfst.unist.hr\/mamos\/wp-json\/wp\/v2\/pages\/22\/revisions\/57"}],"wp:attachment":[{"href":"https:\/\/projects.pmfst.unist.hr\/mamos\/wp-json\/wp\/v2\/media?parent=22"}],"curies":[{"name":"wp","href":"https:\/\/api.w.org\/{rel}","templated":true}]}}