{"id":54,"date":"2021-06-16T12:53:13","date_gmt":"2021-06-16T10:53:13","guid":{"rendered":"https:\/\/projects.pmfst.unist.hr\/qacbioact\/?page_id=54"},"modified":"2025-01-30T12:09:20","modified_gmt":"2025-01-30T11:09:20","slug":"publications","status":"publish","type":"page","link":"https:\/\/projects.pmfst.unist.hr\/qacbioact\/publications\/","title":{"rendered":"PUBLICATIONS"},"content":{"rendered":"<ul>\n<li>Crn\u010devi\u0107, Doris; Krce, Lucija; Masteli\u0107, Linda; Maravi\u0107, Ana; Soldo, Barbara; Aviani, Ivica; Primo\u017ei\u010d, Ines; Od\u017eak, Renata; \u0160prung, Matilda The mode of antibacterial action of quaternary N- benzylimidazole salts against emerging opportunistic pathogens \/\/ Bioorganic chemistry, 112 (2021), 104938, 8 doi:10.1016\/j.bioorg.2021.104938<\/li>\n<li>Crn\u010devi\u0107, Doris; Krce, Lucija; Cvitkovi\u0107, Mislav; Brklja\u010da, Zlatko; Sablji\u0107, Antonio; Vuko, Elma; Primo\u017ei\u010d, Ines; Od\u017eak, Renata; \u0160prung, Matilda New membrane-active antibacterial and antiviral amphiphiles derived from heterocyclic backbone of pyridinium-4-aldoxime \/\/ Pharmaceuticals, 15 (2022), 7; 775, 21doi:10.3390\/ph15070775<\/li>\n<li><span data-contrast=\"auto\">Od\u017eak, Renata;\u00a0 Crn\u010devi\u0107, Doris;\u00a0 Sablji\u0107, Antonio,\u00a0 Primo\u017ei\u010d, Ines; \u0160prung, Matilda<\/span><span data-ccp-props=\"{&quot;134233117&quot;:false,&quot;134233118&quot;:false,&quot;201341983&quot;:0,&quot;335551550&quot;:1,&quot;335551620&quot;:1,&quot;335559685&quot;:0,&quot;335559737&quot;:0,&quot;335559738&quot;:0,&quot;335559739&quot;:0,&quot;335559740&quot;:259}\">\u00a0 \u00a0<\/span><span data-contrast=\"auto\">Synthesis and biological evaluation of 3-amidoquinuclidine quaternary ammonium compounds as new soft antibacterial agents \/\/ Pharmaceuticals, 16 (2023), 2; 187 <a href=\"https:\/\/doi.org\/10.3390\/ph16020187\">doi: 10.3390\/ph16020187<\/a>\u00a0<\/span><\/li>\n<li><span data-contrast=\"auto\">Od\u017eak, Renata; Crn\u010devi\u0107, Doris; Sablji\u0107, Antonio; Krce, Lucija; Paladin, Antonela; Primo\u017ei\u010d, Ines; \u0160prung, Matilda\u00a0<\/span><span data-ccp-props=\"{&quot;134233117&quot;:false,&quot;134233118&quot;:false,&quot;201341983&quot;:0,&quot;335551550&quot;:1,&quot;335551620&quot;:1,&quot;335559685&quot;:0,&quot;335559737&quot;:0,&quot;335559738&quot;:0,&quot;335559739&quot;:0,&quot;335559740&quot;:259}\"> , <\/span><span data-contrast=\"auto\">Further study of the polar group\u2019s influence on the antibacterial activity of the 3-substituted quinuclidine salts with long alkyl chains \/\/ Antibiotics, 12 (2023), 8; 1231 <a href=\"https:\/\/doi.org\/10.3390\/antibiotics12081231\">doi:10.3390\/antibiotics12081231<\/a><\/span><\/li>\n<li>Crn\u010devi\u0107, Doris; Rami\u0107, Alma; Radman Kastelic, Andreja; Od\u017eak, Renata; Krce, Lucija; Weber, Ivana; Primo\u017ei\u010d, Ines; \u0160prung, Matilda<br \/>\nNaturally derived 3-aminoquinuclidine salts as new promising therapeutic agents \/\/ Scientific reports, 14 (2024), 26211, 18. doi: 10.1038\/s41598-024-77647-5<\/li>\n<li>Crn\u010devi\u0107, Doris; Krce, Lucija, Brklja\u010da, Zlatko; Cvitkovi\u0107, Mislav; Babi\u0107 Br\u010di\u0107, Sanja; \u010co\u017e-Rakovac, Rozelindra, Od\u017eak, Renata and \u0160prung, Matilda A dual antibacterial action of soft quaternary ammonium compounds: Bacteriostatic effects, membrane integrity, and reduced in vitro and in vivo toxicity, <em>RSC Advances<\/em>, 2025, <strong>15<\/strong>, 1490 \u2013 1506. doi: 10.1039\/d4ra07975b<\/li>\n<\/ul>\n","protected":false},"excerpt":{"rendered":"<p>Crn\u010devi\u0107, Doris; Krce, Lucija; Masteli\u0107, Linda; Maravi\u0107, Ana; Soldo, Barbara; Aviani, Ivica; Primo\u017ei\u010d, Ines; Od\u017eak, Renata; \u0160prung, Matilda The mode of antibacterial action of quaternary N- benzylimidazole salts against emerging opportunistic pathogens \/\/ Bioorganic chemistry, 112 (2021), 104938, 8 doi:10.1016\/j.bioorg.2021.104938 Crn\u010devi\u0107, Doris; Krce, Lucija; Cvitkovi\u0107, Mislav; Brklja\u010da, Zlatko; Sablji\u0107, Antonio; Vuko, Elma; Primo\u017ei\u010d, Ines; Od\u017eak, [&hellip;]<\/p>\n","protected":false},"author":1,"featured_media":0,"parent":0,"menu_order":0,"comment_status":"closed","ping_status":"closed","template":"","meta":{"footnotes":""},"class_list":["post-54","page","type-page","status-publish","hentry"],"yoast_head":"<!-- This site is optimized with the Yoast SEO plugin v27.3 - https:\/\/yoast.com\/product\/yoast-seo-wordpress\/ -->\n<title>PUBLICATIONS - Discovery and development of new bioactive quaternary ammonium compounds derived from quinuclidine<\/title>\n<meta name=\"robots\" content=\"index, follow, max-snippet:-1, max-image-preview:large, max-video-preview:-1\" \/>\n<link rel=\"canonical\" href=\"https:\/\/projects.pmfst.unist.hr\/qacbioact\/publications\/\" \/>\n<meta property=\"og:locale\" content=\"en_US\" \/>\n<meta property=\"og:type\" content=\"article\" \/>\n<meta property=\"og:title\" content=\"PUBLICATIONS - Discovery and development of new bioactive quaternary ammonium compounds derived from quinuclidine\" \/>\n<meta property=\"og:description\" content=\"Crn\u010devi\u0107, Doris; Krce, Lucija; Masteli\u0107, Linda; Maravi\u0107, Ana; Soldo, Barbara; Aviani, Ivica; Primo\u017ei\u010d, Ines; Od\u017eak, Renata; \u0160prung, Matilda The mode of antibacterial action of quaternary N- benzylimidazole salts against emerging opportunistic pathogens \/\/ Bioorganic chemistry, 112 (2021), 104938, 8 doi:10.1016\/j.bioorg.2021.104938 Crn\u010devi\u0107, Doris; Krce, Lucija; Cvitkovi\u0107, Mislav; Brklja\u010da, Zlatko; Sablji\u0107, Antonio; Vuko, Elma; Primo\u017ei\u010d, Ines; Od\u017eak, [&hellip;]\" \/>\n<meta property=\"og:url\" content=\"https:\/\/projects.pmfst.unist.hr\/qacbioact\/publications\/\" \/>\n<meta property=\"og:site_name\" content=\"Discovery and development of new bioactive quaternary ammonium compounds derived from quinuclidine\" \/>\n<meta property=\"article:modified_time\" content=\"2025-01-30T11:09:20+00:00\" \/>\n<meta name=\"twitter:card\" content=\"summary_large_image\" \/>\n<meta name=\"twitter:label1\" content=\"Est. reading time\" \/>\n\t<meta name=\"twitter:data1\" content=\"2 minutes\" \/>\n<script type=\"application\/ld+json\" class=\"yoast-schema-graph\">{\"@context\":\"https:\\\/\\\/schema.org\",\"@graph\":[{\"@type\":\"WebPage\",\"@id\":\"https:\\\/\\\/projects.pmfst.unist.hr\\\/qacbioact\\\/publications\\\/\",\"url\":\"https:\\\/\\\/projects.pmfst.unist.hr\\\/qacbioact\\\/publications\\\/\",\"name\":\"PUBLICATIONS - Discovery and development of new bioactive quaternary ammonium compounds derived from quinuclidine\",\"isPartOf\":{\"@id\":\"https:\\\/\\\/projects.pmfst.unist.hr\\\/qacbioact\\\/#website\"},\"datePublished\":\"2021-06-16T10:53:13+00:00\",\"dateModified\":\"2025-01-30T11:09:20+00:00\",\"breadcrumb\":{\"@id\":\"https:\\\/\\\/projects.pmfst.unist.hr\\\/qacbioact\\\/publications\\\/#breadcrumb\"},\"inLanguage\":\"en-US\",\"potentialAction\":[{\"@type\":\"ReadAction\",\"target\":[\"https:\\\/\\\/projects.pmfst.unist.hr\\\/qacbioact\\\/publications\\\/\"]}]},{\"@type\":\"BreadcrumbList\",\"@id\":\"https:\\\/\\\/projects.pmfst.unist.hr\\\/qacbioact\\\/publications\\\/#breadcrumb\",\"itemListElement\":[{\"@type\":\"ListItem\",\"position\":1,\"name\":\"Po\u010detna stranica\",\"item\":\"https:\\\/\\\/projects.pmfst.unist.hr\\\/qacbioact\\\/\"},{\"@type\":\"ListItem\",\"position\":2,\"name\":\"PUBLICATIONS\"}]},{\"@type\":\"WebSite\",\"@id\":\"https:\\\/\\\/projects.pmfst.unist.hr\\\/qacbioact\\\/#website\",\"url\":\"https:\\\/\\\/projects.pmfst.unist.hr\\\/qacbioact\\\/\",\"name\":\"Discovery and development of new bioactive quaternary ammonium compounds derived from quinuclidine\",\"description\":\"Discovery and development of new bioactive quaternary ammonium compounds derived from quinuclidine\",\"potentialAction\":[{\"@type\":\"SearchAction\",\"target\":{\"@type\":\"EntryPoint\",\"urlTemplate\":\"https:\\\/\\\/projects.pmfst.unist.hr\\\/qacbioact\\\/?s={search_term_string}\"},\"query-input\":{\"@type\":\"PropertyValueSpecification\",\"valueRequired\":true,\"valueName\":\"search_term_string\"}}],\"inLanguage\":\"en-US\"}]}<\/script>\n<!-- \/ Yoast SEO plugin. -->","yoast_head_json":{"title":"PUBLICATIONS - Discovery and development of new bioactive quaternary ammonium compounds derived from quinuclidine","robots":{"index":"index","follow":"follow","max-snippet":"max-snippet:-1","max-image-preview":"max-image-preview:large","max-video-preview":"max-video-preview:-1"},"canonical":"https:\/\/projects.pmfst.unist.hr\/qacbioact\/publications\/","og_locale":"en_US","og_type":"article","og_title":"PUBLICATIONS - Discovery and development of new bioactive quaternary ammonium compounds derived from quinuclidine","og_description":"Crn\u010devi\u0107, Doris; Krce, Lucija; Masteli\u0107, Linda; Maravi\u0107, Ana; Soldo, Barbara; Aviani, Ivica; Primo\u017ei\u010d, Ines; Od\u017eak, Renata; \u0160prung, Matilda The mode of antibacterial action of quaternary N- benzylimidazole salts against emerging opportunistic pathogens \/\/ Bioorganic chemistry, 112 (2021), 104938, 8 doi:10.1016\/j.bioorg.2021.104938 Crn\u010devi\u0107, Doris; Krce, Lucija; Cvitkovi\u0107, Mislav; Brklja\u010da, Zlatko; Sablji\u0107, Antonio; Vuko, Elma; Primo\u017ei\u010d, Ines; Od\u017eak, [&hellip;]","og_url":"https:\/\/projects.pmfst.unist.hr\/qacbioact\/publications\/","og_site_name":"Discovery and development of new bioactive quaternary ammonium compounds derived from quinuclidine","article_modified_time":"2025-01-30T11:09:20+00:00","twitter_card":"summary_large_image","twitter_misc":{"Est. reading time":"2 minutes"},"schema":{"@context":"https:\/\/schema.org","@graph":[{"@type":"WebPage","@id":"https:\/\/projects.pmfst.unist.hr\/qacbioact\/publications\/","url":"https:\/\/projects.pmfst.unist.hr\/qacbioact\/publications\/","name":"PUBLICATIONS - Discovery and development of new bioactive quaternary ammonium compounds derived from quinuclidine","isPartOf":{"@id":"https:\/\/projects.pmfst.unist.hr\/qacbioact\/#website"},"datePublished":"2021-06-16T10:53:13+00:00","dateModified":"2025-01-30T11:09:20+00:00","breadcrumb":{"@id":"https:\/\/projects.pmfst.unist.hr\/qacbioact\/publications\/#breadcrumb"},"inLanguage":"en-US","potentialAction":[{"@type":"ReadAction","target":["https:\/\/projects.pmfst.unist.hr\/qacbioact\/publications\/"]}]},{"@type":"BreadcrumbList","@id":"https:\/\/projects.pmfst.unist.hr\/qacbioact\/publications\/#breadcrumb","itemListElement":[{"@type":"ListItem","position":1,"name":"Po\u010detna stranica","item":"https:\/\/projects.pmfst.unist.hr\/qacbioact\/"},{"@type":"ListItem","position":2,"name":"PUBLICATIONS"}]},{"@type":"WebSite","@id":"https:\/\/projects.pmfst.unist.hr\/qacbioact\/#website","url":"https:\/\/projects.pmfst.unist.hr\/qacbioact\/","name":"Discovery and development of new bioactive quaternary ammonium compounds derived from quinuclidine","description":"Discovery and development of new bioactive quaternary ammonium compounds derived from quinuclidine","potentialAction":[{"@type":"SearchAction","target":{"@type":"EntryPoint","urlTemplate":"https:\/\/projects.pmfst.unist.hr\/qacbioact\/?s={search_term_string}"},"query-input":{"@type":"PropertyValueSpecification","valueRequired":true,"valueName":"search_term_string"}}],"inLanguage":"en-US"}]}},"_links":{"self":[{"href":"https:\/\/projects.pmfst.unist.hr\/qacbioact\/wp-json\/wp\/v2\/pages\/54","targetHints":{"allow":["GET"]}}],"collection":[{"href":"https:\/\/projects.pmfst.unist.hr\/qacbioact\/wp-json\/wp\/v2\/pages"}],"about":[{"href":"https:\/\/projects.pmfst.unist.hr\/qacbioact\/wp-json\/wp\/v2\/types\/page"}],"author":[{"embeddable":true,"href":"https:\/\/projects.pmfst.unist.hr\/qacbioact\/wp-json\/wp\/v2\/users\/1"}],"replies":[{"embeddable":true,"href":"https:\/\/projects.pmfst.unist.hr\/qacbioact\/wp-json\/wp\/v2\/comments?post=54"}],"version-history":[{"count":0,"href":"https:\/\/projects.pmfst.unist.hr\/qacbioact\/wp-json\/wp\/v2\/pages\/54\/revisions"}],"wp:attachment":[{"href":"https:\/\/projects.pmfst.unist.hr\/qacbioact\/wp-json\/wp\/v2\/media?parent=54"}],"curies":[{"name":"wp","href":"https:\/\/api.w.org\/{rel}","templated":true}]}}