{"id":24,"date":"2017-03-10T12:48:46","date_gmt":"2017-03-10T12:48:46","guid":{"rendered":"http:\/\/demos.artbees.net\/jupiter5\/persephone\/?page_id=24"},"modified":"2026-03-05T12:20:28","modified_gmt":"2026-03-05T11:20:28","slug":"o-projektu","status":"publish","type":"page","link":"https:\/\/projects.pmfst.unist.hr\/zmaj\/o-projektu\/","title":{"rendered":"O projektu"},"content":{"rendered":"<div class=\"wpb-content-wrapper\">[mk_page_section bg_image=&#8221;https:\/\/projects.pmfst.unist.hr\/zmaj\/wp-content\/uploads\/sites\/18\/2026\/03\/ju-dit-sea-1097417_1920.jpg&#8221; speed_factor=&#8221;0&#8243; video_opacity=&#8221;0&#8243; sidebar=&#8221;sidebar-1&#8243;][vc_column][mk_fancy_title color=&#8221;#ffffff&#8221; size=&#8221;22&#8243; margin_top=&#8221;31&#8243; font_family=&#8221;none&#8221;]Prema podacima Europske agencije za okoli\u0161 (EEA, 2025), vi\u0161e od 94% urbanog stanovni\u0161tva u EU povremeno je izlo\u017eeno koncentracijama finih \u010destica u zraku (PM\u2082.\u2085) koje prema\u0161uju smjernice Svjetske zdravstvene organizacije (WHO, 2021). U sklopu projekta identificirati \u0107emo lokacije od interesa, a posebno lokacije intenzivne kineziolo\u0161ke aktivnosti, na kojima \u0107emo mjeriti koncentracije finih \u010destica\u00a0sa kratkim intervalima mjerenja (&lt;10 min). Utvrdit \u0107emo kemijski sastav ovih \u010destica te identificirati nove spojeve u sastavu atmosferske \u010desti\u010dne tvari, a tako\u0111er \u0107emo istra\u017eiti povezanost koncentracije \u010destica i meteorolo\u0161kih uvjeta. Osim toga, mjerenja \u0107emo fokusirati na ultra-male \u010destice (PM<sub>0.1<\/sub>), za koje, primarno zbog tehnolo\u0161kih izazova jo\u0161 ne postoji dovoljno mjerenja i podataka, osobito detaljne kemijske karakterizacije. Tako\u0111er, na\u0161e istra\u017eivanje fokusirano je na rekreativne zone (a ne na prometnice ili industrijske dijelove grada, ili urbano podru\u010dje kao homogenu cjelinu, kao u velikom dijelu istra\u017eivanja), \u0161to predstavlja dodatan doprinos podru\u010dju istra\u017eivanja. Obavit \u0107emo i istra\u017eivanja o utjecaju i osobnom do\u017eivljaju va\u017enosti zaga\u0111enja zraka u svakodnevnom \u017eivotu i zdravlju, primarno na odabranim lokacijama, me\u0111u kineziolo\u0161ki aktivnom populacijom.<\/p>\n<p>Prema izvje\u0161\u0107u Europske agencije za okoli\u0161 (EEA, 2023), ekolo\u0161ko stanje priobalnih voda EU procjenjuje se kao \u201emanje od dobrog\u201c u 62% slu\u010dajeva, \u010desto zbog pritisaka iz akvakulture, turizma i urbanizacije. Istovremeno, WHO i FAO (Codex Alimentarius) isti\u010du va\u017enost pra\u0107enja kemijske i mikrobiolo\u0161ke kvalitete morske vode u zonama uzgoja hrane, zbog za\u0161tite javnog zdravlja i o\u010duvanja morskih ekosustava. Zbog toga \u0107emo u sklopu projekta obaviti analize dostupnih nizova fizikalnih, kemijskih i biolo\u0161kih parametara mjerenih u estuariju Krke, te identificirati parametre koji imaju najve\u0107i utjecaj na akvakulturu. Razvit \u0107emo model cirkulacije u estuariju. Izradt \u0107emo i prototip platforme s ugra\u0111enim instrumentima za pra\u0107enje stanja morskog stupca u realnom vremenu, uz mogu\u0107nost upozorenja na doga\u0111aje koji mogu negativno utjecati na morske ekosustve.<\/p>\n<p>One\u010di\u0161\u0107enje zraka i mora negativno utje\u010de i na okoli\u0161 i zdravlje te je povezano s reproduktivnim smetnjama (Kumar i Singh, 2022) i razvojnim poreme\u0107ajima fetusa (Ward i sur., 2025). Mnogi zaga\u0111iva\u010di djeluju kao endokrini disruptori te izazivaju oksidativni stres i mitohondrijsku disfunkciju (Reddam i sur., 2022). U ovom projektu \u0107emo po prvi put eksperimentalno povezati specifi\u010dne zaga\u0111iva\u010de identificirane u zraku i moru s ciljanom biolo\u0161kom analizom njihovog u\u010dinka na stanice spermatogeneze i placentalne trofoblaste, s fokusom na mitohondrijsku biologiju i stani\u010dne mehanizme ranog razvoja. Metaboli\u010dki aktivne stanice spermatogeneze i placentalni trofoblasti, posebno su osjetljive na takve utjecaje; disfunkcija mitofagije \u2013 procesa uklanjanja o\u0161te\u0107enih mitohondrija \u2013 mo\u017ee u njima dovesti do subfertilnosti i poreme\u0107aja razvoja posteljice (Wang i sur., 2023). Projekt uvodi inovativan transdisciplinarni pristup koji povezuje okoli\u0161nu analitiku, toksikologiju i reproduktivnu biologiju s naprednim molekularnim analizama na genskoj, transkriptomskoj, epigenetskoj i proteinskoj razini.<\/p>\n<p>Dodatno, inovativnost projekta o\u010dituje se u primjeni robusne RNA-seq analize za otkrivanje transkriptomskih promjena izazvanih okoli\u0161nim stresorima, kao i u analizi metilacijskog profila odabranih gena \u2013 s ciljem mapiranja regulatornih promjena povezanih s okoli\u0161nom izlo\u017eeno\u0161\u0107u.<\/p>\n<p>Ova vi\u0161erazinska analiza omogu\u0107it \u0107e nam uvid u slo\u017eenu mre\u017eu epigenetskih i transkripcijskih odgovora u kontekstu mitohondrijske disfunkcije i reproduktivnog zdravlja. Aktivnosti projekta u ovom dijelu fokusirat \u0107e se na razumijevanje kako zaga\u0111iva\u010di utje\u010du na reproduktivni potencijal i rani embrionalni razvoj. Istra\u017eiti \u0107emo utjecaj novih spojeva u sastavu atmosferske \u010desti\u0107ne tvari \u00a0na zdravlje, potencijalno pro\u0161iruju\u0107i broj spojeva od interesa, \u0161to je klju\u010dno za prevenciju i za\u0161titu javnog zdravlja s ciljem uspostavljanja nove znanstvene poveznice izme\u0111u okoli\u0161ne toksikologije i reproduktivne biologije, s naglaskom na mitohondrijsku disfunkciju, mitofagiju i epigenetsku regulaciju kao klju\u010dne mehanizme odgovora.<\/p>\n<p>Jedan od zahtjeva kurikularne reforme u RH je stvaranje bolje korelacije me\u0111u nastavnim predmetima. Osim kurikuluma nastavnih predmeta Okvir nacionalnog kurikuluma sadr\u017ei i kurikulume me\u0111upredmetnih tema (Upotreba informacijske i komunikacijske tehnologije, Zdravlje, Odr\u017eivi razvoj, Osobni i socijalni razvoj, Poduzetni\u0161tvo, Gra\u0111anski odgoj i obrazovanje, te U\u010diti kako u\u010diti). U okviru projekta istra\u017eiti \u0107emo postoje\u0107e stanje u nastavi odabranih predmeta (primjerice matematike, fizike, kemije, biologije) i obra\u0111ivanju me\u0111upredmetnih tema, te izraditi priru\u010dnike za nastavnike i u\u010ditelje kao pomo\u0107 u me\u0111upredmetnoj nastavi. Va\u017enost uvo\u0111enja me\u0111upredmetnih tema u obrazovanje istra\u017eili su npr. i Bakker i sur. (2021) koji su 2019 i 2020 godine anketirali istra\u017eiva\u010de koji se bave pitanjima matemati\u010dkog obrazovanja o temama istra\u017eivanja kojima bi se trebalo baviti u budu\u0107nosti: nagla\u0161ena je nu\u017enost povezivanja problema odr\u017eivosti u odnosu na ciljeve matemati\u010dkog obrazovanja.[\/mk_fancy_title][\/vc_column][\/mk_page_section][vc_row][vc_column][vc_column_text margin_bottom=&#8221;0&#8243;]Literatura<\/p>\n<ol>\n<li>Bakker, A., i sur DOI: 10. 1007\/s10649-021-10049-w<\/li>\n<li>Bani\u010d i Taranenko, DOI: 10.46298\/dmtcs.9859<\/li>\n<li>Donaldson, i sur. DOI: 10.1016\/S0021-8502(97)00464-3.<\/li>\n<li>EEA (2023). <em>Marine messages II <\/em>European Environment Agency, Report No 7\/2023.<\/li>\n<li>EEA (2025). <em>Air Quality Status Report 2025<\/em>. European Environment Agency, Report No 01\/2025.<\/li>\n<li>Estrada, N. DOI: 10.5772\/intechopen.1003799<\/li>\n<li>Europski parlament i Vije\u0107e (2000). <em>Okvirna direktiva o vodama 2000\/60\/EZ<\/em>.<\/li>\n<li>Europski parlament i Vije\u0107e Europske unije (2008). <em>Direktiva 2008\/50\/EZ<\/em><\/li>\n<li>Fullan 2016, ISBN: 0807756806<\/li>\n<li>Ward G i sur. DOI: 10.1016\/j.preghy.2025.101204<\/li>\n<li>Hattie 2003, DOI\u00a0:1177\/002221949002300106<\/li>\n<li>Hattie, 2009, ISBN 0-203-88733-6<\/li>\n<li>Hersbach i sur., DOI:10.1002\/qj.3803<\/li>\n<li>Higgs, I., i sur. DOI: 10.5194\/bg-21-731-2024<\/li>\n<li><a href=\"https:\/\/eur-lex.europa.eu\/eli\/reg\/2004\/854\/oj\">https:\/\/eur-lex.europa.eu\/eli\/reg\/2004\/854\/oj<\/a><\/li>\n<li>Iskandaryan, D. i sur. DOI: 10.1109\/ACCESS.2023.3234214<\/li>\n<li>Kumar, Ni sur. DOI: 10.1186\/s12302-021-00585-w<\/li>\n<li>Lea i sur. DOI: 1080\/03075070309293<\/li>\n<li>Lipowsky, F., i Rzejak, D. (2015). Key features of effective professional development programmes for teachers.<\/li>\n<li>Oberdorster, G., DOI:10.1155\/2013\/942916.<\/li>\n<li>Reddam A, i sur. DOI: 10.1007\/s40572-022-00371-7.<\/li>\n<li>Rodrigues, I. C. i sur. DOI: 10.3390\/microorganisms11020338<\/li>\n<li>Wang, S., i sur. DOI: 10.1038\/s41392-023-01503-7<\/li>\n<li>WHO (2021). <em>WHO global air quality guidelines: Particulate matter (PM\u2082.\u2085 and PM\u2081\u2080), ozone, nitrogen dioxide, sulfur dioxide and carbon monoxide<\/em>.<\/li>\n<li>WHO\/FAO (2020). <em>Codex Alimentarius: Code of Practice for Fish and Fishery Products<\/em> (CAC\/RCP 52-2003, Rev. 2020).<\/li>\n<\/ol>\n[\/vc_column_text][\/vc_column][\/vc_row]\n<\/div>","protected":false},"excerpt":{"rendered":"<p>[mk_page_section bg_image=&#8221;https:\/\/projects.pmfst.unist.hr\/zmaj\/wp-content\/uploads\/sites\/18\/2026\/03\/ju-dit-sea-1097417_1920.jpg&#8221; speed_factor=&#8221;0&#8243; video_opacity=&#8221;0&#8243; sidebar=&#8221;sidebar-1&#8243;][vc_column][mk_fancy_title color=&#8221;#ffffff&#8221; size=&#8221;22&#8243; margin_top=&#8221;31&#8243; font_family=&#8221;none&#8221;]Prema podacima Europske agencije za okoli\u0161 (EEA, 2025), vi\u0161e od 94% urbanog stanovni\u0161tva u EU povremeno je izlo\u017eeno koncentracijama finih \u010destica u zraku (PM\u2082.\u2085) koje prema\u0161uju smjernice Svjetske zdravstvene organizacije (WHO, 2021). U sklopu projekta identificirati \u0107emo lokacije od interesa, a posebno lokacije intenzivne kineziolo\u0161ke aktivnosti, na [&hellip;]<\/p>\n","protected":false},"author":1,"featured_media":0,"parent":0,"menu_order":0,"comment_status":"closed","ping_status":"closed","template":"","meta":{"footnotes":""},"class_list":["post-24","page","type-page","status-publish","hentry"],"yoast_head":"<!-- This site is optimized with the Yoast SEO plugin v27.3 - https:\/\/yoast.com\/product\/yoast-seo-wordpress\/ -->\n<title>O projektu - Istra\u017eivanje i edukacija o zaga\u0111enju mora i atmosfere hrvatskom Jadrana: utjecaj na zdravlje i okoli\u0161<\/title>\n<meta name=\"robots\" content=\"index, follow, max-snippet:-1, max-image-preview:large, max-video-preview:-1\" \/>\n<link rel=\"canonical\" href=\"https:\/\/projects.pmfst.unist.hr\/zmaj\/o-projektu\/\" \/>\n<meta property=\"og:locale\" content=\"hr_HR\" \/>\n<meta property=\"og:type\" content=\"article\" \/>\n<meta property=\"og:title\" content=\"O projektu - Istra\u017eivanje i edukacija o zaga\u0111enju mora i atmosfere hrvatskom Jadrana: utjecaj na zdravlje i okoli\u0161\" \/>\n<meta property=\"og:description\" content=\"[mk_page_section bg_image=&#8221;https:\/\/projects.pmfst.unist.hr\/zmaj\/wp-content\/uploads\/sites\/18\/2026\/03\/ju-dit-sea-1097417_1920.jpg&#8221; speed_factor=&#8221;0&#8243; video_opacity=&#8221;0&#8243; sidebar=&#8221;sidebar-1&#8243;][vc_column][mk_fancy_title color=&#8221;#ffffff&#8221; size=&#8221;22&#8243; margin_top=&#8221;31&#8243; font_family=&#8221;none&#8221;]Prema podacima Europske agencije za okoli\u0161 (EEA, 2025), vi\u0161e od 94% urbanog stanovni\u0161tva u EU povremeno je izlo\u017eeno koncentracijama finih \u010destica u zraku (PM\u2082.\u2085) koje prema\u0161uju smjernice Svjetske zdravstvene organizacije (WHO, 2021). U sklopu projekta identificirati \u0107emo lokacije od interesa, a posebno lokacije intenzivne kineziolo\u0161ke aktivnosti, na [&hellip;]\" \/>\n<meta property=\"og:url\" content=\"https:\/\/projects.pmfst.unist.hr\/zmaj\/o-projektu\/\" \/>\n<meta property=\"og:site_name\" content=\"Istra\u017eivanje i edukacija o zaga\u0111enju mora i atmosfere hrvatskom Jadrana: utjecaj na zdravlje i okoli\u0161\" \/>\n<meta property=\"article:modified_time\" content=\"2026-03-05T11:20:28+00:00\" \/>\n<meta name=\"twitter:card\" content=\"summary_large_image\" \/>\n<meta name=\"twitter:label1\" content=\"Procijenjeno vrijeme \u010ditanja\" \/>\n\t<meta name=\"twitter:data1\" content=\"5 minuta\" \/>\n<script type=\"application\/ld+json\" class=\"yoast-schema-graph\">{\"@context\":\"https:\\\/\\\/schema.org\",\"@graph\":[{\"@type\":\"WebPage\",\"@id\":\"https:\\\/\\\/projects.pmfst.unist.hr\\\/zmaj\\\/o-projektu\\\/\",\"url\":\"https:\\\/\\\/projects.pmfst.unist.hr\\\/zmaj\\\/o-projektu\\\/\",\"name\":\"O projektu - Istra\u017eivanje i edukacija o zaga\u0111enju mora i atmosfere hrvatskom Jadrana: utjecaj na zdravlje i okoli\u0161\",\"isPartOf\":{\"@id\":\"https:\\\/\\\/projects.pmfst.unist.hr\\\/zmaj\\\/#website\"},\"datePublished\":\"2017-03-10T12:48:46+00:00\",\"dateModified\":\"2026-03-05T11:20:28+00:00\",\"breadcrumb\":{\"@id\":\"https:\\\/\\\/projects.pmfst.unist.hr\\\/zmaj\\\/o-projektu\\\/#breadcrumb\"},\"inLanguage\":\"hr\",\"potentialAction\":[{\"@type\":\"ReadAction\",\"target\":[\"https:\\\/\\\/projects.pmfst.unist.hr\\\/zmaj\\\/o-projektu\\\/\"]}]},{\"@type\":\"BreadcrumbList\",\"@id\":\"https:\\\/\\\/projects.pmfst.unist.hr\\\/zmaj\\\/o-projektu\\\/#breadcrumb\",\"itemListElement\":[{\"@type\":\"ListItem\",\"position\":1,\"name\":\"Po\u010detna stranica\",\"item\":\"https:\\\/\\\/projects.pmfst.unist.hr\\\/zmaj\\\/\"},{\"@type\":\"ListItem\",\"position\":2,\"name\":\"O projektu\"}]},{\"@type\":\"WebSite\",\"@id\":\"https:\\\/\\\/projects.pmfst.unist.hr\\\/zmaj\\\/#website\",\"url\":\"https:\\\/\\\/projects.pmfst.unist.hr\\\/zmaj\\\/\",\"name\":\"Istra\u017eivanje i edukacija o zaga\u0111enju mora i atmosfere hrvatskom Jadrana: utjecaj na zdravlje i okoli\u0161\",\"description\":\"\",\"potentialAction\":[{\"@type\":\"SearchAction\",\"target\":{\"@type\":\"EntryPoint\",\"urlTemplate\":\"https:\\\/\\\/projects.pmfst.unist.hr\\\/zmaj\\\/?s={search_term_string}\"},\"query-input\":{\"@type\":\"PropertyValueSpecification\",\"valueRequired\":true,\"valueName\":\"search_term_string\"}}],\"inLanguage\":\"hr\"}]}<\/script>\n<!-- \/ Yoast SEO plugin. -->","yoast_head_json":{"title":"O projektu - Istra\u017eivanje i edukacija o zaga\u0111enju mora i atmosfere hrvatskom Jadrana: utjecaj na zdravlje i okoli\u0161","robots":{"index":"index","follow":"follow","max-snippet":"max-snippet:-1","max-image-preview":"max-image-preview:large","max-video-preview":"max-video-preview:-1"},"canonical":"https:\/\/projects.pmfst.unist.hr\/zmaj\/o-projektu\/","og_locale":"hr_HR","og_type":"article","og_title":"O projektu - Istra\u017eivanje i edukacija o zaga\u0111enju mora i atmosfere hrvatskom Jadrana: utjecaj na zdravlje i okoli\u0161","og_description":"[mk_page_section bg_image=&#8221;https:\/\/projects.pmfst.unist.hr\/zmaj\/wp-content\/uploads\/sites\/18\/2026\/03\/ju-dit-sea-1097417_1920.jpg&#8221; speed_factor=&#8221;0&#8243; video_opacity=&#8221;0&#8243; sidebar=&#8221;sidebar-1&#8243;][vc_column][mk_fancy_title color=&#8221;#ffffff&#8221; size=&#8221;22&#8243; margin_top=&#8221;31&#8243; font_family=&#8221;none&#8221;]Prema podacima Europske agencije za okoli\u0161 (EEA, 2025), vi\u0161e od 94% urbanog stanovni\u0161tva u EU povremeno je izlo\u017eeno koncentracijama finih \u010destica u zraku (PM\u2082.\u2085) koje prema\u0161uju smjernice Svjetske zdravstvene organizacije (WHO, 2021). U sklopu projekta identificirati \u0107emo lokacije od interesa, a posebno lokacije intenzivne kineziolo\u0161ke aktivnosti, na [&hellip;]","og_url":"https:\/\/projects.pmfst.unist.hr\/zmaj\/o-projektu\/","og_site_name":"Istra\u017eivanje i edukacija o zaga\u0111enju mora i atmosfere hrvatskom Jadrana: utjecaj na zdravlje i okoli\u0161","article_modified_time":"2026-03-05T11:20:28+00:00","twitter_card":"summary_large_image","twitter_misc":{"Procijenjeno vrijeme \u010ditanja":"5 minuta"},"schema":{"@context":"https:\/\/schema.org","@graph":[{"@type":"WebPage","@id":"https:\/\/projects.pmfst.unist.hr\/zmaj\/o-projektu\/","url":"https:\/\/projects.pmfst.unist.hr\/zmaj\/o-projektu\/","name":"O projektu - Istra\u017eivanje i edukacija o zaga\u0111enju mora i atmosfere hrvatskom Jadrana: utjecaj na zdravlje i okoli\u0161","isPartOf":{"@id":"https:\/\/projects.pmfst.unist.hr\/zmaj\/#website"},"datePublished":"2017-03-10T12:48:46+00:00","dateModified":"2026-03-05T11:20:28+00:00","breadcrumb":{"@id":"https:\/\/projects.pmfst.unist.hr\/zmaj\/o-projektu\/#breadcrumb"},"inLanguage":"hr","potentialAction":[{"@type":"ReadAction","target":["https:\/\/projects.pmfst.unist.hr\/zmaj\/o-projektu\/"]}]},{"@type":"BreadcrumbList","@id":"https:\/\/projects.pmfst.unist.hr\/zmaj\/o-projektu\/#breadcrumb","itemListElement":[{"@type":"ListItem","position":1,"name":"Po\u010detna stranica","item":"https:\/\/projects.pmfst.unist.hr\/zmaj\/"},{"@type":"ListItem","position":2,"name":"O projektu"}]},{"@type":"WebSite","@id":"https:\/\/projects.pmfst.unist.hr\/zmaj\/#website","url":"https:\/\/projects.pmfst.unist.hr\/zmaj\/","name":"Istra\u017eivanje i edukacija o zaga\u0111enju mora i atmosfere hrvatskom Jadrana: utjecaj na zdravlje i okoli\u0161","description":"","potentialAction":[{"@type":"SearchAction","target":{"@type":"EntryPoint","urlTemplate":"https:\/\/projects.pmfst.unist.hr\/zmaj\/?s={search_term_string}"},"query-input":{"@type":"PropertyValueSpecification","valueRequired":true,"valueName":"search_term_string"}}],"inLanguage":"hr"}]}},"_links":{"self":[{"href":"https:\/\/projects.pmfst.unist.hr\/zmaj\/wp-json\/wp\/v2\/pages\/24","targetHints":{"allow":["GET"]}}],"collection":[{"href":"https:\/\/projects.pmfst.unist.hr\/zmaj\/wp-json\/wp\/v2\/pages"}],"about":[{"href":"https:\/\/projects.pmfst.unist.hr\/zmaj\/wp-json\/wp\/v2\/types\/page"}],"author":[{"embeddable":true,"href":"https:\/\/projects.pmfst.unist.hr\/zmaj\/wp-json\/wp\/v2\/users\/1"}],"replies":[{"embeddable":true,"href":"https:\/\/projects.pmfst.unist.hr\/zmaj\/wp-json\/wp\/v2\/comments?post=24"}],"version-history":[{"count":7,"href":"https:\/\/projects.pmfst.unist.hr\/zmaj\/wp-json\/wp\/v2\/pages\/24\/revisions"}],"predecessor-version":[{"id":296,"href":"https:\/\/projects.pmfst.unist.hr\/zmaj\/wp-json\/wp\/v2\/pages\/24\/revisions\/296"}],"wp:attachment":[{"href":"https:\/\/projects.pmfst.unist.hr\/zmaj\/wp-json\/wp\/v2\/media?parent=24"}],"curies":[{"name":"wp","href":"https:\/\/api.w.org\/{rel}","templated":true}]}}