{"id":269,"date":"2017-03-10T12:01:27","date_gmt":"2017-03-10T11:01:27","guid":{"rendered":"https:\/\/projects.pmfst.unist.hr\/zmaj\/home\/"},"modified":"2026-03-05T09:54:58","modified_gmt":"2026-03-05T08:54:58","slug":"home","status":"publish","type":"page","link":"https:\/\/projects.pmfst.unist.hr\/zmaj\/home\/?lang=en","title":{"rendered":"Home"},"content":{"rendered":"[mk_page_section bg_image=&#8221;https:\/\/projects.pmfst.unist.hr\/zmaj\/wp-content\/uploads\/sites\/18\/2026\/03\/ju-dit-sea-1097417_1920.jpg&#8221; bg_position=&#8221;center top&#8221; bg_repeat=&#8221;no-repeat&#8221; bg_stretch=&#8221;true&#8221; speed_factor=&#8221;0&#8243; video_opacity=&#8221;0&#8243; min_height=&#8221;1000&#8243; padding_top=&#8221;18&#8243; padding_bottom=&#8221;18&#8243; margin_bottom=&#8221;0&#8243; sidebar=&#8221;sidebar-1&#8243;][vc_column][mk_fancy_title tag_name=&#8221;h3&#8243; color=&#8221;#ffffff&#8221; size=&#8221;25&#8243; force_font_size=&#8221;true&#8221; size_tablet=&#8221;15&#8243; size_phone=&#8221;11&#8243; font_style=&#8221;italic&#8221; txt_transform=&#8221;none&#8221; letter_spacing=&#8221;1&#8243; margin_top=&#8221;27&#8243; font_family=&#8221;Playfair+Display&#8221; font_type=&#8221;google&#8221;]The multidisciplinary project investigates environmental air and sea pollution and its impact on human health and aquaculture. In urban areas of the EU, more than 94% of the population occasionally inhales levels of particulate matter above WHO recommendations. The project organizes measurements of ultra-small particles (&lt;100 nm) at locations of intense kinesiological activity. At the same time, the public perception of pollution among physically active citizens is examined.<\/p>\n<p>In the Krka estuary, the influence of physical, chemical and biological parameters on aquaculture is analyzed, along with continuous measurements, development of a numerical model and an early warning system for unfavorable situations for aquaculture.<\/p>\n<p>This research uses human spermatogenic and trophoblast cell models to examine the direct effects of air and marine pollutants on mitochondrial function, dynamics, and selective autophagy with the goal of better understanding the mechanisms of toxicity and preservation of reproductive health. In this way, it connects environmental toxicology with the molecular biology of reproduction.<\/p>\n<p>In parallel, the integration of the cross-curricular themes of &#8220;health&#8221; and &#8220;sustainable development&#8221; in school mathematics, physics, chemistry and biology is being investigated. The development of manuals and workshops for students is planned to encourage research-oriented teaching and correlation with current socio-ecological challenges. The project also includes activities to popularize science and strengthen cooperation between science, education and the local community.[\/mk_fancy_title][\/vc_column][\/mk_page_section]\n","protected":false},"excerpt":{"rendered":"<p>[mk_page_section bg_image=&#8221;https:\/\/projects.pmfst.unist.hr\/zmaj\/wp-content\/uploads\/sites\/18\/2026\/03\/ju-dit-sea-1097417_1920.jpg&#8221; bg_position=&#8221;center top&#8221; bg_repeat=&#8221;no-repeat&#8221; bg_stretch=&#8221;true&#8221; speed_factor=&#8221;0&#8243; video_opacity=&#8221;0&#8243; min_height=&#8221;1000&#8243; padding_top=&#8221;18&#8243; padding_bottom=&#8221;18&#8243; margin_bottom=&#8221;0&#8243; sidebar=&#8221;sidebar-1&#8243;][vc_column][mk_fancy_title tag_name=&#8221;h3&#8243; color=&#8221;#ffffff&#8221; size=&#8221;25&#8243; force_font_size=&#8221;true&#8221; size_tablet=&#8221;15&#8243; size_phone=&#8221;11&#8243; font_style=&#8221;italic&#8221; txt_transform=&#8221;none&#8221; letter_spacing=&#8221;1&#8243; margin_top=&#8221;27&#8243; font_family=&#8221;Playfair+Display&#8221; font_type=&#8221;google&#8221;]The multidisciplinary project investigates environmental air and sea pollution and its impact on human health and aquaculture. In urban areas of the EU, more than 94% of the population occasionally inhales [&hellip;]<\/p>\n","protected":false},"author":1,"featured_media":0,"parent":0,"menu_order":0,"comment_status":"closed","ping_status":"closed","template":"","meta":{"footnotes":""},"class_list":["post-269","page","type-page","status-publish","hentry"],"yoast_head":"<!-- This site is optimized with the Yoast SEO plugin v27.3 - https:\/\/yoast.com\/product\/yoast-seo-wordpress\/ -->\n<title>Home - Istra\u017eivanje i edukacija o zaga\u0111enju mora i atmosfere hrvatskom Jadrana: utjecaj na zdravlje i okoli\u0161<\/title>\n<meta name=\"robots\" content=\"index, follow, max-snippet:-1, max-image-preview:large, max-video-preview:-1\" \/>\n<link rel=\"canonical\" href=\"https:\/\/projects.pmfst.unist.hr\/zmaj\/home\/\" \/>\n<meta property=\"og:locale\" content=\"hr_HR\" \/>\n<meta property=\"og:type\" content=\"article\" \/>\n<meta property=\"og:title\" content=\"Home - Istra\u017eivanje i edukacija o zaga\u0111enju mora i atmosfere hrvatskom Jadrana: utjecaj na zdravlje i okoli\u0161\" \/>\n<meta property=\"og:description\" content=\"[mk_page_section bg_image=&#8221;https:\/\/projects.pmfst.unist.hr\/zmaj\/wp-content\/uploads\/sites\/18\/2026\/03\/ju-dit-sea-1097417_1920.jpg&#8221; bg_position=&#8221;center top&#8221; bg_repeat=&#8221;no-repeat&#8221; bg_stretch=&#8221;true&#8221; speed_factor=&#8221;0&#8243; video_opacity=&#8221;0&#8243; min_height=&#8221;1000&#8243; padding_top=&#8221;18&#8243; padding_bottom=&#8221;18&#8243; margin_bottom=&#8221;0&#8243; sidebar=&#8221;sidebar-1&#8243;][vc_column][mk_fancy_title tag_name=&#8221;h3&#8243; color=&#8221;#ffffff&#8221; size=&#8221;25&#8243; force_font_size=&#8221;true&#8221; size_tablet=&#8221;15&#8243; size_phone=&#8221;11&#8243; font_style=&#8221;italic&#8221; txt_transform=&#8221;none&#8221; letter_spacing=&#8221;1&#8243; margin_top=&#8221;27&#8243; font_family=&#8221;Playfair+Display&#8221; font_type=&#8221;google&#8221;]The multidisciplinary project investigates environmental air and sea pollution and its impact on human health and aquaculture. In urban areas of the EU, more than 94% of the population occasionally inhales [&hellip;]\" \/>\n<meta property=\"og:url\" content=\"https:\/\/projects.pmfst.unist.hr\/zmaj\/home\/?lang=en\" \/>\n<meta property=\"og:site_name\" content=\"Istra\u017eivanje i edukacija o zaga\u0111enju mora i atmosfere hrvatskom Jadrana: utjecaj na zdravlje i okoli\u0161\" \/>\n<meta property=\"article:modified_time\" content=\"2026-03-05T08:54:58+00:00\" \/>\n<meta name=\"twitter:card\" content=\"summary_large_image\" \/>\n<meta name=\"twitter:label1\" content=\"Procijenjeno vrijeme \u010ditanja\" \/>\n\t<meta name=\"twitter:data1\" content=\"1 minuta\" \/>\n<script type=\"application\/ld+json\" class=\"yoast-schema-graph\">{\"@context\":\"https:\\\/\\\/schema.org\",\"@graph\":[{\"@type\":\"WebPage\",\"@id\":\"https:\\\/\\\/projects.pmfst.unist.hr\\\/zmaj\\\/home\\\/?lang=en\",\"url\":\"https:\\\/\\\/projects.pmfst.unist.hr\\\/zmaj\\\/home\\\/?lang=en\",\"name\":\"Home - Istra\u017eivanje i edukacija o zaga\u0111enju mora i atmosfere hrvatskom Jadrana: utjecaj na zdravlje i okoli\u0161\",\"isPartOf\":{\"@id\":\"https:\\\/\\\/projects.pmfst.unist.hr\\\/zmaj\\\/#website\"},\"datePublished\":\"2017-03-10T11:01:27+00:00\",\"dateModified\":\"2026-03-05T08:54:58+00:00\",\"breadcrumb\":{\"@id\":\"https:\\\/\\\/projects.pmfst.unist.hr\\\/zmaj\\\/home\\\/?lang=en#breadcrumb\"},\"inLanguage\":\"hr\",\"potentialAction\":[{\"@type\":\"ReadAction\",\"target\":[\"https:\\\/\\\/projects.pmfst.unist.hr\\\/zmaj\\\/home\\\/?lang=en\"]}]},{\"@type\":\"BreadcrumbList\",\"@id\":\"https:\\\/\\\/projects.pmfst.unist.hr\\\/zmaj\\\/home\\\/?lang=en#breadcrumb\",\"itemListElement\":[{\"@type\":\"ListItem\",\"position\":1,\"name\":\"Po\u010detna stranica\",\"item\":\"https:\\\/\\\/projects.pmfst.unist.hr\\\/zmaj\\\/\"},{\"@type\":\"ListItem\",\"position\":2,\"name\":\"Home\"}]},{\"@type\":\"WebSite\",\"@id\":\"https:\\\/\\\/projects.pmfst.unist.hr\\\/zmaj\\\/#website\",\"url\":\"https:\\\/\\\/projects.pmfst.unist.hr\\\/zmaj\\\/\",\"name\":\"Istra\u017eivanje i edukacija o zaga\u0111enju mora i atmosfere hrvatskom Jadrana: utjecaj na zdravlje i okoli\u0161\",\"description\":\"\",\"potentialAction\":[{\"@type\":\"SearchAction\",\"target\":{\"@type\":\"EntryPoint\",\"urlTemplate\":\"https:\\\/\\\/projects.pmfst.unist.hr\\\/zmaj\\\/?s={search_term_string}\"},\"query-input\":{\"@type\":\"PropertyValueSpecification\",\"valueRequired\":true,\"valueName\":\"search_term_string\"}}],\"inLanguage\":\"hr\"}]}<\/script>\n<!-- \/ Yoast SEO plugin. -->","yoast_head_json":{"title":"Home - Istra\u017eivanje i edukacija o zaga\u0111enju mora i atmosfere hrvatskom Jadrana: utjecaj na zdravlje i okoli\u0161","robots":{"index":"index","follow":"follow","max-snippet":"max-snippet:-1","max-image-preview":"max-image-preview:large","max-video-preview":"max-video-preview:-1"},"canonical":"https:\/\/projects.pmfst.unist.hr\/zmaj\/home\/","og_locale":"hr_HR","og_type":"article","og_title":"Home - Istra\u017eivanje i edukacija o zaga\u0111enju mora i atmosfere hrvatskom Jadrana: utjecaj na zdravlje i okoli\u0161","og_description":"[mk_page_section bg_image=&#8221;https:\/\/projects.pmfst.unist.hr\/zmaj\/wp-content\/uploads\/sites\/18\/2026\/03\/ju-dit-sea-1097417_1920.jpg&#8221; bg_position=&#8221;center top&#8221; bg_repeat=&#8221;no-repeat&#8221; bg_stretch=&#8221;true&#8221; speed_factor=&#8221;0&#8243; video_opacity=&#8221;0&#8243; min_height=&#8221;1000&#8243; padding_top=&#8221;18&#8243; padding_bottom=&#8221;18&#8243; margin_bottom=&#8221;0&#8243; sidebar=&#8221;sidebar-1&#8243;][vc_column][mk_fancy_title tag_name=&#8221;h3&#8243; color=&#8221;#ffffff&#8221; size=&#8221;25&#8243; force_font_size=&#8221;true&#8221; size_tablet=&#8221;15&#8243; size_phone=&#8221;11&#8243; font_style=&#8221;italic&#8221; txt_transform=&#8221;none&#8221; letter_spacing=&#8221;1&#8243; margin_top=&#8221;27&#8243; font_family=&#8221;Playfair+Display&#8221; font_type=&#8221;google&#8221;]The multidisciplinary project investigates environmental air and sea pollution and its impact on human health and aquaculture. In urban areas of the EU, more than 94% of the population occasionally inhales [&hellip;]","og_url":"https:\/\/projects.pmfst.unist.hr\/zmaj\/home\/?lang=en","og_site_name":"Istra\u017eivanje i edukacija o zaga\u0111enju mora i atmosfere hrvatskom Jadrana: utjecaj na zdravlje i okoli\u0161","article_modified_time":"2026-03-05T08:54:58+00:00","twitter_card":"summary_large_image","twitter_misc":{"Procijenjeno vrijeme \u010ditanja":"1 minuta"},"schema":{"@context":"https:\/\/schema.org","@graph":[{"@type":"WebPage","@id":"https:\/\/projects.pmfst.unist.hr\/zmaj\/home\/?lang=en","url":"https:\/\/projects.pmfst.unist.hr\/zmaj\/home\/?lang=en","name":"Home - Istra\u017eivanje i edukacija o zaga\u0111enju mora i atmosfere hrvatskom Jadrana: utjecaj na zdravlje i okoli\u0161","isPartOf":{"@id":"https:\/\/projects.pmfst.unist.hr\/zmaj\/#website"},"datePublished":"2017-03-10T11:01:27+00:00","dateModified":"2026-03-05T08:54:58+00:00","breadcrumb":{"@id":"https:\/\/projects.pmfst.unist.hr\/zmaj\/home\/?lang=en#breadcrumb"},"inLanguage":"hr","potentialAction":[{"@type":"ReadAction","target":["https:\/\/projects.pmfst.unist.hr\/zmaj\/home\/?lang=en"]}]},{"@type":"BreadcrumbList","@id":"https:\/\/projects.pmfst.unist.hr\/zmaj\/home\/?lang=en#breadcrumb","itemListElement":[{"@type":"ListItem","position":1,"name":"Po\u010detna stranica","item":"https:\/\/projects.pmfst.unist.hr\/zmaj\/"},{"@type":"ListItem","position":2,"name":"Home"}]},{"@type":"WebSite","@id":"https:\/\/projects.pmfst.unist.hr\/zmaj\/#website","url":"https:\/\/projects.pmfst.unist.hr\/zmaj\/","name":"Istra\u017eivanje i edukacija o zaga\u0111enju mora i atmosfere hrvatskom Jadrana: utjecaj na zdravlje i okoli\u0161","description":"","potentialAction":[{"@type":"SearchAction","target":{"@type":"EntryPoint","urlTemplate":"https:\/\/projects.pmfst.unist.hr\/zmaj\/?s={search_term_string}"},"query-input":{"@type":"PropertyValueSpecification","valueRequired":true,"valueName":"search_term_string"}}],"inLanguage":"hr"}]}},"_links":{"self":[{"href":"https:\/\/projects.pmfst.unist.hr\/zmaj\/wp-json\/wp\/v2\/pages\/269","targetHints":{"allow":["GET"]}}],"collection":[{"href":"https:\/\/projects.pmfst.unist.hr\/zmaj\/wp-json\/wp\/v2\/pages"}],"about":[{"href":"https:\/\/projects.pmfst.unist.hr\/zmaj\/wp-json\/wp\/v2\/types\/page"}],"author":[{"embeddable":true,"href":"https:\/\/projects.pmfst.unist.hr\/zmaj\/wp-json\/wp\/v2\/users\/1"}],"replies":[{"embeddable":true,"href":"https:\/\/projects.pmfst.unist.hr\/zmaj\/wp-json\/wp\/v2\/comments?post=269"}],"version-history":[{"count":8,"href":"https:\/\/projects.pmfst.unist.hr\/zmaj\/wp-json\/wp\/v2\/pages\/269\/revisions"}],"predecessor-version":[{"id":295,"href":"https:\/\/projects.pmfst.unist.hr\/zmaj\/wp-json\/wp\/v2\/pages\/269\/revisions\/295"}],"wp:attachment":[{"href":"https:\/\/projects.pmfst.unist.hr\/zmaj\/wp-json\/wp\/v2\/media?parent=269"}],"curies":[{"name":"wp","href":"https:\/\/api.w.org\/{rel}","templated":true}]}}