{"id":3,"date":"2017-03-10T12:01:27","date_gmt":"2017-03-10T12:01:27","guid":{"rendered":"http:\/\/demos.artbees.net\/jupiter5\/persephone\/?page_id=3"},"modified":"2026-03-05T09:52:54","modified_gmt":"2026-03-05T08:52:54","slug":"home","status":"publish","type":"page","link":"https:\/\/projects.pmfst.unist.hr\/zmaj\/","title":{"rendered":"Naslovna"},"content":{"rendered":"[mk_page_section bg_image=&#8221;https:\/\/projects.pmfst.unist.hr\/zmaj\/wp-content\/uploads\/sites\/18\/2026\/03\/ju-dit-sea-1097417_1920.jpg&#8221; bg_position=&#8221;center top&#8221; bg_repeat=&#8221;no-repeat&#8221; bg_stretch=&#8221;true&#8221; speed_factor=&#8221;0&#8243; video_opacity=&#8221;0&#8243; min_height=&#8221;1000&#8243; padding_top=&#8221;15&#8243; padding_bottom=&#8221;15&#8243; margin_bottom=&#8221;0&#8243; sidebar=&#8221;sidebar-1&#8243;][vc_column][mk_fancy_title tag_name=&#8221;h3&#8243; color=&#8221;#ffffff&#8221; size=&#8221;25&#8243; force_font_size=&#8221;true&#8221; size_tablet=&#8221;15&#8243; size_phone=&#8221;11&#8243; font_style=&#8221;italic&#8221; txt_transform=&#8221;none&#8221; letter_spacing=&#8221;1&#8243; margin_top=&#8221;27&#8243; font_family=&#8221;Playfair+Display&#8221; font_type=&#8221;google&#8221;]Projekt multidisciplinarno istra\u017euje okoli\u0161no zaga\u0111enje zraka i mora te njegov utjecaj na zdravlje ljudi i akvakulturu<strong>. U urbanim sredinama EU vi\u0161e od 94 % stanovni\u0161tva povremeno udi\u0161e razine \u010desti\u010dne tvari iznad preporuka WHO-a.<\/strong> Projektom se organiziraju mjerenja ultra-malih \u010destica (&lt;100 nm) na lokacijama intenzivne kineziolo\u0161ke aktivnosti. Istovremeno se ispituje javna percepcija zaga\u0111enja me\u0111u fizi\u010dki aktivnim gra\u0111anima.<\/p>\n<p>U estuariju Krke analizira se <strong>utjecaj fizikalnih, kemijskih i biolo\u0161kih parametara na akvakulturu<\/strong>, uz kontinuirana mjerenja, razvoj numeri\u010dkog modela i sustava za rano upozoravanje na situacije nepovoljne za akvakulturu.<\/p>\n<p>Ovo istra\u017eivanje koristi modele ljudskih spermatogenih i trofoblastnih stanica za <strong>ispitivanje izravnih u\u010dinaka zaga\u0111iva\u010da iz zraka i mora<\/strong> na mitohondrijsku funkciju, dinamiku i selektivnu autofagiju <strong>s ciljem boljeg razumijevanja mehanizama toksi\u010dnosti i o\u010duvanja reproduktivnog zdravlja<\/strong>. Na taj na\u010din povezuje okoli\u0161nu toksikologiju s molekularnom biologijom reprodukcije.<\/p>\n<p>Paralelno se istra\u017euje <strong>integracija me\u0111upredmetnih tema \u201ezdravlje\u201c i \u201eodr\u017eivi razvoj\u201c u \u0161kolskoj nastavi matematike, fizike, kemije i biologije.<\/strong> Planira se izrada priru\u010dnika i radionica za u\u010denike kako bi se potaknula istra\u017eiva\u010dki orijentirana nastava i korelacija s aktualnim dru\u0161tveno-ekolo\u0161kim izazovima. Projekt uklju\u010duje i aktivnosti popularizacije znanosti te ja\u010danje suradnje izme\u0111u znanosti, obrazovanja i lokalne zajednice.[\/mk_fancy_title][\/vc_column][\/mk_page_section]\n","protected":false},"excerpt":{"rendered":"<p>[mk_page_section bg_image=&#8221;https:\/\/projects.pmfst.unist.hr\/zmaj\/wp-content\/uploads\/sites\/18\/2026\/03\/ju-dit-sea-1097417_1920.jpg&#8221; bg_position=&#8221;center top&#8221; bg_repeat=&#8221;no-repeat&#8221; bg_stretch=&#8221;true&#8221; speed_factor=&#8221;0&#8243; video_opacity=&#8221;0&#8243; min_height=&#8221;1000&#8243; padding_top=&#8221;15&#8243; padding_bottom=&#8221;15&#8243; margin_bottom=&#8221;0&#8243; sidebar=&#8221;sidebar-1&#8243;][vc_column][mk_fancy_title tag_name=&#8221;h3&#8243; color=&#8221;#ffffff&#8221; size=&#8221;25&#8243; force_font_size=&#8221;true&#8221; size_tablet=&#8221;15&#8243; size_phone=&#8221;11&#8243; font_style=&#8221;italic&#8221; txt_transform=&#8221;none&#8221; letter_spacing=&#8221;1&#8243; margin_top=&#8221;27&#8243; font_family=&#8221;Playfair+Display&#8221; font_type=&#8221;google&#8221;]Projekt multidisciplinarno istra\u017euje okoli\u0161no zaga\u0111enje zraka i mora te njegov utjecaj na zdravlje ljudi i akvakulturu. U urbanim sredinama EU vi\u0161e od 94 % stanovni\u0161tva povremeno udi\u0161e razine \u010desti\u010dne tvari iznad [&hellip;]<\/p>\n","protected":false},"author":1,"featured_media":0,"parent":0,"menu_order":0,"comment_status":"closed","ping_status":"closed","template":"","meta":{"footnotes":""},"class_list":["post-3","page","type-page","status-publish","hentry"],"yoast_head":"<!-- This site is optimized with the Yoast SEO plugin v27.3 - https:\/\/yoast.com\/product\/yoast-seo-wordpress\/ -->\n<title>Naslovna - Istra\u017eivanje i edukacija o zaga\u0111enju mora i atmosfere hrvatskom Jadrana: utjecaj na zdravlje i okoli\u0161<\/title>\n<meta name=\"robots\" content=\"index, follow, max-snippet:-1, max-image-preview:large, max-video-preview:-1\" \/>\n<link rel=\"canonical\" href=\"https:\/\/projects.pmfst.unist.hr\/zmaj\/\" \/>\n<meta property=\"og:locale\" content=\"hr_HR\" \/>\n<meta property=\"og:type\" content=\"article\" \/>\n<meta property=\"og:title\" content=\"Naslovna - Istra\u017eivanje i edukacija o zaga\u0111enju mora i atmosfere hrvatskom Jadrana: utjecaj na zdravlje i okoli\u0161\" \/>\n<meta property=\"og:description\" content=\"[mk_page_section bg_image=&#8221;https:\/\/projects.pmfst.unist.hr\/zmaj\/wp-content\/uploads\/sites\/18\/2026\/03\/ju-dit-sea-1097417_1920.jpg&#8221; bg_position=&#8221;center top&#8221; bg_repeat=&#8221;no-repeat&#8221; bg_stretch=&#8221;true&#8221; speed_factor=&#8221;0&#8243; video_opacity=&#8221;0&#8243; min_height=&#8221;1000&#8243; padding_top=&#8221;15&#8243; padding_bottom=&#8221;15&#8243; margin_bottom=&#8221;0&#8243; sidebar=&#8221;sidebar-1&#8243;][vc_column][mk_fancy_title tag_name=&#8221;h3&#8243; color=&#8221;#ffffff&#8221; size=&#8221;25&#8243; force_font_size=&#8221;true&#8221; size_tablet=&#8221;15&#8243; size_phone=&#8221;11&#8243; font_style=&#8221;italic&#8221; txt_transform=&#8221;none&#8221; letter_spacing=&#8221;1&#8243; margin_top=&#8221;27&#8243; font_family=&#8221;Playfair+Display&#8221; font_type=&#8221;google&#8221;]Projekt multidisciplinarno istra\u017euje okoli\u0161no zaga\u0111enje zraka i mora te njegov utjecaj na zdravlje ljudi i akvakulturu. U urbanim sredinama EU vi\u0161e od 94 % stanovni\u0161tva povremeno udi\u0161e razine \u010desti\u010dne tvari iznad [&hellip;]\" \/>\n<meta property=\"og:url\" content=\"https:\/\/projects.pmfst.unist.hr\/zmaj\/\" \/>\n<meta property=\"og:site_name\" content=\"Istra\u017eivanje i edukacija o zaga\u0111enju mora i atmosfere hrvatskom Jadrana: utjecaj na zdravlje i okoli\u0161\" \/>\n<meta property=\"article:modified_time\" content=\"2026-03-05T08:52:54+00:00\" \/>\n<meta name=\"twitter:card\" content=\"summary_large_image\" \/>\n<meta name=\"twitter:label1\" content=\"Procijenjeno vrijeme \u010ditanja\" \/>\n\t<meta name=\"twitter:data1\" content=\"2 minute\" \/>\n<script type=\"application\/ld+json\" class=\"yoast-schema-graph\">{\"@context\":\"https:\\\/\\\/schema.org\",\"@graph\":[{\"@type\":\"WebPage\",\"@id\":\"https:\\\/\\\/projects.pmfst.unist.hr\\\/zmaj\\\/\",\"url\":\"https:\\\/\\\/projects.pmfst.unist.hr\\\/zmaj\\\/\",\"name\":\"Naslovna - Istra\u017eivanje i edukacija o zaga\u0111enju mora i atmosfere hrvatskom Jadrana: utjecaj na zdravlje i okoli\u0161\",\"isPartOf\":{\"@id\":\"https:\\\/\\\/projects.pmfst.unist.hr\\\/zmaj\\\/#website\"},\"datePublished\":\"2017-03-10T12:01:27+00:00\",\"dateModified\":\"2026-03-05T08:52:54+00:00\",\"breadcrumb\":{\"@id\":\"https:\\\/\\\/projects.pmfst.unist.hr\\\/zmaj\\\/#breadcrumb\"},\"inLanguage\":\"hr\",\"potentialAction\":[{\"@type\":\"ReadAction\",\"target\":[\"https:\\\/\\\/projects.pmfst.unist.hr\\\/zmaj\\\/\"]}]},{\"@type\":\"BreadcrumbList\",\"@id\":\"https:\\\/\\\/projects.pmfst.unist.hr\\\/zmaj\\\/#breadcrumb\",\"itemListElement\":[{\"@type\":\"ListItem\",\"position\":1,\"name\":\"Po\u010detna stranica\",\"item\":\"https:\\\/\\\/projects.pmfst.unist.hr\\\/zmaj\\\/\"},{\"@type\":\"ListItem\",\"position\":2,\"name\":\"Naslovna\"}]},{\"@type\":\"WebSite\",\"@id\":\"https:\\\/\\\/projects.pmfst.unist.hr\\\/zmaj\\\/#website\",\"url\":\"https:\\\/\\\/projects.pmfst.unist.hr\\\/zmaj\\\/\",\"name\":\"Istra\u017eivanje i edukacija o zaga\u0111enju mora i atmosfere hrvatskom Jadrana: utjecaj na zdravlje i okoli\u0161\",\"description\":\"\",\"potentialAction\":[{\"@type\":\"SearchAction\",\"target\":{\"@type\":\"EntryPoint\",\"urlTemplate\":\"https:\\\/\\\/projects.pmfst.unist.hr\\\/zmaj\\\/?s={search_term_string}\"},\"query-input\":{\"@type\":\"PropertyValueSpecification\",\"valueRequired\":true,\"valueName\":\"search_term_string\"}}],\"inLanguage\":\"hr\"}]}<\/script>\n<!-- \/ Yoast SEO plugin. -->","yoast_head_json":{"title":"Naslovna - Istra\u017eivanje i edukacija o zaga\u0111enju mora i atmosfere hrvatskom Jadrana: utjecaj na zdravlje i okoli\u0161","robots":{"index":"index","follow":"follow","max-snippet":"max-snippet:-1","max-image-preview":"max-image-preview:large","max-video-preview":"max-video-preview:-1"},"canonical":"https:\/\/projects.pmfst.unist.hr\/zmaj\/","og_locale":"hr_HR","og_type":"article","og_title":"Naslovna - Istra\u017eivanje i edukacija o zaga\u0111enju mora i atmosfere hrvatskom Jadrana: utjecaj na zdravlje i okoli\u0161","og_description":"[mk_page_section bg_image=&#8221;https:\/\/projects.pmfst.unist.hr\/zmaj\/wp-content\/uploads\/sites\/18\/2026\/03\/ju-dit-sea-1097417_1920.jpg&#8221; bg_position=&#8221;center top&#8221; bg_repeat=&#8221;no-repeat&#8221; bg_stretch=&#8221;true&#8221; speed_factor=&#8221;0&#8243; video_opacity=&#8221;0&#8243; min_height=&#8221;1000&#8243; padding_top=&#8221;15&#8243; padding_bottom=&#8221;15&#8243; margin_bottom=&#8221;0&#8243; sidebar=&#8221;sidebar-1&#8243;][vc_column][mk_fancy_title tag_name=&#8221;h3&#8243; color=&#8221;#ffffff&#8221; size=&#8221;25&#8243; force_font_size=&#8221;true&#8221; size_tablet=&#8221;15&#8243; size_phone=&#8221;11&#8243; font_style=&#8221;italic&#8221; txt_transform=&#8221;none&#8221; letter_spacing=&#8221;1&#8243; margin_top=&#8221;27&#8243; font_family=&#8221;Playfair+Display&#8221; font_type=&#8221;google&#8221;]Projekt multidisciplinarno istra\u017euje okoli\u0161no zaga\u0111enje zraka i mora te njegov utjecaj na zdravlje ljudi i akvakulturu. U urbanim sredinama EU vi\u0161e od 94 % stanovni\u0161tva povremeno udi\u0161e razine \u010desti\u010dne tvari iznad [&hellip;]","og_url":"https:\/\/projects.pmfst.unist.hr\/zmaj\/","og_site_name":"Istra\u017eivanje i edukacija o zaga\u0111enju mora i atmosfere hrvatskom Jadrana: utjecaj na zdravlje i okoli\u0161","article_modified_time":"2026-03-05T08:52:54+00:00","twitter_card":"summary_large_image","twitter_misc":{"Procijenjeno vrijeme \u010ditanja":"2 minute"},"schema":{"@context":"https:\/\/schema.org","@graph":[{"@type":"WebPage","@id":"https:\/\/projects.pmfst.unist.hr\/zmaj\/","url":"https:\/\/projects.pmfst.unist.hr\/zmaj\/","name":"Naslovna - Istra\u017eivanje i edukacija o zaga\u0111enju mora i atmosfere hrvatskom Jadrana: utjecaj na zdravlje i okoli\u0161","isPartOf":{"@id":"https:\/\/projects.pmfst.unist.hr\/zmaj\/#website"},"datePublished":"2017-03-10T12:01:27+00:00","dateModified":"2026-03-05T08:52:54+00:00","breadcrumb":{"@id":"https:\/\/projects.pmfst.unist.hr\/zmaj\/#breadcrumb"},"inLanguage":"hr","potentialAction":[{"@type":"ReadAction","target":["https:\/\/projects.pmfst.unist.hr\/zmaj\/"]}]},{"@type":"BreadcrumbList","@id":"https:\/\/projects.pmfst.unist.hr\/zmaj\/#breadcrumb","itemListElement":[{"@type":"ListItem","position":1,"name":"Po\u010detna stranica","item":"https:\/\/projects.pmfst.unist.hr\/zmaj\/"},{"@type":"ListItem","position":2,"name":"Naslovna"}]},{"@type":"WebSite","@id":"https:\/\/projects.pmfst.unist.hr\/zmaj\/#website","url":"https:\/\/projects.pmfst.unist.hr\/zmaj\/","name":"Istra\u017eivanje i edukacija o zaga\u0111enju mora i atmosfere hrvatskom Jadrana: utjecaj na zdravlje i okoli\u0161","description":"","potentialAction":[{"@type":"SearchAction","target":{"@type":"EntryPoint","urlTemplate":"https:\/\/projects.pmfst.unist.hr\/zmaj\/?s={search_term_string}"},"query-input":{"@type":"PropertyValueSpecification","valueRequired":true,"valueName":"search_term_string"}}],"inLanguage":"hr"}]}},"_links":{"self":[{"href":"https:\/\/projects.pmfst.unist.hr\/zmaj\/wp-json\/wp\/v2\/pages\/3","targetHints":{"allow":["GET"]}}],"collection":[{"href":"https:\/\/projects.pmfst.unist.hr\/zmaj\/wp-json\/wp\/v2\/pages"}],"about":[{"href":"https:\/\/projects.pmfst.unist.hr\/zmaj\/wp-json\/wp\/v2\/types\/page"}],"author":[{"embeddable":true,"href":"https:\/\/projects.pmfst.unist.hr\/zmaj\/wp-json\/wp\/v2\/users\/1"}],"replies":[{"embeddable":true,"href":"https:\/\/projects.pmfst.unist.hr\/zmaj\/wp-json\/wp\/v2\/comments?post=3"}],"version-history":[{"count":6,"href":"https:\/\/projects.pmfst.unist.hr\/zmaj\/wp-json\/wp\/v2\/pages\/3\/revisions"}],"predecessor-version":[{"id":293,"href":"https:\/\/projects.pmfst.unist.hr\/zmaj\/wp-json\/wp\/v2\/pages\/3\/revisions\/293"}],"wp:attachment":[{"href":"https:\/\/projects.pmfst.unist.hr\/zmaj\/wp-json\/wp\/v2\/media?parent=3"}],"curies":[{"name":"wp","href":"https:\/\/api.w.org\/{rel}","templated":true}]}}