{"id":301,"date":"2026-03-05T12:17:34","date_gmt":"2026-03-05T11:17:34","guid":{"rendered":"https:\/\/projects.pmfst.unist.hr\/zmaj\/istrazivacki-tim\/"},"modified":"2026-03-05T12:24:20","modified_gmt":"2026-03-05T11:24:20","slug":"istrazivacki-tim","status":"publish","type":"page","link":"https:\/\/projects.pmfst.unist.hr\/zmaj\/istrazivacki-tim\/?lang=en","title":{"rendered":"Team"},"content":{"rendered":"<div class=\"wpb-content-wrapper\">[vc_row][vc_column][vc_column_text margin_bottom=&#8221;0&#8243;]\n<ul>\n<li>Assist.prof.\u00a0 Suzana Antunovi\u0107, PhD<\/li>\n<li>Izv. Prof. dr. sc. Perica Bo\u0161kovi\u0107, PhD<\/li>\n<li>Assist.prof.\u00a0Andrijana \u0106urkovi\u0107, PhD<\/li>\n<li>Prof. dr. sc. Mile D\u017eelalija, PhD<\/li>\n<li>Assist.prof.\u00a0 Mija D\u017eelalija, PhD<\/li>\n<li>Martina Gudelj, PhD<\/li>\n<li>Prof.\u00a0 Mladen Hraste, PhD<\/li>\n<li>Assist.prof.\u00a0Marina Kranjac, PhD<\/li>\n<li>Ana La\u0161tre, PhD<\/li>\n<li>Assist.prof.\u00a0\u00a0Mia Marinkovi\u0107, PhD<\/li>\n<li>Mag. Chem. Linda Masteli\u0107<\/li>\n<li>Mag. Biol. Mol. Ivana Popovi\u0107<\/li>\n<li>Assoc. Prof. Jadranka \u0160epi\u0107, PhD<\/li>\n<li>Assist.prof.\u00a0Aljo\u0161a \u0160uba\u0161i\u0107, PhD<\/li>\n<li>Assist.prof.\u00a0 Tanja Vojkovi\u0107, PhD<\/li>\n<li>Assist.prof.\u00a0Marin Vojkovi\u0107, PhD<\/li>\n<li>\u017deljka Zori\u0107, prof.<\/li>\n<\/ul>\n[\/vc_column_text][\/vc_column][\/vc_row]\n<\/div>","protected":false},"excerpt":{"rendered":"<p>[vc_row][vc_column][vc_column_text margin_bottom=&#8221;0&#8243;] Assist.prof.\u00a0 Suzana Antunovi\u0107, PhD Izv. Prof. dr. sc. Perica Bo\u0161kovi\u0107, PhD Assist.prof.\u00a0Andrijana \u0106urkovi\u0107, PhD Prof. dr. sc. Mile D\u017eelalija, PhD Assist.prof.\u00a0 Mija D\u017eelalija, PhD Martina Gudelj, PhD Prof.\u00a0 Mladen Hraste, PhD Assist.prof.\u00a0Marina Kranjac, PhD Ana La\u0161tre, PhD Assist.prof.\u00a0\u00a0Mia Marinkovi\u0107, PhD Mag. Chem. Linda Masteli\u0107 Mag. Biol. Mol. Ivana Popovi\u0107 Assoc. Prof. Jadranka \u0160epi\u0107, [&hellip;]<\/p>\n","protected":false},"author":1,"featured_media":0,"parent":0,"menu_order":0,"comment_status":"closed","ping_status":"closed","template":"","meta":{"footnotes":""},"class_list":["post-301","page","type-page","status-publish","hentry"],"yoast_head":"<!-- This site is optimized with the Yoast SEO plugin v27.3 - https:\/\/yoast.com\/product\/yoast-seo-wordpress\/ -->\n<title>Team - Istra\u017eivanje i edukacija o zaga\u0111enju mora i atmosfere hrvatskom Jadrana: utjecaj na zdravlje i okoli\u0161<\/title>\n<meta name=\"robots\" content=\"index, follow, max-snippet:-1, max-image-preview:large, max-video-preview:-1\" \/>\n<link rel=\"canonical\" href=\"https:\/\/projects.pmfst.unist.hr\/zmaj\/istrazivacki-tim\/\" \/>\n<meta property=\"og:locale\" content=\"hr_HR\" \/>\n<meta property=\"og:type\" content=\"article\" \/>\n<meta property=\"og:title\" content=\"Team - Istra\u017eivanje i edukacija o zaga\u0111enju mora i atmosfere hrvatskom Jadrana: utjecaj na zdravlje i okoli\u0161\" \/>\n<meta property=\"og:description\" content=\"[vc_row][vc_column][vc_column_text margin_bottom=&#8221;0&#8243;] Assist.prof.\u00a0 Suzana Antunovi\u0107, PhD Izv. Prof. dr. sc. Perica Bo\u0161kovi\u0107, PhD Assist.prof.\u00a0Andrijana \u0106urkovi\u0107, PhD Prof. dr. sc. Mile D\u017eelalija, PhD Assist.prof.\u00a0 Mija D\u017eelalija, PhD Martina Gudelj, PhD Prof.\u00a0 Mladen Hraste, PhD Assist.prof.\u00a0Marina Kranjac, PhD Ana La\u0161tre, PhD Assist.prof.\u00a0\u00a0Mia Marinkovi\u0107, PhD Mag. Chem. Linda Masteli\u0107 Mag. Biol. Mol. Ivana Popovi\u0107 Assoc. Prof. Jadranka \u0160epi\u0107, [&hellip;]\" \/>\n<meta property=\"og:url\" content=\"https:\/\/projects.pmfst.unist.hr\/zmaj\/istrazivacki-tim\/?lang=en\" \/>\n<meta property=\"og:site_name\" content=\"Istra\u017eivanje i edukacija o zaga\u0111enju mora i atmosfere hrvatskom Jadrana: utjecaj na zdravlje i okoli\u0161\" \/>\n<meta property=\"article:modified_time\" content=\"2026-03-05T11:24:20+00:00\" \/>\n<meta name=\"twitter:card\" content=\"summary_large_image\" \/>\n<meta name=\"twitter:label1\" content=\"Procijenjeno vrijeme \u010ditanja\" \/>\n\t<meta name=\"twitter:data1\" content=\"1 minuta\" \/>\n<script type=\"application\/ld+json\" class=\"yoast-schema-graph\">{\"@context\":\"https:\\\/\\\/schema.org\",\"@graph\":[{\"@type\":\"WebPage\",\"@id\":\"https:\\\/\\\/projects.pmfst.unist.hr\\\/zmaj\\\/istrazivacki-tim\\\/?lang=en\",\"url\":\"https:\\\/\\\/projects.pmfst.unist.hr\\\/zmaj\\\/istrazivacki-tim\\\/?lang=en\",\"name\":\"Team - Istra\u017eivanje i edukacija o zaga\u0111enju mora i atmosfere hrvatskom Jadrana: utjecaj na zdravlje i okoli\u0161\",\"isPartOf\":{\"@id\":\"https:\\\/\\\/projects.pmfst.unist.hr\\\/zmaj\\\/#website\"},\"datePublished\":\"2026-03-05T11:17:34+00:00\",\"dateModified\":\"2026-03-05T11:24:20+00:00\",\"breadcrumb\":{\"@id\":\"https:\\\/\\\/projects.pmfst.unist.hr\\\/zmaj\\\/istrazivacki-tim\\\/?lang=en#breadcrumb\"},\"inLanguage\":\"hr\",\"potentialAction\":[{\"@type\":\"ReadAction\",\"target\":[\"https:\\\/\\\/projects.pmfst.unist.hr\\\/zmaj\\\/istrazivacki-tim\\\/?lang=en\"]}]},{\"@type\":\"BreadcrumbList\",\"@id\":\"https:\\\/\\\/projects.pmfst.unist.hr\\\/zmaj\\\/istrazivacki-tim\\\/?lang=en#breadcrumb\",\"itemListElement\":[{\"@type\":\"ListItem\",\"position\":1,\"name\":\"Po\u010detna stranica\",\"item\":\"https:\\\/\\\/projects.pmfst.unist.hr\\\/zmaj\\\/\"},{\"@type\":\"ListItem\",\"position\":2,\"name\":\"Team\"}]},{\"@type\":\"WebSite\",\"@id\":\"https:\\\/\\\/projects.pmfst.unist.hr\\\/zmaj\\\/#website\",\"url\":\"https:\\\/\\\/projects.pmfst.unist.hr\\\/zmaj\\\/\",\"name\":\"Istra\u017eivanje i edukacija o zaga\u0111enju mora i atmosfere hrvatskom Jadrana: utjecaj na zdravlje i okoli\u0161\",\"description\":\"\",\"potentialAction\":[{\"@type\":\"SearchAction\",\"target\":{\"@type\":\"EntryPoint\",\"urlTemplate\":\"https:\\\/\\\/projects.pmfst.unist.hr\\\/zmaj\\\/?s={search_term_string}\"},\"query-input\":{\"@type\":\"PropertyValueSpecification\",\"valueRequired\":true,\"valueName\":\"search_term_string\"}}],\"inLanguage\":\"hr\"}]}<\/script>\n<!-- \/ Yoast SEO plugin. -->","yoast_head_json":{"title":"Team - Istra\u017eivanje i edukacija o zaga\u0111enju mora i atmosfere hrvatskom Jadrana: utjecaj na zdravlje i okoli\u0161","robots":{"index":"index","follow":"follow","max-snippet":"max-snippet:-1","max-image-preview":"max-image-preview:large","max-video-preview":"max-video-preview:-1"},"canonical":"https:\/\/projects.pmfst.unist.hr\/zmaj\/istrazivacki-tim\/","og_locale":"hr_HR","og_type":"article","og_title":"Team - Istra\u017eivanje i edukacija o zaga\u0111enju mora i atmosfere hrvatskom Jadrana: utjecaj na zdravlje i okoli\u0161","og_description":"[vc_row][vc_column][vc_column_text margin_bottom=&#8221;0&#8243;] Assist.prof.\u00a0 Suzana Antunovi\u0107, PhD Izv. Prof. dr. sc. Perica Bo\u0161kovi\u0107, PhD Assist.prof.\u00a0Andrijana \u0106urkovi\u0107, PhD Prof. dr. sc. Mile D\u017eelalija, PhD Assist.prof.\u00a0 Mija D\u017eelalija, PhD Martina Gudelj, PhD Prof.\u00a0 Mladen Hraste, PhD Assist.prof.\u00a0Marina Kranjac, PhD Ana La\u0161tre, PhD Assist.prof.\u00a0\u00a0Mia Marinkovi\u0107, PhD Mag. Chem. Linda Masteli\u0107 Mag. Biol. Mol. Ivana Popovi\u0107 Assoc. Prof. Jadranka \u0160epi\u0107, [&hellip;]","og_url":"https:\/\/projects.pmfst.unist.hr\/zmaj\/istrazivacki-tim\/?lang=en","og_site_name":"Istra\u017eivanje i edukacija o zaga\u0111enju mora i atmosfere hrvatskom Jadrana: utjecaj na zdravlje i okoli\u0161","article_modified_time":"2026-03-05T11:24:20+00:00","twitter_card":"summary_large_image","twitter_misc":{"Procijenjeno vrijeme \u010ditanja":"1 minuta"},"schema":{"@context":"https:\/\/schema.org","@graph":[{"@type":"WebPage","@id":"https:\/\/projects.pmfst.unist.hr\/zmaj\/istrazivacki-tim\/?lang=en","url":"https:\/\/projects.pmfst.unist.hr\/zmaj\/istrazivacki-tim\/?lang=en","name":"Team - Istra\u017eivanje i edukacija o zaga\u0111enju mora i atmosfere hrvatskom Jadrana: utjecaj na zdravlje i okoli\u0161","isPartOf":{"@id":"https:\/\/projects.pmfst.unist.hr\/zmaj\/#website"},"datePublished":"2026-03-05T11:17:34+00:00","dateModified":"2026-03-05T11:24:20+00:00","breadcrumb":{"@id":"https:\/\/projects.pmfst.unist.hr\/zmaj\/istrazivacki-tim\/?lang=en#breadcrumb"},"inLanguage":"hr","potentialAction":[{"@type":"ReadAction","target":["https:\/\/projects.pmfst.unist.hr\/zmaj\/istrazivacki-tim\/?lang=en"]}]},{"@type":"BreadcrumbList","@id":"https:\/\/projects.pmfst.unist.hr\/zmaj\/istrazivacki-tim\/?lang=en#breadcrumb","itemListElement":[{"@type":"ListItem","position":1,"name":"Po\u010detna stranica","item":"https:\/\/projects.pmfst.unist.hr\/zmaj\/"},{"@type":"ListItem","position":2,"name":"Team"}]},{"@type":"WebSite","@id":"https:\/\/projects.pmfst.unist.hr\/zmaj\/#website","url":"https:\/\/projects.pmfst.unist.hr\/zmaj\/","name":"Istra\u017eivanje i edukacija o zaga\u0111enju mora i atmosfere hrvatskom Jadrana: utjecaj na zdravlje i okoli\u0161","description":"","potentialAction":[{"@type":"SearchAction","target":{"@type":"EntryPoint","urlTemplate":"https:\/\/projects.pmfst.unist.hr\/zmaj\/?s={search_term_string}"},"query-input":{"@type":"PropertyValueSpecification","valueRequired":true,"valueName":"search_term_string"}}],"inLanguage":"hr"}]}},"_links":{"self":[{"href":"https:\/\/projects.pmfst.unist.hr\/zmaj\/wp-json\/wp\/v2\/pages\/301","targetHints":{"allow":["GET"]}}],"collection":[{"href":"https:\/\/projects.pmfst.unist.hr\/zmaj\/wp-json\/wp\/v2\/pages"}],"about":[{"href":"https:\/\/projects.pmfst.unist.hr\/zmaj\/wp-json\/wp\/v2\/types\/page"}],"author":[{"embeddable":true,"href":"https:\/\/projects.pmfst.unist.hr\/zmaj\/wp-json\/wp\/v2\/users\/1"}],"replies":[{"embeddable":true,"href":"https:\/\/projects.pmfst.unist.hr\/zmaj\/wp-json\/wp\/v2\/comments?post=301"}],"version-history":[{"count":5,"href":"https:\/\/projects.pmfst.unist.hr\/zmaj\/wp-json\/wp\/v2\/pages\/301\/revisions"}],"predecessor-version":[{"id":308,"href":"https:\/\/projects.pmfst.unist.hr\/zmaj\/wp-json\/wp\/v2\/pages\/301\/revisions\/308"}],"wp:attachment":[{"href":"https:\/\/projects.pmfst.unist.hr\/zmaj\/wp-json\/wp\/v2\/media?parent=301"}],"curies":[{"name":"wp","href":"https:\/\/api.w.org\/{rel}","templated":true}]}}